{"id":22041,"date":"2018-01-02T01:05:18","date_gmt":"2018-01-02T01:05:18","guid":{"rendered":"http:\/\/biblian.is\/videy\/tobitsbok-3-kafli\/"},"modified":"2018-01-02T01:05:18","modified_gmt":"2018-01-02T01:05:18","slug":"tobitsbok-3-kafli","status":"publish","type":"page","link":"https:\/\/biblian.is\/videy\/tobitsbok-3-kafli\/","title":{"rendered":"T\u00f3b\u00edtsb\u00f3k 3. kafli"},"content":{"rendered":"<div class=\"fyrirsognVidey\">Sama efni. Og um S\u00f6ru.<\/div>\n<p><a name=\"1\"><span class=\"versanumer\">1<\/span><\/a>\u00de\u00e1 var\u00f0 eg angurv\u00e6r og gr\u00e9t og ba\u00f0 s\u00e1ran og m\u00e6lti:<a name=\"2\"><span class=\"versanumer\">2<\/span><\/a>r\u00e9ttl\u00e1tur ertu, Drottinn! og \u00f6ll \u00fe\u00edn verk og allir \u00fe\u00ednir vegir eru miskunn og sannleiki, og sannan og r\u00e9ttan d\u00f3m d\u00e6mir \u00fe\u00fa eil\u00edflega!<a name=\"3\"><span class=\"versanumer\">3<\/span><\/a>Minnstu m\u00edn og l\u00edt til m\u00edn! refsa m\u00e9r ekki sakir minna synda og minna misgj\u00f6r\u00f0a, og sakir minna fe\u00f0ra <span class='VideyAth'>(synda)<\/span> sem \u00feeir dr\u00fdg\u00f0u m\u00f3ti \u00fe\u00e9r!<a name=\"4\"><span class=\"versanumer\">4<\/span><\/a>\u00dev\u00ed \u00f3hl\u00fd\u00f0nir voru \u00feeir \u00fe\u00ednum bo\u00f0or\u00f0um, og svo ofurseldir \u00fe\u00fa oss til r\u00e1ns og fangelsis og til dau\u00f0a, og til h\u00e1\u00f0ungarinnar or\u00f0taks \u00f6llum hei\u00f0ingjum, me\u00f0al hv\u00f6rra v\u00e9r erum tv\u00edstra\u00f0ir.<a name=\"5\"><span class=\"versanumer\">5<\/span><\/a>Og n\u00fa eru \u00fe\u00ednir refsid\u00f3mar margir og sannir, til \u00feess af m\u00e9r a\u00f0 krefja <span class='VideyAth'>(sektar)<\/span> vegna minna eigin og minna fe\u00f0ra synda, \u00fev\u00ed v\u00e9r h\u00f6fum ekki haldi\u00f0 \u00fe\u00edn bo\u00f0or\u00f0, og ekki gengi\u00f0 \u00ed sannleika fyrir \u00fe\u00e9r.<a name=\"6\"><span class=\"versanumer\">6<\/span><\/a>Og gj\u00f6r n\u00fa vi\u00f0 mig eftir \u00feinni vel\u00fe\u00f3knan! bj\u00f3\u00f0 \u00fe\u00fa a\u00f0 upptaka minn anda, svo eg leysist h\u00e9\u00f0an, og ver\u00f0i a\u00f0 j\u00f6r\u00f0u, \u00fev\u00ed \u00fea\u00f0 er betra fyrir mig a\u00f0 deyja en lifa; \u00fev\u00ed \u00f3makleg br\u00edgslyr\u00f0i hefi eg heyrt og eg er \u00ed miklum raunum; bj\u00f3\u00f0 a\u00f0 eg leysist \u00far ney\u00f0inni <span class='VideyAth'>(og komist)<\/span> til \u00feess eil\u00edfa sta\u00f0ar! Sn\u00fa ekki \u00fe\u00ednu augliti fr\u00e1 m\u00e9r. <br \/><a name=\"7\"><span class=\"versanumer\">7<\/span><\/a>\u00c1 sama degi var\u00f0 Sara, d\u00f3ttir Rag\u00faels \u00ed Ekbatana \u00ed Med\u00eden, fyrir \u00fev\u00ed, a\u00f0 h\u00fan var s\u00f6mulei\u00f0is sv\u00edvirt af \u00feernum f\u00f6\u00f0ur s\u00edns,<a name=\"8\"><span class=\"versanumer\">8<\/span><\/a>af \u00fev\u00ed h\u00fan haf\u00f0i veri\u00f0 gefin 7 m\u00f6nnum og Asmodens, s\u00e1 vondi andi, haf\u00f0i deytt \u00fe\u00e1, \u00e1\u00f0ur en \u00feeir h\u00f6f\u00f0u vi\u00f0 hana fengist sem vi\u00f0 konur. Og \u00fe\u00e6r s\u00f6g\u00f0u vi\u00f0 hana: \u00fe\u00fa ert ekki me\u00f0 vitinu a\u00f0 kyrkja menn \u00fe\u00edna! Sj\u00f6 hefir \u00fe\u00fa \u00feegar fengi\u00f0 og ert eftir engum \u00feeirra nefnd!<a name=\"9\"><span class=\"versanumer\">9<\/span><\/a>\u00dev\u00ed sl\u00e6r \u00fe\u00fa oss? s\u00e9u \u00feeir dau\u00f0ir, \u00fe\u00e1 far \u00fe\u00fa me\u00f0 \u00feeim! betur v\u00e9r s\u00e6jum aldrei son n\u00e9 d\u00f3ttur af \u00fe\u00e9r <span class='VideyAth'>(f\u00e6dda)<\/span>!<br \/><a name=\"10\"><span class=\"versanumer\">10<\/span><\/a>\u00deegar h\u00fan heyr\u00f0i \u00feetta var\u00f0 h\u00fan mj\u00f6g hrygg, svo a\u00f0 h\u00fan \u00e6tla\u00f0i a\u00f0 hengja sig. En h\u00fan hugsa\u00f0i: eg er einasta d\u00f3ttir f\u00f6\u00f0ur m\u00edns; ef eg gj\u00f6r\u00f0i sl\u00edkt, mundi \u00fea\u00f0 vera honum sk\u00f6mm, og eg mundi lei\u00f0a hans gr\u00e1u h\u00e1r me\u00f0 kv\u00f6l ni\u00f0ur til helju.<a name=\"11\"><span class=\"versanumer\">11<\/span><\/a>Og h\u00fan ba\u00f0 vi\u00f0 gluggann og m\u00e6lti: lofa\u00f0ur s\u00e9rt \u00fe\u00fa Drottinn minn Gu\u00f0, og vegsama\u00f0 \u00feitt heilaga og d\u00fdr\u00f0lega nafn, a\u00f0 eil\u00edfu! \u00f6ll \u00fe\u00edn verk vegsami \u00feig eil\u00edflega!<a name=\"12\"><span class=\"versanumer\">12<\/span><\/a>og n\u00fa hefi eg, Drottinn! sn\u00fai\u00f0 m\u00ednum augum og andliti til \u00fe\u00edn.<a name=\"13\"><span class=\"versanumer\">13<\/span><\/a>Bj\u00f3\u00f0 \u00fe\u00fa, a\u00f0 leysa mig fr\u00e1 j\u00f6r\u00f0inni, svo eg heyri ei framar br\u00edgslyr\u00f0i!<a name=\"14\"><span class=\"versanumer\">14<\/span><\/a>\u00de\u00fa veist, Drottinn! a\u00f0 eg em hrein af hv\u00f6rri sem helst synd me\u00f0 manni,<a name=\"15\"><span class=\"versanumer\">15<\/span><\/a>og hefi ekki flekka\u00f0 mitt nafn og ekki nafn f\u00f6\u00f0ur m\u00edns \u00ed minni \u00fatleg\u00f0 <span class='VideyAth'>(\u00ed m\u00ednu fangelsislandi)<\/span>. Eg er einasta d\u00f3ttir f\u00f6\u00f0ur m\u00edns, og hann \u00e1 ekkert anna\u00f0 barn, sem erfi hann og ekkert n\u00e1komi\u00f0 skyldmenni; ekki er heldur til nokkur \u00feeirra sonur, hv\u00f6rjum eg g\u00e6ti geymt mig fyrir konu. Sj\u00f6 hefi eg \u00feegar misst; til hv\u00f6rs er m\u00e9r l\u00edfi\u00f0? En ef \u00fe\u00e9r \u00fe\u00f3knast ekki a\u00f0 dey\u00f0a mig, \u00fe\u00e1 bj\u00f3\u00f0, a\u00f0 m\u00e9r s\u00e9 li\u00f0sinnt og m\u00e9r s\u00e9 miskunna\u00f0, a\u00f0 eg \u00feurfi ekki framar a\u00f0 heyra br\u00edgslyr\u00f0i. <br \/><a name=\"16\"><span class=\"versanumer\">16<\/span><\/a>Og beggja b\u00e6nir heyr\u00f0ust frammi fyrir d\u00fdr\u00f0 \u00feess mikla <span class='VideyAth'>(Gu\u00f0s)<\/span>.<a name=\"17\"><span class=\"versanumer\">17<\/span><\/a>Og Rafael var sendur a\u00f0 l\u00e6kna b\u00e6\u00f0i tv\u00f6; a\u00f0 taka burt \u00fe\u00e1 hv\u00edtu flekki af Tob\u00edas, og a\u00f0 gefa S\u00f6ru, d\u00f3ttur Rag\u00faels, fyrir konu, Tob\u00edas Tob\u00edasyni, og a\u00f0 fj\u00f6tra Asmodeus, \u00feann vonda anda, \u00fear e\u00f0 Tob\u00edas \u00e1tti a\u00f0 erfa hana. Um sama t\u00edma gekk Tob\u00edas aftur \u00ed sitt h\u00fas, og Sara d\u00f3ttir Rag\u00faels gekk ni\u00f0ur \u00far s\u00ednum loftsal.<\/p>\n<div class=\"footnoteVidey\"><\/div>\n","protected":false},"excerpt":{"rendered":"<p>Sama efni. Og um S\u00f6ru. 1\u00de\u00e1 var\u00f0 eg angurv\u00e6r og gr\u00e9t og ba\u00f0 s\u00e1ran og m\u00e6lti:2r\u00e9ttl\u00e1tur ertu, Drottinn! og \u00f6ll \u00fe\u00edn verk og allir \u00fe\u00ednir vegir eru miskunn og sannleiki, og sannan og r\u00e9ttan d\u00f3m d\u00e6mir \u00fe\u00fa eil\u00edflega!3Minnstu m\u00edn og l\u00edt til m\u00edn! refsa m\u00e9r ekki sakir minna synda og minna misgj\u00f6r\u00f0a, og sakir minna fe\u00f0ra (synda) sem \u00feeir dr\u00fdg\u00f0u m\u00f3ti \u00fe\u00e9r!4\u00dev\u00ed \u00f3hl\u00fd\u00f0nir voru \u00feeir \u00fe\u00ednum bo\u00f0or\u00f0um, og svo ofurseldir \u00fe\u00fa oss til r\u00e1ns og fangelsis og til dau\u00f0a, og til h\u00e1\u00f0ungarinnar or\u00f0taks \u00f6llum hei\u00f0ingjum, me\u00f0al hv\u00f6rra v\u00e9r erum tv\u00edstra\u00f0ir.5Og n\u00fa eru \u00fe\u00ednir refsid\u00f3mar margir og sannir, til \u00feess af <a href=\"https:\/\/biblian.is\/videy\/tobitsbok-3-kafli\/\"> [&#8230;]<\/a><\/p>\n","protected":false},"author":1,"featured_media":0,"parent":0,"menu_order":0,"comment_status":"open","ping_status":"open","template":"bibliukaflar.php","meta":{"footnotes":""},"class_list":["post-22041","page","type-page","status-publish","hentry"],"_links":{"self":[{"href":"https:\/\/biblian.is\/videy\/wp-json\/wp\/v2\/pages\/22041","targetHints":{"allow":["GET"]}}],"collection":[{"href":"https:\/\/biblian.is\/videy\/wp-json\/wp\/v2\/pages"}],"about":[{"href":"https:\/\/biblian.is\/videy\/wp-json\/wp\/v2\/types\/page"}],"author":[{"embeddable":true,"href":"https:\/\/biblian.is\/videy\/wp-json\/wp\/v2\/users\/1"}],"replies":[{"embeddable":true,"href":"https:\/\/biblian.is\/videy\/wp-json\/wp\/v2\/comments?post=22041"}],"version-history":[{"count":0,"href":"https:\/\/biblian.is\/videy\/wp-json\/wp\/v2\/pages\/22041\/revisions"}],"wp:attachment":[{"href":"https:\/\/biblian.is\/videy\/wp-json\/wp\/v2\/media?parent=22041"}],"curies":[{"name":"wp","href":"https:\/\/api.w.org\/{rel}","templated":true}]}}