{"id":22040,"date":"2018-01-02T01:05:18","date_gmt":"2018-01-02T01:05:18","guid":{"rendered":"http:\/\/biblian.is\/videy\/tobitsbok-2-kafli\/"},"modified":"2018-01-02T01:05:18","modified_gmt":"2018-01-02T01:05:18","slug":"tobitsbok-2-kafli","status":"publish","type":"page","link":"https:\/\/biblian.is\/videy\/tobitsbok-2-kafli\/","title":{"rendered":"T\u00f3b\u00edtsb\u00f3k 2. kafli"},"content":{"rendered":"<div class=\"fyrirsognVidey\">Sama efni.<\/div>\n<p><a name=\"1\"><span class=\"versanumer\">1<\/span><\/a>En sem eg var afturkominn \u00ed mitt h\u00fas, og Anna kona m\u00edn og Tob\u00edas sonur minn voru m\u00e9r aftur gefin, \u00fe\u00e1 var m\u00e9r tilreidd d\u00fdr veisla, \u00e1 hv\u00edtasunnuh\u00e1t\u00ed\u00f0inni, sem er 7 vikna h\u00e1t\u00ed\u00f0in, og eg lag\u00f0ist ni\u00f0ur a\u00f0 eta.<a name=\"2\"><span class=\"versanumer\">2<\/span><\/a>Og sem eg s\u00e1 \u00fear mikinn mat, sag\u00f0i eg vi\u00f0 son minn: far og kom me\u00f0 hv\u00f6rn \u00feurfandi, sem \u00fe\u00fa getur nokkurs sta\u00f0ar fundi\u00f0, af m\u00ednum br\u00e6\u00f0rum, er muna til Drottins; og sj\u00e1, eg b\u00ed\u00f0 \u00fe\u00edn.<a name=\"3\"><span class=\"versanumer\">3<\/span><\/a>Og hann kom til baka og m\u00e6lti: fa\u00f0ir, einn af vorri \u00e6tt liggur kyrktur \u00e1 torginu.<a name=\"4\"><span class=\"versanumer\">4<\/span><\/a>\u00de\u00e1 st\u00f6kk eg upp, \u00e1\u00f0ur en eg haf\u00f0i nokku\u00f0 smakka\u00f0, og flutti hann \u00ed h\u00fas, \u00feanga\u00f0 til s\u00f3l var runnin undir.<a name=\"5\"><span class=\"versanumer\">5<\/span><\/a>Svo kom eg aftur og \u00fevo\u00f0i m\u00e9r og \u00e1t mitt brau\u00f0 me\u00f0 sorg.<a name=\"6\"><span class=\"versanumer\">6<\/span><\/a>Og eg minntist \u00e1 sp\u00e1d\u00f3m Amos, hv\u00f6rsu hann kemst a\u00f0 or\u00f0i: y\u00f0ar h\u00e1t\u00ed\u00f0ir skulu sn\u00faast \u00ed sorg og y\u00f0ar gla\u00f0v\u00e6r\u00f0 \u00ed harmakvein, <span class='VideyAth'>(Am. 8,10)<\/span> og eg gr\u00e9t.<a name=\"7\"><span class=\"versanumer\">7<\/span><\/a>En sem s\u00f3l var gengin undir, f\u00f3r eg og t\u00f3k gr\u00f6f og jar\u00f0a\u00f0i hann.<a name=\"8\"><span class=\"versanumer\">8<\/span><\/a>Og n\u00e1b\u00faar <span class='VideyAth'>(n\u00e1ungar)<\/span> m\u00ednir hl\u00f3gu a\u00f0 m\u00e9r og s\u00f6g\u00f0u: hann er ekki lengur hr\u00e6ddur um a\u00f0 hann ver\u00f0i fyrir \u00feetta drepinn; hann hlaut \u00fe\u00f3 a\u00f0 ver\u00f0a landfl\u00f3tta, og sj\u00e1, aftur jar\u00f0ar hann \u00fe\u00e1 dau\u00f0u! <br \/><a name=\"9\"><span class=\"versanumer\">9<\/span><\/a>En sem eg \u00fe\u00e1 s\u00f6mu n\u00f3tt kom aftur fr\u00e1 greftruninni, lag\u00f0i eg mig a\u00f0 sofa, af \u00fev\u00ed eg var \u00f3hreinn, vi\u00f0 vegginn \u00ed fordyrinu, og haf\u00f0i eg \u00fe\u00e1 ekkert yfir andlitinu.<a name=\"10\"><span class=\"versanumer\">10<\/span><\/a>Og eg vissi ekki a\u00f0 tittlingar voru \u00ed veggnum, og \u00ed \u00fev\u00ed m\u00edn augu st\u00f3\u00f0u opin, dritu tittlingarnir heitu <span class='VideyAth'>(driti)<\/span> \u00ed m\u00edn augu, og hv\u00edtir flekkir komu \u00e1 m\u00edn augu. Og eg gekk til l\u00e6knara, en \u00feeir hj\u00e1lpu\u00f0u m\u00e9r ekki.<br \/>En Akiarkus veitti m\u00e9r atvinnu, \u00feanga\u00f0 til eg f\u00f3r til Elymais.<a name=\"11\"><span class=\"versanumer\">11<\/span><\/a>Og kona m\u00edn Anna vann kvenf\u00f3lksvinnu til launa, og sendi herrunum,<a name=\"12\"><span class=\"versanumer\">12<\/span><\/a>og \u00feeir g\u00e1fu henni laun fyrir, og b\u00e6ttu vi\u00f0 geithafur.<a name=\"13\"><span class=\"versanumer\">13<\/span><\/a>En er hann kom til m\u00edn, f\u00f3r hann a\u00f0 jarma; og eg sag\u00f0i vi\u00f0 hana: hva\u00f0an er ki\u00f0i\u00f0? \u00fea\u00f0 er \u00fe\u00f3 ekki stoli\u00f0? f\u00e6ri\u00f0 herranum \u00fea\u00f0 aftur! \u00fev\u00ed ekki er leyfilegt a\u00f0 eta stoli\u00f0.<a name=\"14\"><span class=\"versanumer\">14<\/span><\/a>En h\u00fan svara\u00f0i: m\u00e9r er \u00fea\u00f0 gefi\u00f0 fram yfir launin. Og eg tr\u00fa\u00f0i henni ekki, og sag\u00f0i, a\u00f0 h\u00fan skyldi f\u00e6ra herrunum \u00fea\u00f0 aftur, og eg var\u00f0 rj\u00f3\u00f0ur af sneypu hennar vegna. En h\u00fan svara\u00f0i m\u00e9r og sag\u00f0i: hvar eru \u00fe\u00ednar g\u00f3\u00f0gj\u00f6r\u00f0ir og g\u00f3\u00f0verk? sj\u00e1, allt er opinbert sem \u00fe\u00fa b\u00fdr yfir.<\/p>\n<div class=\"footnoteVidey\"><\/div>\n","protected":false},"excerpt":{"rendered":"<p>Sama efni. 1En sem eg var afturkominn \u00ed mitt h\u00fas, og Anna kona m\u00edn og Tob\u00edas sonur minn voru m\u00e9r aftur gefin, \u00fe\u00e1 var m\u00e9r tilreidd d\u00fdr veisla, \u00e1 hv\u00edtasunnuh\u00e1t\u00ed\u00f0inni, sem er 7 vikna h\u00e1t\u00ed\u00f0in, og eg lag\u00f0ist ni\u00f0ur a\u00f0 eta.2Og sem eg s\u00e1 \u00fear mikinn mat, sag\u00f0i eg vi\u00f0 son minn: far og kom me\u00f0 hv\u00f6rn \u00feurfandi, sem \u00fe\u00fa getur nokkurs sta\u00f0ar fundi\u00f0, af m\u00ednum br\u00e6\u00f0rum, er muna til Drottins; og sj\u00e1, eg b\u00ed\u00f0 \u00fe\u00edn.3Og hann kom til baka og m\u00e6lti: fa\u00f0ir, einn af vorri \u00e6tt liggur kyrktur \u00e1 torginu.4\u00de\u00e1 st\u00f6kk eg upp, \u00e1\u00f0ur en eg haf\u00f0i nokku\u00f0 smakka\u00f0, <a href=\"https:\/\/biblian.is\/videy\/tobitsbok-2-kafli\/\"> [&#8230;]<\/a><\/p>\n","protected":false},"author":1,"featured_media":0,"parent":0,"menu_order":0,"comment_status":"open","ping_status":"open","template":"bibliukaflar.php","meta":{"footnotes":""},"class_list":["post-22040","page","type-page","status-publish","hentry"],"_links":{"self":[{"href":"https:\/\/biblian.is\/videy\/wp-json\/wp\/v2\/pages\/22040","targetHints":{"allow":["GET"]}}],"collection":[{"href":"https:\/\/biblian.is\/videy\/wp-json\/wp\/v2\/pages"}],"about":[{"href":"https:\/\/biblian.is\/videy\/wp-json\/wp\/v2\/types\/page"}],"author":[{"embeddable":true,"href":"https:\/\/biblian.is\/videy\/wp-json\/wp\/v2\/users\/1"}],"replies":[{"embeddable":true,"href":"https:\/\/biblian.is\/videy\/wp-json\/wp\/v2\/comments?post=22040"}],"version-history":[{"count":0,"href":"https:\/\/biblian.is\/videy\/wp-json\/wp\/v2\/pages\/22040\/revisions"}],"wp:attachment":[{"href":"https:\/\/biblian.is\/videy\/wp-json\/wp\/v2\/media?parent=22040"}],"curies":[{"name":"wp","href":"https:\/\/api.w.org\/{rel}","templated":true}]}}