{"id":22038,"date":"2018-01-02T01:05:18","date_gmt":"2018-01-02T01:05:18","guid":{"rendered":"http:\/\/biblian.is\/videy\/opinberunarbokin-22-kafli\/"},"modified":"2018-01-02T01:05:18","modified_gmt":"2018-01-02T01:05:18","slug":"opinberunarbok-johannesar-22-kafli","status":"publish","type":"page","link":"https:\/\/biblian.is\/videy\/opinberunarbok-johannesar-22-kafli\/","title":{"rendered":"Opinberunarb\u00f3k J\u00f3hannesar 22. kafli"},"content":{"rendered":"<div class=\"fyrirsognVidey\">Framhald. Ni\u00f0urlag b\u00f3karinnar.<\/div>\n<p><a name=\"1\"><span class=\"versanumer\">1<\/span><\/a>Hann s\u00fdndi m\u00e9r straum l\u00edfsvatnsins, hann var sk\u00e6r sem kristall, og rann fr\u00e1 h\u00e1s\u00e6ti Gu\u00f0s og lambsins.<a name=\"2\"><span class=\"versanumer\">2<\/span><\/a>Milli borgar str\u00e6tanna og straumsins beggja vegna voru <span class='VideyAth'>a)<\/span> l\u00edfstr\u00e9n, sem b\u00e1ru t\u00f3lffaldan \u00e1v\u00f6xt, \u00e1 s\u00ednum m\u00e1nu\u00f0i hv\u00f6rn, en bl\u00f6\u00f0 vi\u00f0arins eru til <span class='VideyAth'>b)<\/span> l\u00e6kningar \u00fej\u00f3\u00f0unum.<a name=\"3\"><span class=\"versanumer\">3<\/span><\/a>Engin b\u00f6lvan skal framar vera og h\u00e1s\u00e6ti Gu\u00f0s og lambsins skal \u00ed henni vera, og hans \u00fej\u00f3nar skulu honum \u00fej\u00f3na.<a name=\"4\"><span class=\"versanumer\">4<\/span><\/a>\u00deeir <span class='VideyAth'>c)<\/span> skulu sj\u00e1 hans auglit, og bera <span class='VideyAth'>d)<\/span> hans nafn \u00e1 ennum s\u00e9r.<a name=\"5\"><span class=\"versanumer\">5<\/span><\/a><span class='VideyAth'>e)<\/span> N\u00f3tt skal ekki framar til vera, og engin \u00fe\u00f6rf \u00e1 lj\u00f3si e\u00f0a birtu s\u00f3lar, \u00fev\u00ed <span class='VideyAth'>f)<\/span> Drottinn Gu\u00f0 mun l\u00fdsa yfir \u00feeim, og \u00feeir skulu r\u00edkja um aldir og alda. <br \/><a name=\"6\"><span class=\"versanumer\">6<\/span><\/a>S\u00ed\u00f0an sag\u00f0i hann vi\u00f0 mig: <span class='VideyAth'>g)<\/span> \u00feessi or\u00f0 eru \u00e1rei\u00f0anleg og s\u00f6nn; og Drottinn, Gu\u00f0 anda sp\u00e1mannanna, sendi sinn engil til a\u00f0 <span class='VideyAth'>h)<\/span> s\u00fdna s\u00ednum \u00fej\u00f3num \u00fea\u00f0, sem br\u00e1tt \u00e1 a\u00f0 ske.<a name=\"7\"><span class=\"versanumer\">7<\/span><\/a><span class='VideyAth'>i)<\/span> Sj\u00e1, eg kem snarlega: <span class='VideyAth'>k)<\/span> s\u00e6ll er s\u00e1, sem var\u00f0veitir sp\u00e1d\u00f3msor\u00f0 \u00feessarar b\u00f3kar.<a name=\"8\"><span class=\"versanumer\">8<\/span><\/a>Eg J\u00f3hannes, heyr\u00f0i og s\u00e1 \u00feetta, og \u00fe\u00e1 eg haf\u00f0i heyrt \u00fea\u00f0 og s\u00e9\u00f0, f\u00e9ll eg fram fyrir f\u00e6tur \u00feess engils, sem s\u00fdndi m\u00e9r \u00feetta, til a\u00f0 tilbi\u00f0ja hann.<a name=\"9\"><span class=\"versanumer\">9<\/span><\/a>En hann sag\u00f0i vi\u00f0 mig: varast\u00fa \u00feetta; eg er sam\u00fej\u00f3n \u00feinn og br\u00e6\u00f0ra \u00feinna sp\u00e1mannanna, og \u00feeirra, sem var\u00f0veita or\u00f0 \u00feessarar b\u00f3kar; tilbi\u00f0 \u00fe\u00fa Gu\u00f0.<a name=\"10\"><span class=\"versanumer\">10<\/span><\/a>Enn sag\u00f0i hann vi\u00f0 mig: <span class='VideyAth'>l)<\/span> innsigla \u00fe\u00fa ekki sp\u00e1d\u00f3msor\u00f0 \u00feessarar b\u00f3kar, \u00fev\u00ed <span class='VideyAth'>m)<\/span> t\u00edminn er n\u00e1l\u00e6gur.<a name=\"11\"><span class=\"versanumer\">11<\/span><\/a>S\u00e1 rangl\u00e1ti haldi \u00e1fram a\u00f0 gj\u00f6ra rangt, s\u00e1 saurl\u00edfi haldi \u00e1fram saurlifna\u00f0inum, s\u00e1 r\u00e9ttl\u00e1ti haldi \u00e1fram \u00ed r\u00e9ttl\u00e6tinu, s\u00e1 heilagi haldi \u00e1fram \u00ed heilaglegleikanum.<a name=\"12\"><span class=\"versanumer\">12<\/span><\/a><span class='VideyAth'>n)<\/span> Sj\u00e1, eg kem skj\u00f3tt, og <span class='VideyAth'>o)<\/span> hefi me\u00f0 m\u00e9r endurgjaldi\u00f0 <span class='VideyAth'>p)<\/span> handa s\u00e9rhv\u00f6rjum, eftir \u00fev\u00ed sem hans verk ver\u00f0a.<a name=\"13\"><span class=\"versanumer\">13<\/span><\/a>Eg em A og \u00d6, s\u00e1 fyrsti og s\u00ed\u00f0asti, upphafi\u00f0 og endirinn.<a name=\"14\"><span class=\"versanumer\">14<\/span><\/a>S\u00e6lir eru \u00feeir, sem breyta eftir hans bo\u00f0or\u00f0um, svo \u00feeir n\u00e1i a\u00f0 komast a\u00f0 l\u00edfstr\u00e9nu og megi innganga um borgarhli\u00f0in inn \u00ed borgina,<a name=\"15\"><span class=\"versanumer\">15<\/span><\/a>hundar <span class='VideyAth'>(saurl\u00edfismenn)<\/span> og galdramenn, manndr\u00e1psmenn og skur\u00f0go\u00f0ad\u00fdrkendur skulu \u00fati gista, s\u00f6mulei\u00f0is hv\u00f6r, sem elskar og i\u00f0kar lygi.<a name=\"16\"><span class=\"versanumer\">16<\/span><\/a>Eg, Jes\u00fas, <span class='VideyAth'>q)<\/span> sendi minn engil til a\u00f0 votta y\u00f0ur \u00feetta \u00ed s\u00f6fnu\u00f0unum; eg em <span class='VideyAth'>r)<\/span> r\u00f3t og kynstafur Dav\u00ed\u00f0s, <span class='VideyAth'>s)<\/span> morgunstjarnan s\u00fa hin sk\u00e6ra.<a name=\"17\"><span class=\"versanumer\">17<\/span><\/a>Andinn og br\u00fa\u00f0urin segja: kom \u00fe\u00fa! S\u00e1, sem \u00feetta heyrir, hann segi: kom \u00fe\u00fa! S\u00e1, sem \u00feyrstur er, hann komi; hv\u00f6r, sem vill, hann taki gefins l\u00edfsins vatn.<a name=\"18\"><span class=\"versanumer\">18<\/span><\/a>Eg votta \u00fea\u00f0 fyrir s\u00e9rhv\u00f6rjum, sem heyrir sp\u00e1d\u00f3msor\u00f0 \u00feessarar b\u00f3kar, a\u00f0 leggi nokkur h\u00e9r vi\u00f0, mun Gu\u00f0 \u00e1 hann leggja \u00fe\u00e6r pl\u00e1gur, sem skrifa\u00f0ar eru \u00ed \u00feessari b\u00f3k.<a name=\"19\"><span class=\"versanumer\">19<\/span><\/a>Og taki nokkur af or\u00f0um \u00feessarar sp\u00e1d\u00f3msb\u00f3kar, \u00fe\u00e1 mun Gu\u00f0 af honum taka hans <span class='VideyAth'>l)<\/span> hlutdeild \u00ed l\u00edfstr\u00e9nu og <span class='VideyAth'>u)<\/span> borginni helgu, sem um er skrifa\u00f0 \u00ed \u00feessari b\u00f3k.<a name=\"20\"><span class=\"versanumer\">20<\/span><\/a>S\u00e1, sem \u00feetta vottar, segir: j\u00e1, eg kem skj\u00f3tt, Amen. Kom, Drottinn Jes\u00fa!<a name=\"21\"><span class=\"versanumer\">21<\/span><\/a>N\u00e1\u00f0 Drottins, Jes\u00fa Krists veri me\u00f0 y\u00f0ur \u00f6llum.<\/p>\n<div class=\"footnoteVidey\">V. 1. Esek. 47,1. Sak. 14,8.  V. 2. a. 1 M\u00f3s. b. 2,9. Opinb. b. 2,7. b. Kap. 21,24.26.  V. 3. Sak. 14,11.  V. 4. c. Matt. 5,3. 1 Kor. 13,12. d. Kap. 3,12. 14,1.  V. 5. e. Esa. 60,19. Opinb. b. 21,23. f. S\u00e1lm. 36,10.  V. 6. g. Kap. 19,9. 21,5. h. Kap. 1,1. 4,1.  V. 7. i. Kap. 3,11. k. Kap. 1,3.  V. 8. Post. g. b. 10,26. 14,13. Opinb. b. 19,10.  V. 9. Kap. 19,10. V. 10. l. Dan. 8,26. 12,4. m. Fil. 4,5. Opinb. b. 1,3.  V. 11. 2 T\u00edm. 3,13.  V. 12. n. Kap. 3,11. 22,7. o. Esa. 40,10. 62,11. p. S\u00e1lm. 62,13. R\u00f3m. 14,12.  V. 13. Esa. 48,12. Opinb. b. 1,8. 21,6.  V. 14. 1 J\u00f3h. 3,23. Opinb. b. 12,17.  V. 15. 1 Kor. 6,9.10. Efes. 5,5. K\u00f3l. 3,6. Opinb. b. 21,8.  V. 16. q. Kap. 1,2. r. Esa. 11,10. R\u00f3m. 15,12. Opinb. b. 5,5. s. Kap. 2,27.28.  V. 17. J\u00f3h. 7,37.  V. 19. t. v. 14. u. Kap. 21,2.  V. 20. Kap. 1,7.  V. 21. 2 T\u00edm. 4,22. Hebr. 13,25.<\/div>\n","protected":false},"excerpt":{"rendered":"<p>Framhald. Ni\u00f0urlag b\u00f3karinnar. 1Hann s\u00fdndi m\u00e9r straum l\u00edfsvatnsins, hann var sk\u00e6r sem kristall, og rann fr\u00e1 h\u00e1s\u00e6ti Gu\u00f0s og lambsins.2Milli borgar str\u00e6tanna og straumsins beggja vegna voru a) l\u00edfstr\u00e9n, sem b\u00e1ru t\u00f3lffaldan \u00e1v\u00f6xt, \u00e1 s\u00ednum m\u00e1nu\u00f0i hv\u00f6rn, en bl\u00f6\u00f0 vi\u00f0arins eru til b) l\u00e6kningar \u00fej\u00f3\u00f0unum.3Engin b\u00f6lvan skal framar vera og h\u00e1s\u00e6ti Gu\u00f0s og lambsins skal \u00ed henni vera, og hans \u00fej\u00f3nar skulu honum \u00fej\u00f3na.4\u00deeir c) skulu sj\u00e1 hans auglit, og bera d) hans nafn \u00e1 ennum s\u00e9r.5e) N\u00f3tt skal ekki framar til vera, og engin \u00fe\u00f6rf \u00e1 lj\u00f3si e\u00f0a birtu s\u00f3lar, \u00fev\u00ed f) Drottinn Gu\u00f0 mun l\u00fdsa yfir \u00feeim, og <a href=\"https:\/\/biblian.is\/videy\/opinberunarbok-johannesar-22-kafli\/\"> [&#8230;]<\/a><\/p>\n","protected":false},"author":1,"featured_media":0,"parent":0,"menu_order":0,"comment_status":"open","ping_status":"open","template":"bibliukaflar.php","meta":{"footnotes":""},"class_list":["post-22038","page","type-page","status-publish","hentry"],"_links":{"self":[{"href":"https:\/\/biblian.is\/videy\/wp-json\/wp\/v2\/pages\/22038","targetHints":{"allow":["GET"]}}],"collection":[{"href":"https:\/\/biblian.is\/videy\/wp-json\/wp\/v2\/pages"}],"about":[{"href":"https:\/\/biblian.is\/videy\/wp-json\/wp\/v2\/types\/page"}],"author":[{"embeddable":true,"href":"https:\/\/biblian.is\/videy\/wp-json\/wp\/v2\/users\/1"}],"replies":[{"embeddable":true,"href":"https:\/\/biblian.is\/videy\/wp-json\/wp\/v2\/comments?post=22038"}],"version-history":[{"count":0,"href":"https:\/\/biblian.is\/videy\/wp-json\/wp\/v2\/pages\/22038\/revisions"}],"wp:attachment":[{"href":"https:\/\/biblian.is\/videy\/wp-json\/wp\/v2\/media?parent=22038"}],"curies":[{"name":"wp","href":"https:\/\/api.w.org\/{rel}","templated":true}]}}