{"id":22037,"date":"2018-01-02T01:05:18","date_gmt":"2018-01-02T01:05:18","guid":{"rendered":"http:\/\/biblian.is\/videy\/opinberunarbokin-21-kafli\/"},"modified":"2018-01-02T01:05:18","modified_gmt":"2018-01-02T01:05:18","slug":"opinberunarbok-johannesar-21-kafli","status":"publish","type":"page","link":"https:\/\/biblian.is\/videy\/opinberunarbok-johannesar-21-kafli\/","title":{"rendered":"Opinberunarb\u00f3k J\u00f3hannesar 21. kafli"},"content":{"rendered":"<div class=\"fyrirsognVidey\">S\u00fa himneska Jer\u00fasalem.<\/div>\n<p><a name=\"1\"><span class=\"versanumer\">1<\/span><\/a>Eg s\u00e1 n\u00fdjan himin og n\u00fdja j\u00f6r\u00f0, \u00fev\u00ed s\u00e1 fyrri himin og s\u00fa fyrri j\u00f6r\u00f0 var horfin, og sj\u00f3rinn var ekki framar til.<a name=\"2\"><span class=\"versanumer\">2<\/span><\/a>Eg s\u00e1 <span class='VideyAth'>u)<\/span> borgina helgu, \u00fe\u00e1 n\u00fdju Jer\u00fasalem, st\u00edga ni\u00f0ur af himni <span class='VideyAth'>v)<\/span> fr\u00e1 Gu\u00f0i, b\u00fana sem br\u00fa\u00f0i, er skartar fyrir manni s\u00ednum.<a name=\"3\"><span class=\"versanumer\">3<\/span><\/a>Eg heyr\u00f0i mikla r\u00f6dd af himni segjandi: \u00feetta er <span class='VideyAth'>x)<\/span> tjaldb\u00fa\u00f0 Gu\u00f0s me\u00f0al mannanna, <span class='VideyAth'>y)<\/span> hj\u00e1 \u00feeim mun hann b\u00fasta\u00f0 hafa, og \u00feeir skulu vera hans f\u00f3lk, og Gu\u00f0 sj\u00e1lfur mun vera hj\u00e1 \u00feeim, og vera \u00feeirra Gu\u00f0.<a name=\"4\"><span class=\"versanumer\">4<\/span><\/a>Hann <span class='VideyAth'>z)<\/span> mun \u00feerra hv\u00f6rt t\u00e1r af \u00feeirra augum, og dau\u00f0inn mun ekki framar til vera; hv\u00f6rki <span class='VideyAth'>\u00fe)<\/span> harmur, n\u00e9 vein, n\u00e9 m\u00e6\u00f0a mun framar til vera, \u00fev\u00ed \u00fea\u00f0 <span class='VideyAth'>a)<\/span> fyrra er fari\u00f0.<a name=\"5\"><span class=\"versanumer\">5<\/span><\/a>S\u00e1, sem <span class='VideyAth'>b)<\/span> \u00ed h\u00e1s\u00e6tinu sat, sag\u00f0i: sj\u00e1! <span class='VideyAth'>c)<\/span> eg gj\u00f6ri allt n\u00fdtt; hann sag\u00f0i vi\u00f0 mig: skrifa\u00f0\u00fa, a\u00f0 <span class='VideyAth'>d)<\/span> \u00feessi or\u00f0 eru tr\u00faanleg og s\u00f6nn.<a name=\"6\"><span class=\"versanumer\">6<\/span><\/a>Enn framar sag\u00f0i hann vi\u00f0 mig: <span class='VideyAth'>e)<\/span> \u00fea\u00f0 er ske\u00f0; eg em <span class='VideyAth'>f)<\/span> A og \u00d6, upphaf og endir. <span class='VideyAth'>g)<\/span> \u00deeim \u00feyrsta skal eg \u00f3keypis gefa a\u00f0 drekka af uppsprettu l\u00edfsins vatns.<a name=\"7\"><span class=\"versanumer\">7<\/span><\/a><span class='VideyAth'>h)<\/span> S\u00e1, sem sigrar, skal \u00f6\u00f0last \u00feetta, og eg skal <span class='VideyAth'>i)<\/span> vera hans Gu\u00f0, og hann skal vera minn sonur.<a name=\"8\"><span class=\"versanumer\">8<\/span><\/a>En \u00feeir <span class='VideyAth'>k)<\/span> \u00edst\u00f6\u00f0ulausu og <span class='VideyAth'>l)<\/span> \u00f3tr\u00fau, syndarar og gl\u00e6pamenn, manndr\u00e1parar og frillul\u00edfismenn, galdramenn og skur\u00f0go\u00f0ad\u00fdrkarar og allir lygarar, \u00feeirra hlutfall skal vera <span class='VideyAth'>m)<\/span> \u00ed \u00fev\u00ed d\u00edki, sem logar af eldi og brennisteini; \u00fea\u00f0 er s\u00e1 annar dau\u00f0i.<a name=\"9\"><span class=\"versanumer\">9<\/span><\/a>\u00de\u00e1 kom einn af \u00feeim sj\u00f6 englum, sem h\u00e9ldu \u00e1 \u00feeim sj\u00f6 sk\u00e1lum, er fullar voru af \u00feeim sj\u00f6 s\u00ed\u00f0ustu pl\u00e1gum, og tala\u00f0i vi\u00f0 mig segjandi: <span class='VideyAth'>n)<\/span> kom hinga\u00f0, eg skal s\u00fdna \u00fe\u00e9r <span class='VideyAth'>o)<\/span> br\u00fa\u00f0ina, sem n\u00fa er gift lambinu.<a name=\"10\"><span class=\"versanumer\">10<\/span><\/a>Hann flutti mig \u00fe\u00e1 <span class='VideyAth'>p)<\/span> \u00ed anda upp \u00e1 miki\u00f0 og h\u00e1tt fjall, og <span class='VideyAth'>q)<\/span> s\u00fdndi m\u00e9r Jer\u00fasalem, borgina helgu, sem <span class='VideyAth'>r)<\/span> steig ni\u00f0ur af himni fr\u00e1 Gu\u00f0i;<a name=\"11\"><span class=\"versanumer\">11<\/span><\/a>h\u00fan haf\u00f0i d\u00fdr\u00f0 Gu\u00f0s, hennar lj\u00f3mi var l\u00edkur d\u00fdrm\u00e6tasta steini, sem kristalsk\u00e6r jaspis.<a name=\"12\"><span class=\"versanumer\">12<\/span><\/a>H\u00fan haf\u00f0i mikinn og h\u00e1van borgarvegg, t\u00f3lf hli\u00f0, og vi\u00f0 hli\u00f0in t\u00f3lf engla me\u00f0 \u00e1skrifu\u00f0um n\u00f6fnum hinna t\u00f3lf \u00cdsraels kynkv\u00edsla.<a name=\"13\"><span class=\"versanumer\">13<\/span><\/a>M\u00f3ti austri voru \u00ferj\u00fa hli\u00f0, m\u00f3ti nor\u00f0ri \u00ferj\u00fa, m\u00f3ti su\u00f0ri \u00ferj\u00fa, m\u00f3ti vestri \u00ferj\u00fa.<a name=\"14\"><span class=\"versanumer\">14<\/span><\/a>Veggur borgarinnar haf\u00f0i t\u00f3lf undirst\u00f6\u00f0usteina, \u00e1 \u00feeim voru t\u00f3lf n\u00f6fn \u00feeirra t\u00f3lf postula lambsins.<a name=\"15\"><span class=\"versanumer\">15<\/span><\/a>S\u00e1, sem vi\u00f0 mig tala\u00f0i, h\u00e9lt \u00e1 gullkvar\u00f0a, til a\u00f0 m\u00e6la me\u00f0 borgina, hli\u00f0 hennar og veggi.<a name=\"16\"><span class=\"versanumer\">16<\/span><\/a>Borgin l\u00e1 \u00ed ferhyrning, j\u00f6fn \u00e1 lengd og breidd. Hann m\u00e6ldi borgina me\u00f0 kvar\u00f0anum, t\u00f3lf \u00fe\u00fasund renniskei\u00f0, hennar lengd, breidd og h\u00e6\u00f0 var j\u00f6fn.<a name=\"17\"><span class=\"versanumer\">17<\/span><\/a>Hann m\u00e6ldi vegg borgarinnar hundra\u00f0 og fj\u00f6rut\u00edu og fj\u00f3rar \u00e1lnir, eftir manns m\u00e6lingu, sem er engilsins.<a name=\"18\"><span class=\"versanumer\">18<\/span><\/a>Veggur hennar var bygg\u00f0ur af jaspis, og borgin af t\u00e6ra gulli, sem sk\u00e6rt gler v\u00e6ri.<a name=\"19\"><span class=\"versanumer\">19<\/span><\/a>Undirst\u00f6\u00f0usteinar borgarveggsins voru skreyttir alls konar d\u00fdrm\u00e6tum steini; fyrsti undirst\u00f6\u00f0usteinninn var jaspis, annar saff\u00edr, \u00feri\u00f0ji kalsedon, fj\u00f3r\u00f0i smaragd,<a name=\"20\"><span class=\"versanumer\">20<\/span><\/a>fimmti sardonix, sj\u00f6tti sard\u00ednarsteinn, sj\u00f6undi krysol\u00edt, \u00e1ttundi beryll, n\u00edundi t\u00f3pas, t\u00edundi krys\u00f3pras, ellefti h\u00fdasint, t\u00f3lfti ametyst.<a name=\"21\"><span class=\"versanumer\">21<\/span><\/a>\u00deau t\u00f3lf hli\u00f0 voru t\u00f3lf perlur og hv\u00f6rt hli\u00f0 fyrir sig var \u00far einni perlu; str\u00e6ti borgarinnar voru af t\u00e6ragulli eins, og gagns\u00e6rt gler v\u00e6ri.<a name=\"22\"><span class=\"versanumer\">22<\/span><\/a>Ekkert musteri s\u00e1 eg \u00ed henni, \u00fev\u00ed Gu\u00f0 Drottinn hinn alvaldi og lambi\u00f0 er hennar musteri.<a name=\"23\"><span class=\"versanumer\">23<\/span><\/a>Borgin \u00fearf ekki heldur s\u00f3lar vi\u00f0 e\u00f0a tungls, til a\u00f0 l\u00fdsa, \u00fev\u00ed d\u00fdr\u00f0 Gu\u00f0s upplj\u00f3mar hana, og lambi\u00f0 er hennar <span class='VideyAth'>s)<\/span> lj\u00f3s;<a name=\"24\"><span class=\"versanumer\">24<\/span><\/a>\u00fej\u00f3\u00f0irnar munu ganga \u00ed hennar <span class='VideyAth'>s)<\/span> lj\u00f3si, og <span class='VideyAth'>t)<\/span> konungar jar\u00f0arinnar f\u00e6ra henni s\u00edna d\u00fdr\u00f0 og vegsemd.<a name=\"25\"><span class=\"versanumer\">25<\/span><\/a><span class='VideyAth'>u)<\/span> Hli\u00f0um hennar ver\u00f0ur ekki loka\u00f0 um daga, \u00fev\u00ed \u00fear mun aldrei <span class='VideyAth'>v)<\/span> n\u00f3tt koma.<a name=\"26\"><span class=\"versanumer\">26<\/span><\/a>D\u00fdr\u00f0 og vegsemd \u00fej\u00f3\u00f0anna munu \u00feanga\u00f0 flytjast.<a name=\"27\"><span class=\"versanumer\">27<\/span><\/a>Ekkert <span class='VideyAth'>x)<\/span> \u00f3hreint, enginn sem fremur vi\u00f0urstygg\u00f0 e\u00f0a fer me\u00f0 lygi, mun \u00feanga\u00f0 innkoma, heldur \u00feeir einir, sem eru <span class='VideyAth'>y)<\/span> skrifa\u00f0ir \u00ed l\u00edfsb\u00f3k lambsins.<\/p>\n<div class=\"footnoteVidey\">V. 1. 2 P\u00e9t. 3,13. fl.  V. 2. u. Gal. 4,26. Hebr. 11,10. 12,22. v. Kap. 3,12. 21,10.  V. 3. x. 2 Kor. 6,16. y. 1 Tess. 4,17.  V. 4. z. Esa. 25,8. Opinb. b. 7,17. \u00fe. Esa. 35,10. 1 Kor. 15,26.54. a. 2 Kor. 5,17.  V. 5. b. Kap. 4,2. 20,11. c. Esa. 43,19. 2 Kor. 5,17. d. Kap. 19,9.  V. 6. e. Kap. 16,17. f. Kap. 1,8. g. Esa. 12,3. 55,1. J\u00f3h. 4,10. 7,37. Opinb. 22,17.  V. 7. h. Kap. 2,26.28. i. Hebr. 8,10.  V. 8. k. Kap. 22,15. l. 1 Kor. 6,9. Gal. 5,19.21. Efes. 5,5. m. Kap. 20,14.15.  V. 9. n. Kap. 17,1. o. Kap. 19,7. 21,2.  V. 10. p. Kap. 1,10. q. Gal. 4,26. Hebr. 11,10. 12,21. r. Kap. 3,12.  V. 12. Esek. 48,31.  V. 15. Kap. 11,1. Esek. 40,3.  V. 19. Esa. 54,11.12.  V. 21. Kap. 22,2.  V. 22. Kap. 4,3.  V. 24. s. Esa. 60,3.5. 66,12. t. S\u00e1lm. 72,10.11.  V. 25. u. Esa. 60,11.20. v. Kap. 22,5. V. 27. x. Esa. 35,8. Opinb. b. 22,14.15. y. Kap. 3,5. 13,8.<\/div>\n","protected":false},"excerpt":{"rendered":"<p>S\u00fa himneska Jer\u00fasalem. 1Eg s\u00e1 n\u00fdjan himin og n\u00fdja j\u00f6r\u00f0, \u00fev\u00ed s\u00e1 fyrri himin og s\u00fa fyrri j\u00f6r\u00f0 var horfin, og sj\u00f3rinn var ekki framar til.2Eg s\u00e1 u) borgina helgu, \u00fe\u00e1 n\u00fdju Jer\u00fasalem, st\u00edga ni\u00f0ur af himni v) fr\u00e1 Gu\u00f0i, b\u00fana sem br\u00fa\u00f0i, er skartar fyrir manni s\u00ednum.3Eg heyr\u00f0i mikla r\u00f6dd af himni segjandi: \u00feetta er x) tjaldb\u00fa\u00f0 Gu\u00f0s me\u00f0al mannanna, y) hj\u00e1 \u00feeim mun hann b\u00fasta\u00f0 hafa, og \u00feeir skulu vera hans f\u00f3lk, og Gu\u00f0 sj\u00e1lfur mun vera hj\u00e1 \u00feeim, og vera \u00feeirra Gu\u00f0.4Hann z) mun \u00feerra hv\u00f6rt t\u00e1r af \u00feeirra augum, og dau\u00f0inn mun ekki framar til vera; <a href=\"https:\/\/biblian.is\/videy\/opinberunarbok-johannesar-21-kafli\/\"> [&#8230;]<\/a><\/p>\n","protected":false},"author":1,"featured_media":0,"parent":0,"menu_order":0,"comment_status":"open","ping_status":"open","template":"bibliukaflar.php","meta":{"footnotes":""},"class_list":["post-22037","page","type-page","status-publish","hentry"],"_links":{"self":[{"href":"https:\/\/biblian.is\/videy\/wp-json\/wp\/v2\/pages\/22037","targetHints":{"allow":["GET"]}}],"collection":[{"href":"https:\/\/biblian.is\/videy\/wp-json\/wp\/v2\/pages"}],"about":[{"href":"https:\/\/biblian.is\/videy\/wp-json\/wp\/v2\/types\/page"}],"author":[{"embeddable":true,"href":"https:\/\/biblian.is\/videy\/wp-json\/wp\/v2\/users\/1"}],"replies":[{"embeddable":true,"href":"https:\/\/biblian.is\/videy\/wp-json\/wp\/v2\/comments?post=22037"}],"version-history":[{"count":0,"href":"https:\/\/biblian.is\/videy\/wp-json\/wp\/v2\/pages\/22037\/revisions"}],"wp:attachment":[{"href":"https:\/\/biblian.is\/videy\/wp-json\/wp\/v2\/media?parent=22037"}],"curies":[{"name":"wp","href":"https:\/\/api.w.org\/{rel}","templated":true}]}}