{"id":22036,"date":"2018-01-02T01:05:18","date_gmt":"2018-01-02T01:05:18","guid":{"rendered":"http:\/\/biblian.is\/videy\/opinberunarbokin-20-kafli\/"},"modified":"2018-01-02T01:05:18","modified_gmt":"2018-01-02T01:05:18","slug":"opinberunarbok-johannesar-20-kafli","status":"publish","type":"page","link":"https:\/\/biblian.is\/videy\/opinberunarbok-johannesar-20-kafli\/","title":{"rendered":"Opinberunarb\u00f3k J\u00f3hannesar 20. kafli"},"content":{"rendered":"<div class=\"fyrirsognVidey\">Dj\u00f6fullinn er bundinn. \u00de\u00fasund \u00e1ra r\u00edki\u00f0. Dj\u00f6fullinn l\u00e1tinn laus um stund og kasta\u00f0 \u00ed d\u00edki\u00f0. D\u00f3murinn.<\/div>\n<p><a name=\"1\"><span class=\"versanumer\">1<\/span><\/a>\u00de\u00e1 s\u00e1 eg engil st\u00edga ni\u00f0ur af himni, hann h\u00e9lt \u00e1 lykli afgrunnsins og st\u00f3rum fj\u00f6tri \u00ed hendinni.<a name=\"2\"><span class=\"versanumer\">2<\/span><\/a>Hann t\u00f3k drekann, \u00feann gamla h\u00f6ggorm, sem er dj\u00f6full og Satan, og batt hann um \u00fe\u00fasund \u00e1r,<a name=\"3\"><span class=\"versanumer\">3<\/span><\/a>kasta\u00f0i honum \u00ed afgrunni\u00f0, l\u00e6sti aftur og setti innsigli yfir, svo hann ekki afvegaleiddi \u00fej\u00f3\u00f0irnar framar, uns \u00fe\u00fasund \u00e1r v\u00e6ru li\u00f0in; en a\u00f0 \u00feeim li\u00f0num \u00e1 hann a\u00f0 leysast um stuttan t\u00edma. <br \/><a name=\"4\"><span class=\"versanumer\">4<\/span><\/a>\u00de\u00e1 s\u00e1 eg <span class='VideyAth'>a)<\/span> h\u00e1s\u00e6ti; \u00feeim, sem \u00e1 \u00feeim s\u00e1tu, <span class='VideyAth'>b)<\/span> var gefi\u00f0 d\u00f3msvald. L\u00edka s\u00e1 eg s\u00e1lir \u00feeirra, sem <span class='VideyAth'>c)<\/span> h\u00f6f\u00f0u veri\u00f0 h\u00e1lsh\u00f6ggnir fyrir vitnisbur\u00f0 Jes\u00fa og or\u00f0 Gu\u00f0s, og \u00feeirra, sem <span class='VideyAth'>d)<\/span> ekki h\u00f6f\u00f0u tilbe\u00f0i\u00f0 d\u00fdri\u00f0 e\u00f0a \u00feess l\u00edkneskju og ekki h\u00f6f\u00f0u \u00feess merki \u00e1 ennum s\u00e9r e\u00f0a hendi. \u00deeir <span class='VideyAth'>e)<\/span> lif\u00f0u og r\u00edktu me\u00f0 Kristi um \u00fe\u00fasund \u00e1r.<a name=\"5\"><span class=\"versanumer\">5<\/span><\/a>En a\u00f0rir dau\u00f0ir lifnu\u00f0u ekki fyrr, en \u00feau \u00fe\u00fasund \u00e1r voru li\u00f0in. \u00deetta er s\u00fa fyrri upprisa.<a name=\"6\"><span class=\"versanumer\">6<\/span><\/a>S\u00e6ll og heilagur er s\u00e1, sem hlutdeild tekur \u00ed \u00feeirri fyrri upprisu; yfir \u00feeim hefir s\u00e1 annar dau\u00f0i ekkert vald, heldur munu \u00feeir vera kennimenn Gu\u00f0s og Krists og r\u00edkja me\u00f0 honum \u00fe\u00fasund \u00e1r. <br \/><a name=\"7\"><span class=\"versanumer\">7<\/span><\/a>En \u00feegar \u00feau \u00fe\u00fasund \u00e1r eru li\u00f0in, ver\u00f0ur Satan leystur af fangelsinu.<a name=\"8\"><span class=\"versanumer\">8<\/span><\/a>\u00de\u00e1 mun hann \u00fatganga til a\u00f0 <span class='VideyAth'>f)<\/span> afvegalei\u00f0a \u00fej\u00f3\u00f0irnar \u00ed \u00feeim fj\u00f3rum heims endum, G o g og M a g o g, og <span class='VideyAth'>g)<\/span> safna \u00feeim til str\u00ed\u00f0s; merg\u00f0 \u00feeirra er, sem sj\u00e1varsandur.<a name=\"9\"><span class=\"versanumer\">9<\/span><\/a>\u00deeir f\u00f3ru upp \u00e1 flatlendi\u00f0 og <span class='VideyAth'>h)<\/span> umkringdu herb\u00fa\u00f0ir heilagra og <span class='VideyAth'>i)<\/span> \u00fe\u00e1 elsku\u00f0u borg. En \u00fe\u00e1 f\u00f3r eldur af himni ofan, og eyddi \u00feeim.<a name=\"10\"><span class=\"versanumer\">10<\/span><\/a>En <span class='VideyAth'>k)<\/span> dj\u00f6flinum, sem afvegaleiddi \u00fe\u00e1, var kasta\u00f0 \u00ed \u00fea\u00f0 logandi brennisteinsd\u00edki, \u00fear sem d\u00fdri\u00f0 var og falssp\u00e1ma\u00f0urinn; \u00fear munu \u00feau <span class='VideyAth'>l)<\/span> kveljast dag og n\u00f3tt um allar aldir.<br \/><a name=\"11\"><span class=\"versanumer\">11<\/span><\/a>\u00de\u00e1 s\u00e1 eg miki\u00f0 h\u00e1s\u00e6ti hv\u00edtt, og \u00feann, sem <span class='VideyAth'>m)<\/span> \u00e1 \u00fev\u00ed sat; en fyrir <span class='VideyAth'>n)<\/span> sj\u00f3n hans hvarf himinn og j\u00f6r\u00f0, svo <span class='VideyAth'>o)<\/span> engar eftirst\u00f6\u00f0var voru.<a name=\"12\"><span class=\"versanumer\">12<\/span><\/a>Eg s\u00e1 \u00fe\u00e1 dau\u00f0u, <span class='VideyAth'>p)<\/span> sm\u00e1a og st\u00f3ra, standa frammi fyrir h\u00e1s\u00e6tinu, og <span class='VideyAth'>q)<\/span> b\u00f3kunum var loki\u00f0 upp. \u00de\u00e1 var annarri b\u00f3k loki\u00f0 upp, \u00fea\u00f0 var l\u00edfsins b\u00f3k; og voru \u00feeir dau\u00f0u d\u00e6mdir <span class='VideyAth'>r)<\/span> eftir \u00feeirra verkum, sem skrifu\u00f0 voru \u00ed b\u00f3kunum.<a name=\"13\"><span class=\"versanumer\">13<\/span><\/a>Sj\u00f3rinn skila\u00f0i aftur \u00feeim dau\u00f0u, sem \u00ed honum voru, og hv\u00f6r \u00feeirra var d\u00e6mdur eftir s\u00ednum verkum.<a name=\"14\"><span class=\"versanumer\">14<\/span><\/a><span class='VideyAth'>s)<\/span> Dau\u00f0anum og helju var kasta\u00f0 \u00ed eldd\u00edki\u00f0; \u00feetta eldd\u00edki er s\u00e1 <span class='VideyAth'>t)<\/span> annar dau\u00f0i.<a name=\"15\"><span class=\"versanumer\">15<\/span><\/a>Og honum var kasta\u00f0 \u00ed eldd\u00edki\u00f0.<\/p>\n<div class=\"footnoteVidey\">V. 1. Kap. 1,18.  V. 2. 2 P\u00e9t. 2,4. Opinb. b. 12,9.  V. 3. Kap. 16,14.  V. 4. a. Matt. 19,28. L\u00fak. 22,30. Opinb. b. 5,10. b. 1 Kor. 6,2.3. Opinb. b. 3,21. c. Kap. 6,9.10. 13,15. d. Kap. 14,4. e. 1 Kor. 15,23.  V. 5. 1 Tess. 4,16.  V. 7. v. 3.5.  V. 8. f. v. 3. g. Kap. 16,14.  V. 9. h. Esa. 31,4.5. i. Kap. 21,10. fl.  V. 10. k. Dan. 7,11. Opinb. b. 19,20. l. Kap. 14,10.11.  V. 11. m. Kap. 21,5. n. 2 P\u00e9t. 3,20. o. Kap. 12,8.  V. 12. p. Kap. 11,18. q. Kap. 3,5. r. R\u00f3m. 2,6. 1 Kor. 3,8.  V. 14. s. 1 Kor. 15,26.54.55. Opinb. b. 6,8. t. Kap. 21,8.  V. 15. Matt. 25,41.<\/div>\n","protected":false},"excerpt":{"rendered":"<p>Dj\u00f6fullinn er bundinn. \u00de\u00fasund \u00e1ra r\u00edki\u00f0. Dj\u00f6fullinn l\u00e1tinn laus um stund og kasta\u00f0 \u00ed d\u00edki\u00f0. D\u00f3murinn. 1\u00de\u00e1 s\u00e1 eg engil st\u00edga ni\u00f0ur af himni, hann h\u00e9lt \u00e1 lykli afgrunnsins og st\u00f3rum fj\u00f6tri \u00ed hendinni.2Hann t\u00f3k drekann, \u00feann gamla h\u00f6ggorm, sem er dj\u00f6full og Satan, og batt hann um \u00fe\u00fasund \u00e1r,3kasta\u00f0i honum \u00ed afgrunni\u00f0, l\u00e6sti aftur og setti innsigli yfir, svo hann ekki afvegaleiddi \u00fej\u00f3\u00f0irnar framar, uns \u00fe\u00fasund \u00e1r v\u00e6ru li\u00f0in; en a\u00f0 \u00feeim li\u00f0num \u00e1 hann a\u00f0 leysast um stuttan t\u00edma. 4\u00de\u00e1 s\u00e1 eg a) h\u00e1s\u00e6ti; \u00feeim, sem \u00e1 \u00feeim s\u00e1tu, b) var gefi\u00f0 d\u00f3msvald. L\u00edka s\u00e1 eg s\u00e1lir \u00feeirra, <a href=\"https:\/\/biblian.is\/videy\/opinberunarbok-johannesar-20-kafli\/\"> [&#8230;]<\/a><\/p>\n","protected":false},"author":1,"featured_media":0,"parent":0,"menu_order":0,"comment_status":"open","ping_status":"open","template":"bibliukaflar.php","meta":{"footnotes":""},"class_list":["post-22036","page","type-page","status-publish","hentry"],"_links":{"self":[{"href":"https:\/\/biblian.is\/videy\/wp-json\/wp\/v2\/pages\/22036","targetHints":{"allow":["GET"]}}],"collection":[{"href":"https:\/\/biblian.is\/videy\/wp-json\/wp\/v2\/pages"}],"about":[{"href":"https:\/\/biblian.is\/videy\/wp-json\/wp\/v2\/types\/page"}],"author":[{"embeddable":true,"href":"https:\/\/biblian.is\/videy\/wp-json\/wp\/v2\/users\/1"}],"replies":[{"embeddable":true,"href":"https:\/\/biblian.is\/videy\/wp-json\/wp\/v2\/comments?post=22036"}],"version-history":[{"count":0,"href":"https:\/\/biblian.is\/videy\/wp-json\/wp\/v2\/pages\/22036\/revisions"}],"wp:attachment":[{"href":"https:\/\/biblian.is\/videy\/wp-json\/wp\/v2\/media?parent=22036"}],"curies":[{"name":"wp","href":"https:\/\/api.w.org\/{rel}","templated":true}]}}