{"id":22035,"date":"2018-01-02T01:05:18","date_gmt":"2018-01-02T01:05:18","guid":{"rendered":"http:\/\/biblian.is\/videy\/opinberunarbokin-19-kafli\/"},"modified":"2018-01-02T01:05:18","modified_gmt":"2018-01-02T01:05:18","slug":"opinberunarbok-johannesar-19-kafli","status":"publish","type":"page","link":"https:\/\/biblian.is\/videy\/opinberunarbok-johannesar-19-kafli\/","title":{"rendered":"Opinberunarb\u00f3k J\u00f3hannesar 19. kafli"},"content":{"rendered":"<div class=\"fyrirsognVidey\">Sigurs\u00f6ngur \u00e1 himni. Kristur fer \u00ed herna\u00f0 og sigrar.<\/div>\n<p><a name=\"1\"><span class=\"versanumer\">1<\/span><\/a>Eftir \u00feetta <span class='VideyAth'>l)<\/span> heyr\u00f0a eg r\u00f6dd \u00e1 himni, eins og mikinn manngn\u00fd, sem sag\u00f0i: lofi\u00f0 Drottinn! <span class='VideyAth'>m)<\/span> hj\u00e1lpr\u00e6\u00f0i\u00f0, d\u00fdr\u00f0in og m\u00e1tturinn tilheyrir Gu\u00f0i vorum,<a name=\"2\"><span class=\"versanumer\">2<\/span><\/a>\u00fev\u00ed sannir og <span class='VideyAth'>a)<\/span> r\u00e9ttv\u00edsir eru hans d\u00f3mar; hann hefir hegnt <span class='VideyAth'>b)<\/span> sk\u00e6kjunni miklu, sem <span class='VideyAth'>c)<\/span> spillti j\u00f6r\u00f0unni me\u00f0 s\u00ednum saurlifna\u00f0i, og <span class='VideyAth'>d)<\/span> hefnt \u00e1 henni fyrir dr\u00e1p sinna \u00fej\u00f3na.<a name=\"3\"><span class=\"versanumer\">3<\/span><\/a>Og aftur s\u00f6g\u00f0u \u00feeir: lofi\u00f0 Drottin! hennar reykur mun uppst\u00edga um aldir alda.<a name=\"4\"><span class=\"versanumer\">4<\/span><\/a>\u00deeir tuttugu og fj\u00f3rir \u00f6ldungar og \u00feau fj\u00f6gur d\u00fdrin f\u00e9llu \u00fe\u00e1 fram og tilb\u00e1\u00f0u Gu\u00f0, sem \u00e1 h\u00e1s\u00e6tinu sat, segjandi: Amen! lofi\u00f0 Drottin!<a name=\"5\"><span class=\"versanumer\">5<\/span><\/a>\u00de\u00e1 gekk <span class='VideyAth'>e)<\/span> r\u00f6dd \u00fat fr\u00e1 h\u00e1s\u00e6tinu, sem sag\u00f0i: <span class='VideyAth'>f)<\/span> lofi\u00f0 Gu\u00f0 vorn allir hans \u00fej\u00f3nar, og \u00fe\u00e9r, sem hann \u00f3ttist, sm\u00e1ir og st\u00f3rir!<a name=\"6\"><span class=\"versanumer\">6<\/span><\/a>\u00de\u00e1 <span class='VideyAth'>g)<\/span> heyr\u00f0i eg raddir, eins og af miklum mannfj\u00f6lda og sem ni\u00f0 margra vatna og sem sterkan \u00ferumugn\u00fd, \u00fe\u00e6r s\u00f6g\u00f0u: lofi\u00f0 Drottin! \u00fev\u00ed Drottinn Gu\u00f0, s\u00e1 alvaldi, <span class='VideyAth'>h)<\/span> r\u00edkir.<a name=\"7\"><span class=\"versanumer\">7<\/span><\/a>Gle\u00f0jumst og f\u00f6gnum og vegs\u00f6mum hann, \u00fev\u00ed <span class='VideyAth'>i)<\/span> br\u00fa\u00f0kaup lambsins er komi\u00f0, og \u00feess br\u00fa\u00f0ur <span class='VideyAth'>k)<\/span> hefir b\u00fai\u00f0 sig.<a name=\"8\"><span class=\"versanumer\">8<\/span><\/a>Henni var fengi\u00f0 sk\u00ednandi og hreint l\u00edn til a\u00f0 skr\u00fd\u00f0ast \u00ed; l\u00ednkl\u00e6\u00f0i\u00f0 er dygg\u00f0ir heilagra.<a name=\"9\"><span class=\"versanumer\">9<\/span><\/a>Og hann <span class='VideyAth'>l)<\/span> sag\u00f0i vi\u00f0 mig: skrifa \u00fe\u00fa, <span class='VideyAth'>m)<\/span> s\u00e6lir eru \u00feeir, sem eru bo\u00f0nir til br\u00fa\u00f0kaups lambsins. S\u00ed\u00f0an sag\u00f0i hann vi\u00f0 mig: \u00feetta eru <span class='VideyAth'>n)<\/span> sannarleg Gu\u00f0s or\u00f0.<a name=\"10\"><span class=\"versanumer\">10<\/span><\/a>Eg <span class='VideyAth'>e)<\/span> f\u00e9ll \u00fe\u00e1 fram fyrir f\u00e6tur honum til a\u00f0 tilbi\u00f0ja hann, en hann sag\u00f0i vi\u00f0 mig: <span class='VideyAth'>p)<\/span> varastu \u00feetta; eg er sam\u00fej\u00f3n \u00feinn og br\u00e6\u00f0ra \u00feinna, sem hafa <span class='VideyAth'>q)<\/span> vitnisbur\u00f0inn Jes\u00fa, tilbi\u00f0 \u00fe\u00fa Gu\u00f0; \u00fev\u00ed vitnisbur\u00f0ur Jes\u00fa er andi sp\u00e1d\u00f3msins. <br \/><a name=\"11\"><span class=\"versanumer\">11<\/span><\/a>S\u00ed\u00f0an s\u00e1 eg himininn opnast, og s\u00e1 <span class='VideyAth'>r)<\/span> hv\u00edtan hest; s\u00e1 sem \u00e1 honum sat, kallast s\u00e1 <span class='VideyAth'>s)<\/span> tr\u00fai og sannor\u00f0i, hann d\u00e6mir og str\u00ed\u00f0ir me\u00f0 r\u00e9ttv\u00edsi.<a name=\"12\"><span class=\"versanumer\">12<\/span><\/a>Hans <span class='VideyAth'>t)<\/span> augu voru sem eldslogi, og \u00e1 h\u00f6f\u00f0i hans voru margar k\u00f3r\u00f3nur; hann haf\u00f0i skrifa\u00f0 nafn, sem <span class='VideyAth'>u)<\/span> enginn \u00feekkti, nema sj\u00e1lfur hann.<a name=\"13\"><span class=\"versanumer\">13<\/span><\/a>Hann var skr\u00fdddur <span class='VideyAth'>v)<\/span> skikkju bl\u00f3\u00f0lita\u00f0ri, og hans nafn kallast, <span class='VideyAth'>x)<\/span> \u201eor\u00f0 Gu\u00f0s.\u201c<a name=\"14\"><span class=\"versanumer\">14<\/span><\/a>\u00de\u00e6r himnesku hersveitir fylgdu honum \u00e1 hv\u00edtum hestum, \u00edkl\u00e6ddar hv\u00edtu hreinu l\u00edni.<a name=\"15\"><span class=\"versanumer\">15<\/span><\/a><span class='VideyAth'>y)<\/span> Af hans munni gekk tv\u00edeggja\u00f0 sver\u00f0 biturt, me\u00f0 hv\u00f6rju hann <span class='VideyAth'>z)<\/span> sl\u00e6r \u00fej\u00f3\u00f0irnar, og r\u00edkir yfir \u00feeim me\u00f0 j\u00e1rnsprota; hann tre\u00f0ur <span class='VideyAth'>\u00fe)<\/span> v\u00ednpressu heiftarrei\u00f0i Gu\u00f0s hins alvalda.<a name=\"16\"><span class=\"versanumer\">16<\/span><\/a>\u00c1 skikkjunni og \u00e1 lend sinni hefir hann <span class='VideyAth'>\u00e6)<\/span> nafn \u00e1skrifa\u00f0: <span class='VideyAth'>\u00f6)<\/span> konungur konunganna og Drottinn Drottnanna.<a name=\"17\"><span class=\"versanumer\">17<\/span><\/a>\u00de\u00e1 s\u00e1 eg einn engil, sem st\u00f3\u00f0 \u00ed s\u00f3lunni, hann kalla\u00f0i h\u00e1rri r\u00f6ddu til allra fuglanna, sem flugu \u00ed mi\u00f0himninum: komi\u00f0! safnist saman til \u00feeirrar miklu veislu Gu\u00f0s,<a name=\"18\"><span class=\"versanumer\">18<\/span><\/a>til a\u00f0 eta hold konunganna, \u00fe\u00fashundra\u00f0sh\u00f6f\u00f0ingjanna og kappanna, hestanna og riddaranna, og allra, b\u00e6\u00f0i frj\u00e1lsra og \u00f3frj\u00e1lsra, sm\u00e1rra og st\u00f3rra.<a name=\"19\"><span class=\"versanumer\">19<\/span><\/a>\u00de\u00e1 s\u00e1 eg d\u00fdri\u00f0 og konunga jar\u00f0arinnar og \u00feeirra herflokka samansafna\u00f0a til a\u00f0 heyja str\u00ed\u00f0 vi\u00f0 \u00feann, sem \u00e1 hestinum sat, og vi\u00f0 hans herli\u00f0.<span class='VideyAth'>a)<\/span><a name=\"20\"><span class=\"versanumer\">20<\/span><\/a>D\u00fdri\u00f0 var\u00f0 handteki\u00f0, og <span class='VideyAth'>b)<\/span> falssp\u00e1ma\u00f0urinn me\u00f0 \u00fev\u00ed, sem haf\u00f0i gj\u00f6rt t\u00e1kn \u00ed augs\u00fdn \u00feess, me\u00f0 hv\u00f6rjum hann afvegaleiddi \u00fe\u00e1, sem h\u00f6f\u00f0u teki\u00f0 vi\u00f0 merki d\u00fdrsins og tilbe\u00f0i\u00f0 \u00feess l\u00edkneskju; \u00feeim var b\u00e1\u00f0um <span class='VideyAth'>c)<\/span> kasta\u00f0 lifandi \u00ed <span class='VideyAth'>d)<\/span> eldd\u00edki\u00f0, sem logar af brennisteini.<a name=\"21\"><span class=\"versanumer\">21<\/span><\/a>Hinir a\u00f0rir voru drepnir me\u00f0 sver\u00f0inu, sem \u00fatgekk af munni \u00feess, er \u00e1 hestinum sat og allir fuglar s\u00f6ddust af hr\u00e6jum \u00feeirra.<\/p>\n<div class=\"footnoteVidey\">V. 1. l. Kap. 11,15. 12,10. m. Kap. 7,10.  V. 2. a. S\u00e1lm. 119,137. Opinb. b. 15,3. 16,7. 18,20. b. Kap. 17,18. c. Kap. 11,18. d. Kap. 18,20.  V. 3. Kap. 14,11.  V. 4. Kap. 4,4.6.  V. 5. e. Kap. 21,3. f. S\u00e1lm. 113,1.  V. 6. g. v. 1. Kap. 14,2. h. Kap. 11,15.17. 12,10.  V. 7. i. Matt. 22,2. 25,10. L\u00fak. 14,16. k. Kap. 21,9.  V. 9. l. Kap. 14,13. m. Matt. 22,2. n. Kap. 21,5.  V. 10. o. Post. g. b. 10,26. Opinb. b. 22,8. p. Post. g. b. 14,14. q. 1 J\u00f3h. 5,10. Opinb. b. 12,17.  V. 11. r. Kap. 6,2. s. Kap. 3,14.  V. 12. t. Kap. 1,14. u. Kap. 2,17.  V. 13. v. 1 M\u00f3s. b. 49,11. Esa. 63,1\u20136. x. J\u00f3h. 1,1.  V. 14. Kap. 7,9.11. L\u00fak. 2,13.  V. 15. y. 2. Tess. 2,8. Opinb. b. 1,16. 2,16. z. Kap. 12,5. \u00fe. Kap. 14,19.20. V. 16. \u00e6. v. 12. \u00f6. 5 M\u00f3s. b. 10,17. Opinb. b. 17,14.  V. 19. Esa. 30,32. Opinb. b. 6,15. 17,14.  V. 20. a. Dan. 7,11.26. b. Kap. 13,11.12. 16,13. c. Kap. 14,10. 20,10. d. Kap. 21,8.<\/div>\n","protected":false},"excerpt":{"rendered":"<p>Sigurs\u00f6ngur \u00e1 himni. Kristur fer \u00ed herna\u00f0 og sigrar. 1Eftir \u00feetta l) heyr\u00f0a eg r\u00f6dd \u00e1 himni, eins og mikinn manngn\u00fd, sem sag\u00f0i: lofi\u00f0 Drottinn! m) hj\u00e1lpr\u00e6\u00f0i\u00f0, d\u00fdr\u00f0in og m\u00e1tturinn tilheyrir Gu\u00f0i vorum,2\u00fev\u00ed sannir og a) r\u00e9ttv\u00edsir eru hans d\u00f3mar; hann hefir hegnt b) sk\u00e6kjunni miklu, sem c) spillti j\u00f6r\u00f0unni me\u00f0 s\u00ednum saurlifna\u00f0i, og d) hefnt \u00e1 henni fyrir dr\u00e1p sinna \u00fej\u00f3na.3Og aftur s\u00f6g\u00f0u \u00feeir: lofi\u00f0 Drottin! hennar reykur mun uppst\u00edga um aldir alda.4\u00deeir tuttugu og fj\u00f3rir \u00f6ldungar og \u00feau fj\u00f6gur d\u00fdrin f\u00e9llu \u00fe\u00e1 fram og tilb\u00e1\u00f0u Gu\u00f0, sem \u00e1 h\u00e1s\u00e6tinu sat, segjandi: Amen! lofi\u00f0 Drottin!5\u00de\u00e1 gekk e) r\u00f6dd \u00fat <a href=\"https:\/\/biblian.is\/videy\/opinberunarbok-johannesar-19-kafli\/\"> [&#8230;]<\/a><\/p>\n","protected":false},"author":1,"featured_media":0,"parent":0,"menu_order":0,"comment_status":"open","ping_status":"open","template":"bibliukaflar.php","meta":{"footnotes":""},"class_list":["post-22035","page","type-page","status-publish","hentry"],"_links":{"self":[{"href":"https:\/\/biblian.is\/videy\/wp-json\/wp\/v2\/pages\/22035","targetHints":{"allow":["GET"]}}],"collection":[{"href":"https:\/\/biblian.is\/videy\/wp-json\/wp\/v2\/pages"}],"about":[{"href":"https:\/\/biblian.is\/videy\/wp-json\/wp\/v2\/types\/page"}],"author":[{"embeddable":true,"href":"https:\/\/biblian.is\/videy\/wp-json\/wp\/v2\/users\/1"}],"replies":[{"embeddable":true,"href":"https:\/\/biblian.is\/videy\/wp-json\/wp\/v2\/comments?post=22035"}],"version-history":[{"count":0,"href":"https:\/\/biblian.is\/videy\/wp-json\/wp\/v2\/pages\/22035\/revisions"}],"wp:attachment":[{"href":"https:\/\/biblian.is\/videy\/wp-json\/wp\/v2\/media?parent=22035"}],"curies":[{"name":"wp","href":"https:\/\/api.w.org\/{rel}","templated":true}]}}