{"id":22034,"date":"2018-01-02T01:05:18","date_gmt":"2018-01-02T01:05:18","guid":{"rendered":"http:\/\/biblian.is\/videy\/opinberunarbokin-18-kafli\/"},"modified":"2018-01-02T01:05:18","modified_gmt":"2018-01-02T01:05:18","slug":"opinberunarbok-johannesar-18-kafli","status":"publish","type":"page","link":"https:\/\/biblian.is\/videy\/opinberunarbok-johannesar-18-kafli\/","title":{"rendered":"Opinberunarb\u00f3k J\u00f3hannesar 18. kafli"},"content":{"rendered":"<div class=\"fyrirsognVidey\">Fall borgarinnar Bab\u00fdlonar.<\/div>\n<p><a name=\"1\"><span class=\"versanumer\">1<\/span><\/a>Eftir \u00feetta s\u00e1 eg annan engil st\u00edga ofan af himni, hann haf\u00f0i miki\u00f0 vald; j\u00f6r\u00f0in lj\u00f3ma\u00f0i af hans d\u00fdr\u00f0.<a name=\"2\"><span class=\"versanumer\">2<\/span><\/a>Hann <span class='VideyAth'>f)<\/span> kalla\u00f0i h\u00e1rri r\u00f6ddu, segjandi: <span class='VideyAth'>g)<\/span> h\u00fan er fallin, h\u00fan er fallin, s\u00fa mikla Bab\u00fdlon, og or\u00f0in a\u00f0 <span class='VideyAth'>h)<\/span> dj\u00f6fla heimkynni og fangelsi alls konar \u00f3hreinna anda og alls konar \u00f3hreinna og vi\u00f0bj\u00f3\u00f0slegra fugla,<a name=\"3\"><span class=\"versanumer\">3<\/span><\/a>af \u00fev\u00ed h\u00fan hefir byrla\u00f0 \u00f6llum \u00fej\u00f3\u00f0um sitt \u00e1fenga h\u00f3runarv\u00edn, og konungar jar\u00f0arinnar hafa dr\u00fdgt saurlifna\u00f0 me\u00f0 henni, og kaupmenn jar\u00f0arinnar eru r\u00edkir or\u00f0nir af hennar megna \u00f3h\u00f3fi.<a name=\"4\"><span class=\"versanumer\">4<\/span><\/a>\u00de\u00e1 heyr\u00f0a eg a\u00f0ra r\u00f6dd af himni, sem sag\u00f0i: fari\u00f0 \u00fat af borginni, mitt f\u00f3lk, svo \u00fe\u00e9r taki\u00f0 enga hlutdeild \u00ed hennar syndum, og hreppi\u00f0 ekki hennar pl\u00e1gur;<a name=\"5\"><span class=\"versanumer\">5<\/span><\/a>\u00fev\u00ed hennar <span class='VideyAth'>a)<\/span> syndir n\u00e1 allt upp til himins, og Gu\u00f0 hefir <span class='VideyAth'>b)<\/span> minnst hennar rangl\u00e6tis.<a name=\"6\"><span class=\"versanumer\">6<\/span><\/a>Gjaldi\u00f0 henni eins og h\u00fan hefir goldi\u00f0 y\u00f0ur, og gjaldi\u00f0 henni tv\u00f6falt \u00ed \u00feeim bikar, sem h\u00fan hefir blanda\u00f0 y\u00f0ur \u00ed.<a name=\"7\"><span class=\"versanumer\">7<\/span><\/a>Veiti\u00f0 henni eins mikla kv\u00f6l og h\u00f6rmungu, eins og hennar st\u00e6ril\u00e6ti og \u00f3h\u00f3f hefir veri\u00f0; \u00fev\u00ed h\u00fan segir \u00ed s\u00ednu hjarta: eg sit sem Drottning, og ver\u00f0 aldrei ekkja, eg f\u00e6 aldrei sorg a\u00f0 sj\u00e1.<a name=\"8\"><span class=\"versanumer\">8<\/span><\/a>Fyrir \u00feetta munu hennar pl\u00e1gur <span class='VideyAth'>c)<\/span> koma \u00e1 einum degi, dau\u00f0i og sorg og hungur; h\u00fan mun <span class='VideyAth'>d)<\/span> brennd ver\u00f0a \u00ed eldi, \u00fev\u00ed s\u00e1 Gu\u00f0, sem hefir d\u00e6mt hana, er <span class='VideyAth'>e)<\/span> m\u00e1ttugur Drottinn.<a name=\"9\"><span class=\"versanumer\">9<\/span><\/a>Konungar jar\u00f0arinnar, sem hafa dr\u00fdgt saurlifna\u00f0 og muna\u00f0arl\u00edfi me\u00f0 henni, munu barma s\u00e9r og gr\u00e1ta yfir henni, \u00feegar \u00feeir sj\u00e1 reykinn af hennar brennu.<a name=\"10\"><span class=\"versanumer\">10<\/span><\/a>Af \u00f3tta fyrir hennar kv\u00f6l munu \u00feeir standa langt fr\u00e1 og segja: <span class='VideyAth'>f)<\/span> vei, vei! \u00fe\u00fa hin mikla borgin, Bab\u00fdlon, \u00fe\u00fa volduga borg! \u00fev\u00ed hefndin hefir komi\u00f0 yfir \u00feig <span class='VideyAth'>g)<\/span> \u00e1 einni stundu.<a name=\"11\"><span class=\"versanumer\">11<\/span><\/a>Eins munu kaupmenn jar\u00f0arinnar gr\u00e1ta og harma yfir henni, \u00fev\u00ed enginn kaupir n\u00fa fremur \u00feeirra farma,<a name=\"12\"><span class=\"versanumer\">12<\/span><\/a>farma gulls og silfurs, gimsteina og perlna, l\u00edns og purpura, silkis og skarlats; alls konar ilmvi\u00f0, alls konar ker af f\u00edlabeini og hinum d\u00fdrasta vi\u00f0i, af eiri, j\u00e1rni og marmara;<a name=\"13\"><span class=\"versanumer\">13<\/span><\/a>kanelb\u00f6rk, balsam, ilmjurtir, smyrsl, reykelsi, v\u00edn, vi\u00f0smj\u00f6r, hveiti, korn, eyki, sau\u00f0f\u00e9, hesta, kerrur, \u00fer\u00e6la og mansmenn.<a name=\"14\"><span class=\"versanumer\">14<\/span><\/a>S\u00e1 gr\u00f3\u00f0i, sem \u00fe\u00edn s\u00e1la girntist, hefir brug\u00f0ist \u00fe\u00e9r; \u00f6ll s\u00e6ld og glys er \u00fe\u00e9r tapa\u00f0, svo a\u00f0 \u00fe\u00fa finnur \u00fea\u00f0 ekki framar.<a name=\"15\"><span class=\"versanumer\">15<\/span><\/a>S\u00f6lumenn \u00feessara hluta, sem hafa \u00e1batast \u00e1 borginni, munu standa \u00e1lengdar, gr\u00e1tandi og harmandi af \u00f3tta fyrir hennar kv\u00f6l,<a name=\"16\"><span class=\"versanumer\">16<\/span><\/a>og segja: vei, vei! \u00fe\u00fa hin mikla borg, sem \u00edkl\u00e6ddist l\u00edni og purpura og skarlati og varst pr\u00fddd gulli og gimsteinum og perlum; \u00fev\u00ed \u00ed einu vetfangi eyddist allur \u00feessi au\u00f0ur.<a name=\"17\"><span class=\"versanumer\">17<\/span><\/a>Allir st\u00fdrimenn, siglingamenn og h\u00e1setar, og \u00feeir, sem \u00ed f\u00f6rum eru, st\u00f3\u00f0u \u00e1lengdar,<a name=\"18\"><span class=\"versanumer\">18<\/span><\/a>og k\u00f6llu\u00f0u, \u00fe\u00e1 \u00feeir s\u00e1u reykinn af hennar brennu og s\u00f6g\u00f0u: hvar s\u00e1st maki til \u00feessarar miklu borgar?<a name=\"19\"><span class=\"versanumer\">19<\/span><\/a>\u00deeir jusu mold yfir h\u00f6fu\u00f0 s\u00e9r, k\u00f6llu\u00f0u upp gr\u00e1tandi og harmandi, og s\u00f6g\u00f0u: vei, vei! \u00fe\u00fa hin mikla borg, \u00e1 hv\u00f6rrar yfirl\u00e6ti allir \u00feeir gr\u00e6ddu, sem skip h\u00f6f\u00f0u \u00e1 sj\u00f3num; h\u00fan er \u00e1 einni stundu ey\u00f0il\u00f6g\u00f0.<a name=\"20\"><span class=\"versanumer\">20<\/span><\/a>Fagna yfir henni, \u00fe\u00fa himin og \u00fe\u00e9r heil\u00f6gu, postular og sp\u00e1menn! \u00fev\u00ed Gu\u00f0 hefir hefnt y\u00f0ar \u00e1 henni.<a name=\"21\"><span class=\"versanumer\">21<\/span><\/a>Einn sterkur engill t\u00f3k \u00fe\u00e1 upp stein, eins og mikinn kvarnarstein, og kasta\u00f0i \u00ed sj\u00f3inn, segjandi: svo voveiflega skal hin mikla borg kollvarpast, svo a\u00f0 engar menjar skulu eftir ver\u00f0a.<a name=\"22\"><span class=\"versanumer\">22<\/span><\/a>H\u00f6rpusl\u00e1ttur, s\u00f6nglist, p\u00edpu hlj\u00f3mur og l\u00fa\u00f0ra gangur skal ekki framar heyrast \u00ed \u00fe\u00e9r; engir \u00ed\u00fer\u00f3ttamenn skulu framar finnast \u00ed \u00fe\u00e9r, enginn kvarna\u00feytur skal framar heyrast \u00ed \u00fe\u00e9r.<a name=\"23\"><span class=\"versanumer\">23<\/span><\/a><span class='VideyAth'>h)<\/span> Lj\u00f3sabirta skal ekki framar sj\u00e1st \u00ed \u00fe\u00e9r, engin <span class='VideyAth'>i)<\/span> raust br\u00fa\u00f0guma og br\u00fa\u00f0ur skal framar heyrast \u00ed \u00fe\u00e9r; \u00fev\u00ed \u00fe\u00ednir <span class='VideyAth'>k)<\/span> kaupmenn voru h\u00f6f\u00f0ingjar jar\u00f0arinnar, og allar \u00fej\u00f3\u00f0ir leiddust afvega af \u00fe\u00ednum t\u00f6fradrykk.<a name=\"24\"><span class=\"versanumer\">24<\/span><\/a>\u00cd henni fannst bl\u00f3\u00f0 sp\u00e1manna og heilagra, og allra \u00feeirra, sem \u00e1 j\u00f6r\u00f0u hafa drepnir veri\u00f0.<\/p>\n<div class=\"footnoteVidey\">V. 2. f. Kap. 10,3. g. Esa. 21,9. Jer. 51,8.37. Opinb. b. 14,8. h. Esa. 13,21.  V. 3. Jer. 5,7. Opinb. b. 14,8. 17,2. V. 4. 2 Kor. 6,17.  V. 5. a. 1 M\u00f3s. b. 8,20. Jer. 51,9. b. Kap. 16,19.  V. 6. S\u00e1lm. 137,8. Esa. 33,1. Jer. 50,15.29. Opinb. b. 14,10.  V. 8. c. Esa. 47,9. Jer. 50,31. d. Kap. 17,16. e. Jer. 50,34. 2 Tess. 2,8.  V. 9. Esek. 26,16.17. 27,30. Opinb. b. 17,2.  V. 10. f. Kap. 14,8. g. Esa. 21,9. Jer. 51,8.  V. 11. v. 15. Esek. 27,36.  V. 12. Esek. 27,12.13.22.  V. 16. Kap. 17,4. Jer. 50,23.  V. 20. Esa. 44,23. 49,13. Jer. 51,48. Opb. b. 19,2.  V. 21. Kap. 5,2.  V. 22. Jer. 7,34. 16,9. 25,10. Esa. 26,13.  V. 23. h. Jer. 25,10. i. Jer. 7,34. 16,9. k. Esek. 25,8.  V. 24. Kap. 17,6. Matt. 23,37.<\/div>\n","protected":false},"excerpt":{"rendered":"<p>Fall borgarinnar Bab\u00fdlonar. 1Eftir \u00feetta s\u00e1 eg annan engil st\u00edga ofan af himni, hann haf\u00f0i miki\u00f0 vald; j\u00f6r\u00f0in lj\u00f3ma\u00f0i af hans d\u00fdr\u00f0.2Hann f) kalla\u00f0i h\u00e1rri r\u00f6ddu, segjandi: g) h\u00fan er fallin, h\u00fan er fallin, s\u00fa mikla Bab\u00fdlon, og or\u00f0in a\u00f0 h) dj\u00f6fla heimkynni og fangelsi alls konar \u00f3hreinna anda og alls konar \u00f3hreinna og vi\u00f0bj\u00f3\u00f0slegra fugla,3af \u00fev\u00ed h\u00fan hefir byrla\u00f0 \u00f6llum \u00fej\u00f3\u00f0um sitt \u00e1fenga h\u00f3runarv\u00edn, og konungar jar\u00f0arinnar hafa dr\u00fdgt saurlifna\u00f0 me\u00f0 henni, og kaupmenn jar\u00f0arinnar eru r\u00edkir or\u00f0nir af hennar megna \u00f3h\u00f3fi.4\u00de\u00e1 heyr\u00f0a eg a\u00f0ra r\u00f6dd af himni, sem sag\u00f0i: fari\u00f0 \u00fat af borginni, mitt f\u00f3lk, svo \u00fe\u00e9r taki\u00f0 <a href=\"https:\/\/biblian.is\/videy\/opinberunarbok-johannesar-18-kafli\/\"> [&#8230;]<\/a><\/p>\n","protected":false},"author":1,"featured_media":0,"parent":0,"menu_order":0,"comment_status":"open","ping_status":"open","template":"bibliukaflar.php","meta":{"footnotes":""},"class_list":["post-22034","page","type-page","status-publish","hentry"],"_links":{"self":[{"href":"https:\/\/biblian.is\/videy\/wp-json\/wp\/v2\/pages\/22034","targetHints":{"allow":["GET"]}}],"collection":[{"href":"https:\/\/biblian.is\/videy\/wp-json\/wp\/v2\/pages"}],"about":[{"href":"https:\/\/biblian.is\/videy\/wp-json\/wp\/v2\/types\/page"}],"author":[{"embeddable":true,"href":"https:\/\/biblian.is\/videy\/wp-json\/wp\/v2\/users\/1"}],"replies":[{"embeddable":true,"href":"https:\/\/biblian.is\/videy\/wp-json\/wp\/v2\/comments?post=22034"}],"version-history":[{"count":0,"href":"https:\/\/biblian.is\/videy\/wp-json\/wp\/v2\/pages\/22034\/revisions"}],"wp:attachment":[{"href":"https:\/\/biblian.is\/videy\/wp-json\/wp\/v2\/media?parent=22034"}],"curies":[{"name":"wp","href":"https:\/\/api.w.org\/{rel}","templated":true}]}}