{"id":22033,"date":"2018-01-02T01:05:18","date_gmt":"2018-01-02T01:05:18","guid":{"rendered":"http:\/\/biblian.is\/videy\/opinberunarbokin-17-kafli\/"},"modified":"2018-01-02T01:05:18","modified_gmt":"2018-01-02T01:05:18","slug":"opinberunarbok-johannesar-17-kafli","status":"publish","type":"page","link":"https:\/\/biblian.is\/videy\/opinberunarbok-johannesar-17-kafli\/","title":{"rendered":"Opinberunarb\u00f3k J\u00f3hannesar 17. kafli"},"content":{"rendered":"<div class=\"fyrirsognVidey\">S\u00fa mikla h\u00f3rkona Babylon. \u00dat\u00fe\u00fd\u00f0ing h\u00f3rkonunnar og d\u00fdrsins.<\/div>\n<p><a name=\"1\"><span class=\"versanumer\">1<\/span><\/a>Einn <span class='VideyAth'>l)<\/span> af \u00feeim sj\u00f6 englum, sem h\u00e9ldu \u00e1 \u00feeim sj\u00f6 sk\u00e1lum, kom til m\u00edn og tala\u00f0i svo vi\u00f0 mig: kom hinga\u00f0, eg skal <span class='VideyAth'>m)<\/span> s\u00fdna \u00fe\u00e9r straff sk\u00e6kjunnar miklu, sem situr \u00e1 \u00feeim m\u00f6rgu v\u00f6tnum,<a name=\"2\"><span class=\"versanumer\">2<\/span><\/a>me\u00f0 hv\u00f6rri konungar jar\u00f0arinnar hafa dr\u00fdgt saurlifna\u00f0, og innb\u00faar jar\u00f0arinnar eru or\u00f0nir drukknir af v\u00edni hennar h\u00f3runar.<a name=\"3\"><span class=\"versanumer\">3<\/span><\/a>Hann leiddi mig \u00fe\u00e1 \u00ed anda \u00e1 ey\u00f0im\u00f6rku, hvar eg s\u00e1 konu sitjandi \u00e1 skarlatsrau\u00f0u d\u00fdri, sem var fullt af gu\u00f0l\u00f6stunaror\u00f0um og haf\u00f0i sj\u00f6 h\u00f6fu\u00f0 og t\u00edu horn.<a name=\"4\"><span class=\"versanumer\">4<\/span><\/a>Konan var kl\u00e6dd \u00ed purpura og skarlat, og h\u00e9lt \u00e1 gullstaupi \u00ed hendi s\u00e9r, sem fullt var af vi\u00f0urstygg\u00f0 og \u00f3hreinleika hennar saurlifna\u00f0ar.<a name=\"5\"><span class=\"versanumer\">5<\/span><\/a>\u00c1 enni hennar voru skrifu\u00f0 \u00feessi or\u00f0: leyndard\u00f3mur, s\u00fa mikla Bab\u00fdlon, m\u00f3\u00f0ir h\u00f3rkvenna og vi\u00f0urstygg\u00f0a jar\u00f0arinnar.<a name=\"6\"><span class=\"versanumer\">6<\/span><\/a>Eg s\u00e1, a\u00f0 konan var drukkin af bl\u00f3\u00f0i heilagra og af bl\u00f3\u00f0i Jes\u00fa votta, og undra\u00f0ist eg st\u00f3rlega, er eg leit hana.<br \/><a name=\"7\"><span class=\"versanumer\">7<\/span><\/a>\u00de\u00e1 sag\u00f0i engillinn vi\u00f0 mig: hv\u00ed fur\u00f0ar \u00feig? eg skal segja \u00fe\u00e9r leyndard\u00f3m konunnar og d\u00fdrsins, sem ber hana og hefur \u00feau sj\u00f6 h\u00f6fu\u00f0 og t\u00edu horn.<a name=\"8\"><span class=\"versanumer\">8<\/span><\/a>D\u00fdri\u00f0, sem \u00fe\u00fa s\u00e1st, var, en er ekki; \u00fea\u00f0 mun s\u00ed\u00f0an uppst\u00edga <span class='VideyAth'>a)<\/span> fr\u00e1 afgrunninu og tort\u00fdnast; \u00fe\u00e1 munu innb\u00faar jar\u00f0arinnar <span class='VideyAth'>b)<\/span> undrast, hv\u00f6rra n\u00f6fn ekki hafa veri\u00f0 skrifu\u00f0 \u00ed <span class='VideyAth'>c)<\/span> l\u00edfsins b\u00f3k fr\u00e1 upphafi heimsins, \u00fe\u00e1 \u00feeir sj\u00e1, a\u00f0 d\u00fdri\u00f0, sem \u00e1\u00f0ur var, er ekki framar til, en kemur \u00fe\u00f3 aftur. H\u00e9r r\u00ed\u00f0ur \u00e1 hugskoti, sem hefir speki.<a name=\"9\"><span class=\"versanumer\">9<\/span><\/a>\u00deau sj\u00f6 h\u00f6fu\u00f0 eru sj\u00f6 fj\u00f6ll, sem konan situr \u00e1, og sj\u00f6 konungar,<a name=\"10\"><span class=\"versanumer\">10<\/span><\/a>fimm eru fallnir, einn er enn uppi, annar er \u00f3kominn, en \u00fe\u00e1 hann kemur, mun hann vara skamma stund.<a name=\"11\"><span class=\"versanumer\">11<\/span><\/a>D\u00fdri\u00f0, sem var, en er ekki til framar, er s\u00e1 \u00e1ttundi, og sprettur upp af \u00feeim sj\u00f6, og mun tort\u00fdnast.<a name=\"12\"><span class=\"versanumer\">12<\/span><\/a>\u00deau t\u00edu horn, sem \u00fe\u00fa s\u00e1st, eru t\u00edu konungar, sem enn \u00fe\u00e1 ekki hafa teki\u00f0 vi\u00f0 r\u00edki, heldur hafa fengi\u00f0 vald, sem konungar, stundarkorn me\u00f0 d\u00fdrinu.<a name=\"13\"><span class=\"versanumer\">13<\/span><\/a>\u00deessir eru samhuga og lj\u00e1 d\u00fdrinu sinn styrk og sitt vald.<a name=\"14\"><span class=\"versanumer\">14<\/span><\/a>\u00deessir munu <span class='VideyAth'>d)<\/span> str\u00ed\u00f0a vi\u00f0 lambi\u00f0, en lambi\u00f0 mun sigra \u00fe\u00e1, \u00fev\u00ed \u00fea\u00f0 er <span class='VideyAth'>e)<\/span> Drottinn Drottnanna og konungur konunganna, og \u00feeir, sem me\u00f0 \u00fev\u00ed eru, hinir k\u00f6llu\u00f0u, \u00fatv\u00f6ldu og tr\u00fau.<a name=\"15\"><span class=\"versanumer\">15<\/span><\/a>Hann sag\u00f0i vi\u00f0 mig: v\u00f6tnin, sem \u00fe\u00fa s\u00e1st, hvar e\u00f0 sk\u00e6kjan situr, eru f\u00f3lk og l\u00fd\u00f0ir, \u00fej\u00f3\u00f0ir og tungur.<a name=\"16\"><span class=\"versanumer\">16<\/span><\/a>En \u00feau t\u00edu horn, sem \u00fe\u00fa s\u00e1st, og d\u00fdri\u00f0 munu hata sk\u00e6kjuna, ey\u00f0ileggja hana, gj\u00f6ra kl\u00e6\u00f0lausa, eta hold hennar og brenna hana sj\u00e1lfa \u00ed eldi.<a name=\"17\"><span class=\"versanumer\">17<\/span><\/a>\u00dev\u00ed Gu\u00f0 hefir lagt \u00feeim \u00ed brj\u00f3st, a\u00f0 gj\u00f6ra d\u00fdrsins vilja, vera samr\u00e1\u00f0a og lj\u00e1 \u00fev\u00ed sitt r\u00edki, \u00fear til Gu\u00f0s r\u00e1\u00f0stafanir fullkomnast.<a name=\"18\"><span class=\"versanumer\">18<\/span><\/a>En konan, sem \u00fe\u00fa s\u00e1st, er borgin mikla, sem heldur r\u00edki yfir konungum jar\u00f0arinnar.<\/p>\n<div class=\"footnoteVidey\">V. 1. l. Kap. 15,1. 21,9. m. Jer. 51,13.  V. 2. Jer. 51,7. Opinb. b. 14,8. 18,3.  V. 3. Kap. 13,1. 17,7.8.  V. 4. Kap. 18,16.  V. 5. 2 Tess. 2,7.  V. 6. Kap. 18,24.  V. 7. Kap. 13,1.  V. 8. a. Kap. 11,7. b. Kap. 3,3. c. S\u00e1lm. 69,29. Opinb. b. 13,8.  V. 11. Kap. 19,19.20.  V. 12. Kap. 13,1.  V. 14. d. Kap. 11,7. e. 1 T\u00edm. 6,15. Opinb. b. 19,16.  V. 16. Kap. 18,8.  V. 18. Kap. 16,19.<\/div>\n","protected":false},"excerpt":{"rendered":"<p>S\u00fa mikla h\u00f3rkona Babylon. \u00dat\u00fe\u00fd\u00f0ing h\u00f3rkonunnar og d\u00fdrsins. 1Einn l) af \u00feeim sj\u00f6 englum, sem h\u00e9ldu \u00e1 \u00feeim sj\u00f6 sk\u00e1lum, kom til m\u00edn og tala\u00f0i svo vi\u00f0 mig: kom hinga\u00f0, eg skal m) s\u00fdna \u00fe\u00e9r straff sk\u00e6kjunnar miklu, sem situr \u00e1 \u00feeim m\u00f6rgu v\u00f6tnum,2me\u00f0 hv\u00f6rri konungar jar\u00f0arinnar hafa dr\u00fdgt saurlifna\u00f0, og innb\u00faar jar\u00f0arinnar eru or\u00f0nir drukknir af v\u00edni hennar h\u00f3runar.3Hann leiddi mig \u00fe\u00e1 \u00ed anda \u00e1 ey\u00f0im\u00f6rku, hvar eg s\u00e1 konu sitjandi \u00e1 skarlatsrau\u00f0u d\u00fdri, sem var fullt af gu\u00f0l\u00f6stunaror\u00f0um og haf\u00f0i sj\u00f6 h\u00f6fu\u00f0 og t\u00edu horn.4Konan var kl\u00e6dd \u00ed purpura og skarlat, og h\u00e9lt \u00e1 gullstaupi \u00ed hendi s\u00e9r, <a href=\"https:\/\/biblian.is\/videy\/opinberunarbok-johannesar-17-kafli\/\"> [&#8230;]<\/a><\/p>\n","protected":false},"author":1,"featured_media":0,"parent":0,"menu_order":0,"comment_status":"open","ping_status":"open","template":"bibliukaflar.php","meta":{"footnotes":""},"class_list":["post-22033","page","type-page","status-publish","hentry"],"_links":{"self":[{"href":"https:\/\/biblian.is\/videy\/wp-json\/wp\/v2\/pages\/22033","targetHints":{"allow":["GET"]}}],"collection":[{"href":"https:\/\/biblian.is\/videy\/wp-json\/wp\/v2\/pages"}],"about":[{"href":"https:\/\/biblian.is\/videy\/wp-json\/wp\/v2\/types\/page"}],"author":[{"embeddable":true,"href":"https:\/\/biblian.is\/videy\/wp-json\/wp\/v2\/users\/1"}],"replies":[{"embeddable":true,"href":"https:\/\/biblian.is\/videy\/wp-json\/wp\/v2\/comments?post=22033"}],"version-history":[{"count":0,"href":"https:\/\/biblian.is\/videy\/wp-json\/wp\/v2\/pages\/22033\/revisions"}],"wp:attachment":[{"href":"https:\/\/biblian.is\/videy\/wp-json\/wp\/v2\/media?parent=22033"}],"curies":[{"name":"wp","href":"https:\/\/api.w.org\/{rel}","templated":true}]}}