{"id":22032,"date":"2018-01-02T01:05:18","date_gmt":"2018-01-02T01:05:18","guid":{"rendered":"http:\/\/biblian.is\/videy\/opinberunarbokin-16-kafli\/"},"modified":"2018-01-02T01:05:18","modified_gmt":"2018-01-02T01:05:18","slug":"opinberunarbok-johannesar-16-kafli","status":"publish","type":"page","link":"https:\/\/biblian.is\/videy\/opinberunarbok-johannesar-16-kafli\/","title":{"rendered":"Opinberunarb\u00f3k J\u00f3hannesar 16. kafli"},"content":{"rendered":"<div class=\"fyrirsognVidey\">\u00deeir sj\u00f6 englar hella \u00far \u00feeim sj\u00f6 sk\u00e1lum.<\/div>\n<p><a name=\"1\"><span class=\"versanumer\">1<\/span><\/a>Eg heyr\u00f0i mikla raust fr\u00e1 musterinu, sem tala\u00f0i til \u00feeirra sj\u00f6 engla: fari\u00f0 og helli\u00f0 \u00far \u00feeim sj\u00f6 sk\u00e1lum Gu\u00f0s rei\u00f0i yfir j\u00f6r\u00f0ina.<a name=\"2\"><span class=\"versanumer\">2<\/span><\/a>\u00de\u00e1 f\u00f3r s\u00e1 fyrsti og hellti \u00far sinni sk\u00e1l yfir j\u00f6r\u00f0ina. \u00de\u00e1 komu lj\u00f3t og ill s\u00e1r \u00e1 \u00fe\u00e1 menn, sem h\u00f6f\u00f0u mark d\u00fdrsins og tilb\u00e1\u00f0u \u00feess l\u00edkneskju.<a name=\"3\"><span class=\"versanumer\">3<\/span><\/a>S\u00e1 annar engill hellti \u00far sinni sk\u00e1l \u00ed sj\u00f3inn, og var\u00f0 hann a\u00f0 bl\u00f3\u00f0i, eins og dau\u00f0abl\u00f3\u00f0i, svo a\u00f0 hv\u00f6r lifandi skepna d\u00f3 \u00ed sj\u00f3num.<a name=\"4\"><span class=\"versanumer\">4<\/span><\/a>S\u00e1 \u00feri\u00f0ji engill hellti \u00far sinni sk\u00e1l \u00ed flj\u00f3tin og uppsprettur vatnanna, og ur\u00f0u \u00feau a\u00f0 bl\u00f3\u00f0i.<a name=\"5\"><span class=\"versanumer\">5<\/span><\/a>Eg heyr\u00f0i engil vatnanna segja: <span class='VideyAth'>a)<\/span> r\u00e9ttv\u00eds ert\u00fa <span class='VideyAth'>b)<\/span>, sem ert og varst, \u00fe\u00fa hinn heilagi! a\u00f0 \u00fe\u00fa hefir d\u00e6mt \u00feannig;<a name=\"6\"><span class=\"versanumer\">6<\/span><\/a>af \u00fev\u00ed \u00feeir hafa \u00fathellt bl\u00f3\u00f0i heilagra og sp\u00e1mannanna, hefir \u00fe\u00fa gefi\u00f0 \u00feeim bl\u00f3\u00f0 a\u00f0 drekka; \u00feeir eru \u00feess maklegir.<a name=\"7\"><span class=\"versanumer\">7<\/span><\/a>\u00de\u00e1 heyr\u00f0i eg tala\u00f0 fr\u00e1 altarinu: j\u00e1, Drottinn Gu\u00f0 alvaldi! sannir og r\u00e9ttv\u00edsir eru \u00fe\u00ednir d\u00f3mar.<a name=\"8\"><span class=\"versanumer\">8<\/span><\/a>S\u00e1 fj\u00f3r\u00f0i hellti \u00far sinni sk\u00e1l \u00ed s\u00f3lina, honum var gefi\u00f0 vald til a\u00f0 brenna mennina \u00ed eldi.<a name=\"9\"><span class=\"versanumer\">9<\/span><\/a>Mennirnir stiknu\u00f0u \u00fe\u00e1 af miklum hita og <span class='VideyAth'>c)<\/span> l\u00f6stu\u00f0u Gu\u00f0, sem haf\u00f0i vald yfir \u00feessum pl\u00e1gum, og <span class='VideyAth'>d)<\/span> ekki betru\u00f0u \u00feeir sig, svo \u00feeir g\u00e6fi honum d\u00fdr\u00f0ina.<a name=\"10\"><span class=\"versanumer\">10<\/span><\/a>S\u00e1 fimmti hellti \u00far sinni sk\u00e1l \u00e1 h\u00e1s\u00e6ti d\u00fdrsins; \u00fe\u00e1 formyrkva\u00f0ist \u00feess r\u00edki, og menn bitu \u00ed tungur s\u00ednar af ofraun,<a name=\"11\"><span class=\"versanumer\">11<\/span><\/a>og hallm\u00e6ltu himinsins Gu\u00f0i fyrir s\u00edn harmkv\u00e6li og s\u00e1r, en l\u00e9tu \u00fe\u00f3 ekki af ath\u00e6fi s\u00ednu.<a name=\"12\"><span class=\"versanumer\">12<\/span><\/a>S\u00e1 sj\u00f6tti hellti \u00far sinni sk\u00e1l \u00ed flj\u00f3ti\u00f0 mikla Evfrat; vatni\u00f0 \u00ed \u00fev\u00ed \u00feorna\u00f0i \u00fe\u00e1 upp, svo a\u00f0 vegur greiddist fyrir konungana \u00far s\u00f3laruppkomusta\u00f0.<a name=\"13\"><span class=\"versanumer\">13<\/span><\/a>S\u00ed\u00f0an s\u00e1 eg \u00ferj\u00e1 \u00f3hreina anda, eins og p\u00f6ddur, fara <span class='VideyAth'>e)<\/span> \u00fat af munni drekans og af munni <span class='VideyAth'>f)<\/span> d\u00fdrsins og af munni falssp\u00e1mannsins.<a name=\"14\"><span class=\"versanumer\">14<\/span><\/a>\u00deetta eru <span class='VideyAth'>g)<\/span> dj\u00f6fla andar, sem gj\u00f6ra teikn, hv\u00f6rjir e\u00f0 fara til allra konunga \u00ed ver\u00f6ldinni, til a\u00f0 safna \u00feeim saman til <span class='VideyAth'>h)<\/span> str\u00ed\u00f0sins \u00e1 hinum mikla degi Gu\u00f0s hins alvalda.<a name=\"15\"><span class=\"versanumer\">15<\/span><\/a>Sj\u00e1! eg kem eins og \u00fej\u00f3fur; s\u00e6ll er s\u00e1, sem vakir og geymir s\u00edn kl\u00e6\u00f0i, svo hann gangi ekki nakinn um kring og a\u00f0rir sj\u00e1i hans blyg\u00f0un.<a name=\"16\"><span class=\"versanumer\">16<\/span><\/a>Andarnir s\u00f6fnu\u00f0u \u00feeim saman \u00e1 \u00feeim sta\u00f0, sem \u00e1 Hebresku kallast H a r m a g e d \u00f3 n.<a name=\"17\"><span class=\"versanumer\">17<\/span><\/a>S\u00e1 sj\u00f6undi hellti \u00far sinni sk\u00e1l \u00fat \u00ed lofti\u00f0; \u00fe\u00e1 gekk raust mikil \u00fat af musteri himinsins fr\u00e1 h\u00e1s\u00e6tinu, sem sag\u00f0i: \u00fea\u00f0 er ske\u00f0;<a name=\"18\"><span class=\"versanumer\">18<\/span><\/a>\u00fe\u00e1 ur\u00f0u <span class='VideyAth'>i)<\/span> eldingar og brestir og \u00ferumur, og <span class='VideyAth'>k)<\/span> hr\u00e6ring svo mikil, a\u00f0 aldrei hefir or\u00f0i\u00f0 \u00f6nnur sl\u00edk, fr\u00e1 \u00fev\u00ed menn ur\u00f0u til \u00e1 j\u00f6r\u00f0unni, eins og s\u00fa hr\u00e6ring var\u00f0.<a name=\"19\"><span class=\"versanumer\">19<\/span><\/a>\u00de\u00e1 skiptist borgin mikla \u00ed \u00ferj\u00e1 hluti, og borgir hei\u00f0ingjanna hrundu. \u00deannig minntist Gu\u00f0 \u00feeirrar miklu Bab\u00fdlonar, a\u00f0 hann l\u00e9t hana bergja \u00e1 v\u00edni sinnar heiftarrei\u00f0i.<a name=\"20\"><span class=\"versanumer\">20<\/span><\/a>Allar eyjar hvurfu, og fj\u00f6llin ur\u00f0u a\u00f0 engu;<a name=\"21\"><span class=\"versanumer\">21<\/span><\/a>\u00fe\u00e1 f\u00e9ll v\u00e6ttar\u00feungt hagl af himni yfir mennina; en mennirnir hallm\u00e6ltu Gu\u00f0i fyrir haglpl\u00e1guna, \u00fev\u00ed a\u00f0 s\u00fa pl\u00e1ga var \u00e1kaflega mikil.<\/p>\n<div class=\"footnoteVidey\">V. 1. Kap. 15,7.  V. 2. Kap. 13,16.17.  V. 5. a. 2 M\u00f3s. b. 9,27. b. Kap. 1,4.8.  V. 6. Matt. 23,34.35.  V. 7. Kap. 15,3.  V. 9. c. K. 13,6. d. K. 9,20.21.  V. 11. Kap. 9,21.  V. 13. e. Kap. 12,9.17. f. Kap. 11,7. 13,11. 19,19.20.  V. 14. g. Matt. 24,24. Tess. 2,9. Opinb. b. 13,13. h. Kap. 17,14. 20,9.  V. 15. Matt. 24,42. fl. L\u00fak. 12,39. 1 Tess. 5,23. 2 P\u00e9t. 3,10. Opinb. b. 3,3.  V. 18. i. Kap. 4,5. 8,5. k. Kap. 6,12. 11,13.19.  V. 20. Kap. 6,14.  V. 21. 2 M\u00f3s. b. 9,23. fl. J\u00f3s. 10,11. Opinb. b. 11,9.<\/div>\n","protected":false},"excerpt":{"rendered":"<p>\u00deeir sj\u00f6 englar hella \u00far \u00feeim sj\u00f6 sk\u00e1lum. 1Eg heyr\u00f0i mikla raust fr\u00e1 musterinu, sem tala\u00f0i til \u00feeirra sj\u00f6 engla: fari\u00f0 og helli\u00f0 \u00far \u00feeim sj\u00f6 sk\u00e1lum Gu\u00f0s rei\u00f0i yfir j\u00f6r\u00f0ina.2\u00de\u00e1 f\u00f3r s\u00e1 fyrsti og hellti \u00far sinni sk\u00e1l yfir j\u00f6r\u00f0ina. \u00de\u00e1 komu lj\u00f3t og ill s\u00e1r \u00e1 \u00fe\u00e1 menn, sem h\u00f6f\u00f0u mark d\u00fdrsins og tilb\u00e1\u00f0u \u00feess l\u00edkneskju.3S\u00e1 annar engill hellti \u00far sinni sk\u00e1l \u00ed sj\u00f3inn, og var\u00f0 hann a\u00f0 bl\u00f3\u00f0i, eins og dau\u00f0abl\u00f3\u00f0i, svo a\u00f0 hv\u00f6r lifandi skepna d\u00f3 \u00ed sj\u00f3num.4S\u00e1 \u00feri\u00f0ji engill hellti \u00far sinni sk\u00e1l \u00ed flj\u00f3tin og uppsprettur vatnanna, og ur\u00f0u \u00feau a\u00f0 bl\u00f3\u00f0i.5Eg heyr\u00f0i engil <a href=\"https:\/\/biblian.is\/videy\/opinberunarbok-johannesar-16-kafli\/\"> [&#8230;]<\/a><\/p>\n","protected":false},"author":1,"featured_media":0,"parent":0,"menu_order":0,"comment_status":"open","ping_status":"open","template":"bibliukaflar.php","meta":{"footnotes":""},"class_list":["post-22032","page","type-page","status-publish","hentry"],"_links":{"self":[{"href":"https:\/\/biblian.is\/videy\/wp-json\/wp\/v2\/pages\/22032","targetHints":{"allow":["GET"]}}],"collection":[{"href":"https:\/\/biblian.is\/videy\/wp-json\/wp\/v2\/pages"}],"about":[{"href":"https:\/\/biblian.is\/videy\/wp-json\/wp\/v2\/types\/page"}],"author":[{"embeddable":true,"href":"https:\/\/biblian.is\/videy\/wp-json\/wp\/v2\/users\/1"}],"replies":[{"embeddable":true,"href":"https:\/\/biblian.is\/videy\/wp-json\/wp\/v2\/comments?post=22032"}],"version-history":[{"count":0,"href":"https:\/\/biblian.is\/videy\/wp-json\/wp\/v2\/pages\/22032\/revisions"}],"wp:attachment":[{"href":"https:\/\/biblian.is\/videy\/wp-json\/wp\/v2\/media?parent=22032"}],"curies":[{"name":"wp","href":"https:\/\/api.w.org\/{rel}","templated":true}]}}