{"id":22030,"date":"2018-01-02T01:05:18","date_gmt":"2018-01-02T01:05:18","guid":{"rendered":"http:\/\/biblian.is\/videy\/opinberunarbokin-14-kafli\/"},"modified":"2018-01-02T01:05:18","modified_gmt":"2018-01-02T01:05:18","slug":"opinberunarbok-johannesar-14-kafli","status":"publish","type":"page","link":"https:\/\/biblian.is\/videy\/opinberunarbok-johannesar-14-kafli\/","title":{"rendered":"Opinberunarb\u00f3k J\u00f3hannesar 14. kafli"},"content":{"rendered":"<div class=\"fyrirsognVidey\">Lofs\u00f6ngur \u00feeirra innsiglu\u00f0u. \u00dea\u00f0 eil\u00edfa evangel\u00edum. Str\u00f6ffunard\u00f3mur Gu\u00f0s.<\/div>\n<p><a name=\"1\"><span class=\"versanumer\">1<\/span><\/a>S\u00ed\u00f0an s\u00e1 eg lambi\u00f0 standa \u00e1 S\u00ed\u00f3nsfjalli, og me\u00f0 \u00fev\u00ed hundra\u00f0 og fj\u00f6rut\u00edu og fj\u00f3rar \u00fe\u00fasundir, sem h\u00f6f\u00f0u nafn \u00feess og nafn f\u00f6\u00f0ur \u00feess skrifa\u00f0 \u00e1 ennum s\u00ednum. <span class='VideyAth'>a)<\/span><a name=\"2\"><span class=\"versanumer\">2<\/span><\/a>Eg heyr\u00f0i \u00fe\u00e1 r\u00f6dd af himni, svo sem ni\u00f0 margra vatnsfalla e\u00f0a sem mikinn \u00ferumugn\u00fd; en r\u00f6ddin, sem eg heyr\u00f0i, var eins og <span class='VideyAth'>b)<\/span> <span class='VideyAth'>(r\u00f6dd)<\/span> h\u00f6rpuslagara, sem sl\u00e1 h\u00f6rpur s\u00ednar.<a name=\"3\"><span class=\"versanumer\">3<\/span><\/a>\u00deeir sungu einhv\u00f6rn n\u00fdjan s\u00f6ng frammi fyrir h\u00e1s\u00e6tinu og \u00feeim fj\u00f3rum d\u00fdrum og \u00f6ldungunum; en enginn gat numi\u00f0 s\u00f6nginn, nema \u00fe\u00e6r hundra\u00f0 fj\u00f6rut\u00edu og fj\u00f3rar \u00fe\u00fasundir, sem leystar voru fr\u00e1 j\u00f6r\u00f0unni.<a name=\"4\"><span class=\"versanumer\">4<\/span><\/a>\u00deessir eru <span class='VideyAth'>c)<\/span> \u00feeir, sem ekki hafa saurga\u00f0 sig me\u00f0 konum, \u00fev\u00ed \u00feeir hafa var\u00f0veitt sitt sk\u00edrl\u00edfi; \u00feeir fylgja lambinu, hv\u00f6rt sem \u00fea\u00f0 fer, og hafa <span class='VideyAth'>d)<\/span> leystir veri\u00f0 fr\u00e1 m\u00f6nnunum, svo sem <span class='VideyAth'>e)<\/span> frumgr\u00f3\u00f0i Gu\u00f0s og lambsins.<a name=\"5\"><span class=\"versanumer\">5<\/span><\/a><span class='VideyAth'>f)<\/span> \u00cd \u00feeirra munni finnst engin lygi; \u00feeir eru <span class='VideyAth'>g)<\/span> l\u00fdtalausir. <br \/><a name=\"6\"><span class=\"versanumer\">6<\/span><\/a>Eg s\u00e1 annan engil flj\u00faga um mi\u00f0himininn, hann h\u00e9lt \u00e1 eil\u00edfum fagna\u00f0arbo\u00f0skap, sem hann kunngj\u00f6r\u00f0i innb\u00faum jar\u00f0arinnar, allri \u00fej\u00f3\u00f0, kynkv\u00edsl, tungum\u00e1li og f\u00f3lki.<a name=\"7\"><span class=\"versanumer\">7<\/span><\/a>Hann sag\u00f0i h\u00e1rri r\u00f6ddu: <span class='VideyAth'>h)<\/span> \u00f3ttist Gu\u00f0 og vegsami\u00f0 hann, \u00fev\u00ed t\u00edmi hans d\u00f3ms er fyrir h\u00f6ndum; tilbi\u00f0ji\u00f0 \u00feann, sem <span class='VideyAth'>i)<\/span> gj\u00f6rt hefir himininn og j\u00f6r\u00f0ina og sj\u00f3inn og uppsprettur vatnanna.<a name=\"8\"><span class=\"versanumer\">8<\/span><\/a>Annar engill kom \u00e1 eftir honum, og sag\u00f0i: h\u00fan er fallin, h\u00fan er fallin, s\u00fa mikla Bab\u00fdlon, sem byrla\u00f0 hefir \u00f6llum \u00fej\u00f3\u00f0um v\u00edn s\u00edns eitra\u00f0a saurlifna\u00f0ar.<a name=\"9\"><span class=\"versanumer\">9<\/span><\/a>\u00dear \u00e1 eftir kom hinn \u00feri\u00f0ji engill, sem sag\u00f0i h\u00e1rri r\u00f6ddu: hv\u00f6r, sem tilbi\u00f0ur d\u00fdri\u00f0 og \u00feess l\u00edkneskju og l\u00e6tur merkja sig \u00e1 s\u00ednu enni e\u00f0a h\u00f6nd,<a name=\"10\"><span class=\"versanumer\">10<\/span><\/a>hann skal drekka Gu\u00f0s rei\u00f0iv\u00edn, hv\u00f6rju <span class='VideyAth'>k)<\/span> hellt er \u00f3bl\u00f6ndu\u00f0u \u00e1 hans rei\u00f0ibikar, og <span class='VideyAth'>l)<\/span> kveljast \u00ed eldi og brennisteini \u00ed augs\u00fdn heilagra engla og lambsins.<a name=\"11\"><span class=\"versanumer\">11<\/span><\/a>Og <span class='VideyAth'>m)<\/span> kvalareykur \u00feeirra mun uppst\u00edga eil\u00edflega; \u00feeir, sem tilbi\u00f0ja d\u00fdri\u00f0 og \u00feess l\u00edkneskju og l\u00e1ta merkja sig me\u00f0 \u00feess <span class='VideyAth'>n)<\/span> fangamarki, skulu enga r\u00f3 hafa n\u00f3tt n\u00e9 dag.<a name=\"12\"><span class=\"versanumer\">12<\/span><\/a>H\u00e9r reynir \u00e1 <span class='VideyAth'>o)<\/span> \u00feolg\u00e6\u00f0i heilagra, sem <span class='VideyAth'>p)<\/span> var\u00f0veita bo\u00f0or\u00f0 Gu\u00f0s og tr\u00fana \u00e1 Jes\u00fam.<a name=\"13\"><span class=\"versanumer\">13<\/span><\/a>\u00de\u00e1 heyr\u00f0i eg <span class='VideyAth'>a)<\/span> r\u00f6dd af himni, sem sag\u00f0i: <span class='VideyAth'>b)<\/span> skrifa \u00fe\u00fa, s\u00e6lir eru \u00feeir framli\u00f0nu, sem <span class='VideyAth'>c)<\/span> n\u00fa eru \u00ed Drottni d\u00e1nir. J\u00e1! segir andinn, \u00feeir <span class='VideyAth'>d)<\/span> geta hv\u00edlt sig eftir sitt erfi\u00f0i, \u00fev\u00ed \u00feeirra verk fylgja \u00feeim. <br \/><a name=\"14\"><span class=\"versanumer\">14<\/span><\/a>S\u00ed\u00f0an s\u00e1 eg hv\u00edtt sk\u00fd og einhv\u00f6rn sitja \u00e1 sk\u00fdinu l\u00edkan manni; hann haf\u00f0i gulllega k\u00f3r\u00f3nu \u00e1 h\u00f6f\u00f0inu og bitran lj\u00e1 \u00ed hendi s\u00e9r.<a name=\"15\"><span class=\"versanumer\">15<\/span><\/a>\u00de\u00e1 gekk annar engill \u00fat \u00far musterinu, hann kalla\u00f0i h\u00e1rri r\u00f6ddu til \u00feess, sem \u00e1 sk\u00fdinu sat: breg\u00f0t\u00fa lj\u00e1num og sker upp, \u00fev\u00ed uppskerut\u00edminn er kominn og \u00e1v\u00f6xtur jar\u00f0arinnar or\u00f0inn fullvaxinn.<a name=\"16\"><span class=\"versanumer\">16<\/span><\/a>S\u00e1, sem \u00e1 sk\u00fdinu sat, br\u00e1 \u00fe\u00e1 lj\u00e1num ofan \u00e1 j\u00f6r\u00f0ina, og j\u00f6r\u00f0in var slegin.<a name=\"17\"><span class=\"versanumer\">17<\/span><\/a>\u00de\u00e1 gekk annar engill \u00fat \u00far musterinu \u00e1 himnum, hann h\u00e9lt og \u00e1 bitrum lj\u00e1;<a name=\"18\"><span class=\"versanumer\">18<\/span><\/a>en annar engill gekk fr\u00e1 altarinu, hann haf\u00f0i vald yfir eldinum; hann kalla\u00f0i h\u00e1rri r\u00f6ddu til \u00feess, sem h\u00e9lt \u00e1 \u00feeim beitta lj\u00e1, og sag\u00f0i: breg\u00f0t\u00fa \u00fe\u00ednum hvassa lj\u00e1 og afsker berin af v\u00ednvi\u00f0i jar\u00f0arinnar, \u00fev\u00ed v\u00ednvi\u00f0arberin eru or\u00f0in fullvaxin.<a name=\"19\"><span class=\"versanumer\">19<\/span><\/a>Engillinn br\u00e1 \u00fe\u00e1 lj\u00e1 s\u00ednum ofan \u00e1 j\u00f6r\u00f0ina og afskar v\u00ednvi\u00f0ar\u00e1v\u00f6xt jar\u00f0arinnar, og kasta\u00f0i honum \u00ed \u00fe\u00e1 st\u00f3ru v\u00ednpressu Gu\u00f0s rei\u00f0i.<a name=\"20\"><span class=\"versanumer\">20<\/span><\/a>S\u00ed\u00f0an var <span class='VideyAth'>e)<\/span> v\u00ednpressan tro\u00f0in utanborgar og gekk <span class='VideyAth'>f)<\/span> bl\u00f3\u00f0 \u00fat af v\u00ednpressunni, svo a\u00f0 t\u00f3k upp undir hestabeislin, og flaut yfir sext\u00e1n hundru\u00f0 skei\u00f0r\u00fam.<\/p>\n<div class=\"footnoteVidey\">V. 1. S\u00e1lm. 2,6. Opinb. b. 7,4.  V. 2. a. Kap. 1,10.15. b. Kap. 5,8.  V. 4. c. 1 Kor. 6,15. 2 Kor. 11,12. Opinb. b. 3,4. d. 1 Kor. 6,20. Opinb. b. 3,9. e. Jak. 1,18.  V. 5. f. S\u00e1lm. 32,2. g. Efes. 5,27. K\u00f3l. 1,22.  V. 7. h. Pr\u00e9d. b. 12,13. 5 M\u00f3s. b. 32,3. i. S\u00e1lm. 33,6. 146,6. V. 8. Kap. 16,19. 18,2.  V. 9. Kap. 19,20.  V. 10. k. Kap. 16,19. l. Kap. 19,20. 20,10.  V. 11. m. Kap. 19,3. n. Kap. 13,16.17. 16,2.  V. 12. o. Kap. 13,10. p. Kap. 12,17.  V. 13. a. Kap. 12,10. b. Kap. 1,11.19. c. 1 Tessa. 4,14. d. Hebr. 4,10.  V. 14. Dan. 7,13. Opinb. b. 1,13.  V. 15. Kap. 6,17. Matt. 13,39.  V. 20. e. Esa. 63,3. f. Esa. 34,3.<\/div>\n","protected":false},"excerpt":{"rendered":"<p>Lofs\u00f6ngur \u00feeirra innsiglu\u00f0u. \u00dea\u00f0 eil\u00edfa evangel\u00edum. Str\u00f6ffunard\u00f3mur Gu\u00f0s. 1S\u00ed\u00f0an s\u00e1 eg lambi\u00f0 standa \u00e1 S\u00ed\u00f3nsfjalli, og me\u00f0 \u00fev\u00ed hundra\u00f0 og fj\u00f6rut\u00edu og fj\u00f3rar \u00fe\u00fasundir, sem h\u00f6f\u00f0u nafn \u00feess og nafn f\u00f6\u00f0ur \u00feess skrifa\u00f0 \u00e1 ennum s\u00ednum. a)2Eg heyr\u00f0i \u00fe\u00e1 r\u00f6dd af himni, svo sem ni\u00f0 margra vatnsfalla e\u00f0a sem mikinn \u00ferumugn\u00fd; en r\u00f6ddin, sem eg heyr\u00f0i, var eins og b) (r\u00f6dd) h\u00f6rpuslagara, sem sl\u00e1 h\u00f6rpur s\u00ednar.3\u00deeir sungu einhv\u00f6rn n\u00fdjan s\u00f6ng frammi fyrir h\u00e1s\u00e6tinu og \u00feeim fj\u00f3rum d\u00fdrum og \u00f6ldungunum; en enginn gat numi\u00f0 s\u00f6nginn, nema \u00fe\u00e6r hundra\u00f0 fj\u00f6rut\u00edu og fj\u00f3rar \u00fe\u00fasundir, sem leystar voru fr\u00e1 j\u00f6r\u00f0unni.4\u00deessir eru c) \u00feeir, sem <a href=\"https:\/\/biblian.is\/videy\/opinberunarbok-johannesar-14-kafli\/\"> [&#8230;]<\/a><\/p>\n","protected":false},"author":1,"featured_media":0,"parent":0,"menu_order":0,"comment_status":"open","ping_status":"open","template":"bibliukaflar.php","meta":{"footnotes":""},"class_list":["post-22030","page","type-page","status-publish","hentry"],"_links":{"self":[{"href":"https:\/\/biblian.is\/videy\/wp-json\/wp\/v2\/pages\/22030","targetHints":{"allow":["GET"]}}],"collection":[{"href":"https:\/\/biblian.is\/videy\/wp-json\/wp\/v2\/pages"}],"about":[{"href":"https:\/\/biblian.is\/videy\/wp-json\/wp\/v2\/types\/page"}],"author":[{"embeddable":true,"href":"https:\/\/biblian.is\/videy\/wp-json\/wp\/v2\/users\/1"}],"replies":[{"embeddable":true,"href":"https:\/\/biblian.is\/videy\/wp-json\/wp\/v2\/comments?post=22030"}],"version-history":[{"count":0,"href":"https:\/\/biblian.is\/videy\/wp-json\/wp\/v2\/pages\/22030\/revisions"}],"wp:attachment":[{"href":"https:\/\/biblian.is\/videy\/wp-json\/wp\/v2\/media?parent=22030"}],"curies":[{"name":"wp","href":"https:\/\/api.w.org\/{rel}","templated":true}]}}