{"id":22029,"date":"2018-01-02T01:05:13","date_gmt":"2018-01-02T01:05:13","guid":{"rendered":"http:\/\/biblian.is\/videy\/opinberunarbokin-13-kafli\/"},"modified":"2018-01-02T01:05:13","modified_gmt":"2018-01-02T01:05:13","slug":"opinberunarbok-johannesar-13-kafli","status":"publish","type":"page","link":"https:\/\/biblian.is\/videy\/opinberunarbok-johannesar-13-kafli\/","title":{"rendered":"Opinberunarb\u00f3k J\u00f3hannesar 13. kafli"},"content":{"rendered":"<div class=\"fyrirsognVidey\">\u00deau tv\u00f6 d\u00fdr.<\/div>\n<p><a name=\"1\"><span class=\"versanumer\">1<\/span><\/a>Eg s\u00e1 d\u00fdr st\u00edga upp af hafinu, \u00fea\u00f0 haf\u00f0i t\u00edu horn og sj\u00f6 h\u00f6fu\u00f0; \u00e1 hornunum voru t\u00edu k\u00f3r\u00f3nur og \u00e1 h\u00f6f\u00f0unum voru gu\u00f0l\u00f6stunaror\u00f0.<a name=\"2\"><span class=\"versanumer\">2<\/span><\/a>\u00deetta d\u00fdr, sem eg s\u00e1, var l\u00edkt pardusd\u00fdri, f\u00e6turnir voru eins og bjarnarf\u00e6tur, munnurinn eins og \u00e1 lj\u00f3ni; <span class='VideyAth'>e)<\/span> drekinn gaf \u00fev\u00ed sitt vald, sitt <span class='VideyAth'>f)<\/span> h\u00e1s\u00e6ti og mikil yfirr\u00e1\u00f0.<a name=\"3\"><span class=\"versanumer\">3<\/span><\/a>Eitt af h\u00f6f\u00f0um \u00feess var s\u00e6rt eins og me\u00f0 dau\u00f0legu s\u00e1ri, en \u00feetta banas\u00e1r var\u00f0 heilt, og allir menn fylgdu d\u00fdrinu me\u00f0 undrun,<a name=\"4\"><span class=\"versanumer\">4<\/span><\/a>og tilb\u00e1\u00f0u drekann, fyrir \u00fea\u00f0 a\u00f0 hann haf\u00f0i veitt d\u00fdrinu yfirr\u00e1\u00f0in, l\u00edka tilb\u00e1\u00f0u \u00feeir d\u00fdri\u00f0, segjandi: hv\u00f6r kann a\u00f0 jafnast vi\u00f0 d\u00fdri\u00f0? og hv\u00f6r getur str\u00edtt vi\u00f0 \u00fea\u00f0?<a name=\"5\"><span class=\"versanumer\">5<\/span><\/a>\u00dev\u00ed <span class='VideyAth'>g)<\/span> var veittur munnur til a\u00f0 tala st\u00f3ryr\u00f0i og gu\u00f0lastanir, og lofa\u00f0 a\u00f0 fara \u00fev\u00ed fram <span class='VideyAth'>h)<\/span> \u00ed fj\u00f6rut\u00edu og tvo m\u00e1nu\u00f0i.<a name=\"6\"><span class=\"versanumer\">6<\/span><\/a>\u00dea\u00f0 upplauk \u00fe\u00e1 s\u00ednum munni til a\u00f0 tala l\u00f6stunaryr\u00f0i gegn Gu\u00f0i, lasta\u00f0i hans nafn og hans tjaldb\u00fa\u00f0, og \u00fe\u00e1, sem \u00e1 himni b\u00faa.<a name=\"7\"><span class=\"versanumer\">7<\/span><\/a>\u00dev\u00ed var lofa\u00f0 a\u00f0 herja \u00e1 heilaga og sigra \u00fe\u00e1; \u00fev\u00ed var gefi\u00f0 vald yfir alls kyns kynkv\u00edsl, f\u00f3lki, tungum\u00e1li og \u00fej\u00f3\u00f0.<a name=\"8\"><span class=\"versanumer\">8<\/span><\/a><span class='VideyAth'>i)<\/span> Allir innb\u00faar jar\u00f0arinnar munu tilbi\u00f0ja hann, hv\u00f6rra <span class='VideyAth'>k)<\/span> n\u00f6fn ekki eru skrifu\u00f0 \u00ed l\u00edfsb\u00f3k lambsins, \u00feess sl\u00e1tra\u00f0a allt \u00ed fr\u00e1 sk\u00f6pun heimsins.<a name=\"9\"><span class=\"versanumer\">9<\/span><\/a>Hv\u00f6r, sem eyru hefir hann heyri:<a name=\"10\"><span class=\"versanumer\">10<\/span><\/a>Hv\u00f6r, sem <span class='VideyAth'>l)<\/span> herlei\u00f0ir, hann skal herleiddur ver\u00f0a; hv\u00f6r, sem <span class='VideyAth'>m)<\/span> me\u00f0 sver\u00f0i drepur, skal me\u00f0 sver\u00f0i drepinn ver\u00f0a. <span class='VideyAth'>n)<\/span> H\u00e9r reynir \u00e1 \u00feolg\u00e6\u00f0i og tr\u00fa heilagra. <br \/><a name=\"11\"><span class=\"versanumer\">11<\/span><\/a>Eg s\u00e1 <span class='VideyAth'>o)<\/span> anna\u00f0 d\u00fdr st\u00edga upp af j\u00f6r\u00f0unni, \u00fea\u00f0 haf\u00f0i tv\u00f6 horn, <span class='VideyAth'>p)<\/span> l\u00edk lambshornum, m\u00e1l \u00feess var eins og drekam\u00e1l.<a name=\"12\"><span class=\"versanumer\">12<\/span><\/a>\u00dea\u00f0 fer \u00f6llu \u00fev\u00ed sama fram, sem hi\u00f0 fyrra d\u00fdri\u00f0, \u00ed augs\u00fdn \u00feess, og l\u00e6tur j\u00f6r\u00f0ina og alla, sem \u00e1 henni b\u00faa, tilbi\u00f0ja fyrra d\u00fdri\u00f0, hv\u00f6rs banv\u00e6na s\u00e1r haf\u00f0i veri\u00f0 l\u00e6kna\u00f0.<a name=\"13\"><span class=\"versanumer\">13<\/span><\/a>\u00dea\u00f0 gj\u00f6rir st\u00f3r t\u00e1kn og l\u00e6tur eld falla til jar\u00f0ar af himni \u00ed augs\u00fdn manna.<a name=\"14\"><span class=\"versanumer\">14<\/span><\/a>\u00dea\u00f0 afvegalei\u00f0ir \u00fe\u00e1, sem \u00e1 j\u00f6r\u00f0unni b\u00faa, me\u00f0 \u00feeim t\u00e1knum, sem \u00fev\u00ed er lofa\u00f0 a\u00f0 gj\u00f6ra \u00ed augs\u00fdn d\u00fdrsins, og b\u00fd\u00f0ur innb\u00faum jar\u00f0arinnar a\u00f0 gj\u00f6ra l\u00edkneski eftir \u00fev\u00ed d\u00fdrinu, sem fengi\u00f0 haf\u00f0i s\u00e1r af sver\u00f0inu, en lif\u00f0i \u00fe\u00f3.<a name=\"15\"><span class=\"versanumer\">15<\/span><\/a>\u00dev\u00ed var lofa\u00f0 a\u00f0 gefa l\u00edf l\u00edkneskju d\u00fdrsins, svo l\u00edkneskjan tala\u00f0i og l\u00e9t drepa alla \u00fe\u00e1, sem ekki vildu tilbi\u00f0ja l\u00edkneski d\u00fdrsins.<a name=\"16\"><span class=\"versanumer\">16<\/span><\/a>\u00dea\u00f0 l\u00e6tur alla, st\u00f3ra og sm\u00e1a, r\u00edka og f\u00e1t\u00e6ka, frj\u00e1lsa og \u00f3frj\u00e1lsa setja einkenni \u00e1 s\u00edna h\u00e6gri h\u00f6nd e\u00f0a \u00e1 enni s\u00edn,<a name=\"17\"><span class=\"versanumer\">17<\/span><\/a>svo enginn geti keypt e\u00f0a selt nokku\u00f0, nema s\u00e1, sem hefir \u00feetta merki, nafn d\u00fdrsins e\u00f0a t\u00f6lustafi nafns \u00feess.<a name=\"18\"><span class=\"versanumer\">18<\/span><\/a>H\u00e9r r\u00ed\u00f0ur \u00e1 speki; s\u00e1, sem skilning hefir, \u00fatreikni t\u00f6lustafi d\u00fdrsins; \u00fev\u00ed talan er mannsnafn, og talan er sexhundru\u00f0 sext\u00edu og sex.<\/p>\n<div class=\"footnoteVidey\">V. 1. Dan. 7,7. Opinb. b. 17,3.9.12.  V. 2. e. Kap. 12,9. f. Kap. 2,13.  V. 4. Kap. 18,18.  V. 5. g. Dan. 7,8.11.25. 11,36. h. Kap. 12,6.  V. 6. Kap. 16,9.11.  V. 7. Kap. 14,12.  V. 8. i. Kap. 8,13. 12,12. k. Kap. 3,5. 17,8. 20,12.  V. 10. l. Kap. 11,18. m. Matt. 26,52. Opinb. b. 18,6. n. Kap. 14,12.  V. 11. o. Kap. 11,7. p. Matt. 7,15. 24,11.24.  V. 13. Matt. 24,24. 2 Tess. 2,9. Opinb. b. 16,14.  V. 14. Kap. 16,14. 19,20.  V. 15. Kap. 14,11. 19,20.  V. 17. Kap. 14,9.11.  V. 18. Kap. 15,2.<\/div>\n","protected":false},"excerpt":{"rendered":"<p>\u00deau tv\u00f6 d\u00fdr. 1Eg s\u00e1 d\u00fdr st\u00edga upp af hafinu, \u00fea\u00f0 haf\u00f0i t\u00edu horn og sj\u00f6 h\u00f6fu\u00f0; \u00e1 hornunum voru t\u00edu k\u00f3r\u00f3nur og \u00e1 h\u00f6f\u00f0unum voru gu\u00f0l\u00f6stunaror\u00f0.2\u00deetta d\u00fdr, sem eg s\u00e1, var l\u00edkt pardusd\u00fdri, f\u00e6turnir voru eins og bjarnarf\u00e6tur, munnurinn eins og \u00e1 lj\u00f3ni; e) drekinn gaf \u00fev\u00ed sitt vald, sitt f) h\u00e1s\u00e6ti og mikil yfirr\u00e1\u00f0.3Eitt af h\u00f6f\u00f0um \u00feess var s\u00e6rt eins og me\u00f0 dau\u00f0legu s\u00e1ri, en \u00feetta banas\u00e1r var\u00f0 heilt, og allir menn fylgdu d\u00fdrinu me\u00f0 undrun,4og tilb\u00e1\u00f0u drekann, fyrir \u00fea\u00f0 a\u00f0 hann haf\u00f0i veitt d\u00fdrinu yfirr\u00e1\u00f0in, l\u00edka tilb\u00e1\u00f0u \u00feeir d\u00fdri\u00f0, segjandi: hv\u00f6r kann a\u00f0 jafnast vi\u00f0 d\u00fdri\u00f0? og <a href=\"https:\/\/biblian.is\/videy\/opinberunarbok-johannesar-13-kafli\/\"> [&#8230;]<\/a><\/p>\n","protected":false},"author":1,"featured_media":0,"parent":0,"menu_order":0,"comment_status":"open","ping_status":"open","template":"bibliukaflar.php","meta":{"footnotes":""},"class_list":["post-22029","page","type-page","status-publish","hentry"],"_links":{"self":[{"href":"https:\/\/biblian.is\/videy\/wp-json\/wp\/v2\/pages\/22029","targetHints":{"allow":["GET"]}}],"collection":[{"href":"https:\/\/biblian.is\/videy\/wp-json\/wp\/v2\/pages"}],"about":[{"href":"https:\/\/biblian.is\/videy\/wp-json\/wp\/v2\/types\/page"}],"author":[{"embeddable":true,"href":"https:\/\/biblian.is\/videy\/wp-json\/wp\/v2\/users\/1"}],"replies":[{"embeddable":true,"href":"https:\/\/biblian.is\/videy\/wp-json\/wp\/v2\/comments?post=22029"}],"version-history":[{"count":0,"href":"https:\/\/biblian.is\/videy\/wp-json\/wp\/v2\/pages\/22029\/revisions"}],"wp:attachment":[{"href":"https:\/\/biblian.is\/videy\/wp-json\/wp\/v2\/media?parent=22029"}],"curies":[{"name":"wp","href":"https:\/\/api.w.org\/{rel}","templated":true}]}}