{"id":22028,"date":"2018-01-02T01:05:13","date_gmt":"2018-01-02T01:05:13","guid":{"rendered":"http:\/\/biblian.is\/videy\/opinberunarbokin-12-kafli\/"},"modified":"2018-01-02T01:05:13","modified_gmt":"2018-01-02T01:05:13","slug":"opinberunarbok-johannesar-12-kafli","status":"publish","type":"page","link":"https:\/\/biblian.is\/videy\/opinberunarbok-johannesar-12-kafli\/","title":{"rendered":"Opinberunarb\u00f3k J\u00f3hannesar 12. kafli"},"content":{"rendered":"<div class=\"fyrirsognVidey\">Kvinnan og drekinn.<\/div>\n<p><a name=\"1\"><span class=\"versanumer\">1<\/span><\/a>\u00de\u00e1 birtist miki\u00f0 teikn \u00e1 himni; \u00fea\u00f0 var kona, sem haf\u00f0i um sig s\u00f3larbaug, tungl var undir f\u00f3tum hennar, en \u00e1 h\u00f6f\u00f0i hennar k\u00f3r\u00f3na me\u00f0 t\u00f3lf stj\u00f6rnum \u00ed.<a name=\"2\"><span class=\"versanumer\">2<\/span><\/a>H\u00fan var \u00feungu\u00f0, og \u00fej\u00e1\u00f0ist af mikilli j\u00f3\u00f0s\u00f3tt, og hlj\u00f3\u00f0a\u00f0i.<a name=\"3\"><span class=\"versanumer\">3<\/span><\/a>\u00de\u00e1 s\u00e1st anna\u00f0 teikn \u00e1 himni, \u00fea\u00f0 var st\u00f3r dreki eldrau\u00f0ur, hann haf\u00f0i sj\u00f6 h\u00f6fu\u00f0 og t\u00edu horn og \u00e1 h\u00f6f\u00f0unum sj\u00f6 kransa.<a name=\"4\"><span class=\"versanumer\">4<\/span><\/a>Hann dr\u00f3 me\u00f0 spor\u00f0inum \u00feri\u00f0jung himinsstjarna og kasta\u00f0i \u00feeim \u00e1 j\u00f6r\u00f0ina; drekinn sta\u00f0n\u00e6mdist hj\u00e1 konunni, sem a\u00f0 \u00fev\u00ed var komin a\u00f0 f\u00e6\u00f0a, og \u00e6tla\u00f0i a\u00f0 gleypa barni\u00f0, \u00fe\u00e1 h\u00fan hef\u00f0i f\u00e6tt.<a name=\"5\"><span class=\"versanumer\">5<\/span><\/a>H\u00fan f\u00e6ddi sveinbarn, sem r\u00edkja skyldi yfir \u00f6llum \u00fej\u00f3\u00f0um me\u00f0 j\u00e1rnsprota; barni\u00f0 var skyndilega flutt burt fram fyrir Gu\u00f0 og hans h\u00e1s\u00e6ti;<a name=\"6\"><span class=\"versanumer\">6<\/span><\/a>en konan fl\u00fa\u00f0i \u00e1 ey\u00f0im\u00f6rk, hvar Gu\u00f0 haf\u00f0i tilb\u00fai\u00f0 henni samasta\u00f0, og \u00fear skyldi h\u00fan haldast vi\u00f0 \u00ed t\u00f3lf hundru\u00f0 og sextygi daga.<a name=\"7\"><span class=\"versanumer\">7<\/span><\/a>Eftir \u00fea\u00f0 h\u00f3fst str\u00ed\u00f0 \u00e1 himni: M\u00edkael og hans englar str\u00edddu \u00e1 drekann, en drekinn og hans englar str\u00edddu \u00e1 m\u00f3ti;<a name=\"8\"><span class=\"versanumer\">8<\/span><\/a>hann haf\u00f0i mi\u00f0ur og h\u00e9lt ekki framar vi\u00f0 \u00e1 himni;<a name=\"9\"><span class=\"versanumer\">9<\/span><\/a>og var \u00feeim <span class='VideyAth'>o)<\/span> mikla dreka, \u00feeim <span class='VideyAth'>p)<\/span> gamla h\u00f6ggormi, sem kallast dj\u00f6full og Satan, honum, sem afvegalei\u00f0ir alla menn, kasta\u00f0 ofan \u00e1 j\u00f6r\u00f0ina og hans englum me\u00f0 honum.<a name=\"10\"><span class=\"versanumer\">10<\/span><\/a>\u00de\u00e1 heyr\u00f0i eg mikla r\u00f6dd af himni, svo segjandi: n\u00fa <span class='VideyAth'>q)<\/span> tilheyrir sigurinn, krafturinn og <span class='VideyAth'>r)<\/span> r\u00edki\u00f0 vorum Gu\u00f0i, og veldi\u00f0 hans smur\u00f0a, \u00fev\u00ed \u00e1klagari vorra br\u00e6\u00f0ra, sem <span class='VideyAth'>s)<\/span> \u00e1klagar \u00fe\u00e1 fyrir Gu\u00f0i vorum n\u00f3tt og dag, er ni\u00f0urkasta\u00f0ur.<a name=\"11\"><span class=\"versanumer\">11<\/span><\/a>\u00deeir hafa sigra\u00f0 hann fyrir bl\u00f3\u00f0 lambsins og fyrir or\u00f0 vitnisbur\u00f0ar s\u00edns; \u00feeir hafa h\u00e6tt l\u00edfi s\u00ednu fram \u00ed dau\u00f0ann.<a name=\"12\"><span class=\"versanumer\">12<\/span><\/a>Veri\u00f0 \u00feess vegna gla\u00f0ir, \u00fe\u00e9r himnar, og \u00fe\u00e9r, sem \u00e1 himnum b\u00fai\u00f0. Vei s\u00e9 j\u00f6r\u00f0unni og sj\u00f3num, \u00fev\u00ed a\u00f0 dj\u00f6fullinn er ofan til y\u00f0ar farinn \u00ed miklum m\u00f3\u00f0, \u00fev\u00ed hann veit, a\u00f0 hann hefir nauman t\u00edma.<a name=\"13\"><span class=\"versanumer\">13<\/span><\/a>En sem drekinn s\u00e1, a\u00f0 b\u00fai\u00f0 var a\u00f0 varpa honum ofan \u00e1 j\u00f6r\u00f0ina, ofs\u00f3tti hann konuna, sem f\u00e6tt haf\u00f0i sveinbarni\u00f0.<a name=\"14\"><span class=\"versanumer\">14<\/span><\/a>\u00de\u00e1 v\u00f3ru konunni gefnir tveir st\u00f3rir arnarv\u00e6ngir, til a\u00f0 flj\u00faga \u00e1 \u00feann sta\u00f0 \u00ed ey\u00f0im\u00f6rkinni sem henni <span class='VideyAth'>a)<\/span> var \u00e6tla\u00f0ur, hvar h\u00fan \u00e1tti a\u00f0 vera \u00ed fj\u00e6rl\u00e6g\u00f0 vi\u00f0 h\u00f6ggorminn <span class='VideyAth'>b)<\/span> um eina t\u00ed\u00f0, <span class='VideyAth'>(tv\u00e6r)<\/span> t\u00ed\u00f0ir og h\u00e1lfa t\u00ed\u00f0.<a name=\"15\"><span class=\"versanumer\">15<\/span><\/a>H\u00f6ggormurinn spj\u00f3 vatni \u00fat \u00far s\u00e9r \u00e1 eftir konunni eins og vatnsfl\u00f3\u00f0i, svo a\u00f0 h\u00fan hrifist burt af straumnum;<a name=\"16\"><span class=\"versanumer\">16<\/span><\/a>en j\u00f6r\u00f0in kom konunni til hj\u00e1lpar, og opna\u00f0i sinn munn og svalg vatnsfl\u00f3\u00f0i\u00f0, sem drekinn haf\u00f0i \u00fatsp\u00fai\u00f0.<a name=\"17\"><span class=\"versanumer\">17<\/span><\/a>\u00de\u00e1 reiddist drekinn vi\u00f0 konuna, og f\u00f3r burt til a\u00f0 herja \u00e1 hina af afkomendum hennar, sem <span class='VideyAth'>c)<\/span> var\u00f0veittu Gu\u00f0s bo\u00f0or\u00f0 og h\u00f6f\u00f0u Jes\u00fa <span class='VideyAth'>d)<\/span> vitnisbur\u00f0.<a name=\"18\"><span class=\"versanumer\">18<\/span><\/a>S\u00ed\u00f0an sta\u00f0n\u00e6mdist eg vi\u00f0 sj\u00e1varstr\u00f6ndina.<\/p>\n<div class=\"footnoteVidey\">V. 6. Kap. 11,3.  V. 7. Dan. 10,13.20. 12,1. J\u00fad. v. 9.  V. 9. o. L\u00fak. 10,18. Opinb. b. 20,2. p. 1 M\u00f3s. b. 3,1. fl. J\u00f3h. 12,31. 2 Kor. 11,3.  V. 10. q. Kap. 11,15. r. Efes. 5,5. s. Job. 1,9. 2,5.  V. 14. a. Esa. 30,20. b. Dan. 7,25. 12,7.  V. 17. c. Kap. 14,12. d. 1 J\u00f3h. 5,10.<\/div>\n","protected":false},"excerpt":{"rendered":"<p>Kvinnan og drekinn. 1\u00de\u00e1 birtist miki\u00f0 teikn \u00e1 himni; \u00fea\u00f0 var kona, sem haf\u00f0i um sig s\u00f3larbaug, tungl var undir f\u00f3tum hennar, en \u00e1 h\u00f6f\u00f0i hennar k\u00f3r\u00f3na me\u00f0 t\u00f3lf stj\u00f6rnum \u00ed.2H\u00fan var \u00feungu\u00f0, og \u00fej\u00e1\u00f0ist af mikilli j\u00f3\u00f0s\u00f3tt, og hlj\u00f3\u00f0a\u00f0i.3\u00de\u00e1 s\u00e1st anna\u00f0 teikn \u00e1 himni, \u00fea\u00f0 var st\u00f3r dreki eldrau\u00f0ur, hann haf\u00f0i sj\u00f6 h\u00f6fu\u00f0 og t\u00edu horn og \u00e1 h\u00f6f\u00f0unum sj\u00f6 kransa.4Hann dr\u00f3 me\u00f0 spor\u00f0inum \u00feri\u00f0jung himinsstjarna og kasta\u00f0i \u00feeim \u00e1 j\u00f6r\u00f0ina; drekinn sta\u00f0n\u00e6mdist hj\u00e1 konunni, sem a\u00f0 \u00fev\u00ed var komin a\u00f0 f\u00e6\u00f0a, og \u00e6tla\u00f0i a\u00f0 gleypa barni\u00f0, \u00fe\u00e1 h\u00fan hef\u00f0i f\u00e6tt.5H\u00fan f\u00e6ddi sveinbarn, sem r\u00edkja skyldi yfir \u00f6llum \u00fej\u00f3\u00f0um <a href=\"https:\/\/biblian.is\/videy\/opinberunarbok-johannesar-12-kafli\/\"> [&#8230;]<\/a><\/p>\n","protected":false},"author":1,"featured_media":0,"parent":0,"menu_order":0,"comment_status":"open","ping_status":"open","template":"bibliukaflar.php","meta":{"footnotes":""},"class_list":["post-22028","page","type-page","status-publish","hentry"],"_links":{"self":[{"href":"https:\/\/biblian.is\/videy\/wp-json\/wp\/v2\/pages\/22028","targetHints":{"allow":["GET"]}}],"collection":[{"href":"https:\/\/biblian.is\/videy\/wp-json\/wp\/v2\/pages"}],"about":[{"href":"https:\/\/biblian.is\/videy\/wp-json\/wp\/v2\/types\/page"}],"author":[{"embeddable":true,"href":"https:\/\/biblian.is\/videy\/wp-json\/wp\/v2\/users\/1"}],"replies":[{"embeddable":true,"href":"https:\/\/biblian.is\/videy\/wp-json\/wp\/v2\/comments?post=22028"}],"version-history":[{"count":0,"href":"https:\/\/biblian.is\/videy\/wp-json\/wp\/v2\/pages\/22028\/revisions"}],"wp:attachment":[{"href":"https:\/\/biblian.is\/videy\/wp-json\/wp\/v2\/media?parent=22028"}],"curies":[{"name":"wp","href":"https:\/\/api.w.org\/{rel}","templated":true}]}}