{"id":22026,"date":"2018-01-02T01:05:13","date_gmt":"2018-01-02T01:05:13","guid":{"rendered":"http:\/\/biblian.is\/videy\/opinberunarbokin-10-kafli\/"},"modified":"2018-01-02T01:05:13","modified_gmt":"2018-01-02T01:05:13","slug":"opinberunarbok-johannesar-10-kafli","status":"publish","type":"page","link":"https:\/\/biblian.is\/videy\/opinberunarbok-johannesar-10-kafli\/","title":{"rendered":"Opinberunarb\u00f3k J\u00f3hannesar 10. kafli"},"content":{"rendered":"<div class=\"fyrirsognVidey\">\u00de\u00e6r sj\u00f6 \u00ferumuraddir. Ei\u00f0ur engilsins. B\u00e6klingurinn.<\/div>\n<p><a name=\"1\"><span class=\"versanumer\">1<\/span><\/a>S\u00ed\u00f0an s\u00e1 eg annan <span class='VideyAth'>e)<\/span> engil sterkan st\u00edga af himni ofan, hann var kl\u00e6ddur sk\u00fdi; yfir h\u00f6f\u00f0i honum var <span class='VideyAth'>f)<\/span> regnbogi, <span class='VideyAth'>g)<\/span> andlit hans var eins og s\u00f3lin, og f\u00e6tur hans, sem eldst\u00f3lpar.<a name=\"2\"><span class=\"versanumer\">2<\/span><\/a>Hann h\u00e9lt \u00e1 opnum b\u00e6klingi \u00ed hendinni, og setti h\u00e6gra f\u00f3tinn \u00e1 sj\u00f3inn, en hinn vinstra \u00e1 j\u00f6r\u00f0ina.<a name=\"3\"><span class=\"versanumer\">3<\/span><\/a>Hann kalla\u00f0i h\u00e1rri r\u00f6ddu, eins og \u00fe\u00e1 lj\u00f3n \u00f6skrar, og \u00feegar hann haf\u00f0i kalla\u00f0, t\u00f6lu\u00f0u \u00fe\u00e6r sj\u00f6 rei\u00f0ar\u00ferumur s\u00ednar raddir.<a name=\"4\"><span class=\"versanumer\">4<\/span><\/a>En \u00fe\u00e1 \u00fe\u00e6r sj\u00f6 \u00ferumur h\u00f6f\u00f0u tala\u00f0, \u00e6tla\u00f0i eg a\u00f0 fara a\u00f0 skrifa; \u00fe\u00e1 heyr\u00f0i eg r\u00f6dd af himni, sem sag\u00f0i: innsigla \u00fe\u00fa \u00fea\u00f0, sem \u00fe\u00e6r sj\u00f6 rei\u00f0ar\u00ferumur hafa tala\u00f0, og skrifa \u00fea\u00f0 ekki.<a name=\"5\"><span class=\"versanumer\">5<\/span><\/a>S\u00e1 <span class='VideyAth'>a)<\/span> engill, sem eg s\u00e1 standa \u00e1 sj\u00f3num og j\u00f6r\u00f0unni, <span class='VideyAth'>b)<\/span> h\u00f3f \u00fe\u00e1 upp s\u00edna h\u00e6gri h\u00f6nd til himins,<a name=\"6\"><span class=\"versanumer\">6<\/span><\/a>og <span class='VideyAth'>e)<\/span> s\u00f3r vi\u00f0 \u00feann, sem lifir a\u00f0 eil\u00edfu, sem <span class='VideyAth'>d)<\/span> sk\u00f3p himininn og \u00fea\u00f0 sem \u00ed honum er, j\u00f6r\u00f0ina og \u00fea\u00f0, sem \u00e1 henni er, og sj\u00f3inn og \u00fea\u00f0, sem \u00ed honum er: a\u00f0 enginn frestur mundi lengur gefinn ver\u00f0a;<a name=\"7\"><span class=\"versanumer\">7<\/span><\/a>heldur, \u00fe\u00e1 s\u00e1 sj\u00f6undi engill b\u00e1s\u00fana\u00f0i, skyldi framkv\u00e6mast Gu\u00f0s leynda r\u00e1\u00f0, sem hann haf\u00f0i birt sp\u00e1m\u00f6nnunum, s\u00ednum \u00fej\u00f3num.<a name=\"8\"><span class=\"versanumer\">8<\/span><\/a>R\u00f6ddin, sem eg heyr\u00f0i af himni, tala\u00f0i \u00fe\u00e1 til m\u00edn aftur og sag\u00f0i: far og tak \u00feann opna b\u00e6kling, er engillinn heldur \u00e1, sem stendur \u00e1 sj\u00f3num og j\u00f6r\u00f0unni.<a name=\"9\"><span class=\"versanumer\">9<\/span><\/a>Eg f\u00f3r til engilsins og ba\u00f0 hann f\u00e1 m\u00e9r b\u00e6klinginn; hann sag\u00f0i vi\u00f0 mig: tak og et hann, hann mun ver\u00f0a beiskur \u00ed maga \u00fe\u00ednum, en \u00ed munni \u00fe\u00e9r s\u00e6tur, sem hunang.<a name=\"10\"><span class=\"versanumer\">10<\/span><\/a>Eg t\u00f3k \u00fe\u00e1 vi\u00f0 b\u00e6klingnum af englinum, og \u00e1t hann, og var hann s\u00e6tur \u00ed munni m\u00ednum, sem hunang, en \u00fe\u00e1 eg haf\u00f0i eti\u00f0 hann, f\u00e9kk eg magaverki.<a name=\"11\"><span class=\"versanumer\">11<\/span><\/a>\u00de\u00e1 sag\u00f0i hann vi\u00f0 mig: \u00fe\u00e9r ber aftur a\u00f0 sp\u00e1 \u00ed gegn \u00fej\u00f3\u00f0um, l\u00fd\u00f0um, tungum\u00e1lum og m\u00f6rgum konungum.<\/p>\n<div class=\"footnoteVidey\">V. 1. e. Kap. 5,2. f. Kap. 4,2. g. Kap. 1,16. Matt. 17,2.  V. 3. 18,2.  V. 4. Dan. 8,26. 12,4.9.  V. 5. a. Dan. 12,7. b. 1 M\u00f3s. b. 14,22. 5 M\u00f3s. b. 32,40.  V. 6. c. Matt. 26,63. d. S\u00e1lm. 124,8.  V. 7. R\u00f3m. 11,25. 1 Kor. 15,51.  V. 11. Kap. 1,11.19.<\/div>\n","protected":false},"excerpt":{"rendered":"<p>\u00de\u00e6r sj\u00f6 \u00ferumuraddir. Ei\u00f0ur engilsins. B\u00e6klingurinn. 1S\u00ed\u00f0an s\u00e1 eg annan e) engil sterkan st\u00edga af himni ofan, hann var kl\u00e6ddur sk\u00fdi; yfir h\u00f6f\u00f0i honum var f) regnbogi, g) andlit hans var eins og s\u00f3lin, og f\u00e6tur hans, sem eldst\u00f3lpar.2Hann h\u00e9lt \u00e1 opnum b\u00e6klingi \u00ed hendinni, og setti h\u00e6gra f\u00f3tinn \u00e1 sj\u00f3inn, en hinn vinstra \u00e1 j\u00f6r\u00f0ina.3Hann kalla\u00f0i h\u00e1rri r\u00f6ddu, eins og \u00fe\u00e1 lj\u00f3n \u00f6skrar, og \u00feegar hann haf\u00f0i kalla\u00f0, t\u00f6lu\u00f0u \u00fe\u00e6r sj\u00f6 rei\u00f0ar\u00ferumur s\u00ednar raddir.4En \u00fe\u00e1 \u00fe\u00e6r sj\u00f6 \u00ferumur h\u00f6f\u00f0u tala\u00f0, \u00e6tla\u00f0i eg a\u00f0 fara a\u00f0 skrifa; \u00fe\u00e1 heyr\u00f0i eg r\u00f6dd af himni, sem sag\u00f0i: innsigla \u00fe\u00fa \u00fea\u00f0, sem \u00fe\u00e6r <a href=\"https:\/\/biblian.is\/videy\/opinberunarbok-johannesar-10-kafli\/\"> [&#8230;]<\/a><\/p>\n","protected":false},"author":1,"featured_media":0,"parent":0,"menu_order":0,"comment_status":"open","ping_status":"open","template":"bibliukaflar.php","meta":{"footnotes":""},"class_list":["post-22026","page","type-page","status-publish","hentry"],"_links":{"self":[{"href":"https:\/\/biblian.is\/videy\/wp-json\/wp\/v2\/pages\/22026","targetHints":{"allow":["GET"]}}],"collection":[{"href":"https:\/\/biblian.is\/videy\/wp-json\/wp\/v2\/pages"}],"about":[{"href":"https:\/\/biblian.is\/videy\/wp-json\/wp\/v2\/types\/page"}],"author":[{"embeddable":true,"href":"https:\/\/biblian.is\/videy\/wp-json\/wp\/v2\/users\/1"}],"replies":[{"embeddable":true,"href":"https:\/\/biblian.is\/videy\/wp-json\/wp\/v2\/comments?post=22026"}],"version-history":[{"count":0,"href":"https:\/\/biblian.is\/videy\/wp-json\/wp\/v2\/pages\/22026\/revisions"}],"wp:attachment":[{"href":"https:\/\/biblian.is\/videy\/wp-json\/wp\/v2\/media?parent=22026"}],"curies":[{"name":"wp","href":"https:\/\/api.w.org\/{rel}","templated":true}]}}