{"id":22024,"date":"2018-01-02T01:05:13","date_gmt":"2018-01-02T01:05:13","guid":{"rendered":"http:\/\/biblian.is\/videy\/opinberunarbokin-8-kafli\/"},"modified":"2018-01-02T01:05:13","modified_gmt":"2018-01-02T01:05:13","slug":"opinberunarbok-johannesar-8-kafli","status":"publish","type":"page","link":"https:\/\/biblian.is\/videy\/opinberunarbok-johannesar-8-kafli\/","title":{"rendered":"Opinberunarb\u00f3k J\u00f3hannesar 8. kafli"},"content":{"rendered":"<div class=\"fyrirsognVidey\">Lambi\u00f0 opnar 7da innsigli\u00f0. Englar me\u00f0 sj\u00f6 b\u00e1s\u00fanum: s\u00e1 1ti, 2ar, 3ji og 4\u00f0i engill b\u00e1s\u00fanar.<\/div>\n<p><a name=\"1\"><span class=\"versanumer\">1<\/span><\/a>En \u00feegar lambi\u00f0 opna\u00f0i sj\u00f6unda innsigli\u00f0, var\u00f0 \u00fe\u00f6gn \u00e1 himni h\u00e9r um bil h\u00e1lfa stund. <br \/><a name=\"2\"><span class=\"versanumer\">2<\/span><\/a>\u00de\u00e1 s\u00e1 eg sj\u00f6 engla, sem st\u00f3\u00f0u frammi fyrir Gu\u00f0i; \u00feeim voru fengnar sj\u00f6 b\u00e1s\u00fanur.<a name=\"3\"><span class=\"versanumer\">3<\/span><\/a>\u00de\u00e1 kom annar engill og <span class='VideyAth'>f)<\/span> sta\u00f0n\u00e6mdist vi\u00f0 altari\u00f0, hann h\u00e9lt <span class='VideyAth'>g)<\/span> \u00e1 gulllegu reykelsiskeri; honum var fengi\u00f0 miki\u00f0 af reykelsi, til \u00feess a\u00f0 brenna \u00fev\u00ed \u00e1 \u00fev\u00ed gulllega altari, sem var frammi fyrir h\u00e1s\u00e6tinu, me\u00f0an allir heilagir v\u00e6ru a\u00f0 bi\u00f0jast fyrir;<a name=\"4\"><span class=\"versanumer\">4<\/span><\/a>og undir b\u00e6num heilagra st\u00e9 reykurinn af reykelsinu \u00far hendi engilsins fram fyrir Gu\u00f0.<a name=\"5\"><span class=\"versanumer\">5<\/span><\/a>S\u00ed\u00f0an t\u00f3k engillinn reykelsiskeri\u00f0, fyllti \u00fea\u00f0 me\u00f0 eldi af altarinu, og varpa\u00f0i \u00fev\u00ed ofan \u00e1 j\u00f6r\u00f0ina; ur\u00f0u \u00fe\u00e1 gn\u00fdhlj\u00f3\u00f0 og \u00ferumur og eldingar og landskj\u00e1lfti.<a name=\"6\"><span class=\"versanumer\">6<\/span><\/a>\u00deeir sj\u00f6 englar, sem h\u00e9ldu \u00e1 \u00feeim sj\u00f6 b\u00e1s\u00fanum, bjuggu sig \u00fe\u00e1 til a\u00f0 bl\u00e1sa. <br \/><a name=\"7\"><span class=\"versanumer\">7<\/span><\/a>\u00deegar s\u00e1 fyrsti b\u00e1s\u00fana\u00f0i, var\u00f0 hagl og eldur bl\u00f3\u00f0i blanda\u00f0, og dundi ofan \u00e1 j\u00f6r\u00f0ina; \u00fe\u00e1 brann \u00feri\u00f0jungur jar\u00f0arinnar og \u00feri\u00f0jungur trj\u00e1nna og allt gr\u00e6ngresi.<a name=\"8\"><span class=\"versanumer\">8<\/span><\/a>\u00deegar annar engillinn b\u00e1s\u00fana\u00f0i, f\u00e9ll ofan \u00ed sj\u00f3inn l\u00edka sem st\u00f3rt fjall, logandi af eldi, og \u00fe\u00e1 var\u00f0 \u00feri\u00f0jungur sj\u00e1varins a\u00f0 bl\u00f3\u00f0i;<a name=\"9\"><span class=\"versanumer\">9<\/span><\/a>d\u00f3 \u00fe\u00e1 \u00feri\u00f0jungur lifandi skepna \u00ed sj\u00f3num, og \u00feri\u00f0jungur skipanna f\u00f3rst.<a name=\"10\"><span class=\"versanumer\">10<\/span><\/a>\u00deegar \u00feri\u00f0ji engillinn b\u00e1s\u00fana\u00f0i, f\u00e9ll af himni st\u00f3r stjarna, logandi sem blys, og datt yfir \u00feri\u00f0jung \u00e1nna og yfir uppsprettur vatnanna.<a name=\"11\"><span class=\"versanumer\">11<\/span><\/a>\u00deessi stjarna h\u00e9t R e m m a; \u00fe\u00e1 var\u00f0 \u00feri\u00f0jungur vatnanna rammur, og margir menn d\u00f3u af \u00fev\u00ed, a\u00f0 v\u00f6tnin voru beisk or\u00f0in.<a name=\"12\"><span class=\"versanumer\">12<\/span><\/a>\u00deegar fj\u00f3r\u00f0i engillinn b\u00e1s\u00fana\u00f0i, var\u00f0 lostinn \u00feri\u00f0jungur s\u00f3larinnar og tunglsins og stjarnanna, svo a\u00f0 \u00feau formyrkvu\u00f0ust um \u00feri\u00f0jung, og dagurinn missti \u00feri\u00f0jung sinnar birtu, og n\u00f3ttin s\u00f6mulei\u00f0is.<a name=\"13\"><span class=\"versanumer\">13<\/span><\/a>S\u00ed\u00f0an s\u00e1 eg og heyr\u00f0i einn \u00f6rn flj\u00faga um mi\u00f0himininn, hann kalla\u00f0i h\u00e1rri r\u00f6ddu: vei, vei, vei! \u00feeim, sem \u00e1 j\u00f6r\u00f0u b\u00faa, vegna l\u00fa\u00f0urs\u00feyts hinna \u00feriggja engla, sem h\u00e9r eftir munu b\u00e1s\u00fana.<\/p>\n<div class=\"footnoteVidey\">V. 2. 1 Kor. 15,52.  V. 3. f. Kap. 6,9. 9,13. 14,18. g. Kap. 5,8.  V. 4. Post. g. b. 10,4. V. 10. Kap. 9,1.  V. 13. Kap. 9,12. 11,14. 15,1.<\/div>\n","protected":false},"excerpt":{"rendered":"<p>Lambi\u00f0 opnar 7da innsigli\u00f0. Englar me\u00f0 sj\u00f6 b\u00e1s\u00fanum: s\u00e1 1ti, 2ar, 3ji og 4\u00f0i engill b\u00e1s\u00fanar. 1En \u00feegar lambi\u00f0 opna\u00f0i sj\u00f6unda innsigli\u00f0, var\u00f0 \u00fe\u00f6gn \u00e1 himni h\u00e9r um bil h\u00e1lfa stund. 2\u00de\u00e1 s\u00e1 eg sj\u00f6 engla, sem st\u00f3\u00f0u frammi fyrir Gu\u00f0i; \u00feeim voru fengnar sj\u00f6 b\u00e1s\u00fanur.3\u00de\u00e1 kom annar engill og f) sta\u00f0n\u00e6mdist vi\u00f0 altari\u00f0, hann h\u00e9lt g) \u00e1 gulllegu reykelsiskeri; honum var fengi\u00f0 miki\u00f0 af reykelsi, til \u00feess a\u00f0 brenna \u00fev\u00ed \u00e1 \u00fev\u00ed gulllega altari, sem var frammi fyrir h\u00e1s\u00e6tinu, me\u00f0an allir heilagir v\u00e6ru a\u00f0 bi\u00f0jast fyrir;4og undir b\u00e6num heilagra st\u00e9 reykurinn af reykelsinu \u00far hendi engilsins fram fyrir Gu\u00f0.5S\u00ed\u00f0an <a href=\"https:\/\/biblian.is\/videy\/opinberunarbok-johannesar-8-kafli\/\"> [&#8230;]<\/a><\/p>\n","protected":false},"author":1,"featured_media":0,"parent":0,"menu_order":0,"comment_status":"open","ping_status":"open","template":"bibliukaflar.php","meta":{"footnotes":""},"class_list":["post-22024","page","type-page","status-publish","hentry"],"_links":{"self":[{"href":"https:\/\/biblian.is\/videy\/wp-json\/wp\/v2\/pages\/22024","targetHints":{"allow":["GET"]}}],"collection":[{"href":"https:\/\/biblian.is\/videy\/wp-json\/wp\/v2\/pages"}],"about":[{"href":"https:\/\/biblian.is\/videy\/wp-json\/wp\/v2\/types\/page"}],"author":[{"embeddable":true,"href":"https:\/\/biblian.is\/videy\/wp-json\/wp\/v2\/users\/1"}],"replies":[{"embeddable":true,"href":"https:\/\/biblian.is\/videy\/wp-json\/wp\/v2\/comments?post=22024"}],"version-history":[{"count":0,"href":"https:\/\/biblian.is\/videy\/wp-json\/wp\/v2\/pages\/22024\/revisions"}],"wp:attachment":[{"href":"https:\/\/biblian.is\/videy\/wp-json\/wp\/v2\/media?parent=22024"}],"curies":[{"name":"wp","href":"https:\/\/api.w.org\/{rel}","templated":true}]}}