{"id":22023,"date":"2018-01-02T01:05:13","date_gmt":"2018-01-02T01:05:13","guid":{"rendered":"http:\/\/biblian.is\/videy\/opinberunarbokin-7-kafli\/"},"modified":"2018-01-02T01:05:13","modified_gmt":"2018-01-02T01:05:13","slug":"opinberunarbok-johannesar-7-kafli","status":"publish","type":"page","link":"https:\/\/biblian.is\/videy\/opinberunarbok-johannesar-7-kafli\/","title":{"rendered":"Opinberunarb\u00f3k J\u00f3hannesar 7. kafli"},"content":{"rendered":"<div class=\"fyrirsognVidey\">Gy\u00f0inga \u00e6ttkv\u00edslir innsigla\u00f0ar. Lofs\u00f6ngur \u00fej\u00f3\u00f0anna.<\/div>\n<p><a name=\"1\"><span class=\"versanumer\">1<\/span><\/a>Eftir \u00feetta s\u00e1 eg fj\u00f3ra engla, sem st\u00f3\u00f0u \u00e1 fj\u00f3rum hornum jar\u00f0arinnar, \u00feeir h\u00e9ldu \u00feeim fj\u00f3rum vindum jar\u00f0arinnar, svo vindur n\u00e6\u00f0i ekki a\u00f0 bl\u00e1sa yfir j\u00f6r\u00f0ina, e\u00f0a hafi\u00f0 e\u00f0a nokkurt tr\u00e9.<a name=\"2\"><span class=\"versanumer\">2<\/span><\/a>Annan engil s\u00e1 eg st\u00edga upp fr\u00e1 s\u00f3laruppkomusta\u00f0, s\u00e1 h\u00e9lt \u00e1 innsigli lifanda Gu\u00f0s, og kalla\u00f0i h\u00e1rri r\u00f6ddu til \u00feeirra fj\u00f6gra engla, sem vald h\u00f6f\u00f0u fengi\u00f0 til a\u00f0 granda j\u00f6r\u00f0unni og sj\u00f3num.<a name=\"3\"><span class=\"versanumer\">3<\/span><\/a>Hann sag\u00f0i: grandi\u00f0 hv\u00f6rki j\u00f6r\u00f0unni, n\u00e9 sj\u00f3num, n\u00e9 trj\u00e1num, \u00fear til v\u00e9r h\u00f6fum innsigla\u00f0 \u00fej\u00f3na Gu\u00f0s \u00e1 ennum \u00feeirra.<a name=\"4\"><span class=\"versanumer\">4<\/span><\/a>\u00de\u00e1 heyr\u00f0a eg t\u00f6lu \u00feeirra innsiglu\u00f0u; af \u00f6llum \u00e6ttkv\u00edslum \u00cdsraelsmanna voru innsigla\u00f0ar hundra\u00f0 fj\u00f6rut\u00edu og fj\u00f3rar \u00fe\u00fasundir;<a name=\"5\"><span class=\"versanumer\">5<\/span><\/a>af J\u00fadasar \u00e6ttkv\u00edsl voru t\u00f3lf \u00fe\u00fasundir innsigla\u00f0ar; af R\u00fabens \u00e6ttkv\u00edsl voru t\u00f3lf \u00fe\u00fasundir innsigla\u00f0ar; af Ga\u00f0s \u00e6ttkv\u00edsl voru t\u00f3lf \u00fe\u00fasundir innsigla\u00f0ar;<a name=\"6\"><span class=\"versanumer\">6<\/span><\/a>af Assers \u00e6ttkv\u00edsl voru t\u00f3lf \u00fe\u00fasundir innsigla\u00f0ar; af Neftalims \u00e6ttkv\u00edsl voru t\u00f3lf \u00fe\u00fasundir innsigla\u00f0ar; af Manassis \u00e6ttkv\u00edsl voru t\u00f3lf \u00fe\u00fasundir innsigla\u00f0ar;<a name=\"7\"><span class=\"versanumer\">7<\/span><\/a>af S\u00edmeons \u00e6ttkv\u00edsl voru t\u00f3lf \u00fe\u00fasundir innsigla\u00f0ar; af Lev\u00ed \u00e6ttkv\u00edsl voru t\u00f3lf \u00fe\u00fasundir innsigla\u00f0ar; af \u00cdsaskars \u00e6ttkv\u00edsl voru t\u00f3lf \u00fe\u00fasundir innsigla\u00f0ar;<a name=\"8\"><span class=\"versanumer\">8<\/span><\/a>af Seb\u00falons \u00e6ttkv\u00edsl voru t\u00f3lf \u00fe\u00fasundir innsigla\u00f0ar; af J\u00f3seps \u00e6ttkv\u00edsl voru t\u00f3lf \u00fe\u00fasundir innsigla\u00f0ar; af Benjam\u00edns \u00e6ttkv\u00edsl voru t\u00f3lf \u00fe\u00fasundir innsigla\u00f0ar.<br \/><a name=\"9\"><span class=\"versanumer\">9<\/span><\/a>Eftir \u00feetta leit eg til og s\u00e1 mikinn fj\u00f6lda manna, svo a\u00f0 eigi var\u00f0 t\u00f6lu \u00e1 komi\u00f0, af <span class='VideyAth'>i)<\/span> alls kyns f\u00f3lki, kynkv\u00edslum, \u00fej\u00f3\u00f0um og tungum\u00e1lum; \u00feeir st\u00f3\u00f0u frammi fyrir h\u00e1s\u00e6tinu og frammi fyrir lambinu, skr\u00fdddir <span class='VideyAth'>k)<\/span> hv\u00edtum skikkjum, me\u00f0 p\u00e1lmavi\u00f0ar greinir \u00ed h\u00f6ndum s\u00e9r.<a name=\"10\"><span class=\"versanumer\">10<\/span><\/a>\u00deeir <span class='VideyAth'>l)<\/span> k\u00f6llu\u00f0u upp h\u00e1rri r\u00f6ddu segjandi: <span class='VideyAth'>m)<\/span> hj\u00e1lpr\u00e6\u00f0i\u00f0 tilheyrir vorum Gu\u00f0i, sem \u00ed h\u00e1s\u00e6tinu situr, og lambinu.<a name=\"11\"><span class=\"versanumer\">11<\/span><\/a>Og allir englarnir, sem st\u00f3\u00f0u umhverfis h\u00e1s\u00e6ti\u00f0, og \u00f6ldungana og \u00feau fj\u00f6gur d\u00fdrin f\u00e9llu \u00fe\u00e1 fram \u00e1 \u00e1sj\u00f3nur s\u00ednar fyrir h\u00e1s\u00e6tinu, og tilb\u00e1\u00f0u Gu\u00f0, svo m\u00e6landi:<a name=\"12\"><span class=\"versanumer\">12<\/span><\/a>Amen! lof og d\u00fdr\u00f0, viska og \u00feakkargj\u00f6r\u00f0, hei\u00f0ur og vald og kraftur s\u00e9 Gu\u00f0i vorum um aldir alda, Amen!<a name=\"13\"><span class=\"versanumer\">13<\/span><\/a>Einn af \u00f6ldungunum tala\u00f0i til m\u00edn og sag\u00f0i: \u00feessir, sem skr\u00fdddir eru hv\u00edtum skikkjum, hv\u00f6rjir eru \u00feeir, og hva\u00f0an eru \u00feeir komnir?<a name=\"14\"><span class=\"versanumer\">14<\/span><\/a>Eg svara\u00f0i honum: Herra minn! \u00fe\u00fa veist \u00fea\u00f0. \u00de\u00e1 sag\u00f0i hann vi\u00f0 mig: \u00feetta eru \u00feeir, sem komnir eru \u00far h\u00f6rmunginni miklu, og hafa \u00fevegi\u00f0 s\u00ednar skikkjur, og hv\u00edtf\u00e1ga\u00f0 \u00fe\u00e6r \u00ed bl\u00f3\u00f0i lambsins.<a name=\"15\"><span class=\"versanumer\">15<\/span><\/a>\u00deess vegna eru \u00feeir frammi fyrir h\u00e1s\u00e6ti Gu\u00f0s, og \u00fej\u00f3na honum dag og n\u00f3tt \u00ed hans musteri; og s\u00e1, sem \u00ed h\u00e1s\u00e6tinu situr, mun tjalda yfir \u00feeim.<a name=\"16\"><span class=\"versanumer\">16<\/span><\/a>\u00de\u00e1 mun hv\u00f6rki <span class='VideyAth'>a)<\/span> hungra n\u00e9 \u00feyrsta framar, og ekki mun <span class='VideyAth'>b)<\/span> s\u00f3larhiti e\u00f0a nokkur bruni \u00e1 \u00fe\u00e1 falla.<a name=\"17\"><span class=\"versanumer\">17<\/span><\/a>\u00dev\u00ed <span class='VideyAth'>c)<\/span> lambi\u00f0, sem er fyrir mi\u00f0ju h\u00e1s\u00e6tinu, <span class='VideyAth'>d)<\/span> mun g\u00e6ta \u00feeirra og v\u00edsa \u00feeim \u00e1 lifandi vatnslindir, og <span class='VideyAth'>e)<\/span> Gu\u00f0 mun \u00feerra hv\u00f6rt t\u00e1r af \u00feeirra augum.<\/p>\n<div class=\"footnoteVidey\">V. 2. Kap. 14,1.  V. 3. Kap. 19,4.  V. 9. i. Kap. 5,9. k. Kap. 3,5.18. 6,11. 19,8.  V. 10. l. Kap. 6,10. m. S\u00e1lm. 3,9. Esa. 43,11.  V. 12. Kap. 5,12.  V. 14. Hebr. 9,14. Opinb. b. 1,5.  V. 15. Esa. 4,5.6.  V. 16. a. Esa. 49,10. b. S\u00e1lm. 121,6.  V. 17. c. Kap. 5,6. d. J\u00f3h. 10,10.11. e. Esa. 25,8. Opinb. b. 21,4.<\/div>\n","protected":false},"excerpt":{"rendered":"<p>Gy\u00f0inga \u00e6ttkv\u00edslir innsigla\u00f0ar. Lofs\u00f6ngur \u00fej\u00f3\u00f0anna. 1Eftir \u00feetta s\u00e1 eg fj\u00f3ra engla, sem st\u00f3\u00f0u \u00e1 fj\u00f3rum hornum jar\u00f0arinnar, \u00feeir h\u00e9ldu \u00feeim fj\u00f3rum vindum jar\u00f0arinnar, svo vindur n\u00e6\u00f0i ekki a\u00f0 bl\u00e1sa yfir j\u00f6r\u00f0ina, e\u00f0a hafi\u00f0 e\u00f0a nokkurt tr\u00e9.2Annan engil s\u00e1 eg st\u00edga upp fr\u00e1 s\u00f3laruppkomusta\u00f0, s\u00e1 h\u00e9lt \u00e1 innsigli lifanda Gu\u00f0s, og kalla\u00f0i h\u00e1rri r\u00f6ddu til \u00feeirra fj\u00f6gra engla, sem vald h\u00f6f\u00f0u fengi\u00f0 til a\u00f0 granda j\u00f6r\u00f0unni og sj\u00f3num.3Hann sag\u00f0i: grandi\u00f0 hv\u00f6rki j\u00f6r\u00f0unni, n\u00e9 sj\u00f3num, n\u00e9 trj\u00e1num, \u00fear til v\u00e9r h\u00f6fum innsigla\u00f0 \u00fej\u00f3na Gu\u00f0s \u00e1 ennum \u00feeirra.4\u00de\u00e1 heyr\u00f0a eg t\u00f6lu \u00feeirra innsiglu\u00f0u; af \u00f6llum \u00e6ttkv\u00edslum \u00cdsraelsmanna voru innsigla\u00f0ar hundra\u00f0 fj\u00f6rut\u00edu og fj\u00f3rar <a href=\"https:\/\/biblian.is\/videy\/opinberunarbok-johannesar-7-kafli\/\"> [&#8230;]<\/a><\/p>\n","protected":false},"author":1,"featured_media":0,"parent":0,"menu_order":0,"comment_status":"open","ping_status":"open","template":"bibliukaflar.php","meta":{"footnotes":""},"class_list":["post-22023","page","type-page","status-publish","hentry"],"_links":{"self":[{"href":"https:\/\/biblian.is\/videy\/wp-json\/wp\/v2\/pages\/22023","targetHints":{"allow":["GET"]}}],"collection":[{"href":"https:\/\/biblian.is\/videy\/wp-json\/wp\/v2\/pages"}],"about":[{"href":"https:\/\/biblian.is\/videy\/wp-json\/wp\/v2\/types\/page"}],"author":[{"embeddable":true,"href":"https:\/\/biblian.is\/videy\/wp-json\/wp\/v2\/users\/1"}],"replies":[{"embeddable":true,"href":"https:\/\/biblian.is\/videy\/wp-json\/wp\/v2\/comments?post=22023"}],"version-history":[{"count":0,"href":"https:\/\/biblian.is\/videy\/wp-json\/wp\/v2\/pages\/22023\/revisions"}],"wp:attachment":[{"href":"https:\/\/biblian.is\/videy\/wp-json\/wp\/v2\/media?parent=22023"}],"curies":[{"name":"wp","href":"https:\/\/api.w.org\/{rel}","templated":true}]}}