{"id":22022,"date":"2018-01-02T01:05:13","date_gmt":"2018-01-02T01:05:13","guid":{"rendered":"http:\/\/biblian.is\/videy\/opinberunarbokin-6-kafli\/"},"modified":"2018-01-02T01:05:13","modified_gmt":"2018-01-02T01:05:13","slug":"opinberunarbok-johannesar-6-kafli","status":"publish","type":"page","link":"https:\/\/biblian.is\/videy\/opinberunarbok-johannesar-6-kafli\/","title":{"rendered":"Opinberunarb\u00f3k J\u00f3hannesar 6. kafli"},"content":{"rendered":"<div class=\"fyrirsognVidey\">Lambi\u00f0 opnar 1ta, 2a\u00f0, 3ja, 4ja, 5ta og 6ta innsigli.<\/div>\n<p><a name=\"1\"><span class=\"versanumer\">1<\/span><\/a>N\u00fa s\u00e1 eg, a\u00f0 lambi\u00f0 opna\u00f0i eitt af \u00feeim sj\u00f6 innsiglum, og heyr\u00f0a eitt af \u00feeim fj\u00f3rum d\u00fdrum segja, eins og me\u00f0 \u00ferumugn\u00fd: kom \u00fe\u00fa!<a name=\"2\"><span class=\"versanumer\">2<\/span><\/a>Eg leit til, og s\u00e1 hv\u00edtan hest, og s\u00e1, sem \u00e1 honum sat, h\u00e9lt \u00e1 boga; honum var gefin k\u00f3r\u00f3na, og hann f\u00f3r af sta\u00f0 sigrandi og til a\u00f0 sigra.<a name=\"3\"><span class=\"versanumer\">3<\/span><\/a>\u00deegar lambi\u00f0 opna\u00f0i anna\u00f0 innsigli\u00f0 heyr\u00f0a eg anna\u00f0 d\u00fdri\u00f0 segja: kom!<a name=\"4\"><span class=\"versanumer\">4<\/span><\/a>\u00de\u00e1 gekk \u00fat annar hestur rau\u00f0ur; \u00feeim, sem \u00e1 honum sat, var leyft a\u00f0 ey\u00f0a fri\u00f0i \u00e1 j\u00f6r\u00f0u, og a\u00f0 menn b\u00e6rist banaspj\u00f3t eftir; honum var fengi\u00f0 \u00ed hendur miki\u00f0 sver\u00f0.<a name=\"5\"><span class=\"versanumer\">5<\/span><\/a>\u00deegar lambi\u00f0 opna\u00f0i \u00feri\u00f0ja innsigli\u00f0, heyr\u00f0a eg \u00feri\u00f0ja d\u00fdri\u00f0 segja: kom! \u00de\u00e1 s\u00e1 eg svartan hest; s\u00e1 sem honum rei\u00f0, h\u00e9lt \u00e1 metum \u00ed hendinni.<a name=\"6\"><span class=\"versanumer\">6<\/span><\/a>\u00de\u00e1 heyr\u00f0a eg raustu me\u00f0al \u00feeirra fj\u00f6gra d\u00fdranna, sem sag\u00f0i: einn m\u00e6lir hveitis einn pening, og \u00fer\u00edr m\u00e6lar byggs einn pening; en eigi skalt\u00fa vi\u00f0smj\u00f6rinu e\u00f0a v\u00edninu granda.<a name=\"7\"><span class=\"versanumer\">7<\/span><\/a>\u00deegar lambi\u00f0 opna\u00f0i fj\u00f3r\u00f0a innsigli\u00f0, heyr\u00f0a eg fj\u00f3r\u00f0a d\u00fdri\u00f0 segja: kom!<a name=\"8\"><span class=\"versanumer\">8<\/span><\/a>\u00de\u00e1 s\u00e1 eg bleikan hest; s\u00e1, sem honum rei\u00f0, h\u00e9t Dau\u00f0i, og Hel var \u00ed f\u00f6r me\u00f0 honum; honum var gefi\u00f0 vald til a\u00f0 drepa fj\u00f3r\u00f0a hlut jar\u00f0arb\u00faanna me\u00f0 sver\u00f0i, hungri, dreps\u00f3tt og bitv\u00f6rgum jar\u00f0ar.<a name=\"9\"><span class=\"versanumer\">9<\/span><\/a>\u00deegar lambi\u00f0 opna\u00f0i fimmta innsigli\u00f0, s\u00e1 eg fyrir ne\u00f0an <span class='VideyAth'>a)<\/span> altari\u00f0 s\u00e1lir \u00feeirra manna, sem drepnir h\u00f6f\u00f0u veri\u00f0 <span class='VideyAth'>b)<\/span> fyrir sakir Gu\u00f0s or\u00f0 og \u00feess vitnisbur\u00f0ar, sem \u00feeir h\u00f6f\u00f0u \u00e1vallt bori\u00f0;<a name=\"10\"><span class=\"versanumer\">10<\/span><\/a>\u00fe\u00e6r k\u00f6llu\u00f0u h\u00e1st\u00f6fum og s\u00f6g\u00f0u: \u00fe\u00fa heilagi og sannor\u00f0i Drottinn, hva\u00f0 skal \u00fea\u00f0 lengi vara, a\u00f0 \u00fe\u00fa d\u00e6mir og hefnir vors bl\u00f3\u00f0s \u00e1 innb\u00faum jar\u00f0arinnar?<a name=\"11\"><span class=\"versanumer\">11<\/span><\/a>Hv\u00f6rjum \u00feeirra var fengin hv\u00edt k\u00e1pa, og sagt, a\u00f0 \u00fe\u00e6r skyldu b\u00ed\u00f0a vi\u00f0 enn \u00fe\u00e1 stundarkorn, \u00fear til komnir v\u00e6ru sam\u00fej\u00f3nar \u00feeirra og br\u00e6\u00f0ur, sem dey\u00f0ast skyldu eins og \u00feeir sj\u00e1lfir.<a name=\"12\"><span class=\"versanumer\">12<\/span><\/a>\u00deegar lambi\u00f0 opna\u00f0i sj\u00f6tta innsigli\u00f0, s\u00e1 eg a\u00f0 <span class='VideyAth'>c)<\/span> mikill jar\u00f0skj\u00e1lfti var\u00f0; <span class='VideyAth'>d)<\/span> s\u00f3lin sortna\u00f0i eins og h\u00e6rusekkur, og allt tungli\u00f0 var\u00f0 eins og bl\u00f3\u00f0;<a name=\"13\"><span class=\"versanumer\">13<\/span><\/a>stj\u00f6rnur himins hr\u00f6pu\u00f0u ni\u00f0ur \u00e1 j\u00f6r\u00f0ina, eins og \u00fe\u00e1 f\u00edkjutr\u00e9, skaki\u00f0 af stormvindi, kastar ni\u00f0ur f\u00edkjum s\u00ednum;<a name=\"14\"><span class=\"versanumer\">14<\/span><\/a><span class='VideyAth'>e)<\/span> himinninn hvarf eins og samanvafi\u00f0 b\u00f3kfell, og hvert <span class='VideyAth'>f)<\/span> fjall og ey f\u00e6r\u00f0ist \u00far st\u00f6\u00f0vum s\u00ednum;<a name=\"15\"><span class=\"versanumer\">15<\/span><\/a><span class='VideyAth'>g)<\/span> konungar jar\u00f0arinnar, h\u00f6f\u00f0ingjar og hersforingjar, au\u00f0menn og r\u00edkismenn, \u00feegn og \u00fer\u00e6ll, <span class='VideyAth'>h)<\/span> f\u00f3lu sig \u00ed hellum og h\u00f6mrum fjalla,<a name=\"16\"><span class=\"versanumer\">16<\/span><\/a>og s\u00f6g\u00f0u til fjallanna og hamranna: hrynji\u00f0 yfir oss og feli\u00f0 oss fyrir \u00e1sj\u00f3nu \u00feess, sem \u00ed h\u00e1s\u00e6tinu situr, og fyrir rei\u00f0i lambsins:<a name=\"17\"><span class=\"versanumer\">17<\/span><\/a>\u00fev\u00ed n\u00fa er kominn s\u00e1 mikli dagur hans rei\u00f0i; hver f\u00e6r n\u00fa sta\u00f0ist?<\/p>\n<div class=\"footnoteVidey\">V. 1. Kap. 4,6.7.  V. 2. Kap. 19,11. fl.  V. 4. Matt. 24,6.7.  V. 5. Sak. 6,2.  V. 8. Sak. 6,3.6. Esek. 14,13. fl.  V. 9. a. Kap. 8,3. 9,13. 14,18. b. Kap. 1,9. 19,10. fl.  V. 10. L\u00fak. 18,7.  V. 12. c. Kap. 16,18. d. L\u00fak. 21,25. Post. g. b. 2,20.  V. 14. e. S\u00e1lm. 102,27. L\u00fak. 21,33. f. Kap. 16,20.  V. 15. g. Kap. 19,18.19. h. Esa. 2,19.  V. 16. L\u00fak. 23,30.  V. 17. Esa. 13,9. R\u00f3m. 2,5.<\/div>\n","protected":false},"excerpt":{"rendered":"<p>Lambi\u00f0 opnar 1ta, 2a\u00f0, 3ja, 4ja, 5ta og 6ta innsigli. 1N\u00fa s\u00e1 eg, a\u00f0 lambi\u00f0 opna\u00f0i eitt af \u00feeim sj\u00f6 innsiglum, og heyr\u00f0a eitt af \u00feeim fj\u00f3rum d\u00fdrum segja, eins og me\u00f0 \u00ferumugn\u00fd: kom \u00fe\u00fa!2Eg leit til, og s\u00e1 hv\u00edtan hest, og s\u00e1, sem \u00e1 honum sat, h\u00e9lt \u00e1 boga; honum var gefin k\u00f3r\u00f3na, og hann f\u00f3r af sta\u00f0 sigrandi og til a\u00f0 sigra.3\u00deegar lambi\u00f0 opna\u00f0i anna\u00f0 innsigli\u00f0 heyr\u00f0a eg anna\u00f0 d\u00fdri\u00f0 segja: kom!4\u00de\u00e1 gekk \u00fat annar hestur rau\u00f0ur; \u00feeim, sem \u00e1 honum sat, var leyft a\u00f0 ey\u00f0a fri\u00f0i \u00e1 j\u00f6r\u00f0u, og a\u00f0 menn b\u00e6rist banaspj\u00f3t eftir; honum var fengi\u00f0 <a href=\"https:\/\/biblian.is\/videy\/opinberunarbok-johannesar-6-kafli\/\"> [&#8230;]<\/a><\/p>\n","protected":false},"author":1,"featured_media":0,"parent":0,"menu_order":0,"comment_status":"open","ping_status":"open","template":"bibliukaflar.php","meta":{"footnotes":""},"class_list":["post-22022","page","type-page","status-publish","hentry"],"_links":{"self":[{"href":"https:\/\/biblian.is\/videy\/wp-json\/wp\/v2\/pages\/22022","targetHints":{"allow":["GET"]}}],"collection":[{"href":"https:\/\/biblian.is\/videy\/wp-json\/wp\/v2\/pages"}],"about":[{"href":"https:\/\/biblian.is\/videy\/wp-json\/wp\/v2\/types\/page"}],"author":[{"embeddable":true,"href":"https:\/\/biblian.is\/videy\/wp-json\/wp\/v2\/users\/1"}],"replies":[{"embeddable":true,"href":"https:\/\/biblian.is\/videy\/wp-json\/wp\/v2\/comments?post=22022"}],"version-history":[{"count":0,"href":"https:\/\/biblian.is\/videy\/wp-json\/wp\/v2\/pages\/22022\/revisions"}],"wp:attachment":[{"href":"https:\/\/biblian.is\/videy\/wp-json\/wp\/v2\/media?parent=22022"}],"curies":[{"name":"wp","href":"https:\/\/api.w.org\/{rel}","templated":true}]}}