{"id":22021,"date":"2018-01-02T01:05:13","date_gmt":"2018-01-02T01:05:13","guid":{"rendered":"http:\/\/biblian.is\/videy\/opinberunarbokin-5-kafli\/"},"modified":"2018-01-02T01:05:13","modified_gmt":"2018-01-02T01:05:13","slug":"opinberunarbok-johannesar-5-kafli","status":"publish","type":"page","link":"https:\/\/biblian.is\/videy\/opinberunarbok-johannesar-5-kafli\/","title":{"rendered":"Opinberunarb\u00f3k J\u00f3hannesar 5. kafli"},"content":{"rendered":"<div class=\"fyrirsognVidey\">B\u00f3kin og lambi\u00f0.<\/div>\n<p><a name=\"1\"><span class=\"versanumer\">1<\/span><\/a>\u00cd h\u00e6gri hendi \u00feess, er \u00ed h\u00e1s\u00e6tinu sat, s\u00e1 eg b\u00f3k, sem skrifu\u00f0 var b\u00e1\u00f0um megin og innsiglu\u00f0 me\u00f0 sj\u00f6 innsiglum.<a name=\"2\"><span class=\"versanumer\">2<\/span><\/a>\u00de\u00e1 s\u00e1 eg sterkan engil, sem kalla\u00f0i h\u00e1rri r\u00f6ddu: hv\u00f6r er \u00feess ver\u00f0ur a\u00f0 brj\u00f3ta fr\u00e1 innsiglin b\u00f3karinnar og opna hana.<a name=\"3\"><span class=\"versanumer\">3<\/span><\/a>En enginn var s\u00e1 \u00e1 himni e\u00f0a j\u00f6r\u00f0u e\u00f0a undir j\u00f6r\u00f0unni, sem opna\u00f0 g\u00e6ti b\u00f3kina og s\u00e9\u00f0 \u00ed hana.<a name=\"4\"><span class=\"versanumer\">4<\/span><\/a>Eg gr\u00e9t st\u00f3rum af \u00fev\u00ed, a\u00f0 enginn skyldi s\u00e1 finnast, sem ver\u00f0ugur v\u00e6ri a\u00f0 opna b\u00f3kina og l\u00edta \u00ed hana.<a name=\"5\"><span class=\"versanumer\">5<\/span><\/a>\u00de\u00e1 sag\u00f0i einn af \u00f6ldungunum vi\u00f0 mig: gr\u00e1t ekki! vit \u00fea\u00f0, a\u00f0 lj\u00f3ni\u00f0 af <span class='VideyAth'>a)<\/span> J\u00fad\u00e6 \u00e6ttkv\u00edsl, <span class='VideyAth'>b)<\/span> afspringur Dav\u00ed\u00f0s, hefir sigur unni\u00f0, svo \u00fea\u00f0 getur broti\u00f0 fr\u00e1 \u00feau sj\u00f6 innsigli b\u00f3karinnar og <span class='VideyAth'>c)<\/span> opna\u00f0 hana.<a name=\"6\"><span class=\"versanumer\">6<\/span><\/a>\u00de\u00e1 s\u00e1 eg lamb, eins og sl\u00e1tra\u00f0, standa milli h\u00e1s\u00e6tisins og \u00feeirra fj\u00f6gra d\u00fdranna og \u00f6ldunganna, \u00fea\u00f0 haf\u00f0i sj\u00f6 horn og sj\u00f6 augu, sem eru \u00feeir sj\u00f6 andar Gu\u00f0s, sendir \u00fat um allan heim.<a name=\"7\"><span class=\"versanumer\">7<\/span><\/a>\u00dea\u00f0 kom og t\u00f3k vi\u00f0 b\u00f3kinni af h\u00e6gri hendi \u00feess, er \u00ed h\u00e1s\u00e6tinu sat.<a name=\"8\"><span class=\"versanumer\">8<\/span><\/a>Og \u00fe\u00e1 \u00fea\u00f0 haf\u00f0i teki\u00f0 vi\u00f0 b\u00f3kinni, f\u00e9llu \u00feau fj\u00f6gur d\u00fdrin og \u00feeir 24 \u00f6ldungar fram fyrir lambinu, og h\u00e9ldu hv\u00f6r um sig \u00e1 h\u00f6rpum og gullsk\u00e1lum fullum af reykelsi, \u00fea\u00f0 eru b\u00e6nir heilagra.<a name=\"9\"><span class=\"versanumer\">9<\/span><\/a>\u00de\u00e1 sungu \u00feeir n\u00fdjan lofs\u00f6ng, svo m\u00e6landi: ver\u00f0ugur ert \u00fe\u00fa a\u00f0 taka vi\u00f0 b\u00f3kinni og opna hennar innsigli, \u00fev\u00ed \u00fe\u00e9r hefir veri\u00f0 sl\u00e1tra\u00f0 og \u00fe\u00fa hefir keypt oss Gu\u00f0i til handa, af \u00f6llum kynkv\u00edslum, tungum\u00e1lum, \u00fej\u00f3\u00f0um og \u00e6ttum me\u00f0 \u00fe\u00ednu bl\u00f3\u00f0i;<a name=\"10\"><span class=\"versanumer\">10<\/span><\/a>\u00fe\u00fa hefir gj\u00f6rt oss a\u00f0 konungum og kennim\u00f6nnum fyrir vorum Gu\u00f0i, a\u00f0 v\u00e9r skyldum r\u00edkja yfir j\u00f6r\u00f0unni.<a name=\"11\"><span class=\"versanumer\">11<\/span><\/a>S\u00ed\u00f0an s\u00e1 eg og heyr\u00f0i umhverfis h\u00e1s\u00e6ti\u00f0, d\u00fdrin og \u00f6ldungana, raustu margra engla, sem voru a\u00f0 t\u00f6lu t\u00edu \u00fe\u00fasundir t\u00edu \u00fe\u00fasunda og \u00fe\u00fasundir \u00fe\u00fasunda; \u00feeir s\u00f6g\u00f0u me\u00f0 h\u00e1rri r\u00f6ddu:<a name=\"12\"><span class=\"versanumer\">12<\/span><\/a>ver\u00f0ugt er <span class='VideyAth'>d)<\/span> \u00fea\u00f0 sl\u00e1tra\u00f0a lambi\u00f0 <span class='VideyAth'>e)<\/span> a\u00f0 me\u00f0taka vald og r\u00edkd\u00f3m, visku og kraft, hei\u00f0ur, d\u00fdr\u00f0 og \u00feakkir.<a name=\"13\"><span class=\"versanumer\">13<\/span><\/a>\u00de\u00e1 heyr\u00f0a eg hv\u00f6rja <span class='VideyAth'>f)<\/span> skepnu \u00e1 <span class='VideyAth'>g)<\/span> himni og j\u00f6r\u00f0u og undir j\u00f6r\u00f0unni og allt hva\u00f0 \u00ed sj\u00f3num er, undirtaka og segja: \u00feeim, sem \u00ed h\u00e1s\u00e6tinu situr og lambinu s\u00e9u \u00feakkir og hei\u00f0ur, d\u00fdr\u00f0 og kraftur um aldir alda;<a name=\"14\"><span class=\"versanumer\">14<\/span><\/a>og \u00feau fj\u00f6gur d\u00fdrin s\u00f6g\u00f0u: Amen! en \u00f6ldungarnir f\u00e9llu fram og tilb\u00e1\u00f0u.<\/p>\n<div class=\"footnoteVidey\">V. 2. Kap. 10,1.  V. 5. a. 1 M\u00f3s. b. 49,9.10. b. Esa. 11,1.10. R\u00f3m. 15,12. Opinb. b. 22,16. c. Kap. 6,1. fl.  V. 6. J\u00f3h. 1,29. 1 P\u00e9t. 1,19.  V. 9. Post. g. b. 20,28. 1 Kor. 6,20. 7,23. Efes. 1,7. 2 P\u00e9t. 2,1. Hebr. 9,1. 10,10.  V. 10. 1 P\u00e9t. 2,5.9. Opinb. b. 1,6.  V. 12. d. Kap. 13,8. e. Kap. 4,11. 7,10.12.  V. 13. f. S\u00e1lm. 148,1. fl. g. Fil. 2,10.  V. 14. Kap. 4,10.<\/div>\n","protected":false},"excerpt":{"rendered":"<p>B\u00f3kin og lambi\u00f0. 1\u00cd h\u00e6gri hendi \u00feess, er \u00ed h\u00e1s\u00e6tinu sat, s\u00e1 eg b\u00f3k, sem skrifu\u00f0 var b\u00e1\u00f0um megin og innsiglu\u00f0 me\u00f0 sj\u00f6 innsiglum.2\u00de\u00e1 s\u00e1 eg sterkan engil, sem kalla\u00f0i h\u00e1rri r\u00f6ddu: hv\u00f6r er \u00feess ver\u00f0ur a\u00f0 brj\u00f3ta fr\u00e1 innsiglin b\u00f3karinnar og opna hana.3En enginn var s\u00e1 \u00e1 himni e\u00f0a j\u00f6r\u00f0u e\u00f0a undir j\u00f6r\u00f0unni, sem opna\u00f0 g\u00e6ti b\u00f3kina og s\u00e9\u00f0 \u00ed hana.4Eg gr\u00e9t st\u00f3rum af \u00fev\u00ed, a\u00f0 enginn skyldi s\u00e1 finnast, sem ver\u00f0ugur v\u00e6ri a\u00f0 opna b\u00f3kina og l\u00edta \u00ed hana.5\u00de\u00e1 sag\u00f0i einn af \u00f6ldungunum vi\u00f0 mig: gr\u00e1t ekki! vit \u00fea\u00f0, a\u00f0 lj\u00f3ni\u00f0 af a) J\u00fad\u00e6 \u00e6ttkv\u00edsl, b) afspringur Dav\u00ed\u00f0s, <a href=\"https:\/\/biblian.is\/videy\/opinberunarbok-johannesar-5-kafli\/\"> [&#8230;]<\/a><\/p>\n","protected":false},"author":1,"featured_media":0,"parent":0,"menu_order":0,"comment_status":"open","ping_status":"open","template":"bibliukaflar.php","meta":{"footnotes":""},"class_list":["post-22021","page","type-page","status-publish","hentry"],"_links":{"self":[{"href":"https:\/\/biblian.is\/videy\/wp-json\/wp\/v2\/pages\/22021","targetHints":{"allow":["GET"]}}],"collection":[{"href":"https:\/\/biblian.is\/videy\/wp-json\/wp\/v2\/pages"}],"about":[{"href":"https:\/\/biblian.is\/videy\/wp-json\/wp\/v2\/types\/page"}],"author":[{"embeddable":true,"href":"https:\/\/biblian.is\/videy\/wp-json\/wp\/v2\/users\/1"}],"replies":[{"embeddable":true,"href":"https:\/\/biblian.is\/videy\/wp-json\/wp\/v2\/comments?post=22021"}],"version-history":[{"count":0,"href":"https:\/\/biblian.is\/videy\/wp-json\/wp\/v2\/pages\/22021\/revisions"}],"wp:attachment":[{"href":"https:\/\/biblian.is\/videy\/wp-json\/wp\/v2\/media?parent=22021"}],"curies":[{"name":"wp","href":"https:\/\/api.w.org\/{rel}","templated":true}]}}