{"id":22020,"date":"2018-01-02T01:05:13","date_gmt":"2018-01-02T01:05:13","guid":{"rendered":"http:\/\/biblian.is\/videy\/opinberunarbokin-4-kafli\/"},"modified":"2018-01-02T01:05:13","modified_gmt":"2018-01-02T01:05:13","slug":"opinberunarbok-johannesar-4-kafli","status":"publish","type":"page","link":"https:\/\/biblian.is\/videy\/opinberunarbok-johannesar-4-kafli\/","title":{"rendered":"Opinberunarb\u00f3k J\u00f3hannesar 4. kafli"},"content":{"rendered":"<div class=\"fyrirsognVidey\">J\u00f3hannes s\u00e9r d\u00fdr\u00f0 Gu\u00f0s.<\/div>\n<p><a name=\"1\"><span class=\"versanumer\">1<\/span><\/a>Eftir \u00feetta gat eg a\u00f0 l\u00edta hvar dyr lukust upp \u00e1 himni og s\u00fa raust, sem eg \u00e1\u00f0ur haf\u00f0i heyrt vi\u00f0 mig tala sem gjallanda l\u00fa\u00f0ur, sag\u00f0i: kom hinga\u00f0 upp, og mun eg s\u00fdna \u00fe\u00e9r, hva\u00f0 h\u00e9r eftir skal ske.<a name=\"2\"><span class=\"versanumer\">2<\/span><\/a>Eg <span class='VideyAth'>e)<\/span> var\u00f0 strax \u00ed anda og s\u00e1, a\u00f0 h\u00e1s\u00e6ti st\u00f3\u00f0 \u00e1 himni, og <span class='VideyAth'>f)<\/span> einhv\u00f6r sat \u00e1 \u00fev\u00ed;<a name=\"3\"><span class=\"versanumer\">3<\/span><\/a>s\u00e1 var \u00e1s\u00fdndum l\u00edkur jaspis og sardissteini og \u00ed kringum h\u00e1s\u00e6ti\u00f0 gekk regnbogi, sem smaragdus \u00e1 a\u00f0 sj\u00e1.<a name=\"4\"><span class=\"versanumer\">4<\/span><\/a>Umhverfis h\u00e1s\u00e6ti\u00f0 voru 24 h\u00e1s\u00e6ti og \u00e1 h\u00e1s\u00e6tunum s\u00e1 eg sitja 24 \u00f6ldunga, skr\u00fddda hv\u00edtum kl\u00e6\u00f0um og h\u00f6f\u00f0u \u00e1 h\u00f6f\u00f0um s\u00e9r gulllegar k\u00f3r\u00f3nur.<a name=\"5\"><span class=\"versanumer\">5<\/span><\/a>\u00dat fr\u00e1 h\u00e1s\u00e6tinu gengu eldingar, gn\u00fdhlj\u00f3\u00f0 og \u00ferumur, og sj\u00f6 logandi eldleg blys brunnu fyrir h\u00e1s\u00e6tinu, \u00fea\u00f0 eru \u00feeir sj\u00f6 andar Gu\u00f0s.<a name=\"6\"><span class=\"versanumer\">6<\/span><\/a>Frammi fyrir h\u00e1s\u00e6tinu var sem glersj\u00f3r, l\u00edkur krystalli; fyrir mi\u00f0ju h\u00e1s\u00e6tinu og umhverfis \u00fea\u00f0 v\u00f3ru fj\u00f6gur d\u00fdr, alsett augum \u00ed bak og fyrir.<a name=\"7\"><span class=\"versanumer\">7<\/span><\/a>Eitt d\u00fdri\u00f0 var l\u00edkt lj\u00f3ni, anna\u00f0 k\u00e1lfi, \u00feri\u00f0ja d\u00fdri\u00f0 haf\u00f0i mannsandlit, og \u00fea\u00f0 fj\u00f3r\u00f0a var l\u00edkt erni \u00e1 flugi.<a name=\"8\"><span class=\"versanumer\">8<\/span><\/a>\u00deau fj\u00f6gur d\u00fdrin h\u00f6f\u00f0u sex v\u00e6ngi hv\u00f6rt, alsetta augum umhverfis og innanvert. \u00deau k\u00f6llu\u00f0u \u00e1n afl\u00e1ts dag og n\u00f3tt: heilagur, heilagur, heilagur, Drottinn Gu\u00f0 alvaldi, s\u00e1, sem er og var og vera mun.<a name=\"9\"><span class=\"versanumer\">9<\/span><\/a>Og \u00feegar d\u00fdrin gjalda honum d\u00fdr\u00f0 og hei\u00f0ur og \u00feakkir, sem \u00e1 h\u00e1s\u00e6tinu situr, honum, sem lifir um aldir alda,<a name=\"10\"><span class=\"versanumer\">10<\/span><\/a>\u00fe\u00e1 falla \u00feeir 24 \u00f6ldungar fram fyrir \u00feeim, sem \u00e1 h\u00e1s\u00e6tinu situr, og tilbi\u00f0ja \u00feann, sem lifir um aldir alda, og varpa s\u00ednum k\u00f3r\u00f3num ni\u00f0ur fyrir h\u00e1s\u00e6tinu, og segja:<a name=\"11\"><span class=\"versanumer\">11<\/span><\/a>\u00fe\u00e9r, Drottinn! <span class='VideyAth'>g)<\/span> ber vegsemd, hei\u00f0ur og kraftur, \u00fev\u00ed \u00fe\u00fa hefir <span class='VideyAth'>h)<\/span> skapa\u00f0 alla hluti og fyrir \u00feinn vilja eru \u00feeir til or\u00f0nir og skapa\u00f0ir.<\/p>\n<div class=\"footnoteVidey\">V. 2. e. Kap. 1,10. f. Kap. 5,1.  V. 4. Kap. 11,16.  V. 7. Esek. 1,10.  V. 8. Esa. 6,3. Opinb. b. 1,4.8. 11,17.  V. 11. g. Kap. 5,12. b. Kap. 10,6. 14,7.<\/div>\n","protected":false},"excerpt":{"rendered":"<p>J\u00f3hannes s\u00e9r d\u00fdr\u00f0 Gu\u00f0s. 1Eftir \u00feetta gat eg a\u00f0 l\u00edta hvar dyr lukust upp \u00e1 himni og s\u00fa raust, sem eg \u00e1\u00f0ur haf\u00f0i heyrt vi\u00f0 mig tala sem gjallanda l\u00fa\u00f0ur, sag\u00f0i: kom hinga\u00f0 upp, og mun eg s\u00fdna \u00fe\u00e9r, hva\u00f0 h\u00e9r eftir skal ske.2Eg e) var\u00f0 strax \u00ed anda og s\u00e1, a\u00f0 h\u00e1s\u00e6ti st\u00f3\u00f0 \u00e1 himni, og f) einhv\u00f6r sat \u00e1 \u00fev\u00ed;3s\u00e1 var \u00e1s\u00fdndum l\u00edkur jaspis og sardissteini og \u00ed kringum h\u00e1s\u00e6ti\u00f0 gekk regnbogi, sem smaragdus \u00e1 a\u00f0 sj\u00e1.4Umhverfis h\u00e1s\u00e6ti\u00f0 voru 24 h\u00e1s\u00e6ti og \u00e1 h\u00e1s\u00e6tunum s\u00e1 eg sitja 24 \u00f6ldunga, skr\u00fddda hv\u00edtum kl\u00e6\u00f0um og h\u00f6f\u00f0u \u00e1 h\u00f6f\u00f0um s\u00e9r gulllegar <a href=\"https:\/\/biblian.is\/videy\/opinberunarbok-johannesar-4-kafli\/\"> [&#8230;]<\/a><\/p>\n","protected":false},"author":1,"featured_media":0,"parent":0,"menu_order":0,"comment_status":"open","ping_status":"open","template":"bibliukaflar.php","meta":{"footnotes":""},"class_list":["post-22020","page","type-page","status-publish","hentry"],"_links":{"self":[{"href":"https:\/\/biblian.is\/videy\/wp-json\/wp\/v2\/pages\/22020","targetHints":{"allow":["GET"]}}],"collection":[{"href":"https:\/\/biblian.is\/videy\/wp-json\/wp\/v2\/pages"}],"about":[{"href":"https:\/\/biblian.is\/videy\/wp-json\/wp\/v2\/types\/page"}],"author":[{"embeddable":true,"href":"https:\/\/biblian.is\/videy\/wp-json\/wp\/v2\/users\/1"}],"replies":[{"embeddable":true,"href":"https:\/\/biblian.is\/videy\/wp-json\/wp\/v2\/comments?post=22020"}],"version-history":[{"count":0,"href":"https:\/\/biblian.is\/videy\/wp-json\/wp\/v2\/pages\/22020\/revisions"}],"wp:attachment":[{"href":"https:\/\/biblian.is\/videy\/wp-json\/wp\/v2\/media?parent=22020"}],"curies":[{"name":"wp","href":"https:\/\/api.w.org\/{rel}","templated":true}]}}