{"id":22019,"date":"2018-01-02T01:05:13","date_gmt":"2018-01-02T01:05:13","guid":{"rendered":"http:\/\/biblian.is\/videy\/opinberunarbokin-3-kafli\/"},"modified":"2018-01-02T01:05:13","modified_gmt":"2018-01-02T01:05:13","slug":"opinberunarbok-johannesar-3-kafli","status":"publish","type":"page","link":"https:\/\/biblian.is\/videy\/opinberunarbok-johannesar-3-kafli\/","title":{"rendered":"Opinberunarb\u00f3k J\u00f3hannesar 3. kafli"},"content":{"rendered":"<div class=\"fyrirsognVidey\">Hva\u00f0 J\u00f3hannes \u00e1 a\u00f0 skrifa s\u00f6fnu\u00f0inum \u00ed Sardes, \u00ed F\u00edladelf\u00edu, \u00ed La\u00f3d\u00edseu.<\/div>\n<p><a name=\"1\"><span class=\"versanumer\">1<\/span><\/a>Skrifa \u00fe\u00fa engli safna\u00f0arins \u00ed Sardes: \u00feetta segir s\u00e1, sem <span class='VideyAth'>e)<\/span> hefir \u00fe\u00e1 sj\u00f6 anda Gu\u00f0s og <span class='VideyAth'>f)<\/span> \u00fe\u00e6r sj\u00f6 stj\u00f6rnur. Eg \u00feekki h\u00e1ttalag \u00feitt, a\u00f0 \u00fe\u00fa lifir a\u00f0 nafninu, en ert \u00fe\u00f3 dau\u00f0ur.<a name=\"2\"><span class=\"versanumer\">2<\/span><\/a>Vakna\u00f0u og styrk hi\u00f0 anna\u00f0, sem \u00e6tlar a\u00f0 deyja; \u00fev\u00ed eg hefi fundi\u00f0 margt \u00e1b\u00f3tavant \u00ed fari \u00fe\u00ednu fyrir Gu\u00f0s augliti.<a name=\"3\"><span class=\"versanumer\">3<\/span><\/a>Rifja\u00f0u upp fyrir \u00fe\u00e9r, hva\u00f0 \u00fe\u00fa hefir numi\u00f0 og heyrt, var\u00f0veit \u00fea\u00f0 og <span class='VideyAth'>g)<\/span> b\u00e6t r\u00e1\u00f0 \u00feitt; \u00fev\u00ed ef \u00fe\u00fa vakir ekki, mun <span class='VideyAth'>h)<\/span> eg koma a\u00f0 \u00fe\u00e9r eins og \u00fej\u00f3fur, svo \u00fe\u00fa skalt ekki vita, \u00e1 hv\u00f6rri stundu eg muni koma yfir \u00feig.<a name=\"4\"><span class=\"versanumer\">4<\/span><\/a>\u00de\u00f3 eru f\u00e1einir menn hj\u00e1 \u00fe\u00e9r \u00ed Sardes, sem ekki hafa saurga\u00f0 s\u00edn kl\u00e6\u00f0i; \u00feeir skulu vera hj\u00e1 m\u00e9r \u00ed hv\u00edtum b\u00faningi, \u00fev\u00ed \u00feeir eru \u00feess maklegir.<a name=\"5\"><span class=\"versanumer\">5<\/span><\/a>S\u00e1, sem sigrar, hann skal skr\u00fd\u00f0ast hv\u00edtum b\u00faningi, og hans nafn skal eg ekki afm\u00e1 af i) l\u00edfsb\u00f3kinni; eg skal k) kannast vi\u00f0 hans nafn fyrir m\u00ednum F\u00f6\u00f0ur og fyrir hans englum.<a name=\"6\"><span class=\"versanumer\">6<\/span><\/a>S\u00e1, sem eyra hefir, hann heyri hva\u00f0 andinn segir s\u00f6fnu\u00f0unum. <br \/><a name=\"7\"><span class=\"versanumer\">7<\/span><\/a>Skrifa \u00fe\u00fa engli safna\u00f0arins \u00ed F\u00edladelf\u00edu: \u00feetta segir s\u00e1 heilagi, s\u00e1 sanni, sem hefir lykil Dav\u00ed\u00f0s <span class='VideyAth'>l)<\/span>, hann, sem l\u00fdkur svo upp, a\u00f0 enginn <span class='VideyAth'>m)<\/span> l\u00e6sir aftur, og l\u00e6sir svo aftur, a\u00f0 enginn l\u00fdkur upp.<a name=\"8\"><span class=\"versanumer\">8<\/span><\/a>Eg \u00feekki \u00fe\u00edn verk; sj\u00e1! eg hefi loki\u00f0 svo upp dyrunum fyrir \u00fe\u00e9r, a\u00f0 enginn getur loka\u00f0 \u00feeim aftur; \u00fev\u00ed \u00fe\u00fa hefir l\u00edtinn m\u00e1tt, en hefir \u00fe\u00f3 haldi\u00f0 m\u00edn or\u00f0 og ekki afneita\u00f0 m\u00e9r.<a name=\"9\"><span class=\"versanumer\">9<\/span><\/a>Sj\u00e1! eg skal l\u00e1ta nokkra af Satans s\u00f6fnu\u00f0i, sem segjast vera Gu\u00f0s f\u00f3lk, en eru \u00fea\u00f0 \u00fe\u00f3 ekki, heldur lj\u00faga, eg skal l\u00e1ta \u00fe\u00e1 koma og kasta s\u00e9r fl\u00f6tum fyrir f\u00e6tur \u00fe\u00e9r, svo \u00feeir viti, a\u00f0 eg elska \u00feig.<a name=\"10\"><span class=\"versanumer\">10<\/span><\/a>Fyrir \u00fea\u00f0 a\u00f0 \u00fe\u00fa hefir var\u00f0veitt mitt bo\u00f0or\u00f0 um st\u00f6\u00f0uglyndi, skal eg l\u00edka var\u00f0veita \u00feig fr\u00e1 \u00feeim freistingart\u00edma, sem koma mun yfir allan heim til a\u00f0 reyna jar\u00f0arinnar innb\u00faa.<a name=\"11\"><span class=\"versanumer\">11<\/span><\/a>Eg <span class='VideyAth'>n)<\/span> kem br\u00e1\u00f0um; <span class='VideyAth'>o)<\/span> halt\u00fa fast \u00fev\u00ed, sem \u00fe\u00fa hefir, svo enginn taki fr\u00e1 \u00fe\u00e9r \u00fe\u00edna <span class='VideyAth'>p)<\/span> k\u00f3r\u00f3nu.<a name=\"12\"><span class=\"versanumer\">12<\/span><\/a>\u00deann, sem sigrar, skal eg gj\u00f6ra a\u00f0 m\u00e1ttartr\u00e9 \u00ed <span class='VideyAth'>q)<\/span> musteri m\u00edns Gu\u00f0s, og hann skal \u00fea\u00f0an aldrei \u00fat fara; eg skal skrifa \u00e1 hann nafn m\u00edns Gu\u00f0s og <span class='VideyAth'>r)<\/span> nafn hinnar n\u00fdju Jer\u00fasalem, borgar m\u00edns Gu\u00f0s, \u00feeirrar er kemur af himni ofan fr\u00e1 m\u00ednum Gu\u00f0i, og mitt n\u00fdja nafn.<a name=\"13\"><span class=\"versanumer\">13<\/span><\/a>Hv\u00f6r, sem eyra hefir, hann heyri hva\u00f0 andinn segir s\u00f6fnu\u00f0unum. <br \/><a name=\"14\"><span class=\"versanumer\">14<\/span><\/a>Skrifa \u00fe\u00fa engli safna\u00f0arins \u00ed La\u00f3d\u00edseu: \u00feetta segir s\u00e1 \u00f3brig\u00f0uli, s\u00e1 tr\u00fai og sanni votturinn, upphaf Gu\u00f0s sk\u00f6punar.<a name=\"15\"><span class=\"versanumer\">15<\/span><\/a>Eg \u00feekki h\u00e1ttalag \u00feitt, a\u00f0 \u00fe\u00fa ert hv\u00f6rki kaldur n\u00e9 heitur; betra v\u00e6ri, a\u00f0 \u00fe\u00fa v\u00e6rir anna\u00f0hv\u00f6rt kaldur e\u00f0a heitur;<a name=\"16\"><span class=\"versanumer\">16<\/span><\/a>en eins og \u00fe\u00fa ert n\u00fa, h\u00e1lfvolgur, hv\u00f6rki heitur n\u00e9 kaldur, mun eg skyrpa \u00fe\u00e9r \u00fat af m\u00ednum munni.<a name=\"17\"><span class=\"versanumer\">17<\/span><\/a>\u00de\u00fa segir: eg em <span class='VideyAth'>a)<\/span> r\u00edkur og vel au\u00f0ugur og \u00fearfnast einskis; en \u00fe\u00fa veist ekki, a\u00f0 \u00fe\u00fa ert ves\u00e6lingur, aumingi og f\u00e1t\u00e6klingur, blindur og <span class='VideyAth'>b)<\/span> nakinn.<a name=\"18\"><span class=\"versanumer\">18<\/span><\/a>Eg r\u00e6\u00f0 \u00fe\u00e9r a\u00f0 kaupa af m\u00e9r eldsk\u00edrt gull, svo \u00fe\u00fa ver\u00f0ir r\u00edkur, og hv\u00edt kl\u00e6\u00f0i til a\u00f0 sk\u00fdla \u00fe\u00e9r me\u00f0, svo a\u00f0 ekki augl\u00fdsist vanvir\u00f0a \u00fe\u00edns fatleysis; ber\u00f0\u00fa augnasmyrsl \u00e1 augu \u00fe\u00edn, svo \u00fe\u00fa ver\u00f0ir sj\u00e1andi.<a name=\"19\"><span class=\"versanumer\">19<\/span><\/a>Eg aga og vanda um vi\u00f0 \u00fe\u00e1, sem eg <span class='VideyAth'>c)<\/span> elska; legg \u00fe\u00fa \u00fev\u00ed allt kapp <span class='VideyAth'>d)<\/span> \u00e1 a\u00f0 b\u00e6ta r\u00e1\u00f0 \u00feitt.<a name=\"20\"><span class=\"versanumer\">20<\/span><\/a>Sj\u00e1\u00f0\u00fa! eg stend vi\u00f0 hur\u00f0ina og drep \u00e1 dyr; s\u00e1, sem heyrir raust m\u00edna og l\u00fdkur upp fyrir m\u00e9r, til hans mun eg innganga, og vi\u00f0 skulum eta kv\u00f6ldver\u00f0 saman.<a name=\"21\"><span class=\"versanumer\">21<\/span><\/a>\u00deann, sem sigrar, skal eg l\u00e1ta sitja hj\u00e1 m\u00e9r \u00ed m\u00ednu h\u00e1s\u00e6ti, eins og eg sj\u00e1lfur a\u00f0 unnum sigri settist hj\u00e1 m\u00ednum F\u00f6\u00f0ur \u00ed hans h\u00e1s\u00e6ti.<a name=\"22\"><span class=\"versanumer\">22<\/span><\/a>S\u00e1, sem hefir eyra, hann heyri hva\u00f0 andinn segir s\u00f6fnu\u00f0unum.<\/p>\n<div class=\"footnoteVidey\">V. 1. e. Kap. 1,4. 4,5. f. Kap. 1,16. Kap. 2,9.  V. 2. 1 Kor. 15,34. Ef. 5,14.  V. 3. g. Kap. 2,5. 3,19. h. Matt. 24,43. 1 Tess. 5,2. Opinb. b. 16,15.  V. 4. Kap. 4,4. 6,11.  V. 5. i. Fil. 4,3. L\u00fak. 12,8. Opinb. b. 20,12. k. Matt. 10,32.  V. 7. l. 1 J\u00f3h. 5,20. m. J\u00f3h. 12,14.  V. 9. R\u00f3m. 2,28. Opinb. b. 2,9.  V. 10. Post. g. b. 11,28.  V. 11. n. Fil. 4,5. Opinb. b. 1,3. o. Kap. 2,25. p. 1 Kor. 9,25.  V. 12. q. Kap. 14,1. 22,4. r. Kap. 21,2.10. Gal. 4,26. Hebr. 12,22.  V. 14. v. 7.  V. 17. a. 1 Kor. 4,8. Opinb. b. 2,9. b. Kap. 16,15.  V. 18. Kap. 16,15. 19,8.  V. 19. c. Job. 5,17. Or\u00f0skv. b. 3,12. Hebr. 12,6. d. Matt. 3,2. Opinb. b. 2,5.16.  V. 20. J\u00f3h. 14,21.23.  V. 21. Matt. 19,28. 1 Kor. 6,2. 2 T\u00edm. 2,12. J\u00f3h. 17,24.<\/div>\n","protected":false},"excerpt":{"rendered":"<p>Hva\u00f0 J\u00f3hannes \u00e1 a\u00f0 skrifa s\u00f6fnu\u00f0inum \u00ed Sardes, \u00ed F\u00edladelf\u00edu, \u00ed La\u00f3d\u00edseu. 1Skrifa \u00fe\u00fa engli safna\u00f0arins \u00ed Sardes: \u00feetta segir s\u00e1, sem e) hefir \u00fe\u00e1 sj\u00f6 anda Gu\u00f0s og f) \u00fe\u00e6r sj\u00f6 stj\u00f6rnur. Eg \u00feekki h\u00e1ttalag \u00feitt, a\u00f0 \u00fe\u00fa lifir a\u00f0 nafninu, en ert \u00fe\u00f3 dau\u00f0ur.2Vakna\u00f0u og styrk hi\u00f0 anna\u00f0, sem \u00e6tlar a\u00f0 deyja; \u00fev\u00ed eg hefi fundi\u00f0 margt \u00e1b\u00f3tavant \u00ed fari \u00fe\u00ednu fyrir Gu\u00f0s augliti.3Rifja\u00f0u upp fyrir \u00fe\u00e9r, hva\u00f0 \u00fe\u00fa hefir numi\u00f0 og heyrt, var\u00f0veit \u00fea\u00f0 og g) b\u00e6t r\u00e1\u00f0 \u00feitt; \u00fev\u00ed ef \u00fe\u00fa vakir ekki, mun h) eg koma a\u00f0 \u00fe\u00e9r eins og \u00fej\u00f3fur, svo \u00fe\u00fa skalt ekki <a href=\"https:\/\/biblian.is\/videy\/opinberunarbok-johannesar-3-kafli\/\"> [&#8230;]<\/a><\/p>\n","protected":false},"author":1,"featured_media":0,"parent":0,"menu_order":0,"comment_status":"open","ping_status":"open","template":"bibliukaflar.php","meta":{"footnotes":""},"class_list":["post-22019","page","type-page","status-publish","hentry"],"_links":{"self":[{"href":"https:\/\/biblian.is\/videy\/wp-json\/wp\/v2\/pages\/22019","targetHints":{"allow":["GET"]}}],"collection":[{"href":"https:\/\/biblian.is\/videy\/wp-json\/wp\/v2\/pages"}],"about":[{"href":"https:\/\/biblian.is\/videy\/wp-json\/wp\/v2\/types\/page"}],"author":[{"embeddable":true,"href":"https:\/\/biblian.is\/videy\/wp-json\/wp\/v2\/users\/1"}],"replies":[{"embeddable":true,"href":"https:\/\/biblian.is\/videy\/wp-json\/wp\/v2\/comments?post=22019"}],"version-history":[{"count":0,"href":"https:\/\/biblian.is\/videy\/wp-json\/wp\/v2\/pages\/22019\/revisions"}],"wp:attachment":[{"href":"https:\/\/biblian.is\/videy\/wp-json\/wp\/v2\/media?parent=22019"}],"curies":[{"name":"wp","href":"https:\/\/api.w.org\/{rel}","templated":true}]}}