{"id":22018,"date":"2018-01-02T01:05:13","date_gmt":"2018-01-02T01:05:13","guid":{"rendered":"http:\/\/biblian.is\/videy\/opinberunarbokin-2-kafli\/"},"modified":"2018-01-02T01:05:13","modified_gmt":"2018-01-02T01:05:13","slug":"opinberunarbok-johannesar-2-kafli","status":"publish","type":"page","link":"https:\/\/biblian.is\/videy\/opinberunarbok-johannesar-2-kafli\/","title":{"rendered":"Opinberunarb\u00f3k J\u00f3hannesar 2. kafli"},"content":{"rendered":"<div class=\"fyrirsognVidey\">Hva\u00f0 J\u00f3hannes \u00e1 a\u00f0 skrifa s\u00f6fnu\u00f0inum \u00ed Efesus, \u00ed Smyrna, \u00ed Pergamus, \u00ed T\u00fdat\u00edru.<\/div>\n<p><a name=\"1\"><span class=\"versanumer\">1<\/span><\/a>Skrifa \u00fe\u00fa engli safna\u00f0arins \u00ed Efesus: \u00feetta segir s\u00e1, sem heldur \u00e1 \u00feeim sj\u00f6 stj\u00f6rnum \u00ed sinni h\u00e6gri hendi og gengur me\u00f0al \u00feeirra sj\u00f6 gulllegu lj\u00f3sastikna.<a name=\"2\"><span class=\"versanumer\">2<\/span><\/a>Eg \u00feekki \u00fe\u00edn <span class='VideyAth'>l)<\/span> verk, \u00fe\u00edna m\u00e6\u00f0u og \u00feolg\u00e6\u00f0i, og veit, a\u00f0 \u00fe\u00fa ekki l\u00ed\u00f0ur \u00fe\u00e1, sem vondir eru; \u00fe\u00fa hefir <span class='VideyAth'>m)<\/span> pr\u00f3fa\u00f0 \u00fe\u00e1, sem hafa \u00fe\u00f3st vera postular, en v\u00f3ru \u00fea\u00f0 \u00fe\u00f3 ekki, og hefir fundi\u00f0, a\u00f0 \u00feeir v\u00f3ru lygarar.<a name=\"3\"><span class=\"versanumer\">3<\/span><\/a>\u00de\u00fa hefir samt haft \u00feolinm\u00e6\u00f0i og umbori\u00f0 \u00fe\u00e1 m\u00edn vegna og ekki \u00fereyst.<a name=\"4\"><span class=\"versanumer\">4<\/span><\/a>En \u00fea\u00f0 \u00feyki m\u00e9r a\u00f0 \u00fe\u00e9r, a\u00f0 \u00fe\u00fa hefir sleppt \u00fe\u00ednum fyrri k\u00e6rleika.<a name=\"5\"><span class=\"versanumer\">5<\/span><\/a>G\u00e1\u00f0u \u00fev\u00ed a\u00f0, hv\u00f6rju \u00fe\u00fa hefir sleppt, sj\u00e1\u00f0u a\u00f0 \u00fe\u00e9r og breyttu eins og fyrrum; ellegar skal eg br\u00e1\u00f0um koma, og \u00feoka \u00feinni lj\u00f3sastiku \u00far sta\u00f0, nema \u00fe\u00fa sj\u00e1ir a\u00f0 \u00fe\u00e9r.<a name=\"6\"><span class=\"versanumer\">6<\/span><\/a>En \u00feess m\u00e1ttu \u00fe\u00f3 nj\u00f3ta, a\u00f0 \u00fe\u00fa hatar ath\u00e6fi \u00feeirra Nikolaita, eins og eg.<a name=\"7\"><span class=\"versanumer\">7<\/span><\/a>Hv\u00f6r, sem <span class='VideyAth'>n)<\/span> eyru hefir, hann heyri hva\u00f0 andinn segir s\u00f6fnu\u00f0unum: \u00feeim, <span class='VideyAth'>o)<\/span> sem sigrar, mun eg gefa a\u00f0 eta <span class='VideyAth'>p)<\/span> af l\u00edfsins tr\u00e9, \u00fev\u00ed er stendur \u00ed aldingar\u00f0i m\u00edns Gu\u00f0s. <br \/><a name=\"8\"><span class=\"versanumer\">8<\/span><\/a>Skrifa \u00fe\u00fa engli safna\u00f0arins \u00ed Smyrna: \u00feetta segir s\u00e1 <span class='VideyAth'>a)<\/span> fyrsti og s\u00ed\u00f0asti, s\u00e1 sem d\u00f3 og <span class='VideyAth'>b)<\/span> endurlifna\u00f0i,<a name=\"9\"><span class=\"versanumer\">9<\/span><\/a>eg \u00feekki <span class='VideyAth'>c)<\/span> \u00fe\u00edn verk, \u00fer\u00f6ng \u00fe\u00edna og f\u00e1t\u00e6kt <span class='VideyAth'>(en \u00fe\u00fa ert samt d) r\u00edkur)<\/span> og lastm\u00e6li \u00feeirra gegn \u00fe\u00e9r, sem kalla sig <span class='VideyAth'>e)<\/span> Gy\u00f0inga, en eru \u00fea\u00f0 \u00fe\u00f3 ekki, heldur s\u00f6fnu\u00f0ur Satans.<a name=\"10\"><span class=\"versanumer\">10<\/span><\/a><span class='VideyAth'>f)<\/span> Kv\u00edddu ekki \u00fev\u00ed m\u00f3tl\u00e6ti, sem \u00fe\u00fa \u00e1tt fyrir h\u00f6ndum: sj\u00e1, dj\u00f6fullinn mun varpa nokkrum y\u00f0ar \u00ed fangelsi til a\u00f0 freistast, og \u00fe\u00e9r munu\u00f0 \u00ferengingu hafa \u00ed 10 daga. <span class='VideyAth'>g)<\/span> Vertu tr\u00far allt til dau\u00f0ans, \u00fe\u00e1 skal eg gefa \u00fe\u00e9r <span class='VideyAth'>h)<\/span> l\u00edfsins k\u00f3r\u00f3nu.<a name=\"11\"><span class=\"versanumer\">11<\/span><\/a>Hv\u00f6r, sem <span class='VideyAth'>i)<\/span> eyru hefir, hann heyri hva\u00f0 andinn segir s\u00f6fnu\u00f0unum: \u00feeim, sem sigrar, honum skal s\u00e1 <span class='VideyAth'>k)<\/span> annar dau\u00f0i ekkert granda. <br \/><a name=\"12\"><span class=\"versanumer\">12<\/span><\/a>Skrifa \u00fe\u00fa engli safna\u00f0arins \u00ed Pergamus: \u00feetta segir s\u00e1, sem hefir \u00fea\u00f0 tv\u00edeggja\u00f0a bitra sver\u00f0:<a name=\"13\"><span class=\"versanumer\">13<\/span><\/a>eg \u00feekki \u00fe\u00edn verk, og veit, a\u00f0 \u00fe\u00fa b\u00fdr \u00fear, sem <span class='VideyAth'>l)<\/span> Satans h\u00e1s\u00e6ti er. Samt <span class='VideyAth'>m)<\/span> heldur \u00fe\u00fa st\u00f6\u00f0ugt vi\u00f0 mitt nafn og hefir ekki afneita\u00f0 minni tr\u00fa, jafnvel ekki \u00e1 \u00feeim d\u00f6gum, er minn <span class='VideyAth'>n)<\/span> tr\u00fafasti vottur Ant\u00edpas var uppi, hv\u00f6r e\u00f0 l\u00edfl\u00e1tinn var hj\u00e1 y\u00f0ur, \u00fear, sem Satan b\u00fdr.<a name=\"14\"><span class=\"versanumer\">14<\/span><\/a>\u00de\u00f3 \u00feyki m\u00e9r f\u00e1tt eitt a\u00f0 \u00fe\u00e9r, a\u00f0 nokkrir eru \u00feeir hj\u00e1 \u00fe\u00e9r, sem halda vi\u00f0 kenningu Balaams, \u00feess er kenndi Balak a\u00f0 t\u00e6la \u00cdsraelsmenn til a\u00f0 eta afgu\u00f0af\u00f3rnir og dr\u00fdgja saurlifna\u00f0;<a name=\"15\"><span class=\"versanumer\">15<\/span><\/a>allt eins hefir \u00fe\u00fa nokkra hj\u00e1 \u00fe\u00e9r, sem halda vi\u00f0 kenningu Nikolaitanna.<a name=\"16\"><span class=\"versanumer\">16<\/span><\/a><span class='VideyAth'>o)<\/span> Sj\u00e1\u00f0u \u00fev\u00ed a\u00f0 \u00fe\u00e9r, ellegar mun eg br\u00e1\u00f0um koma, og <span class='VideyAth'>p)<\/span> vega a\u00f0 \u00feeim me\u00f0 <span class='VideyAth'>q)<\/span> sver\u00f0i m\u00edns munns.<a name=\"17\"><span class=\"versanumer\">17<\/span><\/a>Hv\u00f6r, <span class='VideyAth'>r)<\/span> sem eyru hefir, heyri hva\u00f0 andinn segir s\u00f6fnu\u00f0unum: \u00feeim, sem <span class='VideyAth'>s)<\/span> sigrar, skal eg gefa a\u00f0 eta af \u00fev\u00ed <span class='VideyAth'>t)<\/span> hulda himnabrau\u00f0i; eg skal gefa honum hv\u00edtan hlut me\u00f0 \u00e1skrifu\u00f0u <span class='VideyAth'>u)<\/span> n\u00fdju nafni, sem enginn \u00feekkir, nema s\u00e1, er vi\u00f0tekur. <br \/><a name=\"18\"><span class=\"versanumer\">18<\/span><\/a>Skrifa \u00fe\u00fa engli safna\u00f0arins \u00ed T\u00fdat\u00edru: \u00feetta segir Gu\u00f0s Sonur, hv\u00f6rs augu eru sem eldslogi, og hv\u00f6rs f\u00e6tur eru sem l\u00e1t\u00fan.<a name=\"19\"><span class=\"versanumer\">19<\/span><\/a>Eg \u00feekki \u00fe\u00edn verk, \u00fe\u00edna elsku, tr\u00famennsku og \u00fej\u00f3nustu og \u00feitt st\u00f6\u00f0uglyndi; \u00fe\u00edn s\u00ed\u00f0ari g\u00f3\u00f0verk eru fleiri en hin fyrri.<a name=\"20\"><span class=\"versanumer\">20<\/span><\/a>En \u00fea\u00f0 \u00feykir m\u00e9r a\u00f0 \u00fe\u00e9r, a\u00f0 \u00fe\u00fa leyfir Jessabel konu \u00feinni, sem \u00feykist vera sp\u00e1kona og afvegalei\u00f0ir m\u00edna \u00fej\u00f3na me\u00f0 s\u00ednum kenningum, a\u00f0 dr\u00fdgja saurlifna\u00f0 og eta afgu\u00f0a f\u00f3rnir.<a name=\"21\"><span class=\"versanumer\">21<\/span><\/a>Eg hefi gefi\u00f0 henni frest til a\u00f0 sj\u00e1 a\u00f0 s\u00e9r, en h\u00fan vill \u00fe\u00f3 ekki l\u00e1ta af s\u00ednum saurlifna\u00f0i.<a name=\"22\"><span class=\"versanumer\">22<\/span><\/a>Sj\u00e1! eg mun kasta henni \u00ed rekkju, og \u00feeim, sem h\u00f3rast me\u00f0 henni, \u00ed miklar \u00ferengingar, ef \u00feeir b\u00e6ta ekki r\u00e1\u00f0 sitt.<a name=\"23\"><span class=\"versanumer\">23<\/span><\/a>B\u00f6rnum hennar skal eg me\u00f0 dau\u00f0a tort\u00fdna, svo allir s\u00f6fnu\u00f0ir viti, a\u00f0 eg em s\u00e1, <span class='VideyAth'>v)<\/span> sem rannsaka hj\u00f6rtun og n\u00fdrun; og s\u00e9rhv\u00f6rjum y\u00f0ar <span class='VideyAth'>x)<\/span> skal eg gjalda eftir hans verkum.<a name=\"24\"><span class=\"versanumer\">24<\/span><\/a>En y\u00f0ur segi eg, hinum \u00f6\u00f0rum \u00ed T\u00fdtat\u00edru, sem ekki haldi\u00f0 vi\u00f0 \u00feessa kenningu, og ekki hafi\u00f0 kanna\u00f0 dj\u00fap Satans, sem \u00feeir svo kalla; upp \u00e1 y\u00f0ur skal eg enga a\u00f0ra byr\u00f0i leggja,<a name=\"25\"><span class=\"versanumer\">25<\/span><\/a>en haldi\u00f0 \u00fev\u00ed, sem \u00fe\u00e9r hafi\u00f0, \u00fear til eg kem.<a name=\"26\"><span class=\"versanumer\">26<\/span><\/a>\u00deeim, sem <span class='VideyAth'>a)<\/span> sigrar og heldur til enda m\u00edn bo\u00f0or\u00f0, skal <span class='VideyAth'>b)<\/span> eg gefa vald yfir hei\u00f0num \u00fej\u00f3\u00f0um;<a name=\"27\"><span class=\"versanumer\">27<\/span><\/a>hann skal <span class='VideyAth'>c)<\/span> r\u00edkja yfir \u00feeim me\u00f0 j\u00e1rnsprota, og \u00feeir skulu sundurmolast eins og leirker; \u00fev\u00edl\u00edkt vald <span class='VideyAth'>d)<\/span> f\u00e9kk eg l\u00edka hj\u00e1 m\u00ednum F\u00f6\u00f0ur.<a name=\"28\"><span class=\"versanumer\">28<\/span><\/a>Og eg skal gefa honum morgunstj\u00f6rnuna.<a name=\"29\"><span class=\"versanumer\">29<\/span><\/a>Hv\u00f6r, sem eyra hefir, hann heyri hva\u00f0 andinn segir s\u00f6fnu\u00f0unum.<\/p>\n<div class=\"footnoteVidey\">V. 1. Kap. 1,13.16.20.  V. 2. l. 1 Tess. 1,3. Opinb. b. 2,9.13.19. m. 1 J\u00f3h. 4,1.2.  V. 3. Hebr. 10,36.  V. 4. v. 14.20.  V. 5. Mark. 1,15.  V. 6. sbr. v. 14.15. V. 7. n. Matt. 11,15. Opinb. b. 3,6. o. v. 17.26. p. 1 M\u00f3s. b. 2,9. Opinb. b. 22,2.  V. 8. a. Esa. 41,4. 48,12. Opinb. b. 1,11. b. v. 18.  V. 9. c. v. 2. d. Kap. 3,17. e. \u00fe. e. Gu\u00f0s f\u00f3lk. R\u00f3m. 2,17. J\u00f3h. 8,39.  V. 10. f. Matt. 10,28. g. Matt. 10,22. Hebr. 3,14. Opinb. b. 3,11. h. 1 Kor. 9,25. 2 T\u00edm. 4,7.8. Jak. 1,12.  V. 11. i. Matt. 11,15. 13,9. k. Kap. 20,14. 21,8.  V. 12. Kap. 1,16. Hebr. 4,12.  V. 13. l. Kap. 13,2. m. Kap. 3,8. n. Kap. 1,5.  V. 14. 4 M\u00f3s. 22,5. 25,2. 31,16. J\u00fad. v. 11.  V. 15. v. 6.  V. 16. o. Matt. 3,2. p. Kap. 19,15.21. q. Esa. 11,4. 49,2. 2 Tess. 2,8. Opinb. b. 1,16.  V. 17. r. v. 7.11. s. v. 26. t. J\u00f3h. 6,50.51. u. Opb. b. 3,12.  V. 18. Kap. 1,14.15.  V. 19. v. 2.9.13.  V. 20. Post. g. b. 15,20. 1 Kor. 10,19.20.  V. 21. Spek. b. 10,12. R\u00f3m. 2,4.  V. 22. Kap. 18,9.  V. 23. v. S\u00e1lm. 7,10. Jer. 11,20. J\u00f3h. 2,24.25. x. S\u00e1lm. 62,13. R\u00f3m. 2,6.  V. 25. Kap. 3,11.  V. 26. a. v. 7.11.17. b. S\u00e1lm. 2,8. 1 Kor. 6,2.  V. 27. c. Kap. 12,5. 19,15. d. Kap. 3,21. L\u00fak. 22,29.  V. 28. 2 P\u00e9t. 1,19. Opinb. b. 22,16.  V. 29. Kap. 3,6.<\/div>\n","protected":false},"excerpt":{"rendered":"<p>Hva\u00f0 J\u00f3hannes \u00e1 a\u00f0 skrifa s\u00f6fnu\u00f0inum \u00ed Efesus, \u00ed Smyrna, \u00ed Pergamus, \u00ed T\u00fdat\u00edru. 1Skrifa \u00fe\u00fa engli safna\u00f0arins \u00ed Efesus: \u00feetta segir s\u00e1, sem heldur \u00e1 \u00feeim sj\u00f6 stj\u00f6rnum \u00ed sinni h\u00e6gri hendi og gengur me\u00f0al \u00feeirra sj\u00f6 gulllegu lj\u00f3sastikna.2Eg \u00feekki \u00fe\u00edn l) verk, \u00fe\u00edna m\u00e6\u00f0u og \u00feolg\u00e6\u00f0i, og veit, a\u00f0 \u00fe\u00fa ekki l\u00ed\u00f0ur \u00fe\u00e1, sem vondir eru; \u00fe\u00fa hefir m) pr\u00f3fa\u00f0 \u00fe\u00e1, sem hafa \u00fe\u00f3st vera postular, en v\u00f3ru \u00fea\u00f0 \u00fe\u00f3 ekki, og hefir fundi\u00f0, a\u00f0 \u00feeir v\u00f3ru lygarar.3\u00de\u00fa hefir samt haft \u00feolinm\u00e6\u00f0i og umbori\u00f0 \u00fe\u00e1 m\u00edn vegna og ekki \u00fereyst.4En \u00fea\u00f0 \u00feyki m\u00e9r a\u00f0 \u00fe\u00e9r, a\u00f0 \u00fe\u00fa hefir <a href=\"https:\/\/biblian.is\/videy\/opinberunarbok-johannesar-2-kafli\/\"> [&#8230;]<\/a><\/p>\n","protected":false},"author":1,"featured_media":0,"parent":0,"menu_order":0,"comment_status":"open","ping_status":"open","template":"bibliukaflar.php","meta":{"footnotes":""},"class_list":["post-22018","page","type-page","status-publish","hentry"],"_links":{"self":[{"href":"https:\/\/biblian.is\/videy\/wp-json\/wp\/v2\/pages\/22018","targetHints":{"allow":["GET"]}}],"collection":[{"href":"https:\/\/biblian.is\/videy\/wp-json\/wp\/v2\/pages"}],"about":[{"href":"https:\/\/biblian.is\/videy\/wp-json\/wp\/v2\/types\/page"}],"author":[{"embeddable":true,"href":"https:\/\/biblian.is\/videy\/wp-json\/wp\/v2\/users\/1"}],"replies":[{"embeddable":true,"href":"https:\/\/biblian.is\/videy\/wp-json\/wp\/v2\/comments?post=22018"}],"version-history":[{"count":0,"href":"https:\/\/biblian.is\/videy\/wp-json\/wp\/v2\/pages\/22018\/revisions"}],"wp:attachment":[{"href":"https:\/\/biblian.is\/videy\/wp-json\/wp\/v2\/media?parent=22018"}],"curies":[{"name":"wp","href":"https:\/\/api.w.org\/{rel}","templated":true}]}}