{"id":22017,"date":"2018-01-02T01:05:13","date_gmt":"2018-01-02T01:05:13","guid":{"rendered":"http:\/\/biblian.is\/videy\/opinberunarbokin-1-kafli\/"},"modified":"2018-01-02T01:05:13","modified_gmt":"2018-01-02T01:05:13","slug":"opinberunarbok-johannesar-1-kafli","status":"publish","type":"page","link":"https:\/\/biblian.is\/videy\/opinberunarbok-johannesar-1-kafli\/","title":{"rendered":"Opinberunarb\u00f3k J\u00f3hannesar 1. kafli"},"content":{"rendered":"<div class=\"fyrirsognVidey\">Inngangurinn. J\u00f3hannesi er skipa\u00f0 a\u00f0 skrifa \u00feeim sj\u00f6 s\u00f6fnu\u00f0um \u00ed As\u00edu s\u00edna vitrun.<\/div>\n<p><a name=\"1\"><span class=\"versanumer\">1<\/span><\/a>Opinberan Jes\u00fas Krists, hv\u00f6rja Gu\u00f0 hefir gefi\u00f0 honum til a\u00f0 s\u00fdna s\u00ednum \u00fej\u00f3num \u00fea\u00f0, sem ske skal innan skamms og hann sendi sinn engil og l\u00e9t hann s\u00fdna \u00fea\u00f0 J\u00f3hannesi, s\u00ednum \u00fej\u00f3ni,<a name=\"2\"><span class=\"versanumer\">2<\/span><\/a>hv\u00f6r e\u00f0 kunngj\u00f6r\u00f0i Gu\u00f0s or\u00f0 og vitnisbur\u00f0inn um Jes\u00fam Krist, eins og hann vissi.<span class='VideyAth'>a)<\/span><a name=\"3\"><span class=\"versanumer\">3<\/span><\/a>S\u00e6ll er s\u00e1, sem les \u00feessi sp\u00e1d\u00f3msor\u00f0, og \u00feeir, sem heyra \u00feau og geyma \u00fea\u00f0, sem \u00fear \u00ed er skrifa\u00f0; \u00fev\u00ed <span class='VideyAth'>b)<\/span> t\u00edminn er n\u00e1l\u00e6gur.<a name=\"4\"><span class=\"versanumer\">4<\/span><\/a>J\u00f3hannes heilsar \u00feeim <span class='VideyAth'>c)<\/span> sj\u00f6 s\u00f6fnu\u00f0um \u00ed As\u00edu: <span class='VideyAth'>d)<\/span> n\u00e1\u00f0 s\u00e9 me\u00f0 y\u00f0ur og fri\u00f0ur <span class='VideyAth'>e)<\/span> af \u00feeim, sem er, og \u00feeim, sem var, og \u00feeim, sem koma mun, og af \u00feeim sj\u00f6 \u00f6ndum, sem eru frammi fyrir hans h\u00e1s\u00e6ti, <span class='VideyAth'>f)<\/span><a name=\"5\"><span class=\"versanumer\">5<\/span><\/a>og af Jes\u00fa Kristi, \u00feeim tr\u00faa vottinum, <span class='VideyAth'>g)<\/span> frumbur\u00f0i framli\u00f0inna <span class='VideyAth'>h)<\/span>, h\u00f6f\u00f0ingja jar\u00f0arinnar konunga, honum, sem <span class='VideyAth'>i)<\/span> elska\u00f0i oss og <span class='VideyAth'>k)<\/span> \u00fevo\u00f0i oss af vorum syndum me\u00f0 s\u00ednu bl\u00f3\u00f0i,<a name=\"6\"><span class=\"versanumer\">6<\/span><\/a>og hefir gj\u00f6rt oss a\u00f0 konungad\u00f3mi, a\u00f0 kennim\u00f6nnum s\u00edns Gu\u00f0s og F\u00f6\u00f0urs; honum s\u00e9 d\u00fdr\u00f0 og kraftur um aldir alda, Amen!<a name=\"7\"><span class=\"versanumer\">7<\/span><\/a>Sj\u00e1, hann kemur <span class='VideyAth'>l)<\/span> \u00ed sk\u00fdjunum, og hv\u00f6rt auga <span class='VideyAth'>m)<\/span> mun sj\u00e1 hann, eins \u00feeir, sem hann gegnumstungu, og allar kynkv\u00edslir jar\u00f0arinnar munu fyrir honum skelfast; j\u00e1, vissulega mun svo ver\u00f0a.<a name=\"8\"><span class=\"versanumer\">8<\/span><\/a>Eg em A og \u00d6, segir Gu\u00f0 Drottinn, s\u00e1, sem er og var og koma mun, s\u00e1 alvaldi. <br \/><a name=\"9\"><span class=\"versanumer\">9<\/span><\/a>Eg J\u00f3hannes, y\u00f0ar br\u00f3\u00f0ir og \u00e1samt y\u00f0ur hluttakandi \u00ed \u00ferengingu, \u00ed r\u00edki og eftirv\u00e6ntingu Jes\u00fa Krists, eg var \u00e1 \u00feeirri eyju, sem kallast Patmus, fyrir sakir Gu\u00f0s or\u00f0s og vitnisbur\u00f0ar Jes\u00fa Krists.<a name=\"10\"><span class=\"versanumer\">10<\/span><\/a>Eg <span class='VideyAth'>a)<\/span> var \u00ed anda \u00e1 Drottins degi, og <span class='VideyAth'>b)<\/span> heyr\u00f0i \u00e1 bak m\u00e9r mikla raustu, sem l\u00fa\u00f0ur gylli; h\u00fan sag\u00f0i:<a name=\"11\"><span class=\"versanumer\">11<\/span><\/a>skrifa \u00fe\u00fa \u00ed b\u00f3k \u00fea\u00f0, sem \u00fe\u00fa s\u00e9r, og send \u00fea\u00f0 \u00feeim sj\u00f6 s\u00f6fnu\u00f0um \u00ed Efesus, Smyrna, Pergamus, Tyat\u00edra, Sardes, F\u00edladelf\u00edu og La\u00f3d\u00edseu.<a name=\"12\"><span class=\"versanumer\">12<\/span><\/a>Eg sneri m\u00e9r vi\u00f0, til a\u00f0 vita hva\u00f0a raust \u00fea\u00f0 v\u00e6ri, sem vi\u00f0 mig tala\u00f0i, og sem eg sneri m\u00e9r vi\u00f0, s\u00e1 eg sj\u00f6 lj\u00f3sastikur gulllegar,<a name=\"13\"><span class=\"versanumer\">13<\/span><\/a>og me\u00f0al \u00feeirra sj\u00f6 <span class='VideyAth'>c)<\/span> lj\u00f3sastikna einhv\u00f6rn l\u00edkan <span class='VideyAth'>d)<\/span> mannssyni; hann var \u00ed sk\u00f3s\u00ed\u00f0u kl\u00e6\u00f0i, og spennt gullbelti um bringuna;<a name=\"14\"><span class=\"versanumer\">14<\/span><\/a><span class='VideyAth'>e)<\/span> h\u00f6fu\u00f0 hans og h\u00e1r var hv\u00edtt, eins og hv\u00edt ull, eins og mj\u00f6ll; hans <span class='VideyAth'>f)<\/span> augu v\u00f3ru sem elds logi;<a name=\"15\"><span class=\"versanumer\">15<\/span><\/a>hans f\u00e6tur, sem gl\u00f3andi l\u00e1t\u00fan \u00ed eldsofni; hans m\u00e1lr\u00f3mur sem ni\u00f0ur margra vatnsfalla.<a name=\"16\"><span class=\"versanumer\">16<\/span><\/a>Hann haf\u00f0i <span class='VideyAth'>g)<\/span> sj\u00f6 stj\u00f6rnur \u00ed sinni h\u00e6gri hendi, og af hans munni gekk <span class='VideyAth'>h)<\/span> tv\u00edeggja\u00f0 sver\u00f0 biturt; af hans <span class='VideyAth'>i)<\/span> andliti lj\u00f3ma\u00f0i sem af s\u00f3lu, \u00fe\u00e1 h\u00fan sk\u00edn \u00ed krafti s\u00ednum.<a name=\"17\"><span class=\"versanumer\">17<\/span><\/a>En \u00fe\u00e1 eg s\u00e1 hann, f\u00e9ll eg fyrir f\u00e6tur honum, sem dau\u00f0ur v\u00e6ri; hann lag\u00f0i \u00fe\u00e1 s\u00edna h\u00e6gri h\u00f6nd yfir mig, og sag\u00f0i:<a name=\"18\"><span class=\"versanumer\">18<\/span><\/a>hr\u00e6\u00f0stu ekki, eg em hinn fyrsti og s\u00ed\u00f0asti og s\u00e1 lifandi; eg d\u00f3, en sj\u00e1, eg lifi um aldir alda; og eg <span class='VideyAth'>k)<\/span> hefi lykla dau\u00f0ans og undirheima.<a name=\"19\"><span class=\"versanumer\">19<\/span><\/a>Skrifa \u00fev\u00ed hva\u00f0 \u00fe\u00fa s\u00e9\u00f0 hefir, b\u00e6\u00f0i \u00fea\u00f0, sem er, og hva\u00f0 h\u00e9r eftir skal ske.<a name=\"20\"><span class=\"versanumer\">20<\/span><\/a>\u00deessi er leyndard\u00f3murinn \u00feeirra sj\u00f6 stjarna, sem \u00fe\u00fa hefir s\u00e9\u00f0 \u00ed minni h\u00e6gri hendi, og \u00feeirra sj\u00f6 gulllegu lj\u00f3sastikna: \u00fe\u00e6r sj\u00f6 stj\u00f6rnur eru englar \u00feeirra sj\u00f6 safna\u00f0a, en \u00fe\u00e6r sj\u00f6 lj\u00f3sastikur eru \u00feeir sj\u00f6 safna\u00f0ir.<\/p>\n<div class=\"footnoteVidey\">V. 1. v. 19. Kap. 22,6.7.  V. 2. Kap. 6,9. 1 J\u00f3h. 1,1.  V. 3. a. Kap. 22,7. b. R\u00f3m. 13,11. 1 P\u00e9t. 4,7. Jak. 5,8. Opinb. b. 22,10.  V. 4. c. v. 11. d. R\u00f3m. 1,7. e. 2 M\u00f3s. b. 3,14. Opinb. b. 1,8. 4,8. 11,17. 16,5. Hebr. 13,8. f. 3,1.  V. 5. g. K\u00f3l. 1,18. 1 Kor. 15,20. h. Opinb. b. 17,14. 19,16. i. Gal. 2,20. Opin. b. 5,8. k. 1 P\u00e9t. 1,18.19. 1 J\u00f3h. 1,7.  V. 6. Esa. 61,6. 1 P\u00e9t. 2,5.9. Opinb. b. 5,10.  V. 7. l. Dan. 7,13. Post. gb. 1,11. m. J\u00f3h. 19,37.  V. 8. Kap. 22,13. V. 9. R\u00f3m. 8,17.  V. 10. a. Kap. 4,2. b. Kap. 10,3.8.  V. 12. 2 M\u00f3s. b. 25,37.  V. 13. c. Kap. 2,1. d. Esa. 1,26. Dan. 7,13. Opinb. b. 15,6.  V. 14. e. Dan. 7,9. f. Kap. 2,18. 19,12.  V. 15. Kap. 14,2. 19,6.  V. 16. g. Kap. 1,20. h. Esa. 49,2. Ef. 6,17. Hebr. 4,12. i. Matt. 17,2.  V. 18. k. S\u00e1lm. 68,21. V. 20. Kap. 2,1.<\/div>\n","protected":false},"excerpt":{"rendered":"<p>Inngangurinn. J\u00f3hannesi er skipa\u00f0 a\u00f0 skrifa \u00feeim sj\u00f6 s\u00f6fnu\u00f0um \u00ed As\u00edu s\u00edna vitrun. 1Opinberan Jes\u00fas Krists, hv\u00f6rja Gu\u00f0 hefir gefi\u00f0 honum til a\u00f0 s\u00fdna s\u00ednum \u00fej\u00f3num \u00fea\u00f0, sem ske skal innan skamms og hann sendi sinn engil og l\u00e9t hann s\u00fdna \u00fea\u00f0 J\u00f3hannesi, s\u00ednum \u00fej\u00f3ni,2hv\u00f6r e\u00f0 kunngj\u00f6r\u00f0i Gu\u00f0s or\u00f0 og vitnisbur\u00f0inn um Jes\u00fam Krist, eins og hann vissi.a)3S\u00e6ll er s\u00e1, sem les \u00feessi sp\u00e1d\u00f3msor\u00f0, og \u00feeir, sem heyra \u00feau og geyma \u00fea\u00f0, sem \u00fear \u00ed er skrifa\u00f0; \u00fev\u00ed b) t\u00edminn er n\u00e1l\u00e6gur.4J\u00f3hannes heilsar \u00feeim c) sj\u00f6 s\u00f6fnu\u00f0um \u00ed As\u00edu: d) n\u00e1\u00f0 s\u00e9 me\u00f0 y\u00f0ur og fri\u00f0ur e) af \u00feeim, sem <a href=\"https:\/\/biblian.is\/videy\/opinberunarbok-johannesar-1-kafli\/\"> [&#8230;]<\/a><\/p>\n","protected":false},"author":1,"featured_media":0,"parent":0,"menu_order":0,"comment_status":"open","ping_status":"open","template":"bibliukaflar.php","meta":{"footnotes":""},"class_list":["post-22017","page","type-page","status-publish","hentry"],"_links":{"self":[{"href":"https:\/\/biblian.is\/videy\/wp-json\/wp\/v2\/pages\/22017","targetHints":{"allow":["GET"]}}],"collection":[{"href":"https:\/\/biblian.is\/videy\/wp-json\/wp\/v2\/pages"}],"about":[{"href":"https:\/\/biblian.is\/videy\/wp-json\/wp\/v2\/types\/page"}],"author":[{"embeddable":true,"href":"https:\/\/biblian.is\/videy\/wp-json\/wp\/v2\/users\/1"}],"replies":[{"embeddable":true,"href":"https:\/\/biblian.is\/videy\/wp-json\/wp\/v2\/comments?post=22017"}],"version-history":[{"count":0,"href":"https:\/\/biblian.is\/videy\/wp-json\/wp\/v2\/pages\/22017\/revisions"}],"wp:attachment":[{"href":"https:\/\/biblian.is\/videy\/wp-json\/wp\/v2\/media?parent=22017"}],"curies":[{"name":"wp","href":"https:\/\/api.w.org\/{rel}","templated":true}]}}