{"id":22016,"date":"2018-01-02T01:05:13","date_gmt":"2018-01-02T01:05:13","guid":{"rendered":"http:\/\/biblian.is\/videy\/judasarbrefid-1-kafli\/"},"modified":"2018-01-02T01:05:13","modified_gmt":"2018-01-02T01:05:13","slug":"judasarbrefid-1-kafli","status":"publish","type":"page","link":"https:\/\/biblian.is\/videy\/judasarbrefid-1-kafli\/","title":{"rendered":"J\u00fadasarbr\u00e9fi\u00f0 1. kafli"},"content":{"rendered":"<div class=\"fyrirsognVidey\">Postulinn varar vi\u00f0 falskennendum og \u00f3gu\u00f0legum. Kennir hversu breyta skal vi\u00f0 sl\u00edka.<\/div>\n<p><a name=\"1\"><span class=\"versanumer\">1<\/span><\/a>J\u00fadas, Jes\u00fa Krists \u00fej\u00f3n, br\u00f3\u00f0ir Jakobs, heilsar \u00feeim k\u00f6llu\u00f0u, sem \u00ed Gu\u00f0i F\u00f6\u00f0ur helga\u00f0ir \u00ed Jes\u00fa Kristi var\u00f0veittir eru:<a name=\"2\"><span class=\"versanumer\">2<\/span><\/a>miskunnsemi, fri\u00f0ur og k\u00e6rleiki margfaldist yfir y\u00f0ur. <br \/><a name=\"3\"><span class=\"versanumer\">3<\/span><\/a>M\u00ednir elskanlegir! \u00fear e\u00f0 m\u00e9r er r\u00edkt \u00ed huga a\u00f0 skrifa y\u00f0ur, svo \u00e1l\u00edt eg nau\u00f0synlegt a\u00f0 skrifa y\u00f0ur um sameiginleg s\u00e1luhj\u00e1lparefni og upp\u00f6rva til a\u00f0 berjast fyrir \u00fe\u00e1 tr\u00fa, sem heil\u00f6gum hefir einu sinni veri\u00f0 kennd;<a name=\"4\"><span class=\"versanumer\">4<\/span><\/a>\u00fev\u00ed inn \u00ed s\u00f6fnu\u00f0inn hafa nokkrir l\u00e6\u00f0st, hv\u00f6rjir fyrir l\u00f6ngu eru \u00fev\u00edl\u00edku straffi \u00e6tla\u00f0ir, \u00f3gu\u00f0legir menn, sem vanbr\u00faka n\u00e1\u00f0 Gu\u00f0s vors til stj\u00f3rnlauss l\u00edfernis og afneita vorum einasta alvalda, og Drottni Jes\u00fa Kristi.<a name=\"5\"><span class=\"versanumer\">5<\/span><\/a>Vil eg \u00fev\u00ed minna y\u00f0ur \u00e1, \u00fe\u00f3tt y\u00f0ur s\u00e9 \u00fea\u00f0 n\u00f3gsamlega kunnugt, a\u00f0 eftir \u00fea\u00f0 a\u00f0 Drottinn haf\u00f0i frelsa\u00f0 f\u00f3lki\u00f0 fr\u00e1 Egyptalandi, \u00fe\u00e1 hann tort\u00edndi \u00fear \u00e1 eftir \u00feeim sem voru vantr\u00faa\u00f0ir,<a name=\"6\"><span class=\"versanumer\">6<\/span><\/a>og englana, sem ekki g\u00e6ttu sinnar upphaflegu tignar, heldur yfirg\u00e1fu sinn b\u00fasta\u00f0, hefir hann \u00ed svartmyrkri geymt \u00ed eil\u00edfum fj\u00f6trum til \u00feess mikla dags.<a name=\"7\"><span class=\"versanumer\">7<\/span><\/a>S\u00f6mulei\u00f0is eru S\u00f3d\u00f3ma og Gomorra og kringum liggjandi borgir, sem dr\u00fdg\u00f0u saurlifna\u00f0 \u00e1 l\u00edkan h\u00e1tt og \u00feessir, og gengu eftir annarlegu holdi, settar til eftird\u00e6mis og liggja undir eil\u00edfum eldi.<a name=\"8\"><span class=\"versanumer\">8<\/span><\/a>Eins breyta \u00feessir draumvilltu, \u00feeir saurga l\u00edkamann, fyrirl\u00edta \u00fe\u00e1 sem \u00ed v\u00f6ldum sitja og lasta tignarv\u00f6ldin.<a name=\"9\"><span class=\"versanumer\">9<\/span><\/a>En h\u00f6fu\u00f0engillinn Mikkael, \u00fe\u00e1 hann \u00fer\u00e1tta\u00f0i vi\u00f0 dj\u00f6fulinn um l\u00edkama M\u00f3sis, voga\u00f0i \u00fe\u00f3 ekki a\u00f0 leggja sm\u00e1narlegan d\u00f3m \u00e1 hann heldur sag\u00f0i: Drottinn straffi \u00feig.<a name=\"10\"><span class=\"versanumer\">10<\/span><\/a>En \u00feessir lasta \u00fea\u00f0, sem \u00feeir \u00feekkja ekki; \u00fear \u00e1 m\u00f3t \u00fea\u00f0, sem \u00feeir, eins og skynlaus d\u00fdr, \u00feekkja af n\u00e1tt\u00farlegri f\u00fdsn, br\u00faka \u00feeir s\u00e9r til fordj\u00f6rfunar.<a name=\"11\"><span class=\"versanumer\">11<\/span><\/a>Vei \u00feeim, \u00fev\u00ed \u00feeir ganga \u00e1 vegi Kains, hrapa \u00ed villu Balaams fyrir \u00e1vinnings sakir, og tort\u00ednast vegna \u00fever\u00fa\u00f0ar \u00feeirra eins og K\u00f3re.<a name=\"12\"><span class=\"versanumer\">12<\/span><\/a>\u00deessir eru <span class='VideyAth'>(h\u00e6ttuleg)<\/span> sker \u00ed y\u00f0ar k\u00e6rleiksveislum, me\u00f0 \u00f3sv\u00edfni lifa \u00feeir \u00ed \u00f3h\u00f3fi \u00fe\u00e1 \u00feeir matast me\u00f0 y\u00f0ur, og ala sj\u00e1lfa sig; \u00feeir eru vatnslaus sk\u00fd, sem rekast fyrir vindum, visnu\u00f0 tr\u00e9, \u00e1vaxtarlaus, \u00fatdau\u00f0, uppr\u00e6tt;<a name=\"13\"><span class=\"versanumer\">13<\/span><\/a>ofsalegar hafsbylgjur, sem frey\u00f0a eigin sk\u00f6mmum, reikandi stj\u00f6rnur; hv\u00f6rjum dimma myrkursins er geymd til eil\u00edf\u00f0ar.<a name=\"14\"><span class=\"versanumer\">14<\/span><\/a>Um \u00feessa sp\u00e1\u00f0i og Enok, sj\u00f6undi ma\u00f0ur fr\u00e1 Adam, segjandi: sj\u00e1! Drottinn kemur me\u00f0 s\u00ednum heil\u00f6gu \u00fe\u00fasundum,<a name=\"15\"><span class=\"versanumer\">15<\/span><\/a>til a\u00f0 halda d\u00f3m yfir \u00f6llum, og til a\u00f0 sanna alla \u00f3gu\u00f0lega \u00feeirra \u00e1 me\u00f0al seka \u00ed \u00f6llum \u00f3gu\u00f0legum verkum, sem \u00feeir hafa dr\u00fdgt, og \u00ed \u00f6llum \u00feeim lastm\u00e6lum, sem \u00feeir \u00f3gu\u00f0legu syndarar hafa tala\u00f0 gegn honum.<a name=\"16\"><span class=\"versanumer\">16<\/span><\/a>\u00deessir eru m\u00f6glsamir, a\u00f0finningarsamir um s\u00edn kj\u00f6r, lifa eftir eigin girndum, munnur \u00feeirra m\u00e6lir ofstopaor\u00f0, \u00feeir meta menn eftir hagna\u00f0i.<a name=\"17\"><span class=\"versanumer\">17<\/span><\/a>En \u00fe\u00e9r elskanlegir! minnist \u00feeirra or\u00f0a, sem \u00e1\u00f0ur hafa t\u00f6lu\u00f0 veri\u00f0 af postulunum Drottins vors Jes\u00fa Krists.<a name=\"18\"><span class=\"versanumer\">18<\/span><\/a>\u00dev\u00ed \u00feeir s\u00f6g\u00f0u y\u00f0ur, a\u00f0 \u00e1 s\u00ed\u00f0asta t\u00edmanum mundu koma spottarar, sem fara eftir \u00feeirra eigin \u00f3gu\u00f0legu girndum.<a name=\"19\"><span class=\"versanumer\">19<\/span><\/a>\u00deessir eru \u00feeir, sem gj\u00f6ra sig fr\u00e1skila, holdlegir, sem ekki hafa andann.<br \/><a name=\"20\"><span class=\"versanumer\">20<\/span><\/a>En \u00fe\u00e9r, elskanlegir! uppbyggi\u00f0 sj\u00e1lfa y\u00f0ur af y\u00f0ar heil\u00f6gustu tr\u00fa, bi\u00f0ji\u00f0 \u00ed heil\u00f6gum Anda;<a name=\"21\"><span class=\"versanumer\">21<\/span><\/a>var\u00f0veiti\u00f0 y\u00f0ur sj\u00e1lfa \u00ed k\u00e6rleika Gu\u00f0s og v\u00e6nti\u00f0 miskunnar Drottins vors Jes\u00fa Krists til eil\u00edfs l\u00edfs.<a name=\"22\"><span class=\"versanumer\">22<\/span><\/a>Aumkvi\u00f0 y\u00f0ur yfir suma me\u00f0 greinarmun,<a name=\"23\"><span class=\"versanumer\">23<\/span><\/a>en frelsi\u00f0 suma me\u00f0 \u00f3tta og kippi\u00f0 \u00feeim \u00far eldinum, en svo, a\u00f0 \u00fe\u00e9r varist jafnvel kyrtilinn, sem flekka\u00f0ur er af holdinu.<br \/><a name=\"24\"><span class=\"versanumer\">24<\/span><\/a>\u00deeim, sem kann a\u00f0 var\u00f0veita y\u00f0ur fr\u00e1 hr\u00f6sun og l\u00e1ta y\u00f0ur m\u00e6ta fyrir sinni d\u00fdr\u00f0 \u00f3flekka\u00f0a \u00ed f\u00f6gnu\u00f0i,<a name=\"25\"><span class=\"versanumer\">25<\/span><\/a>einum Gu\u00f0i, vorum Frelsara fyrir Jes\u00fam Krist vorn Drottin, s\u00e9 d\u00fdr\u00f0 og h\u00e1tign, kraftur og veldi, fr\u00e1 allri eil\u00edf\u00f0, n\u00fa, og um allar aldir. Amen!<\/p>\n<div class=\"footnoteVidey\">V. 1 L\u00fak. 6,16. Post. gb. 1,13. J\u00f3h. 17,11. 1 P\u00e9t. 1,5.  V. 3. Fil. 1,27. 1 T\u00edm. 1,18. 6,12.  V. 4. T\u00edt. 1,16. 2,12. 2 P\u00e9t. 2,1. sbr. R\u00f3m. 9,15\u201324.  V. 5. 4 M\u00f3s. b. 14,29\u201335. 26,64.65. 1 Kor. 10,5.  V. 6. 2 P\u00e9t. 2,4. J\u00f3h. 8,44.  V. 7. 1 M\u00f3s. b. 19,24.25. 2 P\u00e9t. 2,6.  V. 8. 2 P\u00e9t. 2,10.  V. 9. 2 P\u00e9t. 2,11. Sakk. 3,2.  V. 11. 1 J\u00f3h. 3,12. 2 P\u00e9t. 2,15.16. 4 M\u00f3s. b. 22,7.21.  V. 12. 2 P\u00e9t. 2,13.17. Or\u00f0skv. b. 25,14.  V. 13. Esa. 57,18.  V. 14. 1 M\u00f3s. b. 5,22\u201324. Dan. 7,10. Post. gb. 1,11. 2 Tess. 1,7\u201310. Opinb. b. 1,7.  V. 15. Matt. 12,36. 25,31. fl.  V. 16. T\u00edt. 3,3. 2 P\u00e9t. 2,18.  V. 18. Post. gb. 20,29. 1 T\u00edm. 4,1. 4,3. 2 P\u00e9t 2,1. 3,3.  V. 19. Or\u00f0skv. b. 18,1.  V. 21. 1 Kor. 1,4\u20137.<\/div>\n","protected":false},"excerpt":{"rendered":"<p>Postulinn varar vi\u00f0 falskennendum og \u00f3gu\u00f0legum. Kennir hversu breyta skal vi\u00f0 sl\u00edka. 1J\u00fadas, Jes\u00fa Krists \u00fej\u00f3n, br\u00f3\u00f0ir Jakobs, heilsar \u00feeim k\u00f6llu\u00f0u, sem \u00ed Gu\u00f0i F\u00f6\u00f0ur helga\u00f0ir \u00ed Jes\u00fa Kristi var\u00f0veittir eru:2miskunnsemi, fri\u00f0ur og k\u00e6rleiki margfaldist yfir y\u00f0ur. 3M\u00ednir elskanlegir! \u00fear e\u00f0 m\u00e9r er r\u00edkt \u00ed huga a\u00f0 skrifa y\u00f0ur, svo \u00e1l\u00edt eg nau\u00f0synlegt a\u00f0 skrifa y\u00f0ur um sameiginleg s\u00e1luhj\u00e1lparefni og upp\u00f6rva til a\u00f0 berjast fyrir \u00fe\u00e1 tr\u00fa, sem heil\u00f6gum hefir einu sinni veri\u00f0 kennd;4\u00fev\u00ed inn \u00ed s\u00f6fnu\u00f0inn hafa nokkrir l\u00e6\u00f0st, hv\u00f6rjir fyrir l\u00f6ngu eru \u00fev\u00edl\u00edku straffi \u00e6tla\u00f0ir, \u00f3gu\u00f0legir menn, sem vanbr\u00faka n\u00e1\u00f0 Gu\u00f0s vors til stj\u00f3rnlauss l\u00edfernis og afneita vorum <a href=\"https:\/\/biblian.is\/videy\/judasarbrefid-1-kafli\/\"> [&#8230;]<\/a><\/p>\n","protected":false},"author":1,"featured_media":0,"parent":0,"menu_order":0,"comment_status":"open","ping_status":"open","template":"bibliukaflar.php","meta":{"footnotes":""},"class_list":["post-22016","page","type-page","status-publish","hentry"],"_links":{"self":[{"href":"https:\/\/biblian.is\/videy\/wp-json\/wp\/v2\/pages\/22016","targetHints":{"allow":["GET"]}}],"collection":[{"href":"https:\/\/biblian.is\/videy\/wp-json\/wp\/v2\/pages"}],"about":[{"href":"https:\/\/biblian.is\/videy\/wp-json\/wp\/v2\/types\/page"}],"author":[{"embeddable":true,"href":"https:\/\/biblian.is\/videy\/wp-json\/wp\/v2\/users\/1"}],"replies":[{"embeddable":true,"href":"https:\/\/biblian.is\/videy\/wp-json\/wp\/v2\/comments?post=22016"}],"version-history":[{"count":0,"href":"https:\/\/biblian.is\/videy\/wp-json\/wp\/v2\/pages\/22016\/revisions"}],"wp:attachment":[{"href":"https:\/\/biblian.is\/videy\/wp-json\/wp\/v2\/media?parent=22016"}],"curies":[{"name":"wp","href":"https:\/\/api.w.org\/{rel}","templated":true}]}}