{"id":22015,"date":"2018-01-02T01:05:13","date_gmt":"2018-01-02T01:05:13","guid":{"rendered":"http:\/\/biblian.is\/videy\/thridja-johannesarbref-1-kafli\/"},"modified":"2018-01-02T01:05:13","modified_gmt":"2018-01-02T01:05:13","slug":"thridja-johannesarbref-1-kafli","status":"publish","type":"page","link":"https:\/\/biblian.is\/videy\/thridja-johannesarbref-1-kafli\/","title":{"rendered":"\u00deri\u00f0ja J\u00f3hannesarbr\u00e9f 1. kafli"},"content":{"rendered":"<div class=\"fyrirsognVidey\">\u00c1varpar Gajus. Gle\u00f0ur sig yfir hans tr\u00fa og k\u00e6rleiks verkum. Kvartar yfir vonsku D\u00ed\u00f3trefis. Hr\u00f3sar Demetriusar gu\u00f0r\u00e6kni. Bo\u00f0ar komu s\u00edna. Bi\u00f0ur a\u00f0 heilsa og bera kve\u00f0jur.<\/div>\n<p><a name=\"1\"><span class=\"versanumer\">1<\/span><\/a>\u00d6ldungurinn <span class='VideyAth'>(skrifar)<\/span> \u00feeim elskulega Gajusi, hv\u00f6rn eg einl\u00e6glega elska.<a name=\"2\"><span class=\"versanumer\">2<\/span><\/a>Elskulegi! umfram allt bi\u00f0 eg a\u00f0 \u00fe\u00e9r vegni vel \u00ed \u00f6llu tilliti, og a\u00f0 \u00fe\u00e9r heilsist vel, eins og \u00feinni s\u00e1lu vel vegnar.<a name=\"3\"><span class=\"versanumer\">3<\/span><\/a>\u00dev\u00ed eg var\u00f0 harla gla\u00f0ur, \u00feegar br\u00e6\u00f0urnir komu og vitnu\u00f0u um \u00fe\u00edna elsku til sannleikans; og hv\u00f6rsu \u00fe\u00fa breytir samkv\u00e6mt sannleikans l\u00e6rd\u00f3mi.<a name=\"4\"><span class=\"versanumer\">4<\/span><\/a>Eg hefi enga st\u00e6rri gle\u00f0i en \u00fe\u00e1, a\u00f0 heyra a\u00f0 m\u00edn b\u00f6rn breyta eftir sannleikanum.<a name=\"5\"><span class=\"versanumer\">5<\/span><\/a>Minn elskulegi! \u00fe\u00fa breytir eins og tr\u00faa\u00f0ur \u00ed \u00fev\u00ed, sem \u00fe\u00fa vinnur fyrir br\u00e6\u00f0urnar, og \u00fea\u00f0 \u00fe\u00e9r \u00f3kennda.<a name=\"6\"><span class=\"versanumer\">6<\/span><\/a>\u00deessir hafa vitna\u00f0, fyrir s\u00f6fnu\u00f0inum um elskusemi \u00fe\u00edna. \u00de\u00fa munt <span class='VideyAth'>(og)<\/span> gj\u00f6ra vel vi\u00f0 \u00fe\u00e1 og beina fer\u00f0 \u00feeirra ver\u00f0uglega fyrir Gu\u00f0s sakir;<a name=\"7\"><span class=\"versanumer\">7<\/span><\/a>\u00fev\u00ed fyrir hans nafns sakir eru \u00feeir af sta\u00f0 farnir <span class='VideyAth'>a)<\/span>, og hafa vi\u00f0 engu teki\u00f0 hj\u00e1 hei\u00f0ingjum;<a name=\"8\"><span class=\"versanumer\">8<\/span><\/a>\u00fear fyrir ber oss a\u00f0 taka \u00fev\u00edl\u00edka menn a\u00f0 oss, svo a\u00f0 v\u00e9r a\u00f0sto\u00f0um sannleikann.<br \/><a name=\"9\"><span class=\"versanumer\">9<\/span><\/a>Eg hefi skrifa\u00f0 s\u00f6fnu\u00f0inum til, en D\u00ed\u00f3trefes, sem vill vera fremstur me\u00f0al \u00feeirra, tekur oss ekki <span class='VideyAth'>(vel)<\/span>;<a name=\"10\"><span class=\"versanumer\">10<\/span><\/a>\u00fear fyrir, \u00feegar eg kem, vil eg minna hann \u00e1 \u00feau verk, er hann vinnur, me\u00f0 \u00fev\u00ed me\u00f0 vondum or\u00f0um, a\u00f0 \u00f3fr\u00e6gja oss, og hann l\u00e6tur s\u00e9r ekki \u00fea\u00f0 n\u00e6gja, a\u00f0 taka ekki sj\u00e1lfur \u00e1 m\u00f3ti br\u00e6\u00f0runum, heldur bannar hann \u00fea\u00f0 \u00f6\u00f0rum, er \u00fea\u00f0 vilja gj\u00f6ra, og rekur \u00fe\u00e1 \u00fat \u00far s\u00f6fnu\u00f0inum.<a name=\"11\"><span class=\"versanumer\">11<\/span><\/a>Minn elskulegi! breyttu ekki eftir \u00fev\u00ed sem illt er, heldur eftir \u00fev\u00ed, sem gott er. S\u00e1 sem gott gj\u00f6rir er af Gu\u00f0i, en hv\u00f6r s\u00e1, sem illt gj\u00f6rir, hefir ekki s\u00e9\u00f0 Gu\u00f0.<a name=\"12\"><span class=\"versanumer\">12<\/span><\/a>Demetr\u00edus hefir g\u00f3\u00f0ann vitnisbur\u00f0 af \u00f6llum og af sannleikanum sj\u00e1lfum; v\u00e9r vitnum einnig hi\u00f0 sama a\u00f0 vor vitnisbur\u00f0ur er sannur.<br \/><a name=\"13\"><span class=\"versanumer\">13<\/span><\/a>Eg hefi margt a\u00f0 skrifa, en eg vil ekki skrifa \u00fe\u00e9r me\u00f0 bleki og penna,<a name=\"14\"><span class=\"versanumer\">14<\/span><\/a>\u00fev\u00ed eg v\u00e6nti br\u00e1\u00f0um a\u00f0 sj\u00e1 \u00feig, og munum vi\u00f0 \u00fe\u00e1 talast vi\u00f0 munnlega.<a name=\"15\"><span class=\"versanumer\">15<\/span><\/a>Fri\u00f0ur s\u00e9 me\u00f0 \u00fe\u00e9r! Vinirnir bi\u00f0ja a\u00f0 heilsa \u00fe\u00e9r. Heilsa \u00fe\u00fa vinunum me\u00f0 nafni.<\/p>\n<div class=\"footnoteVidey\">V. 1. R\u00f3m. 16,23.  V. 4. v. 3. S\u00e1lm. 36,3.  V. 7. a. \u00de. e. \u00ed kristind\u00f3msins erindum, sbr. Matt. 10,8.  V. 10. sbr. 1 Tess. 2,16.  V. 11. S\u00e1lm. 37,27. Esa. 1,16. 1 P\u00e9t. 3,11. J\u00f3h. 8,47. 1 J\u00f3h. 3,6.  V. 12. J\u00f3h. 19,35.<\/div>\n","protected":false},"excerpt":{"rendered":"<p>\u00c1varpar Gajus. Gle\u00f0ur sig yfir hans tr\u00fa og k\u00e6rleiks verkum. Kvartar yfir vonsku D\u00ed\u00f3trefis. Hr\u00f3sar Demetriusar gu\u00f0r\u00e6kni. Bo\u00f0ar komu s\u00edna. Bi\u00f0ur a\u00f0 heilsa og bera kve\u00f0jur. 1\u00d6ldungurinn (skrifar) \u00feeim elskulega Gajusi, hv\u00f6rn eg einl\u00e6glega elska.2Elskulegi! umfram allt bi\u00f0 eg a\u00f0 \u00fe\u00e9r vegni vel \u00ed \u00f6llu tilliti, og a\u00f0 \u00fe\u00e9r heilsist vel, eins og \u00feinni s\u00e1lu vel vegnar.3\u00dev\u00ed eg var\u00f0 harla gla\u00f0ur, \u00feegar br\u00e6\u00f0urnir komu og vitnu\u00f0u um \u00fe\u00edna elsku til sannleikans; og hv\u00f6rsu \u00fe\u00fa breytir samkv\u00e6mt sannleikans l\u00e6rd\u00f3mi.4Eg hefi enga st\u00e6rri gle\u00f0i en \u00fe\u00e1, a\u00f0 heyra a\u00f0 m\u00edn b\u00f6rn breyta eftir sannleikanum.5Minn elskulegi! \u00fe\u00fa breytir eins og tr\u00faa\u00f0ur \u00ed \u00fev\u00ed, <a href=\"https:\/\/biblian.is\/videy\/thridja-johannesarbref-1-kafli\/\"> [&#8230;]<\/a><\/p>\n","protected":false},"author":1,"featured_media":0,"parent":0,"menu_order":0,"comment_status":"open","ping_status":"open","template":"bibliukaflar.php","meta":{"footnotes":""},"class_list":["post-22015","page","type-page","status-publish","hentry"],"_links":{"self":[{"href":"https:\/\/biblian.is\/videy\/wp-json\/wp\/v2\/pages\/22015","targetHints":{"allow":["GET"]}}],"collection":[{"href":"https:\/\/biblian.is\/videy\/wp-json\/wp\/v2\/pages"}],"about":[{"href":"https:\/\/biblian.is\/videy\/wp-json\/wp\/v2\/types\/page"}],"author":[{"embeddable":true,"href":"https:\/\/biblian.is\/videy\/wp-json\/wp\/v2\/users\/1"}],"replies":[{"embeddable":true,"href":"https:\/\/biblian.is\/videy\/wp-json\/wp\/v2\/comments?post=22015"}],"version-history":[{"count":0,"href":"https:\/\/biblian.is\/videy\/wp-json\/wp\/v2\/pages\/22015\/revisions"}],"wp:attachment":[{"href":"https:\/\/biblian.is\/videy\/wp-json\/wp\/v2\/media?parent=22015"}],"curies":[{"name":"wp","href":"https:\/\/api.w.org\/{rel}","templated":true}]}}