{"id":22014,"date":"2018-01-02T01:05:13","date_gmt":"2018-01-02T01:05:13","guid":{"rendered":"http:\/\/biblian.is\/videy\/annad-johannesarbref-1-kafli\/"},"modified":"2018-01-02T01:05:13","modified_gmt":"2018-01-02T01:05:13","slug":"annad-johannesarbref-1-kafli","status":"publish","type":"page","link":"https:\/\/biblian.is\/videy\/annad-johannesarbref-1-kafli\/","title":{"rendered":"Anna\u00f0 J\u00f3hannesarbr\u00e9f 1. kafli"},"content":{"rendered":"<div class=\"fyrirsognVidey\">G\u00f3\u00f0ar \u00f3skir. Vottar gle\u00f0i s\u00edna af \u00fev\u00ed a\u00f0 b\u00f6rn \u00feeirrar konu, til hv\u00f6rrar br\u00e9fi\u00f0 er, halda fast vi\u00f0 sannleikann; varar vi\u00f0 r\u00f6ngum l\u00e6rd\u00f3mi; lofar komu sinni; ber kve\u00f0jur.<\/div>\n<p><a name=\"1\"><span class=\"versanumer\">1<\/span><\/a>\u00d6ldungurinn <span class='VideyAth'>(\u00f3skar allra heilla)<\/span> hinni \u00fatv\u00f6ldu <span class='VideyAth'>a)<\/span> Kyrju og b\u00f6rnum hennar, hv\u00f6r eg elska \u00ed sannleika, og ekki einungis eg, heldur einnig allir \u00feeir, sem komnir eru til \u00feekkingar \u00e1 sannleikanum,<a name=\"2\"><span class=\"versanumer\">2<\/span><\/a>sakir sannleikans <span class='VideyAth'>b)<\/span>, sem v\u00e9r h\u00f6ldum fast vi\u00f0, og munum gj\u00f6ra til eil\u00edf\u00f0ar.<a name=\"3\"><span class=\"versanumer\">3<\/span><\/a>N\u00e1\u00f0, miskunn, fri\u00f0ur veri\u00f0 me\u00f0 y\u00f0ur fr\u00e1 Gu\u00f0i F\u00f6\u00f0ur og Drottni Jes\u00fa Kristi, Syni F\u00f6\u00f0ursins \u00ed sannleika og elsku. <br \/><a name=\"4\"><span class=\"versanumer\">4<\/span><\/a>N\u00e6sta gla\u00f0ur var\u00f0 eg, \u00feegar eg fann nokkur barna \u00feinna er hl\u00fd\u00f0nast \u00feeim sannleika, sem samkv\u00e6mur er \u00fev\u00ed bo\u00f0or\u00f0i, er v\u00e9r me\u00f0teki\u00f0 h\u00f6fum af F\u00f6\u00f0urnum.<a name=\"5\"><span class=\"versanumer\">5<\/span><\/a>Og n\u00fa bi\u00f0 eg \u00feig, Kyrja! ekki svo sem eg skrifi \u00fe\u00e9r n\u00fdtt bo\u00f0or\u00f0, heldur \u00fea\u00f0, er v\u00e9r heyrt h\u00f6fum fr\u00e1 upphafi: a\u00f0 v\u00e9r skulum elska hv\u00f6r annan.<a name=\"6\"><span class=\"versanumer\">6<\/span><\/a>Og \u00fear s\u00fdnir sig elskan, a\u00f0 v\u00e9r breytum eftir hans bo\u00f0or\u00f0um. \u00deetta er bo\u00f0or\u00f0i\u00f0, er \u00fe\u00e9r hafi\u00f0 heyrt fr\u00e1 upphafi, til \u00feess a\u00f0 \u00fe\u00e9r skulu\u00f0 eftir \u00fev\u00ed breyta.<a name=\"7\"><span class=\"versanumer\">7<\/span><\/a>\u00dev\u00ed margir villumenn eru farnir \u00fat um heiminn, sem ekki vi\u00f0urkenna a\u00f0 Jes\u00fas Kristur s\u00e9 kominn \u00ed holdinu. \u00dev\u00edl\u00edkur er villuma\u00f0ur og fjandma\u00f0ur Krists.<a name=\"8\"><span class=\"versanumer\">8<\/span><\/a>G\u00e6ti\u00f0 a\u00f0 y\u00f0ur, a\u00f0 v\u00e9r ekki t\u00f6pum \u00fev\u00ed, sem v\u00e9r h\u00f6fum unni\u00f0, heldur a\u00f0 v\u00e9r megum me\u00f0taka full laun.<a name=\"9\"><span class=\"versanumer\">9<\/span><\/a>S\u00e9rhv\u00f6r yfirtro\u00f0sluma\u00f0ur, og s\u00e1 sem ekki stendur st\u00f6\u00f0ugur \u00ed Krists l\u00e6rd\u00f3mi, heldur ekki Gu\u00f0i <span class='VideyAth'>c)<\/span>, en s\u00e1, sem stendur st\u00f6\u00f0ugur \u00ed Krists l\u00e6rd\u00f3mi, heldur b\u00e6\u00f0i F\u00f6\u00f0urnum og Syninum.<a name=\"10\"><span class=\"versanumer\">10<\/span><\/a>Ef einhv\u00f6r kemur til y\u00f0ar og kemur ekki me\u00f0 \u00feenna l\u00e6rd\u00f3m, \u00fe\u00e1 h\u00fdsi\u00f0 hann ekki og heilsi\u00f0 honum ekki.<a name=\"11\"><span class=\"versanumer\">11<\/span><\/a>\u00dev\u00ed hv\u00f6r, sem segir hann velkominn, ver\u00f0ur hluttakandi \u00ed hans vondu verkum.<br \/><a name=\"12\"><span class=\"versanumer\">12<\/span><\/a>Margt hefi eg a\u00f0 skrifa y\u00f0ur, ekki vil eg ey\u00f0a \u00fear til papp\u00edr og bleki, \u00fev\u00ed eg vona a\u00f0 koma til y\u00f0ar og tala munnlega vi\u00f0 y\u00f0ur, svo a\u00f0 vor gle\u00f0i ver\u00f0i fullkomin.<a name=\"13\"><span class=\"versanumer\">13<\/span><\/a>\u00de\u00e9r heilsa b\u00f6rn systur \u00feinnar, hinnar \u00fatv\u00f6ldu.<\/p>\n<div class=\"footnoteVidey\">V. 1. a. \u00fe. e. r\u00e9ttkristna konu.  V. 2. b. \u00fe. e. vegna \u00feeirrar elsku sem v\u00e9r h\u00f6fum \u00e1 Krists sanna l\u00e6rd\u00f3mi.  V. 5. J\u00f3h. 13,34. 15,12. 1 J\u00f3h. 2,7. 3,11.23.  V. 6. 1 J\u00f3h. 5,3. J\u00f3h. 15,10. 1 J\u00f3h. 2,24.  V. 7. Matt. 24,5.24. 2 P\u00e9t. 2,1. 1 J\u00f3h. 2,18.22.  V. 8. Gal. 3,3.4. 1 Tess. 3,5.  V. 9. c. \u00fe. e. heldur ekki hans vinfengi.  V. 10. sbr. R\u00f3m. 16,17. 1 Kor. 5,11. T\u00edt. 3,10.  V. 11. 1 T\u00edm. 5,22.<\/div>\n","protected":false},"excerpt":{"rendered":"<p>G\u00f3\u00f0ar \u00f3skir. Vottar gle\u00f0i s\u00edna af \u00fev\u00ed a\u00f0 b\u00f6rn \u00feeirrar konu, til hv\u00f6rrar br\u00e9fi\u00f0 er, halda fast vi\u00f0 sannleikann; varar vi\u00f0 r\u00f6ngum l\u00e6rd\u00f3mi; lofar komu sinni; ber kve\u00f0jur. 1\u00d6ldungurinn (\u00f3skar allra heilla) hinni \u00fatv\u00f6ldu a) Kyrju og b\u00f6rnum hennar, hv\u00f6r eg elska \u00ed sannleika, og ekki einungis eg, heldur einnig allir \u00feeir, sem komnir eru til \u00feekkingar \u00e1 sannleikanum,2sakir sannleikans b), sem v\u00e9r h\u00f6ldum fast vi\u00f0, og munum gj\u00f6ra til eil\u00edf\u00f0ar.3N\u00e1\u00f0, miskunn, fri\u00f0ur veri\u00f0 me\u00f0 y\u00f0ur fr\u00e1 Gu\u00f0i F\u00f6\u00f0ur og Drottni Jes\u00fa Kristi, Syni F\u00f6\u00f0ursins \u00ed sannleika og elsku. 4N\u00e6sta gla\u00f0ur var\u00f0 eg, \u00feegar eg fann nokkur barna \u00feinna er <a href=\"https:\/\/biblian.is\/videy\/annad-johannesarbref-1-kafli\/\"> [&#8230;]<\/a><\/p>\n","protected":false},"author":1,"featured_media":0,"parent":0,"menu_order":0,"comment_status":"open","ping_status":"open","template":"bibliukaflar.php","meta":{"footnotes":""},"class_list":["post-22014","page","type-page","status-publish","hentry"],"_links":{"self":[{"href":"https:\/\/biblian.is\/videy\/wp-json\/wp\/v2\/pages\/22014","targetHints":{"allow":["GET"]}}],"collection":[{"href":"https:\/\/biblian.is\/videy\/wp-json\/wp\/v2\/pages"}],"about":[{"href":"https:\/\/biblian.is\/videy\/wp-json\/wp\/v2\/types\/page"}],"author":[{"embeddable":true,"href":"https:\/\/biblian.is\/videy\/wp-json\/wp\/v2\/users\/1"}],"replies":[{"embeddable":true,"href":"https:\/\/biblian.is\/videy\/wp-json\/wp\/v2\/comments?post=22014"}],"version-history":[{"count":0,"href":"https:\/\/biblian.is\/videy\/wp-json\/wp\/v2\/pages\/22014\/revisions"}],"wp:attachment":[{"href":"https:\/\/biblian.is\/videy\/wp-json\/wp\/v2\/media?parent=22014"}],"curies":[{"name":"wp","href":"https:\/\/api.w.org\/{rel}","templated":true}]}}