{"id":22013,"date":"2018-01-02T01:05:13","date_gmt":"2018-01-02T01:05:13","guid":{"rendered":"http:\/\/biblian.is\/videy\/fyrsta-johannesarbref-5-kafli\/"},"modified":"2018-01-02T01:05:13","modified_gmt":"2018-01-02T01:05:13","slug":"fyrsta-johannesarbref-5-kafli","status":"publish","type":"page","link":"https:\/\/biblian.is\/videy\/fyrsta-johannesarbref-5-kafli\/","title":{"rendered":"Fyrsta J\u00f3hannesarbr\u00e9f 5. kafli"},"content":{"rendered":"<div class=\"fyrirsognVidey\">S\u00e1, sem tr\u00fair a\u00f0 Jes\u00fas s\u00e9 Gu\u00f0s Son og elskar Gu\u00f0, er af Gu\u00f0i f\u00e6ddur. Honum er ekki \u00f6r\u00f0ugt a\u00f0 halda Gu\u00f0s bo\u00f0. Vatni\u00f0, bl\u00f3\u00f0i\u00f0 og andinn sannar a\u00f0 Jes\u00fas s\u00e9 Gu\u00f0s Sonur. S\u00e1 sem \u00feessum vitnum tr\u00fair, hefir eil\u00edft l\u00edf \u00ed s\u00e9r b\u00faandi, treystir Gu\u00f0i og for\u00f0ast syndir.<\/div>\n<p><a name=\"1\"><span class=\"versanumer\">1<\/span><\/a>Hv\u00f6r, sem tr\u00fair a\u00f0 Jes\u00fas s\u00e9 Kristur, er af Gu\u00f0i f\u00e6ddur, og hv\u00f6r, sem elskar F\u00f6\u00f0urinn, elskar einnig \u00feann, sem er f\u00e6ddur af honum <span class='VideyAth'>a)<\/span>.<a name=\"2\"><span class=\"versanumer\">2<\/span><\/a>\u00dear af \u00feekkjum v\u00e9r a\u00f0 v\u00e9r elskum Gu\u00f0s b\u00f6rn, \u00feegar v\u00e9r elskum Gu\u00f0 og h\u00f6ldum hans bo\u00f0or\u00f0;<a name=\"3\"><span class=\"versanumer\">3<\/span><\/a>\u00fev\u00ed \u00fear \u00ed s\u00fdnir sig elskan til Gu\u00f0s, a\u00f0 v\u00e9r h\u00f6ldum hans bo\u00f0or\u00f0 og bo\u00f0or\u00f0in hans ver\u00f0a \u00fe\u00e1 ekki \u00feung;<a name=\"4\"><span class=\"versanumer\">4<\/span><\/a>\u00fev\u00ed allt, sem af Gu\u00f0i er f\u00e6tt, yfirvinnur heiminn og vor tr\u00fa er sigurinn, sem hefir yfirunni\u00f0 heiminn.<a name=\"5\"><span class=\"versanumer\">5<\/span><\/a>En hv\u00f6r getur yfirunni\u00f0 heiminn nema s\u00e1, sem tr\u00fair, a\u00f0 Jes\u00fas s\u00e9 Gu\u00f0s Sonur? <br \/><a name=\"6\"><span class=\"versanumer\">6<\/span><\/a>\u00deessi er s\u00e1, sem kom me\u00f0 vatni og bl\u00f3\u00f0i Jes\u00fas Kristur, ekki me\u00f0 vatni einungis, heldur me\u00f0 vatni og bl\u00f3\u00f0i og andinn er s\u00e1, sem vitnar, \u00fev\u00ed a\u00f0 andinn er sannleikurinn.<a name=\"7\"><span class=\"versanumer\">7<\/span><\/a>\u00dev\u00ed \u00feeir eru \u00fer\u00edr, sem vitna {\u00ed himninum: Fa\u00f0irinn, or\u00f0i\u00f0 og heilagur Andi og \u00feessir \u00fer\u00edr eru eitt.<a name=\"8\"><span class=\"versanumer\">8<\/span><\/a>Og \u00feeir eru \u00fer\u00edr, sem vitna \u00e1 j\u00f6r\u00f0unni <span class='VideyAth'>b)<\/span>}: andinn, vatni\u00f0 og bl\u00f3\u00f0i\u00f0 og \u00feessir \u00fer\u00edr vitna eitt og hi\u00f0 sama <span class='VideyAth'>c)<\/span>.<a name=\"9\"><span class=\"versanumer\">9<\/span><\/a>Ef v\u00e9r t\u00f6kum manna vitnisbur\u00f0 gildan,  \u00fe\u00e1 er Gu\u00f0s vitnisbur\u00f0ur meiri, \u00fev\u00ed \u00feetta er vitnisbur\u00f0ur Gu\u00f0s, hv\u00f6rn hann hefir vitna\u00f0 um sinn Son.<a name=\"10\"><span class=\"versanumer\">10<\/span><\/a>Hv\u00f6r, sem tr\u00fair \u00e1 Gu\u00f0s Son, hefir \u00feenna vitnisbur\u00f0 \u00ed sj\u00e1lfum s\u00e9r, hv\u00f6r, sem ekki tr\u00fair Gu\u00f0i, hefir gj\u00f6rt hann a\u00f0 lygara, af \u00fev\u00ed hann hefir ekki tr\u00faa\u00f0 \u00feeim vitnisbur\u00f0i, hv\u00f6rn Gu\u00f0 hefir vitna\u00f0 um sinn Son.<a name=\"11\"><span class=\"versanumer\">11<\/span><\/a>Og \u00feetta er vitnisbur\u00f0urinn: a\u00f0 Gu\u00f0 hefir gefi\u00f0 oss eil\u00edft l\u00edf og \u00feetta l\u00edf er \u00ed hans Syni.<a name=\"12\"><span class=\"versanumer\">12<\/span><\/a>S\u00e1, sem hefir Soninn, hefir l\u00edfi\u00f0, s\u00e1, sem ekki hefir Gu\u00f0s Son, hefir ekki l\u00edfi\u00f0.<br \/><a name=\"13\"><span class=\"versanumer\">13<\/span><\/a>\u00deetta hefir eg skrifa\u00f0 y\u00f0ur, sem tr\u00fai\u00f0 \u00e1 nafn Gu\u00f0s Sonar, svo \u00fe\u00e9r viti\u00f0, a\u00f0 \u00fe\u00e9r hafi\u00f0 eil\u00edft l\u00edf og \u00fe\u00e9r tr\u00fai\u00f0 \u00e1 nafn Gu\u00f0s Sonar.<a name=\"14\"><span class=\"versanumer\">14<\/span><\/a>Og \u00feetta er s\u00fa dj\u00f6rfung, sem v\u00e9r h\u00f6fum til hans, a\u00f0 ef v\u00e9r bi\u00f0jum nokkurs eftir hans vilja, \u00fe\u00e1 heyrir hann oss.<a name=\"15\"><span class=\"versanumer\">15<\/span><\/a>Og ef v\u00e9r vitum a\u00f0 hann b\u00e6nheyrir oss, um \u00fea\u00f0 sem v\u00e9r bi\u00f0jum, \u00fe\u00e1 vitum v\u00e9r a\u00f0 v\u00e9r f\u00e1um \u00fe\u00e6r b\u00e6nir, hv\u00f6rra v\u00e9r h\u00f6fum hann be\u00f0i\u00f0.<a name=\"16\"><span class=\"versanumer\">16<\/span><\/a>Ef nokkur s\u00e9r sinn br\u00f3\u00f0ur synd dr\u00fdgja, en ekki til dau\u00f0a, s\u00e1 bi\u00f0ji og mun hann gefa honum l\u00edf, \u00feeim, sem ekki syndgar til dau\u00f0a; s\u00e9 syndin til dau\u00f0a, fyrir \u00feeirri synd segi eg ekki a\u00f0 hann skuli bi\u00f0ja.<a name=\"17\"><span class=\"versanumer\">17<\/span><\/a>Allt rangl\u00e6ti er synd, en \u00fea\u00f0 er til synd, sem ekki er til dau\u00f0a.<a name=\"18\"><span class=\"versanumer\">18<\/span><\/a>V\u00e9r vitum, a\u00f0 hv\u00f6r af Gu\u00f0i er f\u00e6ddur, syndgar ekki, heldur s\u00e1, sem af Gu\u00f0i er f\u00e6ddur, g\u00e6tir s\u00edn, og hinn vondi snertir hann ekki.<a name=\"19\"><span class=\"versanumer\">19<\/span><\/a>V\u00e9r vitum a\u00f0 v\u00e9r erum af Gu\u00f0i, a\u00f0 allur heimurinn liggur \u00ed \u00fev\u00ed vonda.<a name=\"20\"><span class=\"versanumer\">20<\/span><\/a>L\u00edka vitum v\u00e9r, a\u00f0 Gu\u00f0s Sonur er kominn, og hefir gefi\u00f0 oss \u00feann skilning, a\u00f0 v\u00e9r \u00feekkjum \u00feann sanna Gu\u00f0, og erum \u00ed hinum sanna fyrir hans Son Jes\u00fam Krist. \u00deessi er s\u00e1 sanni Gu\u00f0 og \u00fea\u00f0 eil\u00edfa l\u00edfi\u00f0.<a name=\"21\"><span class=\"versanumer\">21<\/span><\/a>B\u00f6rn m\u00edn! vari\u00f0 y\u00f0ur vi\u00f0 afgu\u00f0um.<\/p>\n<div class=\"footnoteVidey\">V. 1. a. Kap. 2,22.23. 4,2.15. J\u00f3h. 1,12.13. fl.  V. 3. J\u00f3h. 14,15.21.23. 15,10. Matt. 11,30.  V. 4. J\u00f3h. 16,33.  V. 5. 1 Kor. 15,57. 1 J\u00f3h. 4,4. v. 15.  V. 6. J\u00f3h. 3,5.22. 4,1. sbr. J\u00f3h. 4,14. T\u00edt. 3,5. 1 P\u00e9t. 3,21. Kap. 1,7. J\u00f3h. 15,26.27. 16,13.14. Post. g. b. 10,47.  V. 7. Matt. 28,19. 1 Kor. 12,4\u20136. J\u00f3h. 1,1.  V. 8. \u00feau or\u00f0, sem eru innsirklu\u00f0 \u00ed 7da og 8da versi finnast hv\u00f6rki \u00ed neinum g\u00f6mlum handritum, elstu \u00fatleggingum, n\u00e9 hj\u00e1 kirkjufe\u00f0runum. b. c. nl. a\u00f0 Jes\u00fas s\u00e9 Gu\u00f0s sonur.  V. 9. J\u00f3h. 8,17. sbr. 5 M\u00f3s. b. 17,6. 19,15. J\u00f3h. 8,18.  V. 10. J\u00f3h. 3,18.33.  V. 11. J\u00f3h. 1,4. 2 T\u00edm. 1,10.  V. 12. J\u00f3h. 3,16.36. 5,24.  V. 14. Kap. 3,21. S\u00e1lm. 145,18. L\u00fak. 11,9. J\u00f3h. 16,23. 1 J\u00f3h. 3,22.  V. 16. sbr. Jak. 5,15. ff. 4 M\u00f3sb. 15,30. Matt. 12,31. 2 P\u00e9t 2,20. Hebr. 6,4. 10,26.  V. 17. Kap. 3,4.  V. 18. Kap. 3,9.  V. 19. Gal. 1,4.  V. 20. L\u00fak. 24,45. J\u00f3h. 17,3. sbr. R\u00f3m. 9,5. 1 T\u00edm. 3,16. Hebr. 1,8. J\u00f3h. 11,25.26.  V. 21. 2 M\u00f3s. b. 20,3.<\/div>\n","protected":false},"excerpt":{"rendered":"<p>S\u00e1, sem tr\u00fair a\u00f0 Jes\u00fas s\u00e9 Gu\u00f0s Son og elskar Gu\u00f0, er af Gu\u00f0i f\u00e6ddur. Honum er ekki \u00f6r\u00f0ugt a\u00f0 halda Gu\u00f0s bo\u00f0. Vatni\u00f0, bl\u00f3\u00f0i\u00f0 og andinn sannar a\u00f0 Jes\u00fas s\u00e9 Gu\u00f0s Sonur. S\u00e1 sem \u00feessum vitnum tr\u00fair, hefir eil\u00edft l\u00edf \u00ed s\u00e9r b\u00faandi, treystir Gu\u00f0i og for\u00f0ast syndir. 1Hv\u00f6r, sem tr\u00fair a\u00f0 Jes\u00fas s\u00e9 Kristur, er af Gu\u00f0i f\u00e6ddur, og hv\u00f6r, sem elskar F\u00f6\u00f0urinn, elskar einnig \u00feann, sem er f\u00e6ddur af honum a).2\u00dear af \u00feekkjum v\u00e9r a\u00f0 v\u00e9r elskum Gu\u00f0s b\u00f6rn, \u00feegar v\u00e9r elskum Gu\u00f0 og h\u00f6ldum hans bo\u00f0or\u00f0;3\u00fev\u00ed \u00fear \u00ed s\u00fdnir sig elskan til Gu\u00f0s, a\u00f0 v\u00e9r h\u00f6ldum <a href=\"https:\/\/biblian.is\/videy\/fyrsta-johannesarbref-5-kafli\/\"> [&#8230;]<\/a><\/p>\n","protected":false},"author":1,"featured_media":0,"parent":0,"menu_order":0,"comment_status":"open","ping_status":"open","template":"bibliukaflar.php","meta":{"footnotes":""},"class_list":["post-22013","page","type-page","status-publish","hentry"],"_links":{"self":[{"href":"https:\/\/biblian.is\/videy\/wp-json\/wp\/v2\/pages\/22013","targetHints":{"allow":["GET"]}}],"collection":[{"href":"https:\/\/biblian.is\/videy\/wp-json\/wp\/v2\/pages"}],"about":[{"href":"https:\/\/biblian.is\/videy\/wp-json\/wp\/v2\/types\/page"}],"author":[{"embeddable":true,"href":"https:\/\/biblian.is\/videy\/wp-json\/wp\/v2\/users\/1"}],"replies":[{"embeddable":true,"href":"https:\/\/biblian.is\/videy\/wp-json\/wp\/v2\/comments?post=22013"}],"version-history":[{"count":0,"href":"https:\/\/biblian.is\/videy\/wp-json\/wp\/v2\/pages\/22013\/revisions"}],"wp:attachment":[{"href":"https:\/\/biblian.is\/videy\/wp-json\/wp\/v2\/media?parent=22013"}],"curies":[{"name":"wp","href":"https:\/\/api.w.org\/{rel}","templated":true}]}}