{"id":22012,"date":"2018-01-02T01:05:13","date_gmt":"2018-01-02T01:05:13","guid":{"rendered":"http:\/\/biblian.is\/videy\/fyrsta-johannesarbref-4-kafli\/"},"modified":"2018-01-02T01:05:13","modified_gmt":"2018-01-02T01:05:13","slug":"fyrsta-johannesarbref-4-kafli","status":"publish","type":"page","link":"https:\/\/biblian.is\/videy\/fyrsta-johannesarbref-4-kafli\/","title":{"rendered":"Fyrsta J\u00f3hannesarbr\u00e9f 4. kafli"},"content":{"rendered":"<div class=\"fyrirsognVidey\">J\u00f3hannes varar vi\u00f0 falskennendum. Talar um Gu\u00f0s elsku til vor, og a\u00f0 kristnum beri a\u00f0 elska hann aftur, og s\u00fdna \u00feessa elsku, \u00ed elsku til n\u00e1ungans.<\/div>\n<p><a name=\"1\"><span class=\"versanumer\">1<\/span><\/a>Elskanlegir! tr\u00fai\u00f0 ekki s\u00e9rhv\u00f6rjum anda <span class='VideyAth'>c)<\/span>, heldur reyni\u00f0 andana hv\u00f6rt \u00feeir s\u00e9u fr\u00e1 Gu\u00f0i, \u00fev\u00ed a\u00f0 margir falssp\u00e1menn hafa fari\u00f0 \u00fat um heiminn.<a name=\"2\"><span class=\"versanumer\">2<\/span><\/a>Af \u00feessu skulu\u00f0 \u00fe\u00e9r \u00feekkja Gu\u00f0s Anda: hv\u00f6r andi, sem vi\u00f0urkennir a\u00f0 Jes\u00fas Kristur hafi komi\u00f0 \u00ed holdinu, hann er fr\u00e1 Gu\u00f0i.<a name=\"3\"><span class=\"versanumer\">3<\/span><\/a>En hv\u00f6r s\u00e1 andi, sem ekki vi\u00f0urkennir, a\u00f0 Jes\u00fas Kristur hafi komi\u00f0 \u00ed holdinu <span class='VideyAth'>a)<\/span> hann er ekki fr\u00e1 Gu\u00f0i, heldur er hann Krists \u00f3vinur <span class='VideyAth'>(andi)<\/span> um hv\u00f6rn \u00fe\u00e9r hafi\u00f0 heyrt, a\u00f0 koma muni og er n\u00fa \u00feegar \u00ed heiminum.<a name=\"4\"><span class=\"versanumer\">4<\/span><\/a>\u00de\u00e9r, b\u00f6rn m\u00edn! eru\u00f0 af Gu\u00f0i <span class='VideyAth'>(f\u00e6dd)<\/span> og hafi\u00f0 \u00fe\u00e1 yfirunni\u00f0 <span class='VideyAth'>b)<\/span>, \u00fev\u00ed a\u00f0 s\u00e1 er meiri, sem \u00ed y\u00f0ur er, en hinn sem er \u00ed heiminum.<a name=\"5\"><span class=\"versanumer\">5<\/span><\/a>\u00deeir eru af heiminum <span class='VideyAth'>c)<\/span> og \u00feess vegna er \u00feeirra kenning veraldleg og heimurinn hlustar <span class='VideyAth'>(f\u00faslega)<\/span> \u00fear \u00e1.<a name=\"6\"><span class=\"versanumer\">6<\/span><\/a>V\u00e9r erum af Gu\u00f0i; hv\u00f6r, sem \u00feekkir Gu\u00f0, hl\u00fd\u00f0ir \u00e1 oss; hv\u00f6r, sem ekki er af Gu\u00f0i, hlustar ekki \u00e1 vora kenningu; af \u00feessu \u00feekkjum v\u00e9r anda sannleikans og anda villud\u00f3msins. <br \/><a name=\"7\"><span class=\"versanumer\">7<\/span><\/a>Elskanlegu! elskumst innbyr\u00f0is, \u00fev\u00ed a\u00f0 k\u00e6rleikurinn er fr\u00e1 Gu\u00f0i, og hv\u00f6r sem elskar, er af Gu\u00f0i f\u00e6ddur og \u00feekkir Gu\u00f0.<a name=\"8\"><span class=\"versanumer\">8<\/span><\/a>Hv\u00f6r, sem ekki elskar, \u00feekkir ekki Gu\u00f0, \u00fev\u00ed a\u00f0 Gu\u00f0 er k\u00e6rleikurinn;<a name=\"9\"><span class=\"versanumer\">9<\/span><\/a>\u00ed \u00fev\u00ed opinberast elska Gu\u00f0s til vor, a\u00f0 Gu\u00f0 sendi sinn eingetinn Son \u00ed heiminn, svo v\u00e9r skyldum <span class='VideyAth'>d)<\/span> lifa fyrir hann.<a name=\"10\"><span class=\"versanumer\">10<\/span><\/a>\u00cd \u00feessu er elskan innifalin, ekki a\u00f0 v\u00e9r elsku\u00f0um Gu\u00f0, heldur a\u00f0 hann elska\u00f0i oss og sendi sinn Son til forl\u00edkunar fyrir vorar syndir. <br \/><a name=\"11\"><span class=\"versanumer\">11<\/span><\/a>\u00de\u00e9r elskanlegir! fyrst Gu\u00f0 hefir svo elska\u00f0 oss, \u00fe\u00e1 ber oss a\u00f0 elska hv\u00f6r annan.<a name=\"12\"><span class=\"versanumer\">12<\/span><\/a>Enginn hefir nokkurn t\u00edma Gu\u00f0 s\u00e9\u00f0, ef v\u00e9r elskum hv\u00f6r annan, \u00fe\u00e1 er Gu\u00f0 st\u00f6\u00f0uglega \u00ed oss og hans k\u00e6rleiki er fullkomna\u00f0ur \u00ed oss.<a name=\"13\"><span class=\"versanumer\">13<\/span><\/a>\u00dear af \u00feekkjum v\u00e9r, a\u00f0 v\u00e9r erum st\u00f6\u00f0ugir \u00ed honum og hann \u00ed oss, a\u00f0 hann hefir gefi\u00f0 oss af s\u00ednum anda;<a name=\"14\"><span class=\"versanumer\">14<\/span><\/a>og v\u00e9r h\u00f6fum s\u00e9\u00f0 og vitnum, a\u00f0 Fa\u00f0irinn hefir \u00fatsent Soninn, heimsins Frelsara.<a name=\"15\"><span class=\"versanumer\">15<\/span><\/a>Hv\u00f6r, sem vi\u00f0urkennir, a\u00f0 Jes\u00fas s\u00e9 Gu\u00f0s Sonur, \u00ed honum er Gu\u00f0 st\u00f6\u00f0uglega og hann \u00ed Gu\u00f0i.<a name=\"16\"><span class=\"versanumer\">16<\/span><\/a>Og v\u00e9r h\u00f6fum \u00feekkt og treyst \u00feeirri elsku, sem Gu\u00f0 hefir til vor; Gu\u00f0 er k\u00e6rleikurinn, og hv\u00f6r, sem er st\u00f6\u00f0ugur \u00ed k\u00e6rleikanum, s\u00e1 er st\u00f6\u00f0ugur \u00ed Gu\u00f0i og Gu\u00f0 \u00ed honum.<a name=\"17\"><span class=\"versanumer\">17<\/span><\/a>\u00cd \u00fev\u00ed s\u00fdnir sig a\u00f0 elskan <span class='VideyAth'>e)<\/span> me\u00f0 oss er fullkomin, a\u00f0 v\u00e9r h\u00f6fum dj\u00f6rfungu \u00e1 degi d\u00f3msins, \u00fev\u00ed a\u00f0 l\u00edka sem hann er, svo erum v\u00e9r einnig \u00ed heimi \u00feessum.<a name=\"18\"><span class=\"versanumer\">18<\/span><\/a>Hr\u00e6\u00f0sla er ekki \u00ed elskunni, heldur \u00fatrekur fullkomin elska hr\u00e6\u00f0sluna, \u00fev\u00ed a\u00f0 hr\u00e6\u00f0slan hefir kv\u00f6l, en s\u00e1, sem hr\u00e6\u00f0ist er ekki fullkominn \u00ed elskunni.<a name=\"19\"><span class=\"versanumer\">19<\/span><\/a>V\u00e9r elskum hann, \u00fev\u00ed hann hefir elska\u00f0 oss fyrri.<a name=\"20\"><span class=\"versanumer\">20<\/span><\/a>Ef einhv\u00f6r segir: eg elska Gu\u00f0 og hatar sinn br\u00f3\u00f0ur, s\u00e1 er lygari; \u00fev\u00ed hv\u00f6r, sem ekki elskar sinn br\u00f3\u00f0ur, hv\u00f6rn hann hefir s\u00e9\u00f0, hv\u00f6rninn getur s\u00e1 elska\u00f0 Gu\u00f0, hv\u00f6rn hann hefir ekki s\u00e9\u00f0?<a name=\"21\"><span class=\"versanumer\">21<\/span><\/a>Og \u00feetta bo\u00f0or\u00f0 h\u00f6fum v\u00e9r fr\u00e1 honum: a\u00f0 s\u00e1, sem elskar Gu\u00f0, a\u00f0 honum beri einnig a\u00f0 elska sinn br\u00f3\u00f0ur.<\/p>\n<div class=\"footnoteVidey\">V. 1. c. nl. hv\u00f6rjum sem gefur sig \u00fat fyrir a\u00f0 vera sp\u00e1ma\u00f0ur, hafa gu\u00f0lega andagift. Jer. 14,14. 23,16. 29,9. Matt. 7,15.16. 24,4. f. 23. K\u00f3l. 2,18. 2 P\u00e9t. 2,1. 1 J\u00f3h. 2,18. sbr. 1 Kor. 14,29. 1 Tess. 5,21. Opinb. b. 2,2.  V. 2. sbr. 1 Kor. 1,23. 12,3. 1 J\u00f3h. 2,22. 2 J\u00f3h. v. 7.  V. 3. a. \u00fe. e. \u00edkl\u00e6ddur mannlegum l\u00edkama. 1 T\u00edm. 3,16.  V. 4. b. ekki l\u00e1ti\u00f0 villukennarana blekkja y\u00f0ur.  V. 5. c. \u00fe. e. sinna\u00f0ir eins og spilltur almenningur, er ekki hugsar nema um hi\u00f0 jar\u00f0neska. J\u00f3h. 3,31. 8,23.47. 15,19.  V. 6. J\u00f3h. 8,47. 10,27. 3 J\u00f3h. v. 11.  V. 7. Kap. 5,1.2. J\u00f3h. 8,12.  V. 8. v. 16. Kap. 2,4.  V. 9. R\u00f3m. 5,8. 8,32. 1 J\u00f3h. 3,16. d. lifa \u00fe. e. ver\u00f0a s\u00e6lir.  V. 10. J\u00f3h. 15,16. R\u00f3m. 3,24. 2 Kor. 5,19. sbr. 1 J\u00f3h. 2,2.  V. 11. J\u00f3h. 15,12.13.  V. 12. 2 M\u00f3s. b. 33,20. J\u00f3h. 1,18.  V. 13. Kap. 3,24. J\u00f3h. 17,21.  V. 14. Kap. 1,2. J\u00f3h. 1,14. Gal. 4,4.  V. 15. sbr. Kap. 5,5. nl. Kristur.  V. 17. e. nl. til Gu\u00f0s og manna. Kap. 3,21. 1 P\u00e9t. 1,15.  V. 18. R\u00f3m. 8,15.  V. 19. v. 10. V. 20. Kap. 2,4.11. 3,15.17.  V. 21. 3 M\u00f3s. b. 19,18. Matt. 22,29. 1 J\u00f3h. 5,1.<\/div>\n","protected":false},"excerpt":{"rendered":"<p>J\u00f3hannes varar vi\u00f0 falskennendum. Talar um Gu\u00f0s elsku til vor, og a\u00f0 kristnum beri a\u00f0 elska hann aftur, og s\u00fdna \u00feessa elsku, \u00ed elsku til n\u00e1ungans. 1Elskanlegir! tr\u00fai\u00f0 ekki s\u00e9rhv\u00f6rjum anda c), heldur reyni\u00f0 andana hv\u00f6rt \u00feeir s\u00e9u fr\u00e1 Gu\u00f0i, \u00fev\u00ed a\u00f0 margir falssp\u00e1menn hafa fari\u00f0 \u00fat um heiminn.2Af \u00feessu skulu\u00f0 \u00fe\u00e9r \u00feekkja Gu\u00f0s Anda: hv\u00f6r andi, sem vi\u00f0urkennir a\u00f0 Jes\u00fas Kristur hafi komi\u00f0 \u00ed holdinu, hann er fr\u00e1 Gu\u00f0i.3En hv\u00f6r s\u00e1 andi, sem ekki vi\u00f0urkennir, a\u00f0 Jes\u00fas Kristur hafi komi\u00f0 \u00ed holdinu a) hann er ekki fr\u00e1 Gu\u00f0i, heldur er hann Krists \u00f3vinur (andi) um hv\u00f6rn \u00fe\u00e9r hafi\u00f0 heyrt, <a href=\"https:\/\/biblian.is\/videy\/fyrsta-johannesarbref-4-kafli\/\"> [&#8230;]<\/a><\/p>\n","protected":false},"author":1,"featured_media":0,"parent":0,"menu_order":0,"comment_status":"open","ping_status":"open","template":"bibliukaflar.php","meta":{"footnotes":""},"class_list":["post-22012","page","type-page","status-publish","hentry"],"_links":{"self":[{"href":"https:\/\/biblian.is\/videy\/wp-json\/wp\/v2\/pages\/22012","targetHints":{"allow":["GET"]}}],"collection":[{"href":"https:\/\/biblian.is\/videy\/wp-json\/wp\/v2\/pages"}],"about":[{"href":"https:\/\/biblian.is\/videy\/wp-json\/wp\/v2\/types\/page"}],"author":[{"embeddable":true,"href":"https:\/\/biblian.is\/videy\/wp-json\/wp\/v2\/users\/1"}],"replies":[{"embeddable":true,"href":"https:\/\/biblian.is\/videy\/wp-json\/wp\/v2\/comments?post=22012"}],"version-history":[{"count":0,"href":"https:\/\/biblian.is\/videy\/wp-json\/wp\/v2\/pages\/22012\/revisions"}],"wp:attachment":[{"href":"https:\/\/biblian.is\/videy\/wp-json\/wp\/v2\/media?parent=22012"}],"curies":[{"name":"wp","href":"https:\/\/api.w.org\/{rel}","templated":true}]}}