{"id":22011,"date":"2018-01-02T01:05:13","date_gmt":"2018-01-02T01:05:13","guid":{"rendered":"http:\/\/biblian.is\/videy\/fyrsta-johannesarbref-3-kafli\/"},"modified":"2018-01-02T01:05:13","modified_gmt":"2018-01-02T01:05:13","slug":"fyrsta-johannesarbref-3-kafli","status":"publish","type":"page","link":"https:\/\/biblian.is\/videy\/fyrsta-johannesarbref-3-kafli\/","title":{"rendered":"Fyrsta J\u00f3hannesarbr\u00e9f 3. kafli"},"content":{"rendered":"<div class=\"fyrirsognVidey\">Gu\u00f0 er r\u00e9ttl\u00e1tur. S\u00e1 sem stundar r\u00e9ttl\u00e6ti er Gu\u00f0s barn. Hv\u00edl\u00edkur s\u00f3mi og heill er \u00fea\u00f0, a\u00f0 vera Gu\u00f0s barn! S\u00e1 sem vi\u00f0 \u00fea\u00f0 kannast, for\u00f0ast synd og elskar br\u00e6\u00f0urnar, a\u00f0 d\u00e6mi Krists, hv\u00f6rn Gu\u00f0 gaf \u00ed dau\u00f0ann m\u00f6nnum til frelsis. \u00deessi elska til Gu\u00f0s gefur oss tr\u00faartraust og rekur til hl\u00fd\u00f0ni vi\u00f0 Gu\u00f0.<\/div>\n<p><a name=\"1\"><span class=\"versanumer\">1<\/span><\/a>Sj\u00e1i\u00f0 hv\u00edl\u00edkan k\u00e6rleika Fa\u00f0irinn hefir oss au\u00f0s\u00fdnt, a\u00f0 v\u00e9r skulum Gu\u00f0s b\u00f6rn kallast; \u00feess vegna kannast ekki heimurinn vi\u00f0 oss, af \u00fev\u00ed hann \u00feekkir hann ekki.<a name=\"2\"><span class=\"versanumer\">2<\/span><\/a>Elskanlegir! n\u00fa \u00feegar erum v\u00e9r Gu\u00f0s b\u00f6rn, en \u00fea\u00f0 er enn \u00fe\u00e1 ekki opinbert hva\u00f0 v\u00e9r ver\u00f0a munum, en \u00fea\u00f0 vitum v\u00e9r, a\u00f0 \u00feegar hann birtist, a\u00f0 v\u00e9r munum honum l\u00edkir ver\u00f0a, \u00fev\u00ed a\u00f0 v\u00e9r munum sj\u00e1 hann, eins og hann er.<a name=\"3\"><span class=\"versanumer\">3<\/span><\/a>Og hv\u00f6r, sem hefir \u00feessa von til hans hreinsar sj\u00e1lfan sig, eins og hann er hreinn. <br \/><a name=\"4\"><span class=\"versanumer\">4<\/span><\/a>Hv\u00f6r, sem synd dr\u00fdgir, dr\u00fdgir l\u00edka lagabrot og syndin er lagabrot;<a name=\"5\"><span class=\"versanumer\">5<\/span><\/a>en \u00fe\u00e9r viti\u00f0, a\u00f0 hann hefir birst til \u00feess a\u00f0 hann burtt\u00e6ki vorar syndir <span class='VideyAth'>a)<\/span> og a\u00f0 engin synd finnst hj\u00e1 honum;<a name=\"6\"><span class=\"versanumer\">6<\/span><\/a>hv\u00f6r, sem heldur s\u00e9r st\u00f6\u00f0uglega vi\u00f0 hann, syndgar ekki, hv\u00f6r, sem syndgar, hefir hv\u00f6rki s\u00e9\u00f0 hann n\u00e9 \u00feekkt.<a name=\"7\"><span class=\"versanumer\">7<\/span><\/a>B\u00f6rn! l\u00e1ti\u00f0 engan villa y\u00f0ur, hv\u00f6r, sem r\u00e9ttv\u00edsina gj\u00f6rir, er r\u00e9ttv\u00eds eins og hann er r\u00e9ttv\u00eds.<a name=\"8\"><span class=\"versanumer\">8<\/span><\/a>Hv\u00f6r, sem syndina gj\u00f6rir er af dj\u00f6flinum, \u00fev\u00ed a\u00f0 dj\u00f6fullinn syndgar <span class='VideyAth'>b)<\/span> fr\u00e1 upphafi; til \u00feess birtist Gu\u00f0s Sonur, a\u00f0 hann ni\u00f0urbrj\u00f3ti dj\u00f6fulsins verk.<a name=\"9\"><span class=\"versanumer\">9<\/span><\/a>Hv\u00f6r af Gu\u00f0i er getinn, hann dr\u00fdgir ekki synd, \u00fev\u00ed s\u00e6\u00f0i hans er varanlegt \u00ed honum og hann getur ekki syndga\u00f0, \u00fev\u00ed a\u00f0 hann er af Gu\u00f0i getinn.<a name=\"10\"><span class=\"versanumer\">10<\/span><\/a>\u00dear af eru auglj\u00f3s Gu\u00f0s b\u00f6rn og b\u00f6rn dj\u00f6fulsins; hv\u00f6r, sem ekki gj\u00f6rir \u00fea\u00f0, sem er r\u00e9tt, hann er ekki af Gu\u00f0i, og hv\u00f6r, sem ekki elskar sinn br\u00f3\u00f0ur. <br \/><a name=\"11\"><span class=\"versanumer\">11<\/span><\/a>\u00deetta er s\u00fa kenning, sem \u00fe\u00e9r hafi\u00f0 heyrt fr\u00e1 upphafi, a\u00f0 v\u00e9r skulum elska hv\u00f6r annan;<a name=\"12\"><span class=\"versanumer\">12<\/span><\/a>ekki sem Kain, er var af hinum vonda og myrti br\u00f3\u00f0ur sinn og fyrir hva\u00f0 myrti hann hann? Af \u00fev\u00ed a\u00f0 verk hans voru vond, en br\u00f3\u00f0ur hans r\u00e9ttv\u00eds. <br \/><a name=\"13\"><span class=\"versanumer\">13<\/span><\/a>Undrist ekki, br\u00e6\u00f0ur m\u00ednir! \u00fe\u00f3tt heimurinn hati y\u00f0ur.<a name=\"14\"><span class=\"versanumer\">14<\/span><\/a>V\u00e9r vitum a\u00f0 v\u00e9r erum komnir \u00far dau\u00f0anum til l\u00edfsins, af \u00fev\u00ed v\u00e9r elsku\u00f0um br\u00e6\u00f0urnar; hv\u00f6r, sem ekki elskar sinn br\u00f3\u00f0ur, hann er enn \u00ed dau\u00f0anum.<a name=\"15\"><span class=\"versanumer\">15<\/span><\/a>Hv\u00f6r sinn br\u00f3\u00f0ur hatar, er manndr\u00e1pari, en \u00fe\u00e9r viti\u00f0 a\u00f0 enginn manndr\u00e1pari hefir eil\u00edfa l\u00edfi\u00f0 \u00ed s\u00e9r varanda.<a name=\"16\"><span class=\"versanumer\">16<\/span><\/a>Af \u00fev\u00ed \u00feekkjum v\u00e9r k\u00e6rleikann, a\u00f0 hann <span class='VideyAth'>a)<\/span> gaf sitt l\u00edf \u00fat fyrir oss; eins erum v\u00e9r skyldugir a\u00f0 l\u00e1ta l\u00edfi\u00f0 fyrir br\u00e6\u00f0urnar.<a name=\"17\"><span class=\"versanumer\">17<\/span><\/a>En s\u00e1 sem hefir \u00feessa heims au\u00f0\u00e6fi og s\u00e9r sinn br\u00f3\u00f0ur l\u00ed\u00f0a ney\u00f0 og afturl\u00fdkur s\u00ednu hjarta fyrir honum, hv\u00f6rnin getur elskan til Gu\u00f0s veri\u00f0 sta\u00f0f\u00f6st me\u00f0 honum. <br \/><a name=\"18\"><span class=\"versanumer\">18<\/span><\/a>B\u00f6rn m\u00edn! elskum ekki me\u00f0 or\u00f0i og tungu, heldur me\u00f0 verki og \u00ed sannleika; <br \/><a name=\"19\"><span class=\"versanumer\">19<\/span><\/a>og af \u00feessu \u00feekkjum v\u00e9r, a\u00f0 v\u00e9r a\u00f0hyllustum sannleikann, a\u00f0 v\u00e9r getum fri\u00f0a\u00f0 vor hj\u00f6rtu fyrir hans augliti;<a name=\"20\"><span class=\"versanumer\">20<\/span><\/a>svo a\u00f0 \u00fe\u00f3 vort hjarta ford\u00e6mi oss, er Gu\u00f0 samt meiri voru hjarta og \u00feekkir allt <span class='VideyAth'>b)<\/span>.<a name=\"21\"><span class=\"versanumer\">21<\/span><\/a>Elskanlegir! ef vort hjarta ford\u00e6mir oss ekki, \u00fe\u00e1 h\u00f6fum v\u00e9r dj\u00f6rfung til Gu\u00f0s<a name=\"22\"><span class=\"versanumer\">22<\/span><\/a>og \u00fea\u00f0, sem v\u00e9r bi\u00f0jum hann um, \u00fea\u00f0 mun hann veita oss, af \u00fev\u00ed v\u00e9r h\u00f6ldum hans bo\u00f0or\u00f0 og gj\u00f6rum \u00fea\u00f0, sem er vel\u00fe\u00f3knanlegt fyrir hans augliti.<a name=\"23\"><span class=\"versanumer\">23<\/span><\/a>Og \u00feetta er hans bo\u00f0or\u00f0: a\u00f0 v\u00e9r tr\u00faum \u00e1 nafn hans Sonar Jes\u00fa Krists og elskum hv\u00f6r annan samkv\u00e6mt \u00fev\u00ed bo\u00f0or\u00f0i, sem hann hefir gefi\u00f0 oss;<a name=\"24\"><span class=\"versanumer\">24<\/span><\/a>en hv\u00f6r s\u00e1 sem heldur hans bo\u00f0or\u00f0, hann er Gu\u00f0i sta\u00f0fastlega sameina\u00f0ur og hann honum, og af \u00fev\u00ed \u00feekkjum v\u00e9r, a\u00f0 hann er st\u00f6\u00f0uglega \u00ed samf\u00e9lagi vi\u00f0 oss, af \u00feeim anda, sem hann hefir oss gefi\u00f0.<\/p>\n<div class=\"footnoteVidey\">V. 1. J\u00f3h. 1,12. 16,3. 17,25.  V. 2. Esa. 56,5. 1 Kor. 15,49. K\u00f3l. 3,4. R\u00f3m. 8,29. Fil. 3,21. 1 Kor. 13,12. Matt. 5,8.  V. 3.  Kor. 7,1. 1 P\u00e9t. 15,16.  V. 4. Kap. 5,17.  V. 5. a. sbr. Esa. 53. 2 Kor. 5,21. J\u00f3h. 8,46. Hebr. 5,2.  V. 6. Kap. 2,4. 3,9. 4,8. 3 J\u00f3h. v. 11.  V. 7. Efes. 5,6. 1 J\u00f3h. 3,10.  V. 8. Matt. 13,38.39. J\u00f3h. 8,44. b. syndgar \u00fe. e. syndga\u00f0i fr\u00e1 upphafi (M\u00f3s. 3. K.) og syndgar enn.  V. 9. a\u00f0 vera f\u00e6ddur e\u00f0a getinn af Gu\u00f0i, er a\u00f0 hafa Gu\u00f0i l\u00edkt hugarfar, og \u00feess vegna vera honum vel\u00fe\u00f3knanlegur. Kap. 3,6. 5,18. 1 P\u00e9t. 1,23.  V. 10. kap. 2,29. sbr. 4,8.  V. 11. Kap. 2,7.24. J\u00f3h. 13,34. 15,12.  V. 12. 1 M\u00f3s. b. 4,8. Hebr. 11,4. J\u00f3h. 3,19.  V. 13. Matt 5,11. J\u00f3h. 15,18.19. 17,14.  V. 14. J\u00f3h. 5,24. 1 J\u00f3h. 2,11. 4,12. 3 M\u00f3s. b. 19,17.  V. 15. nl. \u00feegar hatri\u00f0 er fyrst komi\u00f0, geta menn ekki vita\u00f0 nema a\u00f0 \u00fea\u00f0 loksins lei\u00f0i til manndr\u00e1ps; \u00fear fyrir talar Jes\u00fas og postularnir \u00feunglega um allt \u00fea\u00f0, sem leitt getur til haturs. Sj\u00e1 Matt. 5,21. ff. Gal. 5,21.  V. 16. a. n. Jes\u00fas. Sj\u00e1 J\u00f3h. 3,16. 15,13. R\u00f3m. 5,8. Efes. 5,2.25.  V. 17. 5 M\u00f3s. b. 15,7. L\u00fak. 3,11. Jak. 2,15. 1 J\u00f3h. 4,20. 5,1.  V. 18. Jak. 2,15.16.  V. 20. b. nl. getur r\u00e9ttv\u00edslegar d\u00e6mt um oss, en v\u00e9r sj\u00e1lfir.  V. 21. Kap. 2,28. 4,17.  V. 22. S\u00e1lm. 34,16. 145,18. Or\u00f0skv. b. 15,29. 28,9. Jer. 29,12.14. Matt. 7,7. 18,19. 21,22. J\u00f3h. 9,31. 14,13.  V. 23. J\u00f3h. 6,29. 3 M\u00f3s. b. 19,18. J\u00f3h. 15,12.  V. 24. 1 J\u00f3h. 4,13.<\/div>\n","protected":false},"excerpt":{"rendered":"<p>Gu\u00f0 er r\u00e9ttl\u00e1tur. S\u00e1 sem stundar r\u00e9ttl\u00e6ti er Gu\u00f0s barn. Hv\u00edl\u00edkur s\u00f3mi og heill er \u00fea\u00f0, a\u00f0 vera Gu\u00f0s barn! S\u00e1 sem vi\u00f0 \u00fea\u00f0 kannast, for\u00f0ast synd og elskar br\u00e6\u00f0urnar, a\u00f0 d\u00e6mi Krists, hv\u00f6rn Gu\u00f0 gaf \u00ed dau\u00f0ann m\u00f6nnum til frelsis. \u00deessi elska til Gu\u00f0s gefur oss tr\u00faartraust og rekur til hl\u00fd\u00f0ni vi\u00f0 Gu\u00f0. 1Sj\u00e1i\u00f0 hv\u00edl\u00edkan k\u00e6rleika Fa\u00f0irinn hefir oss au\u00f0s\u00fdnt, a\u00f0 v\u00e9r skulum Gu\u00f0s b\u00f6rn kallast; \u00feess vegna kannast ekki heimurinn vi\u00f0 oss, af \u00fev\u00ed hann \u00feekkir hann ekki.2Elskanlegir! n\u00fa \u00feegar erum v\u00e9r Gu\u00f0s b\u00f6rn, en \u00fea\u00f0 er enn \u00fe\u00e1 ekki opinbert hva\u00f0 v\u00e9r ver\u00f0a munum, en \u00fea\u00f0 vitum <a href=\"https:\/\/biblian.is\/videy\/fyrsta-johannesarbref-3-kafli\/\"> [&#8230;]<\/a><\/p>\n","protected":false},"author":1,"featured_media":0,"parent":0,"menu_order":0,"comment_status":"open","ping_status":"open","template":"bibliukaflar.php","meta":{"footnotes":""},"class_list":["post-22011","page","type-page","status-publish","hentry"],"_links":{"self":[{"href":"https:\/\/biblian.is\/videy\/wp-json\/wp\/v2\/pages\/22011","targetHints":{"allow":["GET"]}}],"collection":[{"href":"https:\/\/biblian.is\/videy\/wp-json\/wp\/v2\/pages"}],"about":[{"href":"https:\/\/biblian.is\/videy\/wp-json\/wp\/v2\/types\/page"}],"author":[{"embeddable":true,"href":"https:\/\/biblian.is\/videy\/wp-json\/wp\/v2\/users\/1"}],"replies":[{"embeddable":true,"href":"https:\/\/biblian.is\/videy\/wp-json\/wp\/v2\/comments?post=22011"}],"version-history":[{"count":0,"href":"https:\/\/biblian.is\/videy\/wp-json\/wp\/v2\/pages\/22011\/revisions"}],"wp:attachment":[{"href":"https:\/\/biblian.is\/videy\/wp-json\/wp\/v2\/media?parent=22011"}],"curies":[{"name":"wp","href":"https:\/\/api.w.org\/{rel}","templated":true}]}}