{"id":22009,"date":"2018-01-02T01:05:07","date_gmt":"2018-01-02T01:05:07","guid":{"rendered":"http:\/\/biblian.is\/videy\/fyrsta-johannesarbref-1-kafli\/"},"modified":"2018-01-02T01:05:07","modified_gmt":"2018-01-02T01:05:07","slug":"fyrsta-johannesarbref-1-kafli","status":"publish","type":"page","link":"https:\/\/biblian.is\/videy\/fyrsta-johannesarbref-1-kafli\/","title":{"rendered":"Fyrsta J\u00f3hannesarbr\u00e9f 1. kafli"},"content":{"rendered":"<div class=\"fyrirsognVidey\">Um samf\u00e9lag vi\u00f0 Gu\u00f0. \u00dea\u00f0 \u00f6\u00f0last me\u00f0 \u00fev\u00ed, a\u00f0 l\u00e1ta sig uppl\u00fdsa af Krists l\u00e6rd\u00f3mi, og me\u00f0kenna a\u00f0 menn s\u00e9u brotlegir.<\/div>\n<p><a name=\"1\"><span class=\"versanumer\">1<\/span><\/a>\u00dea\u00f0, sem var fr\u00e1 upphafi; \u00fea\u00f0, sem v\u00e9r h\u00f6fum heyrt; \u00fea\u00f0, sem v\u00e9r me\u00f0 vorum augum h\u00f6fum s\u00e9\u00f0; \u00fea\u00f0, sem v\u00e9r h\u00f6fum sko\u00f0a\u00f0 og vorar hendur hafa \u00fereifa\u00f0 \u00e1 \u00e1hr\u00e6randi \u00fea\u00f0 l\u00edfsins or\u00f0,<a name=\"2\"><span class=\"versanumer\">2<\/span><\/a><span class='VideyAth'>(\u00fev\u00ed l\u00edfi\u00f0 er opinbera\u00f0 og v\u00e9r h\u00f6fum s\u00e9\u00f0 og vottum og bo\u00f0um y\u00f0ur l\u00edfi\u00f0 \u00fea\u00f0 eil\u00edfa, hv\u00f6rt e\u00f0 var hj\u00e1 F\u00f6\u00f0urnum, en birtist oss)<\/span> hva\u00f0 v\u00e9r h\u00f6fum s\u00e9\u00f0 og heyrt,<a name=\"3\"><span class=\"versanumer\">3<\/span><\/a>\u00fea\u00f0 bo\u00f0um v\u00e9r y\u00f0ur, til \u00feess a\u00f0 \u00fe\u00e9r l\u00edka g\u00e6tu\u00f0 haft samf\u00e9lag vi\u00f0 oss, en vort samf\u00e9lag er vi\u00f0 F\u00f6\u00f0urinn og vi\u00f0 hans Son Jes\u00fam Krist.<a name=\"4\"><span class=\"versanumer\">4<\/span><\/a>Og \u00feetta skrifum v\u00e9r y\u00f0ur, svo a\u00f0 y\u00f0ar f\u00f6gnu\u00f0ur geti or\u00f0i\u00f0 fullkominn.<br \/><a name=\"5\"><span class=\"versanumer\">5<\/span><\/a>En \u00feessi er bo\u00f0skapurinn, hv\u00f6rn v\u00e9r h\u00f6fum heyrt af honum og bo\u00f0um y\u00f0ur: a\u00f0 Gu\u00f0 er lj\u00f3s og ekkert myrkur er \u00ed honum.<a name=\"6\"><span class=\"versanumer\">6<\/span><\/a>Ef v\u00e9r segjum, a\u00f0 v\u00e9r h\u00f6fum samf\u00e9lag vi\u00f0 hann og g\u00f6ngum \u00fe\u00f3 \u00ed myrkrinu, \u00fe\u00e1 lj\u00fagum v\u00e9r og fylgjum ekki sannleikanum.<a name=\"7\"><span class=\"versanumer\">7<\/span><\/a>En ef v\u00e9r framg\u00f6ngum \u00ed lj\u00f3sinu <span class='VideyAth'>a)<\/span>, eins og hann er sj\u00e1lfur \u00ed lj\u00f3sinu, \u00fe\u00e1 h\u00f6fum v\u00e9r samf\u00e9lag innbyr\u00f0is <span class='VideyAth'>b)<\/span> og bl\u00f3\u00f0i\u00f0 Jes\u00fa Krists, hans Sonar, hreinsar oss af allri synd. <br \/><a name=\"8\"><span class=\"versanumer\">8<\/span><\/a>Ef v\u00e9r segjum: v\u00e9r h\u00f6fum ekki synd, \u00fe\u00e1 sv\u00edkjum v\u00e9r sj\u00e1lfa oss og sannleikurinn er ekki \u00ed oss.<a name=\"9\"><span class=\"versanumer\">9<\/span><\/a>En ef v\u00e9r vi\u00f0urkennum vorar syndir, \u00fe\u00e1 er hann tr\u00fafastur og r\u00e9ttv\u00eds, svo a\u00f0 hann fyrirgefur oss syndirnar og hreinsar oss fr\u00e1 \u00f6llu rangl\u00e6ti.<a name=\"10\"><span class=\"versanumer\">10<\/span><\/a>Ef v\u00e9r segjum, a\u00f0 v\u00e9r ekki h\u00f6fum syndga\u00f0, gj\u00f6rum v\u00e9r hann a\u00f0 lygara og hans or\u00f0 er ekki \u00ed oss.<\/p>\n<div class=\"footnoteVidey\">V. 1. J\u00f3h. 1,1\u20133.14. 2 P\u00e9t. 1,16. sbr. L\u00fak. 24,39. J\u00f3h. 20,27. nl. sem veitir l\u00edf, s\u00e9rdeilis h\u00e9r meint: andlegt l\u00edf og fars\u00e6ld.  V. 2. J\u00f3h. 1,4. R\u00f3m. 16,26. K\u00f3l. 1,26. 2 T\u00edm. 1,10.  V. 3. J\u00f3h. 17,3.21.  V. 4. J\u00f3h. 15,11. 16,24. 2 J\u00f3h. v. 12.  V. 5. S\u00e1lm. 104,2. J\u00f3h. 1,9. 3,12.  V. 6. sbr. Kap. 2,4.  V. 7. a. \u00fe. e. samkv\u00e6mt r\u00e9ttri \u00feekkingu. b. nl. v\u00e9r vi\u00f0 Gu\u00f0 og Gu\u00f0 vi\u00f0 oss. Post. gb. 20,28. 1 P\u00e9t. 1,19. Hebr. 9,14.  V. 8. 1 K\u00f3ng. b. 8,46. Or\u00f0skv. b. 20,9.  V. 9. S\u00e1lm. 32,5. sbr. Ef. 1,16\u201318.  V. 10. S\u00e1lm. 14,3. Esaj. 59,2\u201315. Kap. 2,4.<\/div>\n","protected":false},"excerpt":{"rendered":"<p>Um samf\u00e9lag vi\u00f0 Gu\u00f0. \u00dea\u00f0 \u00f6\u00f0last me\u00f0 \u00fev\u00ed, a\u00f0 l\u00e1ta sig uppl\u00fdsa af Krists l\u00e6rd\u00f3mi, og me\u00f0kenna a\u00f0 menn s\u00e9u brotlegir. 1\u00dea\u00f0, sem var fr\u00e1 upphafi; \u00fea\u00f0, sem v\u00e9r h\u00f6fum heyrt; \u00fea\u00f0, sem v\u00e9r me\u00f0 vorum augum h\u00f6fum s\u00e9\u00f0; \u00fea\u00f0, sem v\u00e9r h\u00f6fum sko\u00f0a\u00f0 og vorar hendur hafa \u00fereifa\u00f0 \u00e1 \u00e1hr\u00e6randi \u00fea\u00f0 l\u00edfsins or\u00f0,2(\u00fev\u00ed l\u00edfi\u00f0 er opinbera\u00f0 og v\u00e9r h\u00f6fum s\u00e9\u00f0 og vottum og bo\u00f0um y\u00f0ur l\u00edfi\u00f0 \u00fea\u00f0 eil\u00edfa, hv\u00f6rt e\u00f0 var hj\u00e1 F\u00f6\u00f0urnum, en birtist oss) hva\u00f0 v\u00e9r h\u00f6fum s\u00e9\u00f0 og heyrt,3\u00fea\u00f0 bo\u00f0um v\u00e9r y\u00f0ur, til \u00feess a\u00f0 \u00fe\u00e9r l\u00edka g\u00e6tu\u00f0 haft samf\u00e9lag vi\u00f0 oss, en vort samf\u00e9lag er <a href=\"https:\/\/biblian.is\/videy\/fyrsta-johannesarbref-1-kafli\/\"> [&#8230;]<\/a><\/p>\n","protected":false},"author":1,"featured_media":0,"parent":0,"menu_order":0,"comment_status":"open","ping_status":"open","template":"bibliukaflar.php","meta":{"footnotes":""},"class_list":["post-22009","page","type-page","status-publish","hentry"],"_links":{"self":[{"href":"https:\/\/biblian.is\/videy\/wp-json\/wp\/v2\/pages\/22009","targetHints":{"allow":["GET"]}}],"collection":[{"href":"https:\/\/biblian.is\/videy\/wp-json\/wp\/v2\/pages"}],"about":[{"href":"https:\/\/biblian.is\/videy\/wp-json\/wp\/v2\/types\/page"}],"author":[{"embeddable":true,"href":"https:\/\/biblian.is\/videy\/wp-json\/wp\/v2\/users\/1"}],"replies":[{"embeddable":true,"href":"https:\/\/biblian.is\/videy\/wp-json\/wp\/v2\/comments?post=22009"}],"version-history":[{"count":0,"href":"https:\/\/biblian.is\/videy\/wp-json\/wp\/v2\/pages\/22009\/revisions"}],"wp:attachment":[{"href":"https:\/\/biblian.is\/videy\/wp-json\/wp\/v2\/media?parent=22009"}],"curies":[{"name":"wp","href":"https:\/\/api.w.org\/{rel}","templated":true}]}}