{"id":22007,"date":"2018-01-02T01:05:07","date_gmt":"2018-01-02T01:05:07","guid":{"rendered":"http:\/\/biblian.is\/videy\/sidara-petursbref-2-kafli\/"},"modified":"2018-01-02T01:05:07","modified_gmt":"2018-01-02T01:05:07","slug":"sidara-petursbref-2-kafli","status":"publish","type":"page","link":"https:\/\/biblian.is\/videy\/sidara-petursbref-2-kafli\/","title":{"rendered":"S\u00ed\u00f0ara P\u00e9tursbr\u00e9f 2. kafli"},"content":{"rendered":"<div class=\"fyrirsognVidey\">Postulinn l\u00fdsir falskennendunum og \u00fev\u00ed straffi, \u00e1 hv\u00f6rju \u00feeir eiga von.<\/div>\n<p><a name=\"1\"><span class=\"versanumer\">1<\/span><\/a>En l\u00edka sem <span class='VideyAth'>(\u00e1\u00f0ur)<\/span> voru <span class='VideyAth'>c)<\/span> falssp\u00e1menn me\u00f0al l\u00fd\u00f0sins, \u00feannig munu l\u00edka falskennendur r\u00edsa upp \u00e1 me\u00f0al y\u00f0ar, er innsmeygja munu h\u00e1skalegum villum, afneita Drottni, sem \u00fe\u00e1 hefir keypt og yfir sig lei\u00f0a br\u00e1\u00f0a gl\u00f6tun,<a name=\"2\"><span class=\"versanumer\">2<\/span><\/a>og margir munu fylgja \u00feeirra skemmilega ath\u00e6fi, fyrir hv\u00f6rra sakir illt or\u00f0 koma mun \u00e1 <span class='VideyAth'>d)<\/span> veg sannleikans.<a name=\"3\"><span class=\"versanumer\">3<\/span><\/a>Af \u00e1girnd munu \u00feeir me\u00f0 t\u00e6landi kenningum hafa y\u00f0ur fyrir f\u00e9; \u00feeirra ford\u00e6ming, fyrir l\u00f6ngu <span class='VideyAth'>(felld)<\/span>, mun ekki heldur kraftlaus ver\u00f0a og \u00feeirra gl\u00f6tun mun eigi <span class='VideyAth'>e)<\/span> dotta.<a name=\"4\"><span class=\"versanumer\">4<\/span><\/a>\u00dev\u00ed ef Gu\u00f0 \u00feyrmdi ekki englunum, sem syndgu\u00f0u, heldur steypti \u00feeim til helv\u00edtis og setti \u00fe\u00e1 \u00ed myrkrafj\u00f6tur, svo a\u00f0 \u00feeir var\u00f0veittust til d\u00f3msins,<a name=\"5\"><span class=\"versanumer\">5<\/span><\/a>og ekki heldur \u00feyrmdi \u00feeim forna heimi, \u00feegar hann l\u00e9t vatnsfl\u00f3\u00f0i\u00f0 koma yfir heim hinna \u00f3gu\u00f0legu, en var\u00f0veitti N\u00f3a, r\u00e9ttl\u00e6tispr\u00e9dikarann, sj\u00e1lfan \u00e1ttunda;<a name=\"6\"><span class=\"versanumer\">6<\/span><\/a>og lag\u00f0i borgirnar S\u00f3d\u00f3ma og Gomorra \u00ed \u00f6sku, ford\u00e6mdi til ey\u00f0ileggingar, og setti til fyrirmyndar \u00feeim sem s\u00ed\u00f0ar \u00f3gu\u00f0lega breyttu;<a name=\"7\"><span class=\"versanumer\">7<\/span><\/a>en frelsa\u00f0i \u00feann r\u00e1\u00f0vanda Lot, er kvaldist af sv\u00edvir\u00f0ilegum lifna\u00f0i hinna \u00feverbrotnu,<a name=\"8\"><span class=\"versanumer\">8<\/span><\/a>\u00fev\u00ed a\u00f0 s\u00e1 r\u00e1\u00f0vandi, sem bj\u00f3 \u00e1 me\u00f0al \u00feeirra, kvaldist \u00ed sinni r\u00e9ttl\u00e1tu s\u00e1lu dag fr\u00e1 degi af \u00feeim \u00f3d\u00e1\u00f0averkum, er hann m\u00e1tti sj\u00e1 og heyra.<a name=\"9\"><span class=\"versanumer\">9<\/span><\/a>\u00deannig veit Drottinn a\u00f0 hr\u00edfa \u00fe\u00e1 gu\u00f0hr\u00e6ddu \u00far \u00f3lukkunni, en geyma til d\u00f3msdagsins \u00fe\u00e1 rangl\u00e1tu til hegningar,<a name=\"10\"><span class=\"versanumer\">10<\/span><\/a>einna helst \u00fe\u00e1, sem af saurl\u00edfum losta fylgja holdsins vild, og <span class='VideyAth'>a)<\/span> fyrirl\u00edta <span class='VideyAth'>(\u00f6ll)<\/span> yfirr\u00e1\u00f0. Sem f\u00edfldjarfir sj\u00e1lfbirgingar sv\u00edfast \u00feeir ekki a\u00f0 lasta tignarv\u00f6ldin,<a name=\"11\"><span class=\"versanumer\">11<\/span><\/a>\u00fear e\u00f0 \u00fe\u00f3 englarnir, sem eru \u00feeim a\u00f0 makt og veldi meiri, eigi fella l\u00f6stunard\u00f3m gegn \u00feeim hj\u00e1 Drottni.<a name=\"12\"><span class=\"versanumer\">12<\/span><\/a>En eins og skynlaus d\u00fdr, er fylgja s\u00ednum girndum, sem f\u00e6dd eru til a\u00f0 vei\u00f0ast og fyrirfarast, lasta \u00feessir \u00fea\u00f0 <span class='VideyAth'>b)<\/span> sem \u00feeir ekki \u00feekkja og munu \u00fev\u00ed tort\u00ednast vegna \u00feeirra spillingar, og rangl\u00e6tisver\u00f0laun bera \u00far b\u00fdtum;<a name=\"13\"><span class=\"versanumer\">13<\/span><\/a>\u00feeir hafa yndi af daglega a\u00f0 lifa \u00ed \u00f3h\u00f3fi, eru <span class='VideyAth'>(sv\u00edvir\u00f0ilegir)<\/span> blettir og vansi <span class='VideyAth'>c)<\/span>, lifa svallsamlega af prettum s\u00ednum <span class='VideyAth'>d)<\/span>, \u00feegar \u00feeir sitja \u00ed veislum me\u00f0 y\u00f0ur;<a name=\"14\"><span class=\"versanumer\">14<\/span><\/a>augun hafa \u00feeir ekki af h\u00f3rkonunni og \u00feeim ver\u00f0ur ekki fr\u00e1 syndinni haldi\u00f0 og fleka \u00f3styrkar s\u00e1lir; hjarta \u00feeirra er \u00ed \u00e1girnd \u00e6st; \u00feeir eru b\u00f6lvunarinnar b\u00f6rn,<a name=\"15\"><span class=\"versanumer\">15<\/span><\/a>sem hafa yfirgefi\u00f0 r\u00e9ttan veg, villast og fylgja vegi Balaams <span class='VideyAth'>(sonar)<\/span> B\u00f3sors, sem elska\u00f0i laun rangl\u00e6tisins,<a name=\"16\"><span class=\"versanumer\">16<\/span><\/a>en f\u00e9kk straff fyrir s\u00edna yfirtro\u00f0slu; m\u00e1llaust akneyti tala\u00f0i mannam\u00e1li og aftra\u00f0i sp\u00e1mannsins f\u00e1sinnu.<a name=\"17\"><span class=\"versanumer\">17<\/span><\/a>\u00dev\u00edl\u00edkir eru brunnar \u00e1n vatns og sk\u00fd af hvirfilbyli hraki\u00f0, hv\u00f6rjum myrkursins dimma er a\u00f0 eil\u00edfu geymd.<a name=\"18\"><span class=\"versanumer\">18<\/span><\/a>\u00dev\u00ed \u00feegar \u00feeir l\u00e1ta klingja drambs\u00f6m h\u00e9g\u00f3maor\u00f0, t\u00e6la \u00feeir me\u00f0 holdlegum girndum og \u00f3t\u00e9rlegum lifna\u00f0i \u00fe\u00e1, sem fyrir sk\u00f6mmu hafa komist fr\u00e1 \u00feeim, sem ganga \u00ed villu;<a name=\"19\"><span class=\"versanumer\">19<\/span><\/a>\u00feeir bo\u00f0a \u00feeim frelsi, \u00fe\u00f3 \u00feeir s\u00e9u sj\u00e1lfir spillingarinnar \u00fer\u00e6lar, \u00fev\u00ed af \u00feeim sem nokkur er yfirunnin, \u00feess \u00e1nau\u00f0ugur \u00fer\u00e6ll er hann.<a name=\"20\"><span class=\"versanumer\">20<\/span><\/a>En ef a\u00f0 \u00feeir, sem me\u00f0 \u00feekking Drottins vors Frelsara Jes\u00fa Krists sloppnir voru fr\u00e1 heimsins saurugleika, fl\u00e6kja sig \u00ed honum <span class='VideyAth'>(\u00e1 n\u00fd)<\/span> og sigrast, \u00fe\u00e1 ver\u00f0ur \u00feeirra hi\u00f0 s\u00ed\u00f0ara verra hinu fyrra;<a name=\"21\"><span class=\"versanumer\">21<\/span><\/a>\u00fev\u00ed betra var \u00feeim aldrei a\u00f0 hafa \u00feekkt veginn r\u00e9ttl\u00e6tisins, heldur en eftir \u00fea\u00f0 \u00feeir hafa \u00feekkt hann, a\u00f0 sn\u00faa aftur fr\u00e1 \u00fev\u00ed heilaga l\u00f6gm\u00e1li, sem \u00feeim var gefi\u00f0.<a name=\"22\"><span class=\"versanumer\">22<\/span><\/a>\u00c1 \u00fev\u00edl\u00edkum \u00e1 heima sannm\u00e6li \u00feessi: \u201ehundurinn sn\u00fdr aftur til sinnar sp\u00fdju\u201c, og \u201e\u00fevegi\u00f0 sv\u00edn til leirveltunnar\u201c.<\/p>\n<div class=\"footnoteVidey\">V. 1. c. 5 M\u00f3s. 13,1. Matt. 24,11. 1 T\u00edm. 4,1. 1 J\u00f3h. 2,2. 2 J\u00f3h. v. 7. 1 P\u00e9t. 1,18.19.  V. 2. d. \u00fe. e. Krists l\u00e6rd\u00f3m.  V. 3. e. \u00fe. e. br\u00e1\u00f0um koma yfir \u00fe\u00e1.  V. 4. J\u00fad. v. 6.  V. 5. 1 M\u00f3s. b. 7,7.21\u201323. 8,1.  V. 6\u20139. 1 M\u00f3s. b. 19,5\u201325.  V. 10. a. \u00fe. e. vilja hv\u00f6rki Gu\u00f0s n\u00e9 manna l\u00f6gum hl\u00fd\u00f0a, heldur einungis s\u00ednum girndum, sbr. L\u00fak. v. 7. f.  V. 11. J\u00fad. v. 9.  V. 12. J\u00fad. v. 10. b. nl. tignarv\u00f6ldin.  V. 13. J\u00fad. v. 12. c. nl. \u00ed kristninni. d. Sumar handskriftir hafa h\u00e9r: agapais fyrir apatais; \u00fatleggst: \u201elifa svallsamlega \u00ed \u00feeirra k\u00e6rleiksm\u00e1lt\u00ed\u00f0um, \u00feegar \u00feeir sitja til bor\u00f0s me\u00f0 y\u00f0ur \u00ed \u00feeim\u201c. sbr. 1 Kor. 11,20.21.  V. 15.16. 4 M\u00f3s. 22,7\u201328. 31,16.  V. 17. Or\u00f0skv. 25,14.  V. 18. Gal. 5,13. 2,17.  V. 19. J\u00f3h. 8,32.34.36. R\u00f3m. 6,16.19\u201323.  V. 20. 2 P\u00e9t. 1,8. Hebr. 6,4\u20136.<\/div>\n","protected":false},"excerpt":{"rendered":"<p>Postulinn l\u00fdsir falskennendunum og \u00fev\u00ed straffi, \u00e1 hv\u00f6rju \u00feeir eiga von. 1En l\u00edka sem (\u00e1\u00f0ur) voru c) falssp\u00e1menn me\u00f0al l\u00fd\u00f0sins, \u00feannig munu l\u00edka falskennendur r\u00edsa upp \u00e1 me\u00f0al y\u00f0ar, er innsmeygja munu h\u00e1skalegum villum, afneita Drottni, sem \u00fe\u00e1 hefir keypt og yfir sig lei\u00f0a br\u00e1\u00f0a gl\u00f6tun,2og margir munu fylgja \u00feeirra skemmilega ath\u00e6fi, fyrir hv\u00f6rra sakir illt or\u00f0 koma mun \u00e1 d) veg sannleikans.3Af \u00e1girnd munu \u00feeir me\u00f0 t\u00e6landi kenningum hafa y\u00f0ur fyrir f\u00e9; \u00feeirra ford\u00e6ming, fyrir l\u00f6ngu (felld), mun ekki heldur kraftlaus ver\u00f0a og \u00feeirra gl\u00f6tun mun eigi e) dotta.4\u00dev\u00ed ef Gu\u00f0 \u00feyrmdi ekki englunum, sem syndgu\u00f0u, heldur steypti \u00feeim <a href=\"https:\/\/biblian.is\/videy\/sidara-petursbref-2-kafli\/\"> [&#8230;]<\/a><\/p>\n","protected":false},"author":1,"featured_media":0,"parent":0,"menu_order":0,"comment_status":"open","ping_status":"open","template":"bibliukaflar.php","meta":{"footnotes":""},"class_list":["post-22007","page","type-page","status-publish","hentry"],"_links":{"self":[{"href":"https:\/\/biblian.is\/videy\/wp-json\/wp\/v2\/pages\/22007","targetHints":{"allow":["GET"]}}],"collection":[{"href":"https:\/\/biblian.is\/videy\/wp-json\/wp\/v2\/pages"}],"about":[{"href":"https:\/\/biblian.is\/videy\/wp-json\/wp\/v2\/types\/page"}],"author":[{"embeddable":true,"href":"https:\/\/biblian.is\/videy\/wp-json\/wp\/v2\/users\/1"}],"replies":[{"embeddable":true,"href":"https:\/\/biblian.is\/videy\/wp-json\/wp\/v2\/comments?post=22007"}],"version-history":[{"count":0,"href":"https:\/\/biblian.is\/videy\/wp-json\/wp\/v2\/pages\/22007\/revisions"}],"wp:attachment":[{"href":"https:\/\/biblian.is\/videy\/wp-json\/wp\/v2\/media?parent=22007"}],"curies":[{"name":"wp","href":"https:\/\/api.w.org\/{rel}","templated":true}]}}