{"id":22006,"date":"2018-01-02T01:05:07","date_gmt":"2018-01-02T01:05:07","guid":{"rendered":"http:\/\/biblian.is\/videy\/sidara-petursbref-1-kafli\/"},"modified":"2018-01-02T01:05:07","modified_gmt":"2018-01-02T01:05:07","slug":"sidara-petursbref-1-kafli","status":"publish","type":"page","link":"https:\/\/biblian.is\/videy\/sidara-petursbref-1-kafli\/","title":{"rendered":"S\u00ed\u00f0ara P\u00e9tursbr\u00e9f 1. kafli"},"content":{"rendered":"<div class=\"fyrirsognVidey\">Postulinn \u00f3skar g\u00f3\u00f0s \u00feeim tr\u00fau\u00f0u. Hvetur til dygg\u00f0a. S\u00fdnir tr\u00faver\u00f0ugleika kenningar sinnar.<\/div>\n<p><a name=\"1\"><span class=\"versanumer\">1<\/span><\/a>S\u00edmon P\u00e9tur, \u00fej\u00f3n og postuli Jes\u00fa Krists, \u00f3skar \u00feeim sem eins og v\u00e9r hloti\u00f0 hafi\u00f0 af g\u00e6sku Gu\u00f0s vors og Frelsarans Jes\u00fa Krists s\u00f6mu d\u00fdrm\u00e6tu tr\u00fa,<a name=\"2\"><span class=\"versanumer\">2<\/span><\/a>a\u00f0 n\u00e1\u00f0 og fri\u00f0ur margfaldist yfir y\u00f0ur me\u00f0 \u00feekkingunni \u00e1 Gu\u00f0i og Drottni vorum Jes\u00fa Kristi. <br \/><a name=\"3\"><span class=\"versanumer\">3<\/span><\/a>Hans gu\u00f0d\u00f3mlegi m\u00e1ttur hefir af d\u00fdr\u00f0legri g\u00e6sku sinni veitt oss me\u00f0 \u00feekkingu \u00feess, sem oss hefir kalla\u00f0, allt \u00fea\u00f0 sem me\u00f0\u00fearf til <span class='VideyAth'>(sannarlegs)<\/span> l\u00edfs og gu\u00f0r\u00e6kni.<a name=\"4\"><span class=\"versanumer\">4<\/span><\/a>Af \u00feessari hans g\u00e6sku eru oss gefin hin st\u00e6rstu og d\u00fdrm\u00e6tustu fyrirheit, til \u00feess a\u00f0 \u00fe\u00e9r \u00fear vi\u00f0 skyldu\u00f0 hluttakandi ver\u00f0a gu\u00f0legrar n\u00e1tt\u00faru <span class='VideyAth'>d)<\/span> og for\u00f0ast heimsins girndaspillingu. <br \/><a name=\"5\"><span class=\"versanumer\">5<\/span><\/a>Leggi\u00f0 \u00fear fyrir alla stund \u00fear \u00e1, a\u00f0 au\u00f0s\u00fdna \u00ed y\u00f0varri tr\u00fa dygg\u00f0ina, en \u00ed dygg\u00f0inni \u00feekkinguna,<a name=\"6\"><span class=\"versanumer\">6<\/span><\/a>en \u00ed \u00feekkingunni bindindi\u00f0, en \u00ed bindindinu \u00feolinm\u00e6\u00f0ina, en \u00ed \u00feolinm\u00e6\u00f0inni gu\u00f0r\u00e6knina,<a name=\"7\"><span class=\"versanumer\">7<\/span><\/a>en \u00ed gu\u00f0r\u00e6kninni br\u00f3\u00f0urelskuna, en \u00ed br\u00f3\u00f0urelskunni elskuna <span class='VideyAth'>(til allra)<\/span>;<a name=\"8\"><span class=\"versanumer\">8<\/span><\/a>\u00fev\u00ed ef \u00feessar dygg\u00f0ir finnast hj\u00e1 y\u00f0ur, og \u00ed gn\u00e6g\u00f0, munu \u00fe\u00e6r ekki l\u00e1ta vi\u00f0urkenningu Drottins vors Jes\u00fa Krists vera i\u00f0julausa og \u00e1vaxtarlausa \u00ed y\u00f0ur.<a name=\"9\"><span class=\"versanumer\">9<\/span><\/a>\u00dev\u00ed hj\u00e1 \u00feeim sem \u00fe\u00e6r eru ekki, hann er blindur, byrgir fyrir augu s\u00e9r, og <span class='VideyAth'>e)<\/span> gleymir hreinsun sinna fyrri synda.<a name=\"10\"><span class=\"versanumer\">10<\/span><\/a>Kappkosti\u00f0 \u00fear fyrir, br\u00e6\u00f0ur m\u00ednir! a\u00f0 sta\u00f0festa y\u00f0ar k\u00f6llun og \u00fatvalningu, \u00fev\u00ed ef \u00fe\u00e9r \u00feetta gj\u00f6ri\u00f0, munu\u00f0 \u00fe\u00e9r ekki nokkru sinni <span class='VideyAth'>a)<\/span> hrasa;<a name=\"11\"><span class=\"versanumer\">11<\/span><\/a>\u00fev\u00ed \u00fe\u00e1 mun y\u00f0ur veitast lj\u00fafur inngangur \u00ed \u00fea\u00f0 eil\u00edfa r\u00edki Drottins vors og Frelsara Jes\u00fa Krists. <br \/><a name=\"12\"><span class=\"versanumer\">12<\/span><\/a>\u00deess vegna vil eg ekki letjast s\u00edfelldlega a\u00f0 \u00e1minna y\u00f0ur h\u00e9rum, jafnvel \u00fe\u00f3 y\u00f0ur s\u00e9 \u00feetta kunnugt og st\u00f6\u00f0ugir standi\u00f0 \u00ed \u00feeim sannleika sem hj\u00e1 y\u00f0ur er.<a name=\"13\"><span class=\"versanumer\">13<\/span><\/a>En eg \u00e1l\u00edt \u00fea\u00f0 r\u00e9tt vera, a\u00f0 eg veki y\u00f0ur me\u00f0 minni \u00e1minningu, \u00e1 me\u00f0an eg er \u00ed \u00feessari tjaldb\u00fa\u00f0;<a name=\"14\"><span class=\"versanumer\">14<\/span><\/a>\u00fev\u00ed eg veit a\u00f0 \u00feess er skammt a\u00f0 b\u00ed\u00f0a, a\u00f0 minni tjaldb\u00fa\u00f0 ver\u00f0i svipt, eins og Drottinn vor Jes\u00fas Kristur hefir m\u00e9r opinbera\u00f0,<a name=\"15\"><span class=\"versanumer\">15<\/span><\/a>og vil \u00fev\u00ed leggja kapp \u00e1, a\u00f0 \u00fe\u00e9r \u00e6t\u00ed\u00f0 hafi\u00f0 \u00fea\u00f0, sem eftir m\u00edna burtf\u00f6r, haldi \u00feessu y\u00f0ur \u00ed minni.<a name=\"16\"><span class=\"versanumer\">16<\/span><\/a>Ekki fylgdum v\u00e9r spaklega uppspunnum fr\u00e1s\u00f6gum, \u00fe\u00e1 v\u00e9r kunngj\u00f6r\u00f0um y\u00f0ur um m\u00e1tt og h\u00e9rveru Drottins vors Jes\u00fa Krists, heldur vorum v\u00e9r sj\u00e1lfir <span class='VideyAth'>b)<\/span> sj\u00f3narvottar a\u00f0 hans h\u00e1tign;<a name=\"17\"><span class=\"versanumer\">17<\/span><\/a>\u00fev\u00ed hann me\u00f0t\u00f3k af Gu\u00f0i F\u00f6\u00f0ur hei\u00f0ur og d\u00fdr\u00f0, \u00fe\u00e1 \u00fev\u00edl\u00edk raust barst honum fr\u00e1 \u00feeirri h\u00e1tignarfullu d\u00fdr\u00f0: \u201e\u00feessi er minn elskulegi Sonur \u00e1 hv\u00f6rjum eg hefi vel\u00fe\u00f3knan\u201c;<a name=\"18\"><span class=\"versanumer\">18<\/span><\/a>og \u00feessa raust heyr\u00f0um v\u00e9r koma fr\u00e1 himni \u00fe\u00e1 v\u00e9r vorum me\u00f0 honum \u00e1 fjallinu helga.<a name=\"19\"><span class=\"versanumer\">19<\/span><\/a>H\u00e9r vi\u00f0 ur\u00f0um v\u00e9r vissari um sp\u00e1mannanna or\u00f0 og \u00fe\u00e9r breyti\u00f0 vel, ef \u00fe\u00e9r gefi\u00f0 gaum a\u00f0 \u00fev\u00ed eins og lj\u00f3si, sem sk\u00edn \u00e1 myrkum sta\u00f0, \u00fear til dagur lj\u00f3mar og morgunstjarnan upprennur \u00ed y\u00f0rum hj\u00f6rtum.<a name=\"20\"><span class=\"versanumer\">20<\/span><\/a>Umfram allt viti\u00f0, a\u00f0 enginn sp\u00e1d\u00f3mur Ritningarinnar skilst af sj\u00e1lfum s\u00e9r;<a name=\"21\"><span class=\"versanumer\">21<\/span><\/a>\u00fev\u00ed a\u00f0 aldrei hefir nokkur sp\u00e1d\u00f3mur framfluttur veri\u00f0 eftir mannsins vild, heldur t\u00f6lu\u00f0u \u00feeir heil\u00f6gu Gu\u00f0s menn kn\u00fa\u00f0ir \u00fear til af heil\u00f6gum Anda.<\/p>\n<div class=\"footnoteVidey\">V. 3. 1 P\u00e9t. 2,9.  V. 4. d. \u00fe. e. ver\u00f0a Gu\u00f0i l\u00edkir. J\u00f3h. 1,12.13. 14,24. Efes. 4,34.  V. 9. sbr. 1 J\u00f3h. 2,9.11. e. sbr. R\u00f3m. 3,25. Hebr. 9,14. S\u00e1 sem ekki kappkostar dygg\u00f0ir, s\u00fdnir a\u00f0 hann finnur ekki til \u00feeirrar n\u00e1\u00f0ar, sem honum me\u00f0 Krists sendingu er veitt, sem hreinsa\u00f0i hann fr\u00e1 syndunum og frelsa\u00f0i fr\u00e1 \u00feeirra straffi.  V. 10. a. \u00fe. e. syndga og \u00fear vi\u00f0 missa y\u00f0ur \u00e6tla\u00f0a fars\u00e6ld. R\u00f3m. 11,11.  V. 14. J\u00f3h. 21,18.19.  V. 16. sbr. 1 Kor. 1,17. 2,1. b. J\u00f3h. 1,14. Matt. 17,1. fl.  V. 17. Matt 17,5.  V. 19. sbr. S\u00e1lm. 119.105. 2 Kor. 4,6.  V. 21. \u00fe. e. skilst ekki fyrr enn \u00fea\u00f0 framkemur, sem sp\u00e1\u00f0 er um. sbr. 1 P\u00e9t. 1,10\u201312. (Getur l\u00edka \u00fatlagst): Sp\u00e1d\u00f3marnir mega ekki \u00fatleggjast, eftir ge\u00f0\u00fe\u00f3tta.<\/div>\n","protected":false},"excerpt":{"rendered":"<p>Postulinn \u00f3skar g\u00f3\u00f0s \u00feeim tr\u00fau\u00f0u. Hvetur til dygg\u00f0a. S\u00fdnir tr\u00faver\u00f0ugleika kenningar sinnar. 1S\u00edmon P\u00e9tur, \u00fej\u00f3n og postuli Jes\u00fa Krists, \u00f3skar \u00feeim sem eins og v\u00e9r hloti\u00f0 hafi\u00f0 af g\u00e6sku Gu\u00f0s vors og Frelsarans Jes\u00fa Krists s\u00f6mu d\u00fdrm\u00e6tu tr\u00fa,2a\u00f0 n\u00e1\u00f0 og fri\u00f0ur margfaldist yfir y\u00f0ur me\u00f0 \u00feekkingunni \u00e1 Gu\u00f0i og Drottni vorum Jes\u00fa Kristi. 3Hans gu\u00f0d\u00f3mlegi m\u00e1ttur hefir af d\u00fdr\u00f0legri g\u00e6sku sinni veitt oss me\u00f0 \u00feekkingu \u00feess, sem oss hefir kalla\u00f0, allt \u00fea\u00f0 sem me\u00f0\u00fearf til (sannarlegs) l\u00edfs og gu\u00f0r\u00e6kni.4Af \u00feessari hans g\u00e6sku eru oss gefin hin st\u00e6rstu og d\u00fdrm\u00e6tustu fyrirheit, til \u00feess a\u00f0 \u00fe\u00e9r \u00fear vi\u00f0 skyldu\u00f0 hluttakandi ver\u00f0a gu\u00f0legrar <a href=\"https:\/\/biblian.is\/videy\/sidara-petursbref-1-kafli\/\"> [&#8230;]<\/a><\/p>\n","protected":false},"author":1,"featured_media":0,"parent":0,"menu_order":0,"comment_status":"open","ping_status":"open","template":"bibliukaflar.php","meta":{"footnotes":""},"class_list":["post-22006","page","type-page","status-publish","hentry"],"_links":{"self":[{"href":"https:\/\/biblian.is\/videy\/wp-json\/wp\/v2\/pages\/22006","targetHints":{"allow":["GET"]}}],"collection":[{"href":"https:\/\/biblian.is\/videy\/wp-json\/wp\/v2\/pages"}],"about":[{"href":"https:\/\/biblian.is\/videy\/wp-json\/wp\/v2\/types\/page"}],"author":[{"embeddable":true,"href":"https:\/\/biblian.is\/videy\/wp-json\/wp\/v2\/users\/1"}],"replies":[{"embeddable":true,"href":"https:\/\/biblian.is\/videy\/wp-json\/wp\/v2\/comments?post=22006"}],"version-history":[{"count":0,"href":"https:\/\/biblian.is\/videy\/wp-json\/wp\/v2\/pages\/22006\/revisions"}],"wp:attachment":[{"href":"https:\/\/biblian.is\/videy\/wp-json\/wp\/v2\/media?parent=22006"}],"curies":[{"name":"wp","href":"https:\/\/api.w.org\/{rel}","templated":true}]}}