{"id":22005,"date":"2018-01-02T01:05:07","date_gmt":"2018-01-02T01:05:07","guid":{"rendered":"http:\/\/biblian.is\/videy\/fyrra-petursbref-5-kafli\/"},"modified":"2018-01-02T01:05:07","modified_gmt":"2018-01-02T01:05:07","slug":"fyrra-petursbref-5-kafli","status":"publish","type":"page","link":"https:\/\/biblian.is\/videy\/fyrra-petursbref-5-kafli\/","title":{"rendered":"Fyrra P\u00e9tursbr\u00e9f 5. kafli"},"content":{"rendered":"<div class=\"fyrirsognVidey\">\u00d6ldunganna skylda vi\u00f0 hina yngri, og hinna yngri vi\u00f0 \u00fe\u00e1. B\u00fd\u00f0ur a\u00f0 hv\u00f6r kristinn s\u00fdni \u00f6\u00f0rum l\u00edtill\u00e6ti og s\u00e9u \u00e1rvakrir. G\u00f3\u00f0ar \u00f3skir.<\/div>\n<p><a name=\"1\"><span class=\"versanumer\">1<\/span><\/a>Eg \u00f6ldungur og vottur <span class='VideyAth'>b)<\/span> Krists p\u00ednsla, er \u00e1samt y\u00f0ur mun hlutdeild f\u00e1 \u00ed \u00feeirri d\u00fdr\u00f0 sem s\u00ed\u00f0ar mun opinber ver\u00f0a, \u00e1minni y\u00f0ur m\u00edna me\u00f0\u00f6ldunga,<a name=\"2\"><span class=\"versanumer\">2<\/span><\/a>a\u00f0 \u00fe\u00e9r g\u00e6ti\u00f0 \u00feeirrar Gu\u00f0s hjar\u00f0ar, sem me\u00f0al y\u00f0ar er, ekki nau\u00f0ugir heldur af frj\u00e1lsum vilja, n\u00e9 fyrir \u00e1vinningssakir, heldur f\u00faslega;<a name=\"3\"><span class=\"versanumer\">3<\/span><\/a>eigi sem \u00feeir, sem har\u00f0lega vilja drottna yfir <span class='VideyAth'>(Drottins)<\/span> arfleif\u00f0, heldur svo sem \u00feeir, sem eru fyrirmynd hjar\u00f0arinnar;<a name=\"4\"><span class=\"versanumer\">4<\/span><\/a>\u00fe\u00e1 munu\u00f0 \u00fe\u00e9r, \u00feegar hinn \u00e6\u00f0sti hir\u00f0ir birtist, bera \u00far b\u00edtum d\u00fdr\u00f0arinnar k\u00f3r\u00f3nu <span class='VideyAth'>c)<\/span>, sem aldrei f\u00f6lnar.<a name=\"5\"><span class=\"versanumer\">5<\/span><\/a>S\u00f6mulei\u00f0is veri\u00f0 \u00fe\u00e9r hinir yngri \u00f6ldungunum hl\u00fd\u00f0nir. <br \/>En veri\u00f0 allir hv\u00f6r \u00f6\u00f0rum undirgefnir og skr\u00fd\u00f0ist l\u00edtill\u00e6tinu; \u00fev\u00ed Gu\u00f0 m\u00f3tstendur drambl\u00e1tum, en l\u00edtill\u00e1tum veitir hann n\u00e1\u00f0 <span class='VideyAth'>d)<\/span>.<a name=\"6\"><span class=\"versanumer\">6<\/span><\/a>Leggi\u00f0 y\u00f0ur \u00fear fyrir undir Gu\u00f0s voldugu h\u00f6nd, a\u00f0 hann \u00e1 <span class='VideyAth'>(s\u00ednum)<\/span> t\u00edma upphefji y\u00f0ur.<a name=\"7\"><span class=\"versanumer\">7<\/span><\/a>Varpi\u00f0 allri y\u00f0ar \u00e1hyggju upp \u00e1 hann, \u00fev\u00ed hann ber umhyggju fyrir y\u00f0ur.<a name=\"8\"><span class=\"versanumer\">8<\/span><\/a>Veri\u00f0 g\u00e6tnir, vaki\u00f0, \u00fev\u00ed a\u00f0 y\u00f0ar m\u00f3tstandari, dj\u00f6fullinn, gengur um kring sem \u00f6skrandi lj\u00f3n, leitandi a\u00f0 \u00feeim, sem hann geti gleypt.<a name=\"9\"><span class=\"versanumer\">9<\/span><\/a>M\u00f3tstandi\u00f0 honum st\u00f6\u00f0ugir \u00ed tr\u00fanni og viti\u00f0, a\u00f0 y\u00f0ar br\u00e6\u00f0ur <span class='VideyAth'>(annars sta\u00f0ar)<\/span> \u00ed heiminum fyrirhittir sama ney\u00f0. <br \/><a name=\"10\"><span class=\"versanumer\">10<\/span><\/a>En Gu\u00f0 allrar n\u00e1\u00f0ar, sem y\u00f0ur hefir kalla\u00f0 til sinnar eil\u00edfu d\u00fdr\u00f0ar \u00ed Jes\u00fa Kristi, eftir a\u00f0 \u00fe\u00e9r \u00fej\u00e1st hafi\u00f0 um l\u00edtinn t\u00edma, hann fullkomni y\u00f0ur, styrki, efli og sta\u00f0festi;<a name=\"11\"><span class=\"versanumer\">11<\/span><\/a>hans er d\u00fdr\u00f0in og valdi\u00f0 um aldir alda. Amen. <br \/><a name=\"12\"><span class=\"versanumer\">12<\/span><\/a>\u00deetta hefi eg l\u00e1ti\u00f0 Silvanus <span class='VideyAth'>a)<\/span>, skrifa <span class='VideyAth'>b)<\/span> y\u00f0ur, sem er tr\u00far me\u00f0br\u00f3\u00f0ir, a\u00f0 eg held, og \u00e1minni eg og h\u00e1t\u00ed\u00f0lega vitna, a\u00f0 \u00feetta er s\u00fa sanna Gu\u00f0s n\u00e1\u00f0, svo a\u00f0 \u00fe\u00e9r haldi\u00f0 y\u00f0ur f\u00f6stum vi\u00f0 hana.<a name=\"13\"><span class=\"versanumer\">13<\/span><\/a>Y\u00f0ur heilsar <span class='VideyAth'>c)<\/span> s\u00e1 \u00e1samt y\u00f0ur \u00fatvaldi <span class='VideyAth'>(s\u00f6fnu\u00f0ur)<\/span> \u00ed Babylon, og Mark\u00fas, sonur minn.<a name=\"14\"><span class=\"versanumer\">14<\/span><\/a>Heilsi\u00f0 hv\u00f6r \u00f6\u00f0rum me\u00f0 k\u00e6rleikskossi. Fri\u00f0ur s\u00e9 me\u00f0 y\u00f0ur \u00f6llum, sem eru\u00f0 \u00ed Kristi Jes\u00fa.<\/p>\n<div class=\"footnoteVidey\">V. 1. b. L\u00fak. 24,48.  V. 2. Pgb. 20,28.  V. 3. Matt. 20,25\u201328. 1 Kor. 3,5. ff. 12. ff. Arfleif\u00f0 Drottins, kallast Gy\u00f0ingal\u00fd\u00f0ur \u00ed G. t. en kristnir kallast \u00fea\u00f0 \u00ed N. t.  V. 4. Esa. 40,11. Esek. 34,23. Hebr. 13,20. J\u00f3h. 10,11. c. 1 Kor. 9,25.  V. 5. R\u00f3m. 12,10. Fil. 2,3. d. Jak. 4,6. L\u00fak. 14,11.  V. 6. Jak. 4,10. Job. 22,29.  V. 7. S\u00e1lm. 37,5. 55,23. Matt. 6,25. ff.  V. 8. L\u00fak. 21,36. 1 Tess. 5,6.  V. 9. Efes. 6,11.13.16. Jak. 4,7.  V. 10. 2 Kor. 4,17. sbr. Hebr. 10,47.  V. 12. a. Silvanus var me\u00f0hj\u00e1lpari P\u00e1ls postula \u00ed Kristnibo\u00f0inu. Post. g. b. 15,22. 16,25. 18,5. b. sbr. 2 Tess. 3,17.  V. 13. c. getur og \u00fatlagst: s\u00fa \u00e1samt y\u00f0ur \u00fatvalda (stallsystir).<\/div>\n","protected":false},"excerpt":{"rendered":"<p>\u00d6ldunganna skylda vi\u00f0 hina yngri, og hinna yngri vi\u00f0 \u00fe\u00e1. B\u00fd\u00f0ur a\u00f0 hv\u00f6r kristinn s\u00fdni \u00f6\u00f0rum l\u00edtill\u00e6ti og s\u00e9u \u00e1rvakrir. G\u00f3\u00f0ar \u00f3skir. 1Eg \u00f6ldungur og vottur b) Krists p\u00ednsla, er \u00e1samt y\u00f0ur mun hlutdeild f\u00e1 \u00ed \u00feeirri d\u00fdr\u00f0 sem s\u00ed\u00f0ar mun opinber ver\u00f0a, \u00e1minni y\u00f0ur m\u00edna me\u00f0\u00f6ldunga,2a\u00f0 \u00fe\u00e9r g\u00e6ti\u00f0 \u00feeirrar Gu\u00f0s hjar\u00f0ar, sem me\u00f0al y\u00f0ar er, ekki nau\u00f0ugir heldur af frj\u00e1lsum vilja, n\u00e9 fyrir \u00e1vinningssakir, heldur f\u00faslega;3eigi sem \u00feeir, sem har\u00f0lega vilja drottna yfir (Drottins) arfleif\u00f0, heldur svo sem \u00feeir, sem eru fyrirmynd hjar\u00f0arinnar;4\u00fe\u00e1 munu\u00f0 \u00fe\u00e9r, \u00feegar hinn \u00e6\u00f0sti hir\u00f0ir birtist, bera \u00far b\u00edtum d\u00fdr\u00f0arinnar k\u00f3r\u00f3nu c), sem aldrei f\u00f6lnar.5S\u00f6mulei\u00f0is <a href=\"https:\/\/biblian.is\/videy\/fyrra-petursbref-5-kafli\/\"> [&#8230;]<\/a><\/p>\n","protected":false},"author":1,"featured_media":0,"parent":0,"menu_order":0,"comment_status":"open","ping_status":"open","template":"bibliukaflar.php","meta":{"footnotes":""},"class_list":["post-22005","page","type-page","status-publish","hentry"],"_links":{"self":[{"href":"https:\/\/biblian.is\/videy\/wp-json\/wp\/v2\/pages\/22005","targetHints":{"allow":["GET"]}}],"collection":[{"href":"https:\/\/biblian.is\/videy\/wp-json\/wp\/v2\/pages"}],"about":[{"href":"https:\/\/biblian.is\/videy\/wp-json\/wp\/v2\/types\/page"}],"author":[{"embeddable":true,"href":"https:\/\/biblian.is\/videy\/wp-json\/wp\/v2\/users\/1"}],"replies":[{"embeddable":true,"href":"https:\/\/biblian.is\/videy\/wp-json\/wp\/v2\/comments?post=22005"}],"version-history":[{"count":0,"href":"https:\/\/biblian.is\/videy\/wp-json\/wp\/v2\/pages\/22005\/revisions"}],"wp:attachment":[{"href":"https:\/\/biblian.is\/videy\/wp-json\/wp\/v2\/media?parent=22005"}],"curies":[{"name":"wp","href":"https:\/\/api.w.org\/{rel}","templated":true}]}}