{"id":22004,"date":"2018-01-02T01:05:07","date_gmt":"2018-01-02T01:05:07","guid":{"rendered":"http:\/\/biblian.is\/videy\/fyrra-petursbref-4-kafli\/"},"modified":"2018-01-02T01:05:07","modified_gmt":"2018-01-02T01:05:07","slug":"fyrra-petursbref-4-kafli","status":"publish","type":"page","link":"https:\/\/biblian.is\/videy\/fyrra-petursbref-4-kafli\/","title":{"rendered":"Fyrra P\u00e9tursbr\u00e9f 4. kafli"},"content":{"rendered":"<div class=\"fyrirsognVidey\">Hvetur a\u00f0 for\u00f0ast \u00fe\u00e1 lesti er \u00e1\u00f0ur dr\u00fdg\u00f0u, stunda kristilegar dygg\u00f0ir og l\u00ed\u00f0a \u00feolinm\u00f3\u00f0lega ofs\u00f3knir.<\/div>\n<p><a name=\"1\"><span class=\"versanumer\">1<\/span><\/a>\u00dear fyrir fyrst Kristur hefir li\u00f0i\u00f0 \u00e1 l\u00edkamanum vor vegna, svo brynji\u00f0 y\u00f0ur einnig sama hugarfari <span class='VideyAth'>(\u00fev\u00ed s\u00e1 sem l\u00ed\u00f0ur \u00e1 holdinu, l\u00e6tur af a\u00f0 syndga)<\/span>,<a name=\"2\"><span class=\"versanumer\">2<\/span><\/a>svo a\u00f0 \u00fe\u00e9r ekki framar, \u00fea\u00f0 eftir er af \u00fev\u00ed l\u00edkamlega l\u00edfi, lifi\u00f0 holdlegum girndum, heldur samkv\u00e6mt Gu\u00f0s vilja.<a name=\"3\"><span class=\"versanumer\">3<\/span><\/a>N\u00e6gi oss \u00fea\u00f0, a\u00f0 v\u00e9r, \u00fea\u00f0 sem af er l\u00edfdaganna, h\u00f6fum fylgt hei\u00f0nra manna si\u00f0um, lifa\u00f0 \u00ed stj\u00f3rnleysi, <span class='VideyAth'>(vondum)<\/span> girndum, ofdrykkju, \u00f3h\u00f3fi, samdrykkjum og sv\u00edvir\u00f0ilegri sk\u00fargo\u00f0ad\u00fdrkun;<a name=\"4\"><span class=\"versanumer\">4<\/span><\/a>hvar fyrir \u00fe\u00e1 fur\u00f0ar \u00fea\u00f0, a\u00f0 \u00fe\u00e9r <span class='VideyAth'>(n\u00fa)<\/span> ekki vilji\u00f0 hlaupa me\u00f0 \u00feeim \u00fat \u00ed hi\u00f0 sama \u00f3g\u00e6fud\u00edki og tala \u00fev\u00ed illa um y\u00f0ur;<a name=\"5\"><span class=\"versanumer\">5<\/span><\/a>en \u00feeir munu mega gj\u00f6ra reikningsskap fyrir \u00feeim, sem rei\u00f0ub\u00fainn er a\u00f0 d\u00e6ma lifendur og dau\u00f0a.<a name=\"6\"><span class=\"versanumer\">6<\/span><\/a>\u00deess vegna er og \u00feeim, sem dau\u00f0ir eru, n\u00e1\u00f0arbo\u00f0skapurinn kunngj\u00f6r\u00f0ur, a\u00f0 \u00fe\u00f3 a\u00f0 \u00feeir af m\u00f6nnum ford\u00e6mdir ver\u00f0i, hva\u00f0 holdi\u00f0 snertir, skuli \u00feeir samt lifa Gu\u00f0i hva\u00f0 andann snertir.<a name=\"7\"><span class=\"versanumer\">7<\/span><\/a>En endir allra hluta n\u00e1lgast; heg\u00f0i\u00f0 y\u00f0ur \u00fev\u00ed skynsamlega og ver\u00f0i\u00f0 \u00e1rvakrir til b\u00e6na;<a name=\"8\"><span class=\"versanumer\">8<\/span><\/a>en umfram alla hluti hafi\u00f0 innilega elsku hv\u00f6r til annars, \u00fev\u00ed elskan mun hylja fj\u00f6lda synda.<a name=\"9\"><span class=\"versanumer\">9<\/span><\/a>Veri\u00f0 gestrisnir <span class='VideyAth'>a)<\/span> innbyr\u00f0is \u00e1n m\u00f6glunar.<a name=\"10\"><span class=\"versanumer\">10<\/span><\/a>Hv\u00f6r <span class='VideyAth'>(y\u00f0ar)<\/span> \u00fej\u00f3ni \u00f6\u00f0rum eftir \u00feeirri g\u00e1fu sem hann hefir \u00feegi\u00f0, eins og g\u00f3\u00f0ir r\u00e1\u00f0smenn margv\u00edslegrar Gu\u00f0s n\u00e1\u00f0ar.<a name=\"11\"><span class=\"versanumer\">11<\/span><\/a>S\u00e1 sem kennir, <span class='VideyAth'>(kenni)<\/span> svo sem Gu\u00f0s or\u00f0i h\u00e6fir. S\u00e1 sem \u00fej\u00f3nustu hefir \u00e1 hendi, g\u00e6ti hennar eftir \u00feeim m\u00e6tti, sem Gu\u00f0 gefur honum, svo a\u00f0 Gu\u00f0 \u00ed \u00f6llum greinum vegsamist fyrir Jes\u00fam Krist, hv\u00f6rjum <span class='VideyAth'>(tilheyrir)<\/span> d\u00fdr\u00f0in og m\u00e1tturinn um aldir alda. Amen!<br \/><a name=\"12\"><span class=\"versanumer\">12<\/span><\/a>L\u00e1ti\u00f0 y\u00f0ur eigi undra, m\u00ednir \u00e1stk\u00e6ru! \u00fe\u00e1 eldraun me\u00f0 hv\u00f6rri \u00fe\u00e9r reyndir ver\u00f0i\u00f0, eins og y\u00f0ur hendi eitthva\u00f0 \u00f3v\u00e6nt;<a name=\"13\"><span class=\"versanumer\">13<\/span><\/a>heldur gle\u00f0ji\u00f0 y\u00f0ur <span class='VideyAth'>(\u00fear af)<\/span>, a\u00f0 eins og \u00fe\u00e9r hluttakandi eru\u00f0 \u00ed Krists p\u00edslum, eins muni og y\u00f0ar f\u00f6gnu\u00f0ur mikill ver\u00f0a \u00feegar hans d\u00fdr\u00f0 ver\u00f0ur opinber.<a name=\"14\"><span class=\"versanumer\">14<\/span><\/a>S\u00e6lir eru\u00f0 \u00fe\u00e9r, n\u00e6r \u00fe\u00e9r vanvirtir eru\u00f0 fyrir Krists nafns sakir, \u00fev\u00ed \u00fe\u00e1 hv\u00edlir yfir y\u00f0ur Gu\u00f0s, d\u00fdr\u00f0arinnar og m\u00e1ttarins andi, sem a\u00f0 s\u00f6nnu lastast af hinum, en vegsamast af y\u00f0ur.<a name=\"15\"><span class=\"versanumer\">15<\/span><\/a>\u00dev\u00ed enginn y\u00f0ar l\u00ed\u00f0i illt sem manndr\u00e1pari, \u00fej\u00f3fur, illvirki e\u00f0a sem s\u00e1, er hn\u00fdsist inn \u00ed \u00fea\u00f0, sem honum eigi vi\u00f0kemur, slettir s\u00e9r fram \u00ed annarra m\u00e1lefni,<a name=\"16\"><span class=\"versanumer\">16<\/span><\/a>en ef nokkur illt l\u00ed\u00f0ur <span class='VideyAth'>(vegna \u00feess)<\/span> hann er kristinn, \u00fe\u00e1 fyrirver\u00f0i hann sig ekki, heldur vegsami Gu\u00f0 fyrir \u00fea\u00f0.<a name=\"17\"><span class=\"versanumer\">17<\/span><\/a>\u00dev\u00ed n\u00fa er s\u00e1 t\u00edmi, a\u00f0 d\u00f3murinn byrji \u00e1 Gu\u00f0s h\u00fasi; en ef <span class='VideyAth'>(hann byrjar)<\/span> fyrst \u00e1 oss, hv\u00edl\u00edk munu \u00fe\u00e1 afdrif \u00feeirra ver\u00f0a sem ekki vilja tr\u00faa Gu\u00f0s gle\u00f0i bo\u00f0skapi,<a name=\"18\"><span class=\"versanumer\">18<\/span><\/a>og ef hinn r\u00e1\u00f0vandi naumast frelsast, hvar mun \u00fe\u00e1 hinn \u00f3gu\u00f0legi og syndarinn lenda?<a name=\"19\"><span class=\"versanumer\">19<\/span><\/a>\u00dear fyrir skulu \u00feeir og sem <span class='VideyAth'>(illt)<\/span> l\u00ed\u00f0a eftir vilja Gu\u00f0s, me\u00f0 g\u00f3\u00f0ri breytni fela s\u00e1lir s\u00ednar \u00e1 hendur \u00feeim tr\u00fafasta skapara.<\/p>\n<div class=\"footnoteVidey\">V. 1. Kap. 2,21\u201324. R\u00f3m. 6,7. Fil. 2,5.12.  V. 3. Gal. 2,20. Hebr. 9,14.  V. 3. og 4. Efes. 4,17.18.  V. 5. 2 Kor. 5,10. Pgb. 10,42. 2 T\u00edm. 4,1. J\u00f3h. 5,25.  V. 6. 3,19.  V. 7. Mark. 13,29. 2 P\u00e9t. 2,3\u201313. sbr. 1 Tess. 4,17. 1 Kor. 10,11. K\u00f3l. 4,2.  V. 8. 1 Kor. 13,7. Jak. 5,20.  V. 9. a. R\u00f3m. 12,13. Hebr. 13,20.  V. 10. og 11. 1 Kor. 12,3\u201313,7.13. sbr. Matt. 25,31\u201345. R\u00f3m. 12,6. ff.  V. 12. Jak. 1,2.  V. 13. og 14. Matt. 5,10\u201313. sbr. Post. g. b. 5,41.  V. 15. kap. 2,20.  V. 16. J\u00f3h. 21,18.19.  V. 17. og 18. Af \u00fdmsum st\u00f6\u00f0um G. t. Jerem. 25,29. 49,12. Esek. 9,6. ff. dr\u00f3gu Gy\u00f0inganna l\u00e6r\u00f0u menn \u00fea\u00f0: a\u00f0 fyrst mundi hegnt ver\u00f0a afbrotum Gu\u00f0s f\u00f3lks.  V. 19. S\u00e1lm. 31,6. L\u00fak. 23,46.<\/div>\n","protected":false},"excerpt":{"rendered":"<p>Hvetur a\u00f0 for\u00f0ast \u00fe\u00e1 lesti er \u00e1\u00f0ur dr\u00fdg\u00f0u, stunda kristilegar dygg\u00f0ir og l\u00ed\u00f0a \u00feolinm\u00f3\u00f0lega ofs\u00f3knir. 1\u00dear fyrir fyrst Kristur hefir li\u00f0i\u00f0 \u00e1 l\u00edkamanum vor vegna, svo brynji\u00f0 y\u00f0ur einnig sama hugarfari (\u00fev\u00ed s\u00e1 sem l\u00ed\u00f0ur \u00e1 holdinu, l\u00e6tur af a\u00f0 syndga),2svo a\u00f0 \u00fe\u00e9r ekki framar, \u00fea\u00f0 eftir er af \u00fev\u00ed l\u00edkamlega l\u00edfi, lifi\u00f0 holdlegum girndum, heldur samkv\u00e6mt Gu\u00f0s vilja.3N\u00e6gi oss \u00fea\u00f0, a\u00f0 v\u00e9r, \u00fea\u00f0 sem af er l\u00edfdaganna, h\u00f6fum fylgt hei\u00f0nra manna si\u00f0um, lifa\u00f0 \u00ed stj\u00f3rnleysi, (vondum) girndum, ofdrykkju, \u00f3h\u00f3fi, samdrykkjum og sv\u00edvir\u00f0ilegri sk\u00fargo\u00f0ad\u00fdrkun;4hvar fyrir \u00fe\u00e1 fur\u00f0ar \u00fea\u00f0, a\u00f0 \u00fe\u00e9r (n\u00fa) ekki vilji\u00f0 hlaupa me\u00f0 \u00feeim \u00fat \u00ed hi\u00f0 sama <a href=\"https:\/\/biblian.is\/videy\/fyrra-petursbref-4-kafli\/\"> [&#8230;]<\/a><\/p>\n","protected":false},"author":1,"featured_media":0,"parent":0,"menu_order":0,"comment_status":"open","ping_status":"open","template":"bibliukaflar.php","meta":{"footnotes":""},"class_list":["post-22004","page","type-page","status-publish","hentry"],"_links":{"self":[{"href":"https:\/\/biblian.is\/videy\/wp-json\/wp\/v2\/pages\/22004","targetHints":{"allow":["GET"]}}],"collection":[{"href":"https:\/\/biblian.is\/videy\/wp-json\/wp\/v2\/pages"}],"about":[{"href":"https:\/\/biblian.is\/videy\/wp-json\/wp\/v2\/types\/page"}],"author":[{"embeddable":true,"href":"https:\/\/biblian.is\/videy\/wp-json\/wp\/v2\/users\/1"}],"replies":[{"embeddable":true,"href":"https:\/\/biblian.is\/videy\/wp-json\/wp\/v2\/comments?post=22004"}],"version-history":[{"count":0,"href":"https:\/\/biblian.is\/videy\/wp-json\/wp\/v2\/pages\/22004\/revisions"}],"wp:attachment":[{"href":"https:\/\/biblian.is\/videy\/wp-json\/wp\/v2\/media?parent=22004"}],"curies":[{"name":"wp","href":"https:\/\/api.w.org\/{rel}","templated":true}]}}