{"id":22003,"date":"2018-01-02T01:05:07","date_gmt":"2018-01-02T01:05:07","guid":{"rendered":"http:\/\/biblian.is\/videy\/fyrra-petursbref-3-kafli\/"},"modified":"2018-01-02T01:05:07","modified_gmt":"2018-01-02T01:05:07","slug":"fyrra-petursbref-3-kafli","status":"publish","type":"page","link":"https:\/\/biblian.is\/videy\/fyrra-petursbref-3-kafli\/","title":{"rendered":"Fyrra P\u00e9tursbr\u00e9f 3. kafli"},"content":{"rendered":"<div class=\"fyrirsognVidey\">\u00c1minnir hj\u00f3nin til kristilegrar breytni hv\u00f6rt vi\u00f0 anna\u00f0, og alla til dygg\u00f0ugs l\u00edfernis yfirh\u00f6fu\u00f0.<\/div>\n<p><a name=\"1\"><span class=\"versanumer\">1<\/span><\/a>\u00de\u00e9r konur, veri\u00f0 s\u00f6mulei\u00f0is y\u00f0rum ektam\u00f6nnum undirgefnar, svo, \u00fe\u00f3 a\u00f0 nokkrir s\u00e9u \u00feeir, sem ekki vilja l\u00e6rd\u00f3minum hl\u00fd\u00f0nast, a\u00f0 \u00feeir, \u00e1n or\u00f0sins <span class='VideyAth'>(kenningar)<\/span> <span class='VideyAth'>a)<\/span>, af kvennanna dagfari kunni a\u00f0 vinnast,<a name=\"2\"><span class=\"versanumer\">2<\/span><\/a>\u00feegar \u00feeir sj\u00e1 y\u00f0ar sk\u00edrl\u00edfu heg\u00f0an \u00ed \u00f3tta <span class='VideyAth'>(Drottins)<\/span>.<a name=\"3\"><span class=\"versanumer\">3<\/span><\/a>Hv\u00f6rra skart ekki s\u00e9 <span class='VideyAth'>(f\u00f3lgi\u00f0)<\/span> \u00ed \u00fev\u00ed \u00fatvortis: \u00ed h\u00e1rfl\u00e9ttum, gullskarti og d\u00fdrm\u00e6tum b\u00fana\u00f0i,<a name=\"4\"><span class=\"versanumer\">4<\/span><\/a>heldur \u00ed hjartans innvortis \u00e1sigkomulagi, \u00ed \u00f3forgengilegu <span class='VideyAth'>(skarti)<\/span> h\u00f3gv\u00e6rs og kyrrl\u00e1ts hugarfars sem d\u00fdrm\u00e6tt er fyrir Gu\u00f0s augliti.<a name=\"5\"><span class=\"versanumer\">5<\/span><\/a>\u00deannig pr\u00fdddu sig for\u00f0um hinar heil\u00f6gu konur, er settu s\u00edna von til Gu\u00f0s, og voru s\u00ednum eiginm\u00f6nnum undirgefnar.<a name=\"6\"><span class=\"versanumer\">6<\/span><\/a>\u00deannig hl\u00fdddi Sara Abraham og kalla\u00f0i hann herra, hv\u00f6rrar <span class='VideyAth'>(s\u00f6nnu)<\/span> d\u00e6tur \u00fe\u00e9r ver\u00f0i\u00f0, \u00feegar \u00fe\u00e9r heg\u00f0i\u00f0 y\u00f0ur vel og enga skelfingu hr\u00e6\u00f0ist.<a name=\"7\"><span class=\"versanumer\">7<\/span><\/a>S\u00f6mulei\u00f0is \u00fe\u00e9r ektamenn, b\u00fai\u00f0 me\u00f0 skynsemi saman vi\u00f0 konurnar, svo sem veikari skepnur, au\u00f0s\u00fdni\u00f0 \u00feeim vir\u00f0ingu, sem \u00feeim, sem eru y\u00f0ar samarfar \u00ed l\u00edfsins n\u00e1\u00f0argj\u00f6f, svo y\u00f0ar b\u00e6nagj\u00f6r\u00f0ir ekki hindrist.<a name=\"8\"><span class=\"versanumer\">8<\/span><\/a>\u00cd einu or\u00f0i, veri\u00f0 samhuga, me\u00f0aumkunarsamir, br\u00f3\u00f0urlega sinna\u00f0ir, miskunnsamir, lj\u00faflyndir,<a name=\"9\"><span class=\"versanumer\">9<\/span><\/a>gjaldi\u00f0 ekki illt me\u00f0 illu, sm\u00e1naryr\u00f0i me\u00f0 sm\u00e1naror\u00f0um, heldur \u00fevert \u00e1 m\u00f3t blessi\u00f0, svo sem \u00feeir er viti\u00f0, a\u00f0 \u00fe\u00e9r eru\u00f0 til \u00feess kalla\u00f0ir, a\u00f0 \u00fe\u00e9r skuli\u00f0 blessunina \u00f6\u00f0last.<a name=\"10\"><span class=\"versanumer\">10<\/span><\/a>S\u00e1 sem s\u00edna fars\u00e6ld hefur k\u00e6ra og sj\u00e1 vill g\u00f3\u00f0a daga, hann haldi tungu sinni fr\u00e1 vondu og s\u00ednum v\u00f6rum fr\u00e1 prettv\u00edsi,<a name=\"11\"><span class=\"versanumer\">11<\/span><\/a>sney\u00f0i sig hj\u00e1 illu og gj\u00f6ri gott, stundi fri\u00f0semi og leggi kapp \u00fear \u00e1;<a name=\"12\"><span class=\"versanumer\">12<\/span><\/a>\u00fev\u00ed augu Drottins l\u00edta til hinna r\u00e9ttl\u00e1tu og hans eyru hneigjast til \u00feeirra b\u00e6na, en auglit Drottins er gegn \u00feeim sem vont a\u00f0hafast.<a name=\"13\"><span class=\"versanumer\">13<\/span><\/a>Og hv\u00f6r mun y\u00f0ur geta granda\u00f0, ef \u00fe\u00e9r leiti\u00f0 \u00feess sem gott er?<a name=\"14\"><span class=\"versanumer\">14<\/span><\/a>En \u00fe\u00f3 \u00fe\u00e9r illt l\u00ed\u00f0i\u00f0 fyrir r\u00e9ttl\u00e6tisins sakir, eru\u00f0 \u00fe\u00e9r samt s\u00e6lir. Hr\u00e6\u00f0ist ekki \u00feeirra \u00f3gnanir og skelfist eigi fyrir \u00feeim,<a name=\"15\"><span class=\"versanumer\">15<\/span><\/a>heldur d\u00fdrki\u00f0 Drottin Gu\u00f0 \u00ed y\u00f0ar hj\u00f6rtum, en veri\u00f0 <span class='VideyAth'>(samt)<\/span> \u00e6t\u00ed\u00f0 rei\u00f0ub\u00fanir me\u00f0 h\u00f3gv\u00e6r\u00f0 og vir\u00f0ingu til forsvars fyrir hv\u00f6rjum <span class='VideyAth'>(manni)<\/span>, er krefur af y\u00f0ur reikningsskapar fyrir \u00fe\u00e1 von <span class='VideyAth'>a)<\/span>, sem \u00ed y\u00f0ur er,<a name=\"16\"><span class=\"versanumer\">16<\/span><\/a>eins og \u00feeir, sem hafa g\u00f3\u00f0a samvisku, svo a\u00f0 \u00feeir sem r\u00f3gbera y\u00f0ur sem illgj\u00f6r\u00f0amenn ver\u00f0i til sm\u00e1nar fyrir \u00fea\u00f0, a\u00f0 \u00feeir hallm\u00e6la y\u00f0ar g\u00f3\u00f0u kristilegu breytni;<a name=\"17\"><span class=\"versanumer\">17<\/span><\/a>\u00fev\u00ed \u00fea\u00f0 er betra, ef Gu\u00f0 vill svo vera l\u00e1ta, a\u00f0 \u00fe\u00e9r l\u00ed\u00f0i\u00f0 illt fyrir g\u00f3\u00f0verk, heldur en fyrir vond verk.<a name=\"18\"><span class=\"versanumer\">18<\/span><\/a>Kristur lei\u00f0 og svo einu sinni fyrir syndirnar, s\u00e1 r\u00e9ttl\u00e1ti fyrir hina rangl\u00e1tu, til \u00feess hann leiddi oss til Gu\u00f0s; a\u00f0 l\u00edkamanum til var hann deyddur, en lifandi gj\u00f6r\u00f0ur eftir andanum,<a name=\"19\"><span class=\"versanumer\">19<\/span><\/a>\u00ed hv\u00f6rjum hann einnig er burt genginn og hefur kennt \u00feeim \u00ed var\u00f0haldi <span class='VideyAth'>(verandi)<\/span> \u00f6ndum,<a name=\"20\"><span class=\"versanumer\">20<\/span><\/a>sem \u00feversk\u00f6llu\u00f0ust \u00feegar Gu\u00f0s langlundarge\u00f0 \u00e1 d\u00f6gum N\u00f3a bei\u00f0 eftir \u00feeirra betrun, me\u00f0an \u00f6rkin var \u00ed sm\u00ed\u00f0um, \u00ed hv\u00f6rju f\u00e1ar, \u00fea\u00f0 er: \u00e1tta s\u00e1lir frelsu\u00f0ust \u00ed vatninu,<a name=\"21\"><span class=\"versanumer\">21<\/span><\/a>og n\u00fa gj\u00f6rir sk\u00edrnin\u2014hv\u00f6r ekki er burttekt l\u00edkamans saurugleika, heldur s\u00e1ttm\u00e1li g\u00f3\u00f0rar samvisku vi\u00f0 Gu\u00f0\u2014svo sem eftirmynd <span class='VideyAth'>(ennar fyrri frelsunar)<\/span> oss h\u00f3lpna vegna upprisu Jes\u00fa Krists,<a name=\"22\"><span class=\"versanumer\">22<\/span><\/a>hv\u00f6r e\u00f0 situr vi\u00f0 Gu\u00f0s h\u00e6gri h\u00f6nd uppfarinn til himins, hvar englar, maktarv\u00f6ld og h\u00f6f\u00f0ingjar eru honum undirgefnir.<\/p>\n<div class=\"footnoteVidey\">V. 1. Efes. 5,22. K\u00f3l. 3,18. a. 1 Kor. 7,16.  V. 3. 1 T\u00edm. 2,9.  V. 6. 1 M\u00f3s. 18,12.  V. 7. Efes. 5,25. 1 Kor. 7,3. K\u00f3l. 3,19.  V. 8. R\u00f3m. 12,16. 15,5. 1 Kor. 1,10.  V. 9. 3 M\u00f3s. 19,18. Or\u00f0skv. 20,22. Matt. 5,39.  V. 10. S\u00e1lm. 34,14. Jak. 1,26. 4,6.  V. 11. Esa\u00edas. 1,16.17.  V. 12. S\u00e1lm. 33,18. 34,17.  V. 13. S\u00edr. 7,1.  V. 14. Matt. 5,10. 10,28. Es. 8,12.13.  V. 15. S\u00e1lm. 119,46. a. nl. von eil\u00edfrar fars\u00e6ldar.  V. 16 og 17. 2,12.15.19.20.  V. 18. 2,21. Hebr. 9,28. R\u00f3m. 5,6.  V. 20. 1 M\u00f3s. b. 6,3.13. 2 P\u00e9t. 3,5.  V. 21. Mark. 16,16. Efes. 5,24.25. T\u00edt. 3,5. sbr. 1 P\u00e9t. 1,22.23.  V. 22. R\u00f3m. 8,34. Efes. 1,20. ff.<\/div>\n","protected":false},"excerpt":{"rendered":"<p>\u00c1minnir hj\u00f3nin til kristilegrar breytni hv\u00f6rt vi\u00f0 anna\u00f0, og alla til dygg\u00f0ugs l\u00edfernis yfirh\u00f6fu\u00f0. 1\u00de\u00e9r konur, veri\u00f0 s\u00f6mulei\u00f0is y\u00f0rum ektam\u00f6nnum undirgefnar, svo, \u00fe\u00f3 a\u00f0 nokkrir s\u00e9u \u00feeir, sem ekki vilja l\u00e6rd\u00f3minum hl\u00fd\u00f0nast, a\u00f0 \u00feeir, \u00e1n or\u00f0sins (kenningar) a), af kvennanna dagfari kunni a\u00f0 vinnast,2\u00feegar \u00feeir sj\u00e1 y\u00f0ar sk\u00edrl\u00edfu heg\u00f0an \u00ed \u00f3tta (Drottins).3Hv\u00f6rra skart ekki s\u00e9 (f\u00f3lgi\u00f0) \u00ed \u00fev\u00ed \u00fatvortis: \u00ed h\u00e1rfl\u00e9ttum, gullskarti og d\u00fdrm\u00e6tum b\u00fana\u00f0i,4heldur \u00ed hjartans innvortis \u00e1sigkomulagi, \u00ed \u00f3forgengilegu (skarti) h\u00f3gv\u00e6rs og kyrrl\u00e1ts hugarfars sem d\u00fdrm\u00e6tt er fyrir Gu\u00f0s augliti.5\u00deannig pr\u00fdddu sig for\u00f0um hinar heil\u00f6gu konur, er settu s\u00edna von til Gu\u00f0s, og voru s\u00ednum eiginm\u00f6nnum undirgefnar.6\u00deannig hl\u00fdddi <a href=\"https:\/\/biblian.is\/videy\/fyrra-petursbref-3-kafli\/\"> [&#8230;]<\/a><\/p>\n","protected":false},"author":1,"featured_media":0,"parent":0,"menu_order":0,"comment_status":"open","ping_status":"open","template":"bibliukaflar.php","meta":{"footnotes":""},"class_list":["post-22003","page","type-page","status-publish","hentry"],"_links":{"self":[{"href":"https:\/\/biblian.is\/videy\/wp-json\/wp\/v2\/pages\/22003","targetHints":{"allow":["GET"]}}],"collection":[{"href":"https:\/\/biblian.is\/videy\/wp-json\/wp\/v2\/pages"}],"about":[{"href":"https:\/\/biblian.is\/videy\/wp-json\/wp\/v2\/types\/page"}],"author":[{"embeddable":true,"href":"https:\/\/biblian.is\/videy\/wp-json\/wp\/v2\/users\/1"}],"replies":[{"embeddable":true,"href":"https:\/\/biblian.is\/videy\/wp-json\/wp\/v2\/comments?post=22003"}],"version-history":[{"count":0,"href":"https:\/\/biblian.is\/videy\/wp-json\/wp\/v2\/pages\/22003\/revisions"}],"wp:attachment":[{"href":"https:\/\/biblian.is\/videy\/wp-json\/wp\/v2\/media?parent=22003"}],"curies":[{"name":"wp","href":"https:\/\/api.w.org\/{rel}","templated":true}]}}