{"id":22002,"date":"2018-01-02T01:05:07","date_gmt":"2018-01-02T01:05:07","guid":{"rendered":"http:\/\/biblian.is\/videy\/fyrra-petursbref-2-kafli\/"},"modified":"2018-01-02T01:05:07","modified_gmt":"2018-01-02T01:05:07","slug":"fyrra-petursbref-2-kafli","status":"publish","type":"page","link":"https:\/\/biblian.is\/videy\/fyrra-petursbref-2-kafli\/","title":{"rendered":"Fyrra P\u00e9tursbr\u00e9f 2. kafli"},"content":{"rendered":"<div class=\"fyrirsognVidey\">Postulinn \u00e1minnir a\u00f0 halda fast vi\u00f0 Jes\u00fa \u00f3brj\u00e1la\u00f0a l\u00e6rd\u00f3m, for\u00f0ast lesti og stunda dygg\u00f0ir, a\u00f0 \u00feeir me\u00f0 \u00fev\u00ed a\u00f0 for\u00f0ast holdlegar girndir me\u00f0 hl\u00fd\u00f0ni vi\u00f0 yfirvald og br\u00f3\u00f0urlegum k\u00e6rleika ni\u00f0ur\u00feaggi \u00f6ll illm\u00e6li gegn s\u00e9r. Skyldur \u00fej\u00f3nustu f\u00f3lks.<\/div>\n<p><a name=\"1\"><span class=\"versanumer\">1<\/span><\/a>Afleggi\u00f0 \u00fear fyrir alls lags vonsku og alla pretti, hr\u00e6sni, \u00f6fund og allt baktal,<a name=\"2\"><span class=\"versanumer\">2<\/span><\/a>og s\u00e6kist, eins og <span class='VideyAth'>a)<\/span> n\u00fdf\u00e6dd b\u00f6rn, eftir \u00feeirri skyns\u00f6mu <span class='VideyAth'>b)<\/span>, \u00f3mengu\u00f0u mj\u00f3lk, svo \u00fe\u00e9r af henni \u00feroskist y\u00f0ur til velfer\u00f0ar;<a name=\"3\"><span class=\"versanumer\">3<\/span><\/a>\u00fear e\u00f0 \u00fe\u00e9r hafi\u00f0 smakka\u00f0, hv\u00f6rsu s\u00e6tur Drottinn er. <br \/><a name=\"4\"><span class=\"versanumer\">4<\/span><\/a>Me\u00f0 \u00fev\u00ed \u00fe\u00e9r eru\u00f0 komnir til \u00feessa lifandi steins <span class='VideyAth'>c)<\/span>, sem a\u00f0 s\u00f6nnu er af m\u00f6nnum \u00fatsk\u00fafa\u00f0ur, en af Gu\u00f0i \u00fatvalinn og d\u00fdrm\u00e6tur,<a name=\"5\"><span class=\"versanumer\">5<\/span><\/a>svo l\u00e1ti\u00f0 y\u00f0ur uppbyggjast sem lifandi steina <span class='VideyAth'>(til \u00feess \u00fe\u00e9r ver\u00f0i\u00f0)<\/span> andlegt musteri, heilagt prestaf\u00e9lag, til a\u00f0 frambera andlegar f\u00f3rnir, Gu\u00f0i vel\u00fe\u00f3knanlegar fyrir <span class='VideyAth'>(a\u00f0sto\u00f0)<\/span> Jes\u00fa Krists.<a name=\"6\"><span class=\"versanumer\">6<\/span><\/a>\u00dear fyrir stendur <span class='VideyAth'>(skrifa\u00f0)<\/span>, \u00ed Ritningunni: \u201esj\u00e1! eg set hornstein \u00ed S\u00edon \u00fatvalinn og d\u00fdrm\u00e6tan, s\u00e1 sem setur sitt traust til hans mun eigi til skammar ver\u00f0a\u201c.<a name=\"7\"><span class=\"versanumer\">7<\/span><\/a>Y\u00f0ur, sem tr\u00fai\u00f0 er hann d\u00fdrm\u00e6tur; en \u00feeim vantr\u00fau\u00f0u er s\u00e1 steinn, sem byggjendurnir burtsn\u00f6ru\u00f0u or\u00f0inn a\u00f0 hyrningarsteini,<a name=\"8\"><span class=\"versanumer\">8<\/span><\/a>\u201eog a\u00f0 \u00e1steytingarsteini og kletti vei\u00f0ibrellunnar\u201c. \u00deeir sem hrasa, eru \u00feeir sem ekki tr\u00faa l\u00e6rd\u00f3minum <span class='VideyAth'>d)<\/span>; \u00fear til voru \u00feeir og settir.<a name=\"9\"><span class=\"versanumer\">9<\/span><\/a>En \u00fe\u00e9r eru\u00f0 \u00fatvalin kynsl\u00f3\u00f0 <span class='VideyAth'>e)<\/span>, konunglegt prestaf\u00e9lag, heilagur l\u00fd\u00f0ur, <span class='VideyAth'>(Gu\u00f0s)<\/span> eigi\u00f0 f\u00f3lk, til \u00feess a\u00f0 v\u00ed\u00f0fr\u00e6gja skyldu\u00f0 \u00feess mikilleika, sem kalla\u00f0i y\u00f0ur fr\u00e1 myrkrinu til s\u00edns a\u00f0d\u00e1anlega lj\u00f3ss.<a name=\"10\"><span class=\"versanumer\">10<\/span><\/a>\u00de\u00e9r sem for\u00f0um ekki voru\u00f0 l\u00fd\u00f0ur, eru\u00f0 n\u00fa or\u00f0nir l\u00fd\u00f0ur; \u00fe\u00e9r sem ekki nutu\u00f0 miskunnar, hafi\u00f0 n\u00fa miskunn hloti\u00f0. <br \/><a name=\"11\"><span class=\"versanumer\">11<\/span><\/a>\u00de\u00e9r \u00e1stk\u00e6ru! eg \u00e1minni y\u00f0ur, sem gesti og \u00fatlenda, a\u00f0 \u00fe\u00e9r <span class='VideyAth'>f)<\/span> haldi\u00f0 y\u00f0ur fr\u00e1 holdlegum girndum, hv\u00f6rjar gegn s\u00e1lunni str\u00ed\u00f0a.<a name=\"12\"><span class=\"versanumer\">12<\/span><\/a>Heg\u00f0i\u00f0 y\u00f0ur vel me\u00f0al hei\u00f0inna \u00fej\u00f3\u00f0a, svo a\u00f0 \u00feeir, mitt \u00ed \u00fev\u00ed \u00feeir r\u00f3gbera y\u00f0ur sem illgj\u00f6r\u00f0amenn, vegna y\u00f0ar g\u00f3\u00f0verka, \u00feegar \u00feeir g\u00e6ta grannt a\u00f0, \u00e1 \u00feeirra vitjunart\u00edma vegsami Gu\u00f0.<a name=\"13\"><span class=\"versanumer\">13<\/span><\/a>Veri\u00f0 \u00fev\u00ed undirgefnir s\u00e9rhv\u00f6rju af m\u00f6nnum tilsettu yfirvaldi, hv\u00f6rt heldur \u00fea\u00f0 er konungurinn, svo sem \u00feeim \u00e6\u00f0sta,<a name=\"14\"><span class=\"versanumer\">14<\/span><\/a>e\u00f0a \u00fea\u00f0 eru landsh\u00f6f\u00f0ingjarnir, svo sem \u00feeim er af honum eru sendir illgj\u00f6r\u00f0am\u00f6nnum til refsingar, en lofst\u00edrs \u00feeim, sem vel breyta;<a name=\"15\"><span class=\"versanumer\">15<\/span><\/a>\u00dev\u00ed \u00fea\u00f0 er vilji Gu\u00f0s, a\u00f0 \u00feeir sem vel breyta ni\u00f0ur\u00feaggi \u00f3viturleika heimskra manna.<a name=\"16\"><span class=\"versanumer\">16<\/span><\/a>svo sem frj\u00e1lsir menn, en ekki sem \u00feeir er br\u00faka frelsi\u00f0 vonskunni til yfirhylmingar, heldur svo sem \u00fer\u00e6lar Gu\u00f0s,<a name=\"17\"><span class=\"versanumer\">17<\/span><\/a>skulu\u00f0 \u00fe\u00e9r alla vir\u00f0a; elska br\u00e6\u00f0raf\u00e9lagi\u00f0, \u00f3ttast Gu\u00f0, hei\u00f0ra konunginn.<br \/><a name=\"18\"><span class=\"versanumer\">18<\/span><\/a>\u00dej\u00f3nustumennirnir s\u00e9u undirgefnir drottnum s\u00ednum me\u00f0 \u00f3ttablandinni var\u00fa\u00f0, ekki einungis \u00feeim g\u00f3\u00f0u og bl\u00ed\u00f0u heldur einnig \u00feeim \u00f3sanngj\u00f6rnu;<a name=\"19\"><span class=\"versanumer\">19<\/span><\/a>\u00fev\u00ed \u00fea\u00f0 er n\u00e1\u00f0, ef nokkur vegna samviskunnar um Gu\u00f0 umber hi\u00f0 sorglega, er hann \u00f3r\u00e9ttilega l\u00ed\u00f0ur.<a name=\"20\"><span class=\"versanumer\">20<\/span><\/a>\u00dev\u00ed hv\u00f6r fr\u00e6g\u00f0 er \u00ed \u00fev\u00ed, a\u00f0 \u00fe\u00e9r fyrir misgj\u00f6r\u00f0a sakir h\u00f6gg l\u00ed\u00f0i\u00f0, en ef \u00fe\u00e9r, \u00fe\u00f3 \u00fe\u00e9r breyti\u00f0 vel, l\u00ed\u00f0i\u00f0 illt og eru\u00f0 \u00feolinm\u00f3\u00f0ir, \u00fea\u00f0 <span class='VideyAth'>(\u00e1vinnur s\u00e9r)<\/span> n\u00e1\u00f0 hj\u00e1 Gu\u00f0i;<a name=\"21\"><span class=\"versanumer\">21<\/span><\/a>\u00fev\u00ed h\u00e9r til eru\u00f0 \u00fe\u00e9r kalla\u00f0ir, \u00fev\u00ed Kristur lei\u00f0 einnig fyrir oss og eftirl\u00e9t oss munstur til a\u00f0 breyta eftir, svo a\u00f0 v\u00e9r skyldum feta \u00ed hans f\u00f3tspor.<a name=\"22\"><span class=\"versanumer\">22<\/span><\/a>Hann dr\u00fdg\u00f0i ekki synd og ekki eru svik fundin \u00ed hans munni;<a name=\"23\"><span class=\"versanumer\">23<\/span><\/a>eigi illm\u00e6lti hann aftur, \u00fe\u00f3 honum v\u00e6ri illm\u00e6lt, e\u00f0a br\u00faka\u00f0i h\u00f3tunaryr\u00f0i, \u00fe\u00e1 hann lei\u00f0, heldur gaf \u00fea\u00f0 \u00ed \u00feess vald, sem r\u00e9ttv\u00edslega d\u00e6mir;<a name=\"24\"><span class=\"versanumer\">24<\/span><\/a>og bar <span class='VideyAth'>(sj\u00e1lfur)<\/span> vorar syndir \u00e1 s\u00ednum l\u00edkama upp \u00e1 tr\u00e9\u00f0, svo v\u00e9r skyldum skilja vi\u00f0 syndirnar og lifa r\u00e9ttl\u00e6tinu; fyrir hans benjar eru\u00f0 \u00fe\u00e9r l\u00e6kna\u00f0ir.<a name=\"25\"><span class=\"versanumer\">25<\/span><\/a>\u00de\u00e9r voru\u00f0 sem fr\u00e1villtir sau\u00f0ir, en n\u00fa hafi\u00f0 \u00fe\u00e9r sn\u00fai\u00f0 y\u00f0ur til hir\u00f0is og biskups y\u00f0varra s\u00e1lna.<\/p>\n<div class=\"footnoteVidey\">V. 1. K\u00f3l. 3,8.  V. 2. a. Matt. 18,3. b. sbr. Hebr. 5,12.13. 2 Kor. 2,17.  V. 3. Matt. 11,29.30. S\u00e1lm. 34,9.  V. 4. c. \u00fe. e. d\u00fdrm\u00e6tur stein, vegna \u00feess a\u00f0 hann er hornsteinn (v. 7) sem heldur allri byggingunni saman. Kristninni er oft \u00ed N. testam. l\u00edkt vi\u00f0 h\u00fas; s\u00e9rhv\u00f6r kristinn er 1 steinn \u00ed \u00feessari byggingu, en tr\u00fain \u00e1 Krist sameinar \u00fe\u00e1 alla (\u00feess vegna er hann hyrningarsteinn) svo \u00feeir ver\u00f0i andlegt musteri, (Efes. 2,21.22.) \u00fe. e. br\u00e6\u00f0raf\u00e9lag, \u00ed hv\u00f6rju andlegt hugarfar drottni. (Efes. 5,27.) Er heilagt prestaf\u00e9lag er kallast kristnir, af \u00fev\u00ed hv\u00f6r eirn sannkristinn m\u00e1 n\u00e1l\u00e6gja sig Gu\u00f0i og frambera s\u00edna andlegu f\u00f3rnir. R\u00f3m. 12,1.  V. 8. Esa. 28,16. S\u00e1lm. 118,22. Post. g. b. 4,11. L\u00fak. 2,34. d. J\u00f3h. 15,16. Post. g. b. 13,48. 1 Tess. 5,9. Gu\u00f0s r\u00e1\u00f0stafanir eru \u00f3rannsakanlegar, en ma\u00f0urinn er sekur sem ekki hagn\u00fdtir s\u00e9r \u00fe\u00e6r upphvatningar til g\u00f3\u00f0s, sem honum gefast. sbr. R\u00f3m. 2,12.  V. 9. e. 2 M\u00f3s. 19,6. 5 M\u00f3s. 7,6. T\u00edt. 2,14.  V. 10. H\u00f3s. 2,1.25. R\u00f3m. 9,25.  V. 11. f. R\u00f3m. 8,14. 13,1.4. 2 Kor. 10,3.  V. 12. Matt. 5,16. R\u00f3m. 12,17. Filip. 2,5.  V. 13\u201315. R\u00f3m. 13,1\u20137. T\u00edt. 2,8.  V. 16. Kristur hefir ekki gefi\u00f0 m\u00f6nnum leyfi til a\u00f0 lifa eftir s\u00ednum girndum, heldur eftir \u00fev\u00ed sem samviskan seigir manni a\u00f0 r\u00e9tt s\u00e9; og ef ma\u00f0ur lifir eftir \u00fev\u00ed, \u00fe\u00e1 er ma\u00f0urinn sannarlega frj\u00e1ls, annars eru menn syndarinnar \u00fer\u00e6lar. J\u00f3h. 8,32.34.36. R\u00f3m. 6,18. Gal. 5,13.  V. 17. Matt. 15,4\u20136. J\u00f3h. 5,23. 8,49. R\u00f3m. 13,7.8. 12,10.  V. 18. Efes. 6,5. ff. T\u00edt. 2,9.10.  V. 19. Matt. 5,10.  V. 20. 3,14\u201317.  V. 21. 3,18. J\u00f3h. 13,14.15. Filip. 2,6\u20138. J\u00f3h. 8,46.  V. 22. 2 Kor. 5,21.  V. 23. 3,9.  V. 24. Es. 53,4\u20137. R\u00f3m. 5,6\u201311.  V. 25. Ef. 53,9. J\u00f3h. 10,11. sbr. L\u00fak. 15,4. Esek. 34,6. 37,24. S\u00e1lm. 119,176.<\/div>\n","protected":false},"excerpt":{"rendered":"<p>Postulinn \u00e1minnir a\u00f0 halda fast vi\u00f0 Jes\u00fa \u00f3brj\u00e1la\u00f0a l\u00e6rd\u00f3m, for\u00f0ast lesti og stunda dygg\u00f0ir, a\u00f0 \u00feeir me\u00f0 \u00fev\u00ed a\u00f0 for\u00f0ast holdlegar girndir me\u00f0 hl\u00fd\u00f0ni vi\u00f0 yfirvald og br\u00f3\u00f0urlegum k\u00e6rleika ni\u00f0ur\u00feaggi \u00f6ll illm\u00e6li gegn s\u00e9r. Skyldur \u00fej\u00f3nustu f\u00f3lks. 1Afleggi\u00f0 \u00fear fyrir alls lags vonsku og alla pretti, hr\u00e6sni, \u00f6fund og allt baktal,2og s\u00e6kist, eins og a) n\u00fdf\u00e6dd b\u00f6rn, eftir \u00feeirri skyns\u00f6mu b), \u00f3mengu\u00f0u mj\u00f3lk, svo \u00fe\u00e9r af henni \u00feroskist y\u00f0ur til velfer\u00f0ar;3\u00fear e\u00f0 \u00fe\u00e9r hafi\u00f0 smakka\u00f0, hv\u00f6rsu s\u00e6tur Drottinn er. 4Me\u00f0 \u00fev\u00ed \u00fe\u00e9r eru\u00f0 komnir til \u00feessa lifandi steins c), sem a\u00f0 s\u00f6nnu er af m\u00f6nnum \u00fatsk\u00fafa\u00f0ur, en af Gu\u00f0i \u00fatvalinn <a href=\"https:\/\/biblian.is\/videy\/fyrra-petursbref-2-kafli\/\"> [&#8230;]<\/a><\/p>\n","protected":false},"author":1,"featured_media":0,"parent":0,"menu_order":0,"comment_status":"open","ping_status":"open","template":"bibliukaflar.php","meta":{"footnotes":""},"class_list":["post-22002","page","type-page","status-publish","hentry"],"_links":{"self":[{"href":"https:\/\/biblian.is\/videy\/wp-json\/wp\/v2\/pages\/22002","targetHints":{"allow":["GET"]}}],"collection":[{"href":"https:\/\/biblian.is\/videy\/wp-json\/wp\/v2\/pages"}],"about":[{"href":"https:\/\/biblian.is\/videy\/wp-json\/wp\/v2\/types\/page"}],"author":[{"embeddable":true,"href":"https:\/\/biblian.is\/videy\/wp-json\/wp\/v2\/users\/1"}],"replies":[{"embeddable":true,"href":"https:\/\/biblian.is\/videy\/wp-json\/wp\/v2\/comments?post=22002"}],"version-history":[{"count":0,"href":"https:\/\/biblian.is\/videy\/wp-json\/wp\/v2\/pages\/22002\/revisions"}],"wp:attachment":[{"href":"https:\/\/biblian.is\/videy\/wp-json\/wp\/v2\/media?parent=22002"}],"curies":[{"name":"wp","href":"https:\/\/api.w.org\/{rel}","templated":true}]}}