{"id":22001,"date":"2018-01-02T01:05:07","date_gmt":"2018-01-02T01:05:07","guid":{"rendered":"http:\/\/biblian.is\/videy\/fyrra-petursbref-1-kafli\/"},"modified":"2018-01-02T01:05:07","modified_gmt":"2018-01-02T01:05:07","slug":"fyrra-petursbref-1-kafli","status":"publish","type":"page","link":"https:\/\/biblian.is\/videy\/fyrra-petursbref-1-kafli\/","title":{"rendered":"Fyrra P\u00e9tursbr\u00e9f 1. kafli"},"content":{"rendered":"<div class=\"fyrirsognVidey\">Postulinn \u00f3skar g\u00f3\u00f0s \u00feeim kristnu \u00ed As\u00edu og s. frv. Pr\u00edsar fars\u00e6ld kristinna. Hvetur til a\u00f0 lifa kristinni tr\u00fa sambo\u00f0nu l\u00edferni.<\/div>\n<p><a name=\"1\"><span class=\"versanumer\">1<\/span><\/a>P\u00e9tur, postuli Jes\u00fa Krists, heilsar \u00feeim \u00fatv\u00f6ldu \u00fatlendu, sem tv\u00edstra\u00f0ir eru \u00fat um Pontus, Galataland, Kappadok\u00edu, As\u00edu og Bityniu,<a name=\"2\"><span class=\"versanumer\">2<\/span><\/a>hv\u00f6rjir, eftir Gu\u00f0s F\u00f6\u00f0urs <span class='VideyAth'>c)<\/span> fyrirhuga\u00f0a r\u00e1\u00f0i, helga\u00f0ir eru me\u00f0 andans a\u00f0sto\u00f0, til \u00feess \u00feeir hl\u00fd\u00f0nist Jes\u00fa Kristi og <span class='VideyAth'>d)<\/span> hreinsa\u00f0ir ver\u00f0i me\u00f0 hans bl\u00f3\u00f0i. N\u00e1\u00f0 og fri\u00f0ur Gu\u00f0s margfaldist yfir y\u00f0ur. <br \/><a name=\"3\"><span class=\"versanumer\">3<\/span><\/a>Lofa\u00f0ur s\u00e9 Gu\u00f0, Fa\u00f0ir Drottins vors Jes\u00fa Krists, sem me\u00f0 \u00fev\u00ed a\u00f0 uppvekja hann fr\u00e1 dau\u00f0um, hefir eftir mikilli miskunn sinni, endurf\u00e6tt oss til lifandi vonar,<a name=\"4\"><span class=\"versanumer\">4<\/span><\/a>til hluttekningar \u00ed \u00feeirri arfleif\u00f0, sem y\u00f0ur geymd er \u00e1 himnum og \u00f3forgengileg er, fullkomin og aldrei f\u00f6lnar,<a name=\"5\"><span class=\"versanumer\">5<\/span><\/a>y\u00f0ur, sem fyrir Gu\u00f0s \u00f6flugu a\u00f0sto\u00f0 var\u00f0veitist me\u00f0 tr\u00fanni, svo a\u00f0 \u00fe\u00e9r a\u00f0nj\u00f3tandi ver\u00f0i\u00f0 y\u00f0ur fyrirb\u00fainnar s\u00e6lu, er \u00e1 s\u00ed\u00f0asta t\u00edma mun ver\u00f0a opinber.<a name=\"6\"><span class=\"versanumer\">6<\/span><\/a>Gle\u00f0jist h\u00e9r vi\u00f0, \u00fe\u00f3tt \u00fe\u00e9r n\u00fa um skamma stund <span class='VideyAth'>(ef svo hl\u00fdtur a\u00f0 ske)<\/span> hryggjast megi\u00f0 af margs konar freistingum,<a name=\"7\"><span class=\"versanumer\">7<\/span><\/a>svo a\u00f0 y\u00f0ar reynda tr\u00fa, sem er langtum d\u00fdrm\u00e6tari en forgengilegt gull, \u00fe\u00f3tt \u00fea\u00f0 \u00ed eldi s\u00e9 reynt, ver\u00f0i y\u00f0ur til lofs, vegsemdar og d\u00fdr\u00f0ar, \u00feegar Jes\u00fas Kristur opinberast,<a name=\"8\"><span class=\"versanumer\">8<\/span><\/a>hv\u00f6rn \u00fe\u00e9r elski\u00f0, \u00fe\u00f3 \u00fe\u00e9r ekki hafi\u00f0 s\u00e9\u00f0 hann, af hv\u00f6rjum \u00fe\u00e9r, sem tr\u00fai\u00f0 \u00e1 hann, \u00fe\u00f3tt \u00fe\u00e9r n\u00fa ekki \u00e1 hann horfi\u00f0, gle\u00f0jist \u00f3\u00fatm\u00e1lanlegum og d\u00fdr\u00f0legum f\u00f6gnu\u00f0i,<a name=\"9\"><span class=\"versanumer\">9<\/span><\/a>\u00fev\u00ed \u00fe\u00e9r munu\u00f0 \u00fattaka endurgjald fyrir y\u00f0ar tr\u00fa, velfer\u00f0 y\u00f0ar s\u00e1lna.<a name=\"10\"><span class=\"versanumer\">10<\/span><\/a>sp\u00e1mennirnir er sp\u00e1\u00f0u um heill \u00fe\u00e1 er vi\u00f0 y\u00f0ur er framkomin, hafa \u00fat \u00ed \u00feessa s\u00e6lu grufla\u00f0 og grennslast eftir henni;<a name=\"11\"><span class=\"versanumer\">11<\/span><\/a>\u00deeir leitu\u00f0ust vi\u00f0 a\u00f0 uppg\u00f6tva til hv\u00f6rs og hv\u00edl\u00edks t\u00edma Krists Andi, sem \u00ed \u00feeim bj\u00f3, meinti, \u00fe\u00e1 hann fyrirsag\u00f0i <span class='VideyAth'>a)<\/span> p\u00edslir Krists og \u00fear \u00e1 eftir fylgjandi d\u00fdr\u00f0;<a name=\"12\"><span class=\"versanumer\">12<\/span><\/a>en \u00feeim var \u00feetta opinbera\u00f0, ekki \u00feeim sj\u00e1lfum til gagns, heldur gagna\u00f0i \u00fea\u00f0 y\u00f0ur, hv\u00f6rjum \u00feetta n\u00fa er kunngj\u00f6rt af \u00feeim sem bo\u00f0a y\u00f0ur gle\u00f0ibo\u00f0skapinn me\u00f0 a\u00f0sto\u00f0 heilags anda sem er ofansendur fr\u00e1 himni <span class='VideyAth'>b)<\/span>, hvar inn \u00ed englana <span class='VideyAth'>(jafnvel)<\/span> f\u00fdsir a\u00f0 skyggnast. <br \/><a name=\"13\"><span class=\"versanumer\">13<\/span><\/a>Hafi\u00f0 \u00fear fyrir lendar y\u00f0ar hugskots umgirtar <span class='VideyAth'>c)<\/span>, veri\u00f0 varhyg\u00f0arsamir, og setji\u00f0 algj\u00f6rlega von y\u00f0ar til \u00feeirrar n\u00e1\u00f0ar, sem y\u00f0ur mun veitast vi\u00f0 tilkomu Jes\u00fa Krists;<a name=\"14\"><span class=\"versanumer\">14<\/span><\/a>sem hl\u00fd\u00f0in b\u00f6rn, lagi\u00f0 eigi breytni y\u00f0ar eftir \u00feeim girndum, er \u00fe\u00e9r \u00e1\u00f0ur \u00fej\u00f3nu\u00f0u\u00f0 \u00ed vanvisku y\u00f0ar,<a name=\"15\"><span class=\"versanumer\">15<\/span><\/a>heldur ver\u00f0i\u00f0 heilagir \u00ed \u00f6llu y\u00f0ar dagfari, eins og s\u00e1 er heilagur, er y\u00f0ur hefir kalla\u00f0;<a name=\"16\"><span class=\"versanumer\">16<\/span><\/a>\u00fev\u00ed skrifa\u00f0 er: \u201everi\u00f0 heilagir, eins og eg em heilagur\u201c.<a name=\"17\"><span class=\"versanumer\">17<\/span><\/a>Og me\u00f0 \u00fev\u00ed \u00fe\u00e9r \u00e1kalli\u00f0 \u00feann sem f\u00f6\u00f0ur, er d\u00e6mir s\u00e9rhv\u00f6rn <span class='VideyAth'>d)<\/span> \u00e1n manngreinar\u00e1lits eftir hans verkum, \u00fe\u00e1 framgangi\u00f0, y\u00f0ar <span class='VideyAth'>e)<\/span> \u00fatleg\u00f0art\u00edma, me\u00f0 \u00f3ttablandnri var\u00fa\u00f0;<a name=\"18\"><span class=\"versanumer\">18<\/span><\/a>\u00fe\u00e9r viti\u00f0 a\u00f0 \u00fe\u00e9r eigi eru\u00f0 endurleystir me\u00f0 forgengilegu silfri e\u00f0a gulli fr\u00e1 y\u00f0ar h\u00e9g\u00f3mlega ath\u00e6fi, er \u00fe\u00e9r numi\u00f0 h\u00f6f\u00f0u\u00f0 af fe\u00f0rum y\u00f0ar;<a name=\"19\"><span class=\"versanumer\">19<\/span><\/a>heldur me\u00f0 d\u00fdrm\u00e6tu bl\u00f3\u00f0i \u00feess \u00f3flekka\u00f0a og l\u00fdtalausa lambsins Krists,<a name=\"20\"><span class=\"versanumer\">20<\/span><\/a>sem a\u00f0 s\u00f6nnu <span class='VideyAth'>f)<\/span>, \u00e1\u00f0ur en grundv\u00f6llur heimsins var lag\u00f0ur, var fyrirhuga\u00f0ur, en <span class='VideyAth'>g)<\/span> birtist \u00e1 \u00feessum s\u00ed\u00f0ustu t\u00edmum vegna y\u00f0ar,<a name=\"21\"><span class=\"versanumer\">21<\/span><\/a>y\u00f0ar, sem vegna hans hafi\u00f0 tr\u00fa til Gu\u00f0s, er reisti hann upp fr\u00e1 dau\u00f0um og gaf honum d\u00fdr\u00f0, svo \u00fe\u00e9r hef\u00f0u\u00f0 traust og von til Gu\u00f0s.<a name=\"22\"><span class=\"versanumer\">22<\/span><\/a>Fyrst \u00fe\u00e9r n\u00fa me\u00f0 hl\u00fd\u00f0ni vi\u00f0 sannleikans <span class='VideyAth'>(l\u00e6rd\u00f3m)<\/span> hafi\u00f0 me\u00f0 andans a\u00f0sto\u00f0, hreinsa\u00f0 y\u00f0ar s\u00e1lir til hr\u00e6snislausrar br\u00f3\u00f0urlegrar elsku, \u00fe\u00e1 <span class='VideyAth'>h)<\/span> elski\u00f0 hv\u00f6r annan kappsamlega af hreinu hjarta,<a name=\"23\"><span class=\"versanumer\">23<\/span><\/a>svo sem \u00feeir, sem <span class='VideyAth'>i)<\/span> endurgetnir eru, ekki af forgengilegu s\u00e6\u00f0i, heldur \u00f3forgengilegu, me\u00f0 Gu\u00f0s l\u00edfkr\u00f6ftuga l\u00e6rd\u00f3mi, er eil\u00edflega mun gilda,<a name=\"24\"><span class=\"versanumer\">24<\/span><\/a>\u00fev\u00ed allt hold er sem gras, og \u00feess vegsemd, sem bl\u00f3mi grassins, grasi\u00f0 er \u00feegar skr\u00e6lna\u00f0, og \u00feess bl\u00f3mi affallinn,<a name=\"25\"><span class=\"versanumer\">25<\/span><\/a>en or\u00f0 Drottins varir a\u00f0 eil\u00edfu, og \u00fea\u00f0 er \u00fea\u00f0 or\u00f0, sem y\u00f0ur er bo\u00f0a\u00f0.<\/p>\n<div class=\"footnoteVidey\">V. 1. J\u00f3h. 7,35. Jak. 1,1. Gy\u00f0ingar k\u00f6llu\u00f0u sig vera \u00ed \u00fatleg\u00f0 \u00feegar \u00feeir bjuggu \u00ed \u00f6\u00f0ru landi enn Gy\u00f0ingalandi. \u00datvaldir \u00feeir af \u00feessum, er vi\u00f0 kristni h\u00f6f\u00f0u teki\u00f0.  V. 2. c. R\u00f3m. 8,29. d. Hebr. 9,10\u201315.19. 12,24.  V. 7. R\u00f3m. 5,3\u20135. 2 Kor. 4,17. Jak. 1,3.12.  V. 8. 2 Kor. 5,7. 1 J\u00f3h. 4,20. Hebr. 11,27. \u00deeir, til hv\u00f6rra br\u00e9f \u00feetta er skrifa\u00f0, h\u00f6f\u00f0u aldrei s\u00e9\u00f0 Jes\u00fam sj\u00e1lfan. J\u00f3h. 20,29.  V. 10. 1 M\u00f3s. 49,10. Dan. 2,44. Hagg. 2,7.8. Matt. 13,17.  V. 11. a. S\u00e1lm. 22,7. Esa. 53. Dan. 9,26. L\u00fak. 24,26. Pgb. 26,23.  V. 12. Pgb. 2,4. 3,15\u201326. b. Efes. 3,10.  V. 13. c. \u00de. e. haldi\u00f0 y\u00f0ur fer\u00f0b\u00fanum a\u00f0 framganga, (\u00fe. e. breyta), sem r\u00e9ttkristnir, sbr. Efes. 6,14.  V. 15. Matt. 5,48.  V. 16. 3 M\u00f3s. 11,44. 19,2.  V. 17. d. 5 M\u00f3s. 10,17. e. 2 Kor. 5,6.  V. 18. 1 Kor. 6,2. 7,23.  V. 19. Hebr. 9,12.14.22. 10,19.29. sbr. R\u00f3m. 5,10. \u00d6ll forn\u00f6ld h\u00e9lt syndafyrirgefning fengist ei \u00e1n bl\u00f3\u00f0s\u00fathellingar og g\u00e1fu; en sj\u00e1 samt hva\u00f0 Esa\u00ed: 1,10\u201317. kraf\u00f0i undir eins, hva\u00f0 samanberist vi\u00f0 K\u00f3l. 1,14.20.22 Jak. 1,27.  V. 20. f. Efes. 1,9. g. Gal. 4,4.  V. 21. Pgb. 2,24. Filip. 2,9.  V. 22. h. 1 T\u00edm. 1,5.  V. 23. i. Jak. 1,18.  V. 24. Esa. 40,6\u20138. Jak. 1,10.11.<\/div>\n","protected":false},"excerpt":{"rendered":"<p>Postulinn \u00f3skar g\u00f3\u00f0s \u00feeim kristnu \u00ed As\u00edu og s. frv. Pr\u00edsar fars\u00e6ld kristinna. Hvetur til a\u00f0 lifa kristinni tr\u00fa sambo\u00f0nu l\u00edferni. 1P\u00e9tur, postuli Jes\u00fa Krists, heilsar \u00feeim \u00fatv\u00f6ldu \u00fatlendu, sem tv\u00edstra\u00f0ir eru \u00fat um Pontus, Galataland, Kappadok\u00edu, As\u00edu og Bityniu,2hv\u00f6rjir, eftir Gu\u00f0s F\u00f6\u00f0urs c) fyrirhuga\u00f0a r\u00e1\u00f0i, helga\u00f0ir eru me\u00f0 andans a\u00f0sto\u00f0, til \u00feess \u00feeir hl\u00fd\u00f0nist Jes\u00fa Kristi og d) hreinsa\u00f0ir ver\u00f0i me\u00f0 hans bl\u00f3\u00f0i. N\u00e1\u00f0 og fri\u00f0ur Gu\u00f0s margfaldist yfir y\u00f0ur. 3Lofa\u00f0ur s\u00e9 Gu\u00f0, Fa\u00f0ir Drottins vors Jes\u00fa Krists, sem me\u00f0 \u00fev\u00ed a\u00f0 uppvekja hann fr\u00e1 dau\u00f0um, hefir eftir mikilli miskunn sinni, endurf\u00e6tt oss til lifandi vonar,4til hluttekningar \u00ed \u00feeirri <a href=\"https:\/\/biblian.is\/videy\/fyrra-petursbref-1-kafli\/\"> [&#8230;]<\/a><\/p>\n","protected":false},"author":1,"featured_media":0,"parent":0,"menu_order":0,"comment_status":"open","ping_status":"open","template":"bibliukaflar.php","meta":{"footnotes":""},"class_list":["post-22001","page","type-page","status-publish","hentry"],"_links":{"self":[{"href":"https:\/\/biblian.is\/videy\/wp-json\/wp\/v2\/pages\/22001","targetHints":{"allow":["GET"]}}],"collection":[{"href":"https:\/\/biblian.is\/videy\/wp-json\/wp\/v2\/pages"}],"about":[{"href":"https:\/\/biblian.is\/videy\/wp-json\/wp\/v2\/types\/page"}],"author":[{"embeddable":true,"href":"https:\/\/biblian.is\/videy\/wp-json\/wp\/v2\/users\/1"}],"replies":[{"embeddable":true,"href":"https:\/\/biblian.is\/videy\/wp-json\/wp\/v2\/comments?post=22001"}],"version-history":[{"count":0,"href":"https:\/\/biblian.is\/videy\/wp-json\/wp\/v2\/pages\/22001\/revisions"}],"wp:attachment":[{"href":"https:\/\/biblian.is\/videy\/wp-json\/wp\/v2\/media?parent=22001"}],"curies":[{"name":"wp","href":"https:\/\/api.w.org\/{rel}","templated":true}]}}