{"id":22000,"date":"2018-01-02T01:05:07","date_gmt":"2018-01-02T01:05:07","guid":{"rendered":"http:\/\/biblian.is\/videy\/jakobsbrefid-5-kafli\/"},"modified":"2018-01-02T01:05:07","modified_gmt":"2018-01-02T01:05:07","slug":"jakobsbrefid-5-kafli","status":"publish","type":"page","link":"https:\/\/biblian.is\/videy\/jakobsbrefid-5-kafli\/","title":{"rendered":"Jakobsbr\u00e9fi\u00f0 5. kafli"},"content":{"rendered":"<div class=\"fyrirsognVidey\">Postulinn varar vi\u00f0 a\u00f0 st\u00f3la upp \u00e1 au\u00f0, og st\u00e6ra sig af honum. Upp\u00f6rvar \u00fe\u00e1 sem \u00f3r\u00e9tt l\u00ed\u00f0a til st\u00f6\u00f0uglyndis, og a\u00f0 vera ei\u00f0varir. Hvetur til b\u00e6nr\u00e6kni, og til a\u00f0 lei\u00f0r\u00e9tta \u00fe\u00e1 sem villtir fara.<\/div>\n<p><a name=\"1\"><span class=\"versanumer\">1<\/span><\/a>Heyri\u00f0 n\u00fa, \u00fe\u00e9r r\u00edku! gr\u00e1ti\u00f0 og kveini\u00f0 yfir \u00feeim eymdum, sem yfir y\u00f0ur munu koma.<a name=\"2\"><span class=\"versanumer\">2<\/span><\/a>Y\u00f0ar au\u00f0ur er \u00feegar f\u00fana\u00f0ur og y\u00f0ar kl\u00e6\u00f0i or\u00f0in m\u00f6l\u00e9tin.<a name=\"3\"><span class=\"versanumer\">3<\/span><\/a>Y\u00f0ar gull og silfur er or\u00f0i\u00f0 ry\u00f0brunni\u00f0 og ry\u00f0i\u00f0 \u00e1 \u00fev\u00ed mun ver\u00f0a vitni gegn y\u00f0ur og eta y\u00f0ar hold; \u00fe\u00e9r hafi\u00f0 fj\u00e1rsj\u00f3\u00f0um safna\u00f0 sem eldsneyti \u00e1 s\u00ed\u00f0ustu d\u00f6gunum.<a name=\"4\"><span class=\"versanumer\">4<\/span><\/a>Sj\u00e1! launin, sem \u00fe\u00e9r hafi\u00f0 dregi\u00f0 af verkam\u00f6nnunum, sem hafa slegi\u00f0 y\u00f0ar l\u00f6nd, hr\u00f3pa og k\u00f6ll kornskerumannanna eru komin til eyrna Drottins allsherjar.<a name=\"5\"><span class=\"versanumer\">5<\/span><\/a>\u00de\u00e9r hafi\u00f0 lifa\u00f0 \u00ed s\u00e6ll\u00edfi og \u00f3h\u00f3fi \u00e1 j\u00f6r\u00f0unni; \u00fe\u00e9r hafi\u00f0 ali\u00f0 y\u00f0ar hj\u00f6rtu, eins og til skur\u00f0ardags <span class='VideyAth'>b)<\/span>.<a name=\"6\"><span class=\"versanumer\">6<\/span><\/a>\u00de\u00e9r hafi\u00f0 d\u00e6mt til dau\u00f0a og drepi\u00f0 \u00feann r\u00e9ttl\u00e1ta, hann stendur ekki \u00e1 m\u00f3ti y\u00f0ur. <br \/><a name=\"7\"><span class=\"versanumer\">7<\/span><\/a>\u00dereyi\u00f0 \u00fev\u00ed, br\u00e6\u00f0ur m\u00ednir! \u00fear til Drottinn kemur. Sj\u00e1i\u00f0! akuryrkjuma\u00f0urinn v\u00e6ntir jar\u00f0arinnar d\u00fdrm\u00e6ta \u00e1vaxtar, og \u00fereyir \u00fear til hann fengi\u00f0 hefur haust- og vorregni\u00f0.<a name=\"8\"><span class=\"versanumer\">8<\/span><\/a>\u00dereyi\u00f0 og \u00fe\u00e9r, styrki\u00f0 y\u00f0ar hj\u00f6rtu, \u00fev\u00ed tilkoma Drottins n\u00e1l\u00e6gist.<a name=\"9\"><span class=\"versanumer\">9<\/span><\/a>Kvarti\u00f0 ekki hv\u00f6r yfir \u00f6\u00f0rum, br\u00e6\u00f0ur m\u00ednir! svo \u00fe\u00e9r ekki ver\u00f0i\u00f0 d\u00e6mdir; sj\u00e1! d\u00f3marinn stendur fyrir dyrunum.<a name=\"10\"><span class=\"versanumer\">10<\/span><\/a>Br\u00e6\u00f0ur m\u00ednir! taki\u00f0 sp\u00e1mennina sem tala\u00f0 hafa \u00ed Drottins umbo\u00f0i, til eftird\u00e6mis upp \u00e1 \u00fea\u00f0 a\u00f0 l\u00ed\u00f0a illt me\u00f0 \u00feolinm\u00e6\u00f0i.<a name=\"11\"><span class=\"versanumer\">11<\/span><\/a>Sj\u00e1! v\u00e9r pr\u00edsum \u00fe\u00e1 s\u00e6la sem \u00feolg\u00f3\u00f0ir eru; \u00fe\u00e9r hafi\u00f0 heyrt um \u00feolg\u00e6\u00f0i Jobs og viti\u00f0 hv\u00f6r endalok Drottinn \u00fear \u00e1 gj\u00f6r\u00f0i; \u00fev\u00ed Drottinn er harla miskunnsamur og l\u00edknsamur.<br \/><a name=\"12\"><span class=\"versanumer\">12<\/span><\/a>En umfram allt, br\u00e6\u00f0ur m\u00ednir! sverji\u00f0 hv\u00f6rki vi\u00f0 himininn n\u00e9 vi\u00f0 j\u00f6r\u00f0ina, n\u00e9 vi\u00f0 nokkurn annan ei\u00f0; y\u00f0ar j\u00e1 s\u00e9 j\u00e1 og y\u00f0ar nei s\u00e9 nei, svo \u00fe\u00e9r komi\u00f0 ekki undir d\u00f3m.<br \/><a name=\"13\"><span class=\"versanumer\">13<\/span><\/a>Eigi einhv\u00f6r \u00f6r\u00f0ugt y\u00f0ar \u00e1 me\u00f0al, \u00fe\u00e1 bi\u00f0ji hann; l\u00ed\u00f0i honum vel, \u00fe\u00e1 syngi hann <span class='VideyAth'>(lof)<\/span>;<a name=\"14\"><span class=\"versanumer\">14<\/span><\/a>s\u00e9 einhv\u00f6r veikur y\u00f0ar \u00e1 me\u00f0al, \u00fe\u00e1 kalli hann til s\u00edn \u00f6ldunga safna\u00f0arins og \u00feeir bi\u00f0ja fyrir honum og smyrja hann vi\u00f0smj\u00f6ri \u00ed nafni Drottins <span class='VideyAth'>a)<\/span>.<a name=\"15\"><span class=\"versanumer\">15<\/span><\/a>\u00dev\u00ed tr\u00fau\u00f0 b\u00e6n mun frelsa \u00feann sj\u00faka og Drottinn mun reisa hann \u00e1 f\u00e6tur og s\u00fa synd sem hann hefir dr\u00fdgt mun honum fyrirgefin ver\u00f0a.<a name=\"16\"><span class=\"versanumer\">16<\/span><\/a>J\u00e1ti\u00f0 hv\u00f6r fyrir \u00f6\u00f0rum y\u00f0ar yfirsj\u00f3nir og bi\u00f0ji\u00f0 hv\u00f6r fyrir \u00f6\u00f0rum, svo a\u00f0 \u00fe\u00e9r heilbrig\u00f0ir ver\u00f0i\u00f0. Miki\u00f0 megnar kr\u00f6ftug b\u00e6n g\u00f3\u00f0s manns.<a name=\"17\"><span class=\"versanumer\">17<\/span><\/a>El\u00edas var l\u00edkur oss a\u00f0 breyskleika, samt, \u00fe\u00e1 hann ba\u00f0 \u00feeirrar b\u00e6nar a\u00f0 ekki skyldi rigna, \u00fe\u00e1 rigndi ekki yfir landi\u00f0 \u00ed \u00ferj\u00fa \u00e1r og sex m\u00e1nu\u00f0i.<a name=\"18\"><span class=\"versanumer\">18<\/span><\/a>Og \u00fe\u00e1 hann ba\u00f0 aftur, gaf himinninn regn og j\u00f6r\u00f0in bar sinn \u00e1v\u00f6xt.<br \/><a name=\"19\"><span class=\"versanumer\">19<\/span><\/a>Br\u00e6\u00f0ur m\u00ednir! ef nokkur me\u00f0al y\u00f0ar skyldi villast fr\u00e1 sannleikanum og einhv\u00f6r sn\u00fdr honum aftur,<a name=\"20\"><span class=\"versanumer\">20<\/span><\/a>\u00fe\u00e1 skal s\u00e1 vita: a\u00f0 hv\u00f6r sem sn\u00fdr syndaranum fr\u00e1 villu hans vegar, muni frelsa s\u00e1lu fr\u00e1 dau\u00f0a og hylja fj\u00f6lda synda <span class='VideyAth'>b)<\/span>.<\/p>\n<div class=\"footnoteVidey\">V. 1. Or\u00f0skv.b. 11,28. 1 T\u00edm. 6,9.  V. 2. Matt. 6,19.  V. 3. R\u00f3m. 2,5 og eftir fl.  V. 4. 3 M\u00f3s.b. 19,13. 5 M\u00f3s.b. 24,14. Job 24,10.11.  V. 5. L\u00fak. 16,19\u201325. b. \u00fe. e. \u00fe\u00e9r ali\u00f0 y\u00f0ur \u00feanga\u00f0 til straffi\u00f0 dettur yfir y\u00f0ur, eins og menn plaga a\u00f0 ala f\u00e9na\u00f0 til sl\u00e1trunardagsins. Esa. 22,13. Esek. 39,17. eftir ff.  V. 6. sbr. Matt. 5,39.  V. 7. L\u00fak. 21,19. Hebr. 10,36. 5 M\u00f3s.b. 11,14.  V. 8. 1 Kor. 10,11. Fil. 4,5.  V. 9. sbr. Matt. 24,33.  V. 10. Matt. 5,12.  V. 11. Matt. 5,11. Job 1,19\u201322. 42,10\u201317. S\u00e1lm. 103,8.  V. 12. Matt. 5,34. fl. sbr. 2 Kor. 1,17.18.  V. 14. a. nl. Jes\u00fa.  V. 15. S\u00e1lm. 30,2.  V. 16. 4 M\u00f3s.b. 5,7. Or\u00f0skv.b. 15,29. S\u00e1lm. 145,18.  V. 17. Post.gb. 14,15. 1 K\u00f3ng.b. 17,1. S\u00edr. 48,2.3.  V. 18. 1 K\u00f3ng.b. 18,41. fl.  V. 19. Matt. 18,15. Gal. 6,1. 1 Tess. 5,14.  V. 20. S\u00e1lm. 51,15. b. \u00fe. e. ver\u00f0a \u00feess ollandi a\u00f0 \u00feeim sem sn\u00fdr s\u00e9r munu fyrirgefast margar syndir, er hann haf\u00f0i \u00e1\u00f0ur dr\u00fdgt, sbr. Esa. 1,16\u201318.<\/div>\n","protected":false},"excerpt":{"rendered":"<p>Postulinn varar vi\u00f0 a\u00f0 st\u00f3la upp \u00e1 au\u00f0, og st\u00e6ra sig af honum. Upp\u00f6rvar \u00fe\u00e1 sem \u00f3r\u00e9tt l\u00ed\u00f0a til st\u00f6\u00f0uglyndis, og a\u00f0 vera ei\u00f0varir. Hvetur til b\u00e6nr\u00e6kni, og til a\u00f0 lei\u00f0r\u00e9tta \u00fe\u00e1 sem villtir fara. 1Heyri\u00f0 n\u00fa, \u00fe\u00e9r r\u00edku! gr\u00e1ti\u00f0 og kveini\u00f0 yfir \u00feeim eymdum, sem yfir y\u00f0ur munu koma.2Y\u00f0ar au\u00f0ur er \u00feegar f\u00fana\u00f0ur og y\u00f0ar kl\u00e6\u00f0i or\u00f0in m\u00f6l\u00e9tin.3Y\u00f0ar gull og silfur er or\u00f0i\u00f0 ry\u00f0brunni\u00f0 og ry\u00f0i\u00f0 \u00e1 \u00fev\u00ed mun ver\u00f0a vitni gegn y\u00f0ur og eta y\u00f0ar hold; \u00fe\u00e9r hafi\u00f0 fj\u00e1rsj\u00f3\u00f0um safna\u00f0 sem eldsneyti \u00e1 s\u00ed\u00f0ustu d\u00f6gunum.4Sj\u00e1! launin, sem \u00fe\u00e9r hafi\u00f0 dregi\u00f0 af verkam\u00f6nnunum, sem hafa slegi\u00f0 y\u00f0ar l\u00f6nd, hr\u00f3pa <a href=\"https:\/\/biblian.is\/videy\/jakobsbrefid-5-kafli\/\"> [&#8230;]<\/a><\/p>\n","protected":false},"author":1,"featured_media":0,"parent":0,"menu_order":0,"comment_status":"open","ping_status":"open","template":"bibliukaflar.php","meta":{"footnotes":""},"class_list":["post-22000","page","type-page","status-publish","hentry"],"_links":{"self":[{"href":"https:\/\/biblian.is\/videy\/wp-json\/wp\/v2\/pages\/22000","targetHints":{"allow":["GET"]}}],"collection":[{"href":"https:\/\/biblian.is\/videy\/wp-json\/wp\/v2\/pages"}],"about":[{"href":"https:\/\/biblian.is\/videy\/wp-json\/wp\/v2\/types\/page"}],"author":[{"embeddable":true,"href":"https:\/\/biblian.is\/videy\/wp-json\/wp\/v2\/users\/1"}],"replies":[{"embeddable":true,"href":"https:\/\/biblian.is\/videy\/wp-json\/wp\/v2\/comments?post=22000"}],"version-history":[{"count":0,"href":"https:\/\/biblian.is\/videy\/wp-json\/wp\/v2\/pages\/22000\/revisions"}],"wp:attachment":[{"href":"https:\/\/biblian.is\/videy\/wp-json\/wp\/v2\/media?parent=22000"}],"curies":[{"name":"wp","href":"https:\/\/api.w.org\/{rel}","templated":true}]}}