{"id":21999,"date":"2018-01-02T01:05:07","date_gmt":"2018-01-02T01:05:07","guid":{"rendered":"http:\/\/biblian.is\/videy\/jakobsbrefid-4-kafli\/"},"modified":"2018-01-02T01:05:07","modified_gmt":"2018-01-02T01:05:07","slug":"jakobsbrefid-4-kafli","status":"publish","type":"page","link":"https:\/\/biblian.is\/videy\/jakobsbrefid-4-kafli\/","title":{"rendered":"Jakobsbr\u00e9fi\u00f0 4. kafli"},"content":{"rendered":"<div class=\"fyrirsognVidey\">Postulinn varar vi\u00f0 deilum. R\u00e6\u00f0ur til l\u00edtill\u00e6tis og au\u00f0m\u00fdktar. Varar vi\u00f0 sj\u00e1lfbirgingsskap.<\/div>\n<p><a name=\"1\"><span class=\"versanumer\">1<\/span><\/a>Af hv\u00f6rju koma str\u00ed\u00f0 og bardagar \u00e1 me\u00f0al y\u00f0ar? af hv\u00f6rju \u00f6\u00f0ru en af y\u00f0ar girndum, sem str\u00ed\u00f0a \u00ed y\u00f0ar limum.<a name=\"2\"><span class=\"versanumer\">2<\/span><\/a>\u00de\u00e9r girnist og f\u00e1i\u00f0 ekki; \u00fe\u00e9r drepi\u00f0 og \u00f6fundi\u00f0 og geti\u00f0 \u00fe\u00f3 ekki \u00f6\u00f0last; \u00fe\u00e9r berjist og str\u00ed\u00f0i\u00f0 og f\u00e1i\u00f0 \u00fe\u00f3 ekki, af \u00fev\u00ed \u00fe\u00e9r bi\u00f0ji\u00f0 ekki.<a name=\"3\"><span class=\"versanumer\">3<\/span><\/a>\u00de\u00e9r bi\u00f0ji\u00f0 og \u00f6\u00f0list \u00fe\u00f3 ekki, af \u00fev\u00ed \u00fe\u00e9r bi\u00f0ji\u00f0 illa, til \u00feess a\u00f0 \u00fe\u00e9r geti\u00f0 s\u00f3a\u00f0 \u00fev\u00ed \u00ed y\u00f0ar b\u00edl\u00edfi.<a name=\"4\"><span class=\"versanumer\">4<\/span><\/a>\u00de\u00e9r h\u00f3rd\u00f3msmenn og h\u00f3rkonur! Viti\u00f0 \u00fe\u00e9r ekki, a\u00f0 vin\u00e1tta heimsins er \u00f3vin\u00e1tta Gu\u00f0s <span class='VideyAth'>d)<\/span>? \u00feess vegna, hv\u00f6r sem vill vera vinur heimsins, hann ver\u00f0ur \u00f3vinur Gu\u00f0s. <br \/><a name=\"5\"><span class=\"versanumer\">5<\/span><\/a>E\u00f0a haldi\u00f0 \u00fe\u00e9r, a\u00f0 Ritningin tali forgefins: mun s\u00e1 andi sem \u00ed oss b\u00fdr, lei\u00f0a til \u00f6fundar?<a name=\"6\"><span class=\"versanumer\">6<\/span><\/a>hann gefur meiri n\u00e1\u00f0 <span class='VideyAth'>e)<\/span>; \u00fev\u00ed stendur skrifa\u00f0: Gu\u00f0 m\u00f3tstendur drambl\u00e1tum, en l\u00edtill\u00e1tum gefur hann n\u00e1\u00f0.<a name=\"7\"><span class=\"versanumer\">7<\/span><\/a>Ver\u00f0i\u00f0 \u00fev\u00ed undirgefnir Gu\u00f0i, standi\u00f0 m\u00f3ti dj\u00f6flinum og \u00fe\u00e1 mun hann fl\u00fdja y\u00f0ur.<a name=\"8\"><span class=\"versanumer\">8<\/span><\/a>N\u00e1l\u00e6gi\u00f0 y\u00f0ur Gu\u00f0i og \u00fe\u00e1 mun hann n\u00e1l\u00e6gja sig y\u00f0ur. Hreinsi\u00f0 hendur y\u00f0ar, \u00fe\u00e9r syndarar! og gj\u00f6ri\u00f0 flekklaus y\u00f0ar hj\u00f6rtu, \u00fe\u00e9r tv\u00edlyndu!<a name=\"9\"><span class=\"versanumer\">9<\/span><\/a>Beri\u00f0 y\u00f0ur illa, syrgi\u00f0 og gr\u00e1ti\u00f0; y\u00f0ar hl\u00e1tur skal umbreytast \u00ed sorg og gle\u00f0in \u00ed hrygg\u00f0.<a name=\"10\"><span class=\"versanumer\">10<\/span><\/a>Au\u00f0m\u00fdki\u00f0 y\u00f0ur fyrir Drottni, \u00fe\u00e1 mun hann upphefja y\u00f0ur.<br \/><a name=\"11\"><span class=\"versanumer\">11<\/span><\/a>Tali\u00f0 ekki illa hv\u00f6r um annan, br\u00e6\u00f0ur m\u00ednir! s\u00e1, sem talar illa um br\u00f3\u00f0ur sinn og d\u00e6mir hann, talar illa um l\u00f6gm\u00e1li\u00f0 og d\u00e6mir \u00fea\u00f0 <span class='VideyAth'>a)<\/span>; en ef \u00fe\u00fa d\u00e6mir l\u00f6gm\u00e1li\u00f0, \u00fe\u00e1 ert\u00fa ekki l\u00f6gm\u00e1lsins gj\u00f6rari, heldur d\u00f3mari.<a name=\"12\"><span class=\"versanumer\">12<\/span><\/a>Einn er l\u00f6ggjafinn og d\u00f3marinn, s\u00e1 sem kann a\u00f0 frelsa og tort\u00fdna. En hv\u00f6r ert\u00fa, sem d\u00e6mir annan? <br \/><a name=\"13\"><span class=\"versanumer\">13<\/span><\/a>Heyri\u00f0, \u00fe\u00e9r sem segi\u00f0: \u00ed dag og \u00e1 morgun skulum v\u00e9r fara til \u00feessarar borgar, dvelja \u00fear eitt \u00e1r og kaupversla og gr\u00e6\u00f0a,<a name=\"14\"><span class=\"versanumer\">14<\/span><\/a><span class='VideyAth'>(sem \u00fe\u00f3 ekki viti\u00f0, hva\u00f0 \u00e1 morgun ske muni; \u00fev\u00ed hv\u00edl\u00edkt er y\u00f0vart l\u00edf? gufa, sem s\u00e9st um stund, en hverfur s\u00ed\u00f0an)<\/span>,<a name=\"15\"><span class=\"versanumer\">15<\/span><\/a>\u00ed sta\u00f0 \u00feess \u00fe\u00e9r \u00e6ttu\u00f0 a\u00f0 segja: ef Drottinn vill, og v\u00e9r lifum, \u00fe\u00e1 viljum v\u00e9r gj\u00f6ra \u00feetta e\u00f0a hitt.<a name=\"16\"><span class=\"versanumer\">16<\/span><\/a>En n\u00fa st\u00e6ri\u00f0 \u00fe\u00e9r y\u00f0ur \u00ed y\u00f0ar ofl\u00e1tungsskap; allt sl\u00edkt st\u00e6ril\u00e6ti er vont.<a name=\"17\"><span class=\"versanumer\">17<\/span><\/a>\u00dear fyrir, hv\u00f6r sem hefir vit \u00e1 gott a\u00f0 gj\u00f6ra, en gj\u00f6rir \u00fea\u00f0 ekki, honum er \u00fea\u00f0 synd.<\/p>\n<div class=\"footnoteVidey\">V. 1. R\u00f3m. 7,23. 1 P\u00e9t. 2,11.  V. 4. sbr. J\u00f3h. 15,19. d. \u00fe. e. ofmikil elska til ins jar\u00f0neska, dregur til a\u00f0 gj\u00f6ra \u00fea\u00f0 sem Gu\u00f0i misl\u00edkar.  V. 6. e. \u00fe. e. meiri fars\u00e6ld, en \u00fea\u00f0 getur gefi\u00f0, sem menn \u00f6funda a\u00f0ra af. Sbr. Job 22,29. S\u00e1lm. 138,6.  V. 7. Efes. 4,27. 6,12. fl.  V. 8. Esa. 1,16. 59,3.6.  V. 10. Job 22,29. L\u00fak. 14,11.  V. 11. 3 M\u00f3s.b. 19,16.18. sbr. Matt. 7,11 og R\u00f3m. 2,1. a. \u00fe. e. \u00e1l\u00edtur \u00fea\u00f0 marklaust, og sig ekki skuldbundinn a\u00f0 hl\u00fd\u00f0a \u00fev\u00ed.  V. 13. L\u00fak. 12,18.20.  V. 14. Or\u00f0skv.b. 27,1. Esa. 40,6. 1 Kor. 7,31.  V. 15. 1 Kor. 4,19.  V. 17. sbr. L\u00fak. 12,47.<\/div>\n","protected":false},"excerpt":{"rendered":"<p>Postulinn varar vi\u00f0 deilum. R\u00e6\u00f0ur til l\u00edtill\u00e6tis og au\u00f0m\u00fdktar. Varar vi\u00f0 sj\u00e1lfbirgingsskap. 1Af hv\u00f6rju koma str\u00ed\u00f0 og bardagar \u00e1 me\u00f0al y\u00f0ar? af hv\u00f6rju \u00f6\u00f0ru en af y\u00f0ar girndum, sem str\u00ed\u00f0a \u00ed y\u00f0ar limum.2\u00de\u00e9r girnist og f\u00e1i\u00f0 ekki; \u00fe\u00e9r drepi\u00f0 og \u00f6fundi\u00f0 og geti\u00f0 \u00fe\u00f3 ekki \u00f6\u00f0last; \u00fe\u00e9r berjist og str\u00ed\u00f0i\u00f0 og f\u00e1i\u00f0 \u00fe\u00f3 ekki, af \u00fev\u00ed \u00fe\u00e9r bi\u00f0ji\u00f0 ekki.3\u00de\u00e9r bi\u00f0ji\u00f0 og \u00f6\u00f0list \u00fe\u00f3 ekki, af \u00fev\u00ed \u00fe\u00e9r bi\u00f0ji\u00f0 illa, til \u00feess a\u00f0 \u00fe\u00e9r geti\u00f0 s\u00f3a\u00f0 \u00fev\u00ed \u00ed y\u00f0ar b\u00edl\u00edfi.4\u00de\u00e9r h\u00f3rd\u00f3msmenn og h\u00f3rkonur! Viti\u00f0 \u00fe\u00e9r ekki, a\u00f0 vin\u00e1tta heimsins er \u00f3vin\u00e1tta Gu\u00f0s d)? \u00feess vegna, hv\u00f6r sem vill vera vinur heimsins, <a href=\"https:\/\/biblian.is\/videy\/jakobsbrefid-4-kafli\/\"> [&#8230;]<\/a><\/p>\n","protected":false},"author":1,"featured_media":0,"parent":0,"menu_order":0,"comment_status":"open","ping_status":"open","template":"bibliukaflar.php","meta":{"footnotes":""},"class_list":["post-21999","page","type-page","status-publish","hentry"],"_links":{"self":[{"href":"https:\/\/biblian.is\/videy\/wp-json\/wp\/v2\/pages\/21999","targetHints":{"allow":["GET"]}}],"collection":[{"href":"https:\/\/biblian.is\/videy\/wp-json\/wp\/v2\/pages"}],"about":[{"href":"https:\/\/biblian.is\/videy\/wp-json\/wp\/v2\/types\/page"}],"author":[{"embeddable":true,"href":"https:\/\/biblian.is\/videy\/wp-json\/wp\/v2\/users\/1"}],"replies":[{"embeddable":true,"href":"https:\/\/biblian.is\/videy\/wp-json\/wp\/v2\/comments?post=21999"}],"version-history":[{"count":0,"href":"https:\/\/biblian.is\/videy\/wp-json\/wp\/v2\/pages\/21999\/revisions"}],"wp:attachment":[{"href":"https:\/\/biblian.is\/videy\/wp-json\/wp\/v2\/media?parent=21999"}],"curies":[{"name":"wp","href":"https:\/\/api.w.org\/{rel}","templated":true}]}}