{"id":21998,"date":"2018-01-02T01:05:07","date_gmt":"2018-01-02T01:05:07","guid":{"rendered":"http:\/\/biblian.is\/videy\/jakobsbrefid-3-kafli\/"},"modified":"2018-01-02T01:05:07","modified_gmt":"2018-01-02T01:05:07","slug":"jakobsbrefid-3-kafli","status":"publish","type":"page","link":"https:\/\/biblian.is\/videy\/jakobsbrefid-3-kafli\/","title":{"rendered":"Jakobsbr\u00e9fi\u00f0 3. kafli"},"content":{"rendered":"<div class=\"fyrirsognVidey\">Br\u00fakun tungunnar. V\u00edsd\u00f3mi l\u00fdst.<\/div>\n<p><a name=\"1\"><span class=\"versanumer\">1<\/span><\/a>Veri\u00f0 ekki, br\u00e6\u00f0ur m\u00ednir! margir kennife\u00f0ur, me\u00f0 \u00fev\u00ed \u00fe\u00e9r viti\u00f0 a\u00f0 v\u00e9r <span class='VideyAth'>(kennendurnir)<\/span> munum f\u00e1 \u00feyngri d\u00f3m;<a name=\"2\"><span class=\"versanumer\">2<\/span><\/a>\u00fev\u00ed allir hr\u00f6sum v\u00e9r margv\u00edslega. Ver\u00f0i einhv\u00f6rjum ekki \u00e1 \u00ed or\u00f0i, \u00fe\u00e1 er hann ma\u00f0ur fullkominn, f\u00e6r um a\u00f0 st\u00fdra \u00f6llum s\u00ednum l\u00edkama.<a name=\"3\"><span class=\"versanumer\">3<\/span><\/a>Sj\u00e1i\u00f0! v\u00e9r leggjum beisli hestum \u00ed munn, svo \u00feeir hl\u00fd\u00f0i oss og v\u00e9r getum sveigt allan \u00feeirra l\u00edkama.<a name=\"4\"><span class=\"versanumer\">4<\/span><\/a>L\u00edti\u00f0 og til skipanna, hv\u00f6rsu st\u00f3r sem \u00feau eru og \u00fe\u00f3 \u00feau rekist af h\u00f6r\u00f0um ve\u00f0rum, ver\u00f0ur \u00feeim samt st\u00fdrt me\u00f0 harla litlu st\u00fdri hv\u00f6rt sem st\u00fdrima\u00f0urinn vill.<a name=\"5\"><span class=\"versanumer\">5<\/span><\/a>\u00deannig er tungan l\u00edtill limur, en r\u00e6\u00f0st \u00fe\u00f3 \u00ed miki\u00f0. Sj\u00e1! \u00ed hv\u00f6rsu miklum sk\u00f3gi l\u00edtill neisti getur kveikt.<a name=\"6\"><span class=\"versanumer\">6<\/span><\/a>Tungan er og eldur, heimur fullur rangl\u00e6tis. Svo er tungan sett me\u00f0al vorra lima, a\u00f0 h\u00fan flekkar <span class='VideyAth'>a)<\/span> allan l\u00edkamann og upptendrar allt l\u00edfi\u00f0 <span class='VideyAth'>b)<\/span>, sj\u00e1lf upptendru\u00f0 af helv\u00edti;<a name=\"7\"><span class=\"versanumer\">7<\/span><\/a>\u00fev\u00ed allar tegundir d\u00fdra og fugla, b\u00e6\u00f0i skri\u00f0kvikinda og sj\u00f3d\u00fdra, temjast og hafa veri\u00f0 tamin af kyni manna,<a name=\"8\"><span class=\"versanumer\">8<\/span><\/a>en tunguna getur enginn manna tami\u00f0, \u00feessa \u00f3hemju, sem full er me\u00f0 banv\u00e6nt eitur.<a name=\"9\"><span class=\"versanumer\">9<\/span><\/a>Me\u00f0 henni vegs\u00f6mum v\u00e9r Gu\u00f0 og F\u00f6\u00f0urinn og me\u00f0 henni form\u00e6lum v\u00e9r m\u00f6nnunum, sem skapa\u00f0ir eru eftir Gu\u00f0s mynd.<a name=\"10\"><span class=\"versanumer\">10<\/span><\/a>Af \u00feeim sama munni framgengur blessan og b\u00f6lvan; \u00feetta m\u00e1 ekki svo vera, br\u00e6\u00f0ur m\u00ednir!<a name=\"11\"><span class=\"versanumer\">11<\/span><\/a>Hv\u00f6rt mun s\u00e6tt og beiskt vatn geta sprotti\u00f0 upp af sama uppsprettuauga nokkurrar lindar?<a name=\"12\"><span class=\"versanumer\">12<\/span><\/a>Mun f\u00edkjutr\u00e9\u00f0, br\u00e6\u00f0ur m\u00ednir, geta af s\u00e9r gefi\u00f0 vi\u00f0smj\u00f6rs\u00e1v\u00f6xt e\u00f0a v\u00edntr\u00e9\u00f0 f\u00edkjur? \u00deannig kann eigi heldur saltur brunnur geta af s\u00e9r f\u00e6tt vatn.<br \/><a name=\"13\"><span class=\"versanumer\">13<\/span><\/a>S\u00e9 nokkur vitur og hygginn y\u00f0ar \u00e1 me\u00f0al, hann l\u00e1ti me\u00f0 g\u00f3\u00f0ri umgengni verk s\u00edn l\u00fdsa h\u00f3gl\u00e1tri speki.<a name=\"14\"><span class=\"versanumer\">14<\/span><\/a>En ef \u00fe\u00e9r hafi\u00f0 beiska \u00f6fund og \u00e1reitni \u00ed y\u00f0ar hjarta, \u00fe\u00e1 st\u00e6ri\u00f0 y\u00f0ur ekki og lj\u00fagi\u00f0 ekki gegn sannleikanum.<a name=\"15\"><span class=\"versanumer\">15<\/span><\/a>\u00dev\u00edl\u00edk speki kemur ekki ofan a\u00f0, heldur er h\u00fan jar\u00f0nesk, holdleg, dj\u00f6fulleg.<a name=\"16\"><span class=\"versanumer\">16<\/span><\/a>\u00dev\u00ed hvar, sem \u00f6fund og \u00e1reitni er, \u00fear er sundur\u00feykkja og \u00f6ll vond h\u00e1ttsemi.<a name=\"17\"><span class=\"versanumer\">17<\/span><\/a>En s\u00fa speki sem ofan a\u00f0 er, h\u00fan er fyrst f\u00f6lskvalaus, \u00fearn\u00e6st fri\u00f0s\u00f6m, sanns\u00fdn, full miskunnar og g\u00f3\u00f0ra \u00e1vaxta, fer ekki \u00ed manngreinarmun, er hr\u00e6snislaus.<a name=\"18\"><span class=\"versanumer\">18<\/span><\/a>En r\u00e9ttl\u00e6tisins \u00e1v\u00f6xtur ver\u00f0ur \u00feeim \u00ed fri\u00f0i s\u00e1\u00f0ur, sem fri\u00f0inn stundar <span class='VideyAth'>c)<\/span>.<\/p>\n<div class=\"footnoteVidey\">V. 2. Or\u00f0skv.b. 20,9. S\u00e1lm. 34,14. 1 P\u00e9t. 3,10.  V. 3. S\u00e1lm. 32,9. Esek. 38,4.  V. 5. sbr. S\u00e1lm. 12,4.5. 57,5.  V. 6. sbr. Matt. 15,11.18. a. \u00fe. e. \u00feegar illa br\u00fakast. b. \u00fe. e. ey\u00f0ileggur l\u00edfsins gle\u00f0i.  V. 8. Matt. 12,34.  V. 12. Matt. 7,16.  V. 13. Efes. 5,15.  V. 14. Efes. 4,31. 1 J\u00f3h. 4,20.  V. 15. 1 Kor. 2,6.7.  V. 16. Gal. 5,20.  V. 18. Esa. 32,17. c. \u00fe. e. \u00feeim er fri\u00f0ur b\u00fainn, sem leggja kapp \u00e1 fri\u00f0semi.<\/div>\n","protected":false},"excerpt":{"rendered":"<p>Br\u00fakun tungunnar. V\u00edsd\u00f3mi l\u00fdst. 1Veri\u00f0 ekki, br\u00e6\u00f0ur m\u00ednir! margir kennife\u00f0ur, me\u00f0 \u00fev\u00ed \u00fe\u00e9r viti\u00f0 a\u00f0 v\u00e9r (kennendurnir) munum f\u00e1 \u00feyngri d\u00f3m;2\u00fev\u00ed allir hr\u00f6sum v\u00e9r margv\u00edslega. Ver\u00f0i einhv\u00f6rjum ekki \u00e1 \u00ed or\u00f0i, \u00fe\u00e1 er hann ma\u00f0ur fullkominn, f\u00e6r um a\u00f0 st\u00fdra \u00f6llum s\u00ednum l\u00edkama.3Sj\u00e1i\u00f0! v\u00e9r leggjum beisli hestum \u00ed munn, svo \u00feeir hl\u00fd\u00f0i oss og v\u00e9r getum sveigt allan \u00feeirra l\u00edkama.4L\u00edti\u00f0 og til skipanna, hv\u00f6rsu st\u00f3r sem \u00feau eru og \u00fe\u00f3 \u00feau rekist af h\u00f6r\u00f0um ve\u00f0rum, ver\u00f0ur \u00feeim samt st\u00fdrt me\u00f0 harla litlu st\u00fdri hv\u00f6rt sem st\u00fdrima\u00f0urinn vill.5\u00deannig er tungan l\u00edtill limur, en r\u00e6\u00f0st \u00fe\u00f3 \u00ed miki\u00f0. Sj\u00e1! \u00ed hv\u00f6rsu miklum <a href=\"https:\/\/biblian.is\/videy\/jakobsbrefid-3-kafli\/\"> [&#8230;]<\/a><\/p>\n","protected":false},"author":1,"featured_media":0,"parent":0,"menu_order":0,"comment_status":"open","ping_status":"open","template":"bibliukaflar.php","meta":{"footnotes":""},"class_list":["post-21998","page","type-page","status-publish","hentry"],"_links":{"self":[{"href":"https:\/\/biblian.is\/videy\/wp-json\/wp\/v2\/pages\/21998","targetHints":{"allow":["GET"]}}],"collection":[{"href":"https:\/\/biblian.is\/videy\/wp-json\/wp\/v2\/pages"}],"about":[{"href":"https:\/\/biblian.is\/videy\/wp-json\/wp\/v2\/types\/page"}],"author":[{"embeddable":true,"href":"https:\/\/biblian.is\/videy\/wp-json\/wp\/v2\/users\/1"}],"replies":[{"embeddable":true,"href":"https:\/\/biblian.is\/videy\/wp-json\/wp\/v2\/comments?post=21998"}],"version-history":[{"count":0,"href":"https:\/\/biblian.is\/videy\/wp-json\/wp\/v2\/pages\/21998\/revisions"}],"wp:attachment":[{"href":"https:\/\/biblian.is\/videy\/wp-json\/wp\/v2\/media?parent=21998"}],"curies":[{"name":"wp","href":"https:\/\/api.w.org\/{rel}","templated":true}]}}