{"id":21996,"date":"2018-01-02T01:05:07","date_gmt":"2018-01-02T01:05:07","guid":{"rendered":"http:\/\/biblian.is\/videy\/jakobsbrefid-1-kafli\/"},"modified":"2018-01-02T01:05:07","modified_gmt":"2018-01-02T01:05:07","slug":"jakobsbrefid-1-kafli","status":"publish","type":"page","link":"https:\/\/biblian.is\/videy\/jakobsbrefid-1-kafli\/","title":{"rendered":"Jakobsbr\u00e9fi\u00f0 1. kafli"},"content":{"rendered":"<div class=\"fyrirsognVidey\">Heilsan og upp\u00f6rvan. F\u00e1t\u00e6kir og ofs\u00f3ttir kallast s\u00e6lir. Ors\u00f6k til freistinga. \u00c1minningar.<\/div>\n<p><a name=\"1\"><span class=\"versanumer\">1<\/span><\/a>Jakob, Gu\u00f0s og Drottins Jes\u00fa Krists \u00fej\u00f3n, heilsar \u00feeim 12 kynkv\u00edslum, sem \u00e1 sundrungi b\u00faa <span class='VideyAth'>a)<\/span>. <br \/><a name=\"2\"><span class=\"versanumer\">2<\/span><\/a>\u00c1l\u00edti\u00f0 \u00fea\u00f0 mesta fagna\u00f0arefni, br\u00e6\u00f0ur m\u00ednir! \u00feegar \u00fe\u00e9r rati\u00f0 \u00ed \u00fdmislegar raunir,<a name=\"3\"><span class=\"versanumer\">3<\/span><\/a>\u00fev\u00ed reynsla y\u00f0ar tr\u00faar verkar st\u00f6\u00f0uglyndi.<a name=\"4\"><span class=\"versanumer\">4<\/span><\/a>En st\u00f6\u00f0uglyndi\u00f0 \u00e1 a\u00f0 fullkomna verki\u00f0, svo a\u00f0 \u00fe\u00e9r s\u00e9u\u00f0 fullkomnir og algj\u00f6r\u00f0ir og \u00ed engu brest hafi\u00f0.<a name=\"5\"><span class=\"versanumer\">5<\/span><\/a>En vanti einhv\u00f6rn y\u00f0ar visku, s\u00e1 bi\u00f0ji \u00feann, sem gefur \u00f6llum eftirt\u00f6lulaust og \u00e1n brigslyr\u00f0a og mun h\u00fan honum gefast.<a name=\"6\"><span class=\"versanumer\">6<\/span><\/a>En hann bi\u00f0ji me\u00f0 tr\u00fana\u00f0artrausti og efist ekki; \u00fev\u00ed s\u00e1, sem er efablandinn, hann er l\u00edkur hafsins bylgjum upp\u00e6stum og hr\u00f6ktum af vindi.<a name=\"7\"><span class=\"versanumer\">7<\/span><\/a>\u00dev\u00edl\u00edkur ma\u00f0ur hugsi ekki a\u00f0 hann f\u00e1i nokku\u00f0 hj\u00e1 Drottni.<a name=\"8\"><span class=\"versanumer\">8<\/span><\/a>Hann, er ma\u00f0ur tv\u00edlyndur, \u00f3st\u00f6\u00f0ugur \u00ed \u00f6llu s\u00ednu r\u00e1\u00f0lagi.<br \/><a name=\"9\"><span class=\"versanumer\">9<\/span><\/a>S\u00e1 l\u00edtilm\u00f3tlegi br\u00f3\u00f0ir hr\u00f3si s\u00e9r \u00ed sinni upphef\u00f0 <span class='VideyAth'>a)<\/span>, en s\u00e1 r\u00edki \u00ed sinni l\u00e6gingu <span class='VideyAth'>b)<\/span>;<a name=\"10\"><span class=\"versanumer\">10<\/span><\/a>\u00fev\u00ed eins og grassins bl\u00f3m mun hann hverfa;<a name=\"11\"><span class=\"versanumer\">11<\/span><\/a>\u00fev\u00ed \u00fe\u00e1 s\u00f3lin h\u00e6kkar me\u00f0 steikjandi hita, skr\u00e6lnar grasi\u00f0 og \u00feess bl\u00f3m dettur af og fegur\u00f0 \u00feess \u00fatlits tort\u00fdnist; \u00feannig mun hinn r\u00edki visna \u00e1 s\u00ednum vegum.<a name=\"12\"><span class=\"versanumer\">12<\/span><\/a>S\u00e6ll er s\u00e1 ma\u00f0ur, sem stenst reynsluna, \u00fev\u00ed \u00feegar b\u00fai\u00f0 er a\u00f0 reyna hann mun hann me\u00f0taka k\u00f3r\u00f3nu l\u00edfsins, sem Gu\u00f0 hefir \u00feeim heiti\u00f0, er hann elska. <br \/><a name=\"13\"><span class=\"versanumer\">13<\/span><\/a>Enginn, sem freistast, segi: eg freistast af Gu\u00f0i, \u00fev\u00ed Gu\u00f0 freistast ekki af hinu illa, en hann sj\u00e1lfur freistar og einkis;<a name=\"14\"><span class=\"versanumer\">14<\/span><\/a>heldur freistast s\u00e9rhv\u00f6r dreginn og veiddur af sinni eigin girnd;<a name=\"15\"><span class=\"versanumer\">15<\/span><\/a>s\u00ed\u00f0an, \u00fear \u00e1 eftir \u00fe\u00e1 girndin hefir fengi\u00f0 getna\u00f0, f\u00e6\u00f0ir h\u00fan syndina, en \u00fe\u00e1 syndin er full\u00ferosku\u00f0, f\u00e6\u00f0ir h\u00fan dau\u00f0a.<a name=\"16\"><span class=\"versanumer\">16<\/span><\/a>Villist ekki, m\u00ednir elskulegu br\u00e6\u00f0ur!<a name=\"17\"><span class=\"versanumer\">17<\/span><\/a>\u00f6ll g\u00f3\u00f0 og \u00f6ll fullkomin gj\u00f6f er ofan a\u00f0 og kemur ni\u00f0ur fr\u00e1 F\u00f6\u00f0ur lj\u00f3sanna, hj\u00e1 hv\u00f6rjum hv\u00f6rki er umbreyting n\u00e9 umskiptingarskuggi.<a name=\"18\"><span class=\"versanumer\">18<\/span><\/a>Eftir s\u00ednu r\u00e1\u00f0i f\u00e6ddi hann oss <span class='VideyAth'>c)<\/span> me\u00f0 sannleikans or\u00f0i, a\u00f0 v\u00e9r skyldum vera frumgr\u00f3\u00f0i hans skepna <span class='VideyAth'>d)<\/span>. <br \/><a name=\"19\"><span class=\"versanumer\">19<\/span><\/a>\u00dear fyrir, br\u00e6\u00f0ur m\u00ednir elskulegir! s\u00e9 hv\u00f6r ma\u00f0ur f\u00fas til a\u00f0 l\u00e6ra, seinn til a\u00f0 kenna, seinn til rei\u00f0i,<a name=\"20\"><span class=\"versanumer\">20<\/span><\/a>\u00fev\u00ed mannsins rei\u00f0i vinnur ekki \u00fea\u00f0, sem r\u00e9tt er fyrir Gu\u00f0i.<a name=\"21\"><span class=\"versanumer\">21<\/span><\/a>Afleggi\u00f0 \u00fev\u00ed allan hro\u00f0askap og gn\u00e6g\u00f0 illskunnar og me\u00f0taki\u00f0 or\u00f0i\u00f0 me\u00f0 h\u00f3gv\u00e6r\u00f0, sem \u00ed y\u00f0ur er gr\u00f3\u00f0ursett, \u00fea\u00f0 sem kr\u00f6ftugt er til a\u00f0 frelsa y\u00f0ar s\u00e1lir.<a name=\"22\"><span class=\"versanumer\">22<\/span><\/a>En ver\u00f0i\u00f0 or\u00f0sins gj\u00f6rendur og ekki einungis heyrendur, hvar me\u00f0 \u00fe\u00e9r sv\u00edki\u00f0 y\u00f0ur sj\u00e1lfa.<a name=\"23\"><span class=\"versanumer\">23<\/span><\/a>\u00dev\u00ed, s\u00e9 einhv\u00f6r or\u00f0sins heyrandi og ekki gj\u00f6rari, s\u00e1 er l\u00edkur \u00feeim manni sem sko\u00f0ar sinn me\u00f0f\u00e6dda andlitsskapna\u00f0 \u00ed spegli:<a name=\"24\"><span class=\"versanumer\">24<\/span><\/a>hann sko\u00f0a\u00f0i sig a\u00f0 s\u00f6nnu, en \u00fe\u00e1 hann var burtgenginn gleymdi hann hv\u00edl\u00edkur hann var.<a name=\"25\"><span class=\"versanumer\">25<\/span><\/a>En s\u00e1, sem skyggnist inn \u00ed hi\u00f0 fullkomna frelsisl\u00f6gm\u00e1l og heldur s\u00e9r f\u00f6stum \u00fear vi\u00f0, er ekki gleyminn heyrari heldur gj\u00f6rningsins gj\u00f6rari, hans breytni mun gj\u00f6ra hann s\u00e6lan.<a name=\"26\"><span class=\"versanumer\">26<\/span><\/a>\u00deykist einhv\u00f6r y\u00f0ar \u00e1 me\u00f0al gu\u00f0r\u00e6kinn og heldur ekki sinni tungu \u00ed taumi en t\u00e6lir sitt eigi\u00f0 hjarta, hans gu\u00f0r\u00e6kni er f\u00e1n\u00fdt.<a name=\"27\"><span class=\"versanumer\">27<\/span><\/a>Hrein og \u00f3flekku\u00f0 gu\u00f0sd\u00fdrkan fyrir Gu\u00f0i og F\u00f6\u00f0ur er s\u00fa: a\u00f0 vitja muna\u00f0arlausra og ekkna \u00ed \u00feeirra \u00ferengingu og a\u00f0 var\u00f0veita sj\u00e1lfan sig flekklausan fr\u00e1 heiminum.<\/p>\n<div class=\"footnoteVidey\">V. 1. a. \u00fe. e. b\u00faa me\u00f0al hei\u00f0inna manna utan Gy\u00f0ingalands. J\u00f3h. 7,35.  V. 3. R\u00f3m. 5,3.  V. 5. Or\u00f0sk.b. 2,3\u20135.  V. 6. J\u00f3h. 14,13.  V. 9. a. \u00fe. e. af \u00fev\u00ed a\u00f0 hann er or\u00f0inn kristinn. b. \u00fe. e. af \u00fev\u00ed a\u00f0 hann er kominn til \u00feekkingar \u00e1, a\u00f0 au\u00f0ur og veldi \u00e1g\u00e6tir ekki manninn.  V. 10. Esa. 40,6\u20138.  V. 17. J\u00f3h. 3,27.  V. 18. 1 P\u00e9t. 1,23. c. \u00fe. e. gj\u00f6r\u00f0i a\u00f0 \u00f6\u00f0rum og betri m\u00f6nnum. d. sbr. R\u00f3m. 8,23. Jer. 2,3.  V. 19. Or\u00f0skv.b. 5,1.2. 17,27.  V. 21. R\u00f3m. 13,12. 1,16.  V. 22. Matt. 7,21.24.  V. 26. S\u00e1lm. 34,14.<\/div>\n","protected":false},"excerpt":{"rendered":"<p>Heilsan og upp\u00f6rvan. F\u00e1t\u00e6kir og ofs\u00f3ttir kallast s\u00e6lir. Ors\u00f6k til freistinga. \u00c1minningar. 1Jakob, Gu\u00f0s og Drottins Jes\u00fa Krists \u00fej\u00f3n, heilsar \u00feeim 12 kynkv\u00edslum, sem \u00e1 sundrungi b\u00faa a). 2\u00c1l\u00edti\u00f0 \u00fea\u00f0 mesta fagna\u00f0arefni, br\u00e6\u00f0ur m\u00ednir! \u00feegar \u00fe\u00e9r rati\u00f0 \u00ed \u00fdmislegar raunir,3\u00fev\u00ed reynsla y\u00f0ar tr\u00faar verkar st\u00f6\u00f0uglyndi.4En st\u00f6\u00f0uglyndi\u00f0 \u00e1 a\u00f0 fullkomna verki\u00f0, svo a\u00f0 \u00fe\u00e9r s\u00e9u\u00f0 fullkomnir og algj\u00f6r\u00f0ir og \u00ed engu brest hafi\u00f0.5En vanti einhv\u00f6rn y\u00f0ar visku, s\u00e1 bi\u00f0ji \u00feann, sem gefur \u00f6llum eftirt\u00f6lulaust og \u00e1n brigslyr\u00f0a og mun h\u00fan honum gefast.6En hann bi\u00f0ji me\u00f0 tr\u00fana\u00f0artrausti og efist ekki; \u00fev\u00ed s\u00e1, sem er efablandinn, hann er l\u00edkur hafsins bylgjum upp\u00e6stum og <a href=\"https:\/\/biblian.is\/videy\/jakobsbrefid-1-kafli\/\"> [&#8230;]<\/a><\/p>\n","protected":false},"author":1,"featured_media":0,"parent":0,"menu_order":0,"comment_status":"open","ping_status":"open","template":"bibliukaflar.php","meta":{"footnotes":""},"class_list":["post-21996","page","type-page","status-publish","hentry"],"_links":{"self":[{"href":"https:\/\/biblian.is\/videy\/wp-json\/wp\/v2\/pages\/21996","targetHints":{"allow":["GET"]}}],"collection":[{"href":"https:\/\/biblian.is\/videy\/wp-json\/wp\/v2\/pages"}],"about":[{"href":"https:\/\/biblian.is\/videy\/wp-json\/wp\/v2\/types\/page"}],"author":[{"embeddable":true,"href":"https:\/\/biblian.is\/videy\/wp-json\/wp\/v2\/users\/1"}],"replies":[{"embeddable":true,"href":"https:\/\/biblian.is\/videy\/wp-json\/wp\/v2\/comments?post=21996"}],"version-history":[{"count":0,"href":"https:\/\/biblian.is\/videy\/wp-json\/wp\/v2\/pages\/21996\/revisions"}],"wp:attachment":[{"href":"https:\/\/biblian.is\/videy\/wp-json\/wp\/v2\/media?parent=21996"}],"curies":[{"name":"wp","href":"https:\/\/api.w.org\/{rel}","templated":true}]}}