{"id":21995,"date":"2018-01-02T01:05:07","date_gmt":"2018-01-02T01:05:07","guid":{"rendered":"http:\/\/biblian.is\/videy\/hebreabrefid-13-kafli\/"},"modified":"2018-01-02T01:05:07","modified_gmt":"2018-01-02T01:05:07","slug":"hebreabrefid-13-kafli","status":"publish","type":"page","link":"https:\/\/biblian.is\/videy\/hebreabrefid-13-kafli\/","title":{"rendered":"Hebreabr\u00e9fi\u00f0 13. kafli"},"content":{"rendered":"<div class=\"fyrirsognVidey\">\u00ddmislegar upphvatningar, sem endast me\u00f0 \u00feeim tilm\u00e6lum: a\u00f0 s\u00f6fnu\u00f0urinn vilji bi\u00f0ja fyrir h\u00f6fundinum. Fyrirb\u00e6nir. Sagt fr\u00e1 T\u00edm\u00f3teusar lausn; heilsa\u00f0 og be\u00f0i\u00f0 a\u00f0 heilsa; \u00e1rna\u00f0 g\u00f3\u00f0s.<\/div>\n<p><a name=\"1\"><span class=\"versanumer\">1<\/span><\/a>Haldi\u00f0 st\u00f6\u00f0ugum br\u00f3\u00f0urk\u00e6rleika.<a name=\"2\"><span class=\"versanumer\">2<\/span><\/a>Gleymi\u00f0 ekki gestrisninni, \u00fev\u00ed vegna hennar hafa nokkrir s\u00e9r \u00f3afvitandi h\u00fdst englana.<a name=\"3\"><span class=\"versanumer\">3<\/span><\/a>Minnist bandingjanna, sem v\u00e6ru \u00fe\u00e9r \u00feeirra sambandingjar og \u00feeirra, er illt l\u00ed\u00f0a, svo sem \u00feeir, er sj\u00e1lfir b\u00faa \u00ed l\u00edkama \u00feessum.<a name=\"4\"><span class=\"versanumer\">4<\/span><\/a>Hj\u00faskapurinn skal hei\u00f0urlegur haldinn vera hj\u00e1 \u00f6llum og hj\u00f3nas\u00e6ngin \u00f3flekku\u00f0, \u00fev\u00ed frillul\u00edfismenn og h\u00f3rkarla mun Gu\u00f0 straffa.<a name=\"5\"><span class=\"versanumer\">5<\/span><\/a>S\u00fdni\u00f0 enga f\u00e9girni \u00ed y\u00f0ar heg\u00f0un, heldur skal l\u00e1ti\u00f0 y\u00f0ur n\u00e6gjast \u00fea\u00f0 \u00fe\u00e9r hafi\u00f0, \u00fev\u00ed Gu\u00f0 sj\u00e1lfur hefir sagt: eg skal ekki sleppa \u00fe\u00e9r n\u00e9 yfirgefa \u00feig,<a name=\"6\"><span class=\"versanumer\">6<\/span><\/a>svo v\u00e9r megum \u00f6ruggir segja: Drottinn er minn hj\u00e1lpari og \u00fev\u00ed skal eg ekki \u00f3ttast, hva\u00f0 geta mennirnir gj\u00f6rt m\u00e9r?<a name=\"7\"><span class=\"versanumer\">7<\/span><\/a>Veri\u00f0 minnugir y\u00f0ar l\u00e6rife\u00f0ra, sem Gu\u00f0s or\u00f0 hafa til y\u00f0ar tala\u00f0, sko\u00f0i\u00f0 \u00feeirra l\u00edfsafdrif og breyti\u00f0 eftir \u00feeirra tr\u00faarst\u00f6\u00f0uglyndi.<a name=\"8\"><span class=\"versanumer\">8<\/span><\/a>Jes\u00fas Kristur er \u00ed dag og \u00e1 morgun og a\u00f0 eil\u00edfu einn og hinn sami.<a name=\"9\"><span class=\"versanumer\">9<\/span><\/a>L\u00e1ti\u00f0 y\u00f0ur ekki afvegalei\u00f0a af \u00fdmislegum og annarlegum l\u00e6rd\u00f3mum, \u00fev\u00ed \u00fea\u00f0 er gott a\u00f0 styrkja hjarta sitt vi\u00f0 Krists n\u00e1\u00f0arl\u00e6rd\u00f3m, en ekki vi\u00f0 nautnarreglur Gy\u00f0inga, sem ekkert sto\u00f0a \u00fe\u00e1, sem eftir \u00feeim ganga.<a name=\"10\"><span class=\"versanumer\">10<\/span><\/a>V\u00e9r h\u00f6fum eitt altari, af hv\u00f6rs f\u00f3rnum \u00feeir ekki hafa r\u00e9tt a\u00f0 eta, er tjaldb\u00fa\u00f0inni \u00fej\u00f3na.<a name=\"11\"><span class=\"versanumer\">11<\/span><\/a>\u00dev\u00ed bl\u00f3\u00f0 \u00feeirra d\u00fdra, sem til syndahreinsunar er af enum ypparsta presti bori\u00f0 inn \u00ed \u00fea\u00f0 heilaga, \u00feeirra hr\u00e6 eru brennd fyrir utan herb\u00fa\u00f0irnar.<a name=\"12\"><span class=\"versanumer\">12<\/span><\/a>\u00deess vegna lei\u00f0 Jes\u00fas utan borgarhli\u00f0a, a\u00f0 hann helga\u00f0i l\u00fd\u00f0inn me\u00f0 s\u00ednu bl\u00f3\u00f0i.<a name=\"13\"><span class=\"versanumer\">13<\/span><\/a>G\u00f6ngum \u00fev\u00ed til hans \u00fat fyrir herb\u00fa\u00f0irnar, berandi hans vanvir\u00f0u;<a name=\"14\"><span class=\"versanumer\">14<\/span><\/a>\u00fev\u00ed v\u00e9r h\u00f6fum h\u00e9r ekki varanlegan samasta\u00f0, heldur leitum v\u00e9r annars tilkomanda.<a name=\"15\"><span class=\"versanumer\">15<\/span><\/a>L\u00e1tum oss \u00fev\u00ed \u00e6t\u00ed\u00f0 fyrir hans flutning frambera fyrir Gu\u00f0s lofgj\u00f6r\u00f0aroffur, \u00fea\u00f0 er: \u00e1v\u00f6xt vara vorra, er vi\u00f0urkenna hans nafn.<a name=\"16\"><span class=\"versanumer\">16<\/span><\/a>Gleymi\u00f0 ekki velgj\u00f6r\u00f0aseminni og grei\u00f0vikninni, \u00fev\u00ed sl\u00edkar f\u00f3rnir eru Gu\u00f0i \u00feakkn\u00e6milegar.<a name=\"17\"><span class=\"versanumer\">17<\/span><\/a>Hl\u00fd\u00f0i\u00f0 y\u00f0rum kennife\u00f0rum og veri\u00f0 \u00feeim eftirl\u00e1tir, \u00fev\u00ed \u00feeir vaka yfir y\u00f0ar s\u00e1lum, svo sem \u00feeir, er reikningskap standa skulu, svo \u00feeir gj\u00f6ri \u00fea\u00f0 me\u00f0 gle\u00f0i, en ekki me\u00f0 andv\u00f6rpum, \u00fev\u00ed \u00fe\u00e9r hafi\u00f0 ekki gott af \u00fev\u00ed.<a name=\"18\"><span class=\"versanumer\">18<\/span><\/a>Bi\u00f0ji\u00f0 fyrir oss, \u00fev\u00ed v\u00e9r erum oss \u00feess fullkomlega me\u00f0vitandi, a\u00f0 v\u00e9r h\u00f6fum g\u00f3\u00f0a samvisku og viljum breyta vel \u00ed \u00f6llum greinum.<a name=\"19\"><span class=\"versanumer\">19<\/span><\/a>En \u00fev\u00ed heldur bi\u00f0 eg y\u00f0ur \u00feessa, a\u00f0 eg \u00feess fyrr geti skilast vi\u00f0 y\u00f0ur aftur.<br \/><a name=\"20\"><span class=\"versanumer\">20<\/span><\/a>En Gu\u00f0 fri\u00f0arins, er uppvakti af dau\u00f0a Drottin vorn Jes\u00fam Krist hinn mikla hir\u00f0ir sau\u00f0anna fyrir bl\u00f3\u00f0 \u00feess eil\u00edfa s\u00e1ttm\u00e1la,<a name=\"21\"><span class=\"versanumer\">21<\/span><\/a>hann fullkomni y\u00f0ur \u00ed \u00f6llu g\u00f3\u00f0u verki, til a\u00f0 gj\u00f6ra hans vilja, hann, sem fyrir Jes\u00fam Krist \u00ed y\u00f0ur verkar, \u00fea\u00f0 honum er \u00fe\u00f3knanlegt; honum s\u00e9 d\u00fdr\u00f0 um aldir alda, Amen! <br \/><a name=\"22\"><span class=\"versanumer\">22<\/span><\/a>Eg bi\u00f0 y\u00f0ur, br\u00e6\u00f0ur! a\u00f0 \u00fe\u00e9r l\u00e1ti\u00f0 y\u00f0ur ekki m\u00ednar upphvatningar lei\u00f0ast, \u00fev\u00ed f\u00e1ort skrifa\u00f0i eg y\u00f0ur.<a name=\"23\"><span class=\"versanumer\">23<\/span><\/a>Eg l\u00e6t y\u00f0ur vita, a\u00f0 br\u00f3\u00f0ir vor T\u00edm\u00f3teus hefir fengi\u00f0 lausn, \u00e1samt me\u00f0 hv\u00f6rjum eg \u00e6tla a\u00f0 sj\u00e1 y\u00f0ur, komi hann br\u00e1\u00f0um.<a name=\"24\"><span class=\"versanumer\">24<\/span><\/a>Heilsi\u00f0 \u00f6llum y\u00f0ar lei\u00f0togum og \u00f6llum heil\u00f6gum.<a name=\"25\"><span class=\"versanumer\">25<\/span><\/a>\u00deeir fr\u00e1 \u00cdtal\u00edu heilsa y\u00f0ur. N\u00e1\u00f0 s\u00e9 me\u00f0 \u00f6llum y\u00f0ur, Amen!<\/p>\n<div class=\"footnoteVidey\">V. 1. R\u00f3m. 12,10. 1 P\u00e9t. 1,22.  V. 2. R\u00f3m. 12,13. 1 P\u00e9t. 4,9. 1 M\u00f3s. b. 18,3. 19,2.3.  V. 3. Matt. 25,36. R\u00f3m. 12,15. K\u00f3l. 4,18.  V. 4. 1 Kor. 6,9.10.  V. 5. 5 M\u00f3s. b. 16,9. 1 T\u00edm. 6,9.10. Or\u00f0skv. b. 15,16. Matt. 6,25.34. Fil. 4,11. 1 T\u00edm. 6,6. 5 M\u00f3s. 31,6.8. J\u00f3s. 1,5.  V. 6. S\u00e1lm. 56,5.12.  V. 7. v. 17. 1 Kor. 4,16. 11,1.  V. 8. S\u00e1lm. 2,9. Opinb. b. 1,18. V. 9. Jer. 29,8. Matt. 24,4. R\u00f3m. 16,17. Ef. 4,14. 5,6. fl. J\u00f3h. 6,27. R\u00f3m. 14,17.  V. 11. 3 M\u00f3s. b. 4,5.12.21. 2 M\u00f3s. b. 29,14.  V. 12. J\u00f3h. 19,17.  V. 14. S\u00e1lm. 39,13. Mikk. 2,10. Fil. 3,20. 1 P\u00e9t. 2,11. fl.  V. 15. 3 M\u00f3s. b. 7,12. S\u00e1lm. 50,23. 51,19. 1 P\u00e9t. 2,5. Opinb. b. 1,6.  V. 16. 2 Kor. 9,12. Fil. 4,18.  V. 17. Fil. 2,29. 1 Tess. 5,12. 1 P\u00e9t. 5,5. Esa. 33,2.8.  V. 18. Ef. 6,18.19. 2 Kor. 1,12.  V. 20. Post. gb. 2,24. Esa. 40,11. Esek. 34,23. Sakk. 9,11. J\u00f3h. 10,11.  V. 21. 2 Kor. 3,5. Fil. 2,13. 2 T\u00edm. 4,18.  V. 25. T\u00edt. 3,15.<\/div>\n","protected":false},"excerpt":{"rendered":"<p>\u00ddmislegar upphvatningar, sem endast me\u00f0 \u00feeim tilm\u00e6lum: a\u00f0 s\u00f6fnu\u00f0urinn vilji bi\u00f0ja fyrir h\u00f6fundinum. Fyrirb\u00e6nir. Sagt fr\u00e1 T\u00edm\u00f3teusar lausn; heilsa\u00f0 og be\u00f0i\u00f0 a\u00f0 heilsa; \u00e1rna\u00f0 g\u00f3\u00f0s. 1Haldi\u00f0 st\u00f6\u00f0ugum br\u00f3\u00f0urk\u00e6rleika.2Gleymi\u00f0 ekki gestrisninni, \u00fev\u00ed vegna hennar hafa nokkrir s\u00e9r \u00f3afvitandi h\u00fdst englana.3Minnist bandingjanna, sem v\u00e6ru \u00fe\u00e9r \u00feeirra sambandingjar og \u00feeirra, er illt l\u00ed\u00f0a, svo sem \u00feeir, er sj\u00e1lfir b\u00faa \u00ed l\u00edkama \u00feessum.4Hj\u00faskapurinn skal hei\u00f0urlegur haldinn vera hj\u00e1 \u00f6llum og hj\u00f3nas\u00e6ngin \u00f3flekku\u00f0, \u00fev\u00ed frillul\u00edfismenn og h\u00f3rkarla mun Gu\u00f0 straffa.5S\u00fdni\u00f0 enga f\u00e9girni \u00ed y\u00f0ar heg\u00f0un, heldur skal l\u00e1ti\u00f0 y\u00f0ur n\u00e6gjast \u00fea\u00f0 \u00fe\u00e9r hafi\u00f0, \u00fev\u00ed Gu\u00f0 sj\u00e1lfur hefir sagt: eg skal ekki sleppa \u00fe\u00e9r n\u00e9 yfirgefa <a href=\"https:\/\/biblian.is\/videy\/hebreabrefid-13-kafli\/\"> [&#8230;]<\/a><\/p>\n","protected":false},"author":1,"featured_media":0,"parent":0,"menu_order":0,"comment_status":"open","ping_status":"open","template":"bibliukaflar.php","meta":{"footnotes":""},"class_list":["post-21995","page","type-page","status-publish","hentry"],"_links":{"self":[{"href":"https:\/\/biblian.is\/videy\/wp-json\/wp\/v2\/pages\/21995","targetHints":{"allow":["GET"]}}],"collection":[{"href":"https:\/\/biblian.is\/videy\/wp-json\/wp\/v2\/pages"}],"about":[{"href":"https:\/\/biblian.is\/videy\/wp-json\/wp\/v2\/types\/page"}],"author":[{"embeddable":true,"href":"https:\/\/biblian.is\/videy\/wp-json\/wp\/v2\/users\/1"}],"replies":[{"embeddable":true,"href":"https:\/\/biblian.is\/videy\/wp-json\/wp\/v2\/comments?post=21995"}],"version-history":[{"count":0,"href":"https:\/\/biblian.is\/videy\/wp-json\/wp\/v2\/pages\/21995\/revisions"}],"wp:attachment":[{"href":"https:\/\/biblian.is\/videy\/wp-json\/wp\/v2\/media?parent=21995"}],"curies":[{"name":"wp","href":"https:\/\/api.w.org\/{rel}","templated":true}]}}