{"id":21994,"date":"2018-01-02T01:05:07","date_gmt":"2018-01-02T01:05:07","guid":{"rendered":"http:\/\/biblian.is\/videy\/hebreabrefid-12-kafli\/"},"modified":"2018-01-02T01:05:07","modified_gmt":"2018-01-02T01:05:07","slug":"hebreabrefid-12-kafli","status":"publish","type":"page","link":"https:\/\/biblian.is\/videy\/hebreabrefid-12-kafli\/","title":{"rendered":"Hebreabr\u00e9fi\u00f0 12. kafli"},"content":{"rendered":"<div class=\"fyrirsognVidey\">Upp\u00f6rvan til st\u00f6\u00f0uglyndis \u00ed tr\u00fanni og hl\u00fd\u00f0ni vi\u00f0 Krist.<\/div>\n<p><a name=\"1\"><span class=\"versanumer\">1<\/span><\/a>Fyrst v\u00e9r erum umkringdir af sl\u00edkum vitna fj\u00f6lda, \u00fe\u00e1 l\u00e9ttum \u00e1 oss allri byr\u00f0i og vi\u00f0lo\u00f0andi synd, og rennum \u00feolg\u00f3\u00f0ir skei\u00f0 \u00fea\u00f0, sem oss er fyrirsett horfandi til tr\u00faarinnar uppbyrjara og fullkomnara Jes\u00fa,<a name=\"2\"><span class=\"versanumer\">2<\/span><\/a>sem \u00ed sta\u00f0 gle\u00f0i \u00feeirrar, er hann \u00e1tti kost \u00e1, \u00feoldi krossfestingu, og hann, sem mat einskis \u00fe\u00f3tt hann sm\u00e1na\u00f0ur v\u00e6ri, situr n\u00fa h\u00e6gramegin vi\u00f0 Gu\u00f0s h\u00e1s\u00e6ti.<a name=\"3\"><span class=\"versanumer\">3<\/span><\/a>G\u00e6ti\u00f0 a\u00f0 \u00feeim, sem sl\u00edk m\u00f3tm\u00e6li \u00feoldi gegn s\u00e9r af syndurunum, svo \u00fe\u00e9r ekki \u00fereytist og l\u00e1ti\u00f0 hugfallast \u00ed hj\u00f6rtum y\u00f0rum.<br \/><a name=\"4\"><span class=\"versanumer\">4<\/span><\/a>Enn \u00fe\u00e1, sem komi\u00f0 er, hefir y\u00f0ar str\u00ed\u00f0 vi\u00f0 syndina ekki kosta\u00f0 y\u00f0ur bl\u00f3\u00f0,<a name=\"5\"><span class=\"versanumer\">5<\/span><\/a><span class='VideyAth'>(og \u00fe\u00f3 hafi\u00f0 \u00fe\u00e9r gleymt \u00feeirri huggunargrein, sem \u00e1varpar y\u00f0ur eins og b\u00f6rn: Son minn, l\u00edtilsvirtu ekki hirtingu Drottins og l\u00e1ttu ekki heldur hug \u00feinn falla, \u00fe\u00f3 hann vandi um vi\u00f0 \u00feig)<\/span><a name=\"6\"><span class=\"versanumer\">6<\/span><\/a>\u00fev\u00ed hv\u00f6rn \u00feann Drottinn elskar, hinn sama agar hann og tyftar, hv\u00f6rn \u00feann son har\u00f0lega, er hann a\u00f0 s\u00e9r tekur.<a name=\"7\"><span class=\"versanumer\">7<\/span><\/a>Ef \u00fe\u00e9r umberi\u00f0 hirtinguna, \u00fe\u00e1 fer Gu\u00f0 eins me\u00f0 y\u00f0ur, sem b\u00f6rn s\u00edn;<a name=\"8\"><span class=\"versanumer\">8<\/span><\/a>\u00fev\u00ed hv\u00f6r er s\u00e1 sonur, sem fa\u00f0irinn ekki agi? en s\u00e9u \u00fe\u00e9r \u00e1n hirtingar, \u00ed hv\u00f6rri allir hafa teki\u00f0 hlutdeild, \u00fe\u00e1 eru\u00f0 \u00fe\u00e9r \u00ed sannleika launsynir, en ekki skilgetin b\u00f6rn.<a name=\"9\"><span class=\"versanumer\">9<\/span><\/a>Ef n\u00fa vorir holdlegu fe\u00f0ur eru vorir tyftunarmenn og v\u00e9r samt berum vir\u00f0ingu fyrir \u00feeim, skyldum v\u00e9r \u00fe\u00e1 ekki miklu heldur vera undirgefnir andanna F\u00f6\u00f0ur, svo a\u00f0 v\u00e9r megum lifa?<a name=\"10\"><span class=\"versanumer\">10<\/span><\/a>\u00fev\u00ed \u00feeir \u00f6gu\u00f0u oss um f\u00e1a daga eftir \u00fev\u00ed, sem \u00feeim leist, en hann hirtir oss sj\u00e1lfum oss til g\u00f3\u00f0a, til \u00feess v\u00e9r ver\u00f0a skulum hluttakendur hans heilagleika.<a name=\"11\"><span class=\"versanumer\">11<\/span><\/a>En \u00f6ll hegning \u00feykir heldur vera sorgar- en gle\u00f0iefni, me\u00f0an \u00e1 henni stendur; en eftir \u00e1 gefur h\u00fan \u00feeim, sem vi\u00f0 hana hafa fullkomnast, heilsusaman \u00e1v\u00f6xt r\u00e1\u00f0vendninnar. <br \/><a name=\"12\"><span class=\"versanumer\">12<\/span><\/a>R\u00e9tti\u00f0 \u00fev\u00ed hinar magnv\u00f6nu hendurnar og \u00feau m\u00e1tt\u00ferota hn\u00e9n,<a name=\"13\"><span class=\"versanumer\">13<\/span><\/a>og st\u00edgi\u00f0 \u00f3skeift me\u00f0 f\u00f3tum y\u00f0rum, svo a\u00f0 s\u00e1 hinn fatla\u00f0i limur ekki vindist heldur l\u00e6knist.<a name=\"14\"><span class=\"versanumer\">14<\/span><\/a>Stundi\u00f0 eftir fri\u00f0semi vi\u00f0 alla og heilagleikanum, \u00e1n hv\u00f6rs enginn kann Drottin a\u00f0 sj\u00e1.<a name=\"15\"><span class=\"versanumer\">15<\/span><\/a>Hafi\u00f0 g\u00e1t \u00e1 a\u00f0 enginn sleppi af Gu\u00f0s n\u00e1\u00f0, a\u00f0 engin beisk r\u00f3t renni upp, sem truflun af sta\u00f0 komi og margir \u00feess vegna saurgist.<a name=\"16\"><span class=\"versanumer\">16<\/span><\/a>A\u00f0 enginn y\u00f0ar s\u00e9 frillul\u00edfisma\u00f0ur n\u00e9 vanheilagur eins og Esa\u00fa, sem fyrir einn m\u00e1lsver\u00f0 seldi sinn frumgetningarr\u00e9tt.<a name=\"17\"><span class=\"versanumer\">17<\/span><\/a>\u00dev\u00ed \u00fe\u00e9r viti\u00f0 a\u00f0 honum var synja\u00f0, \u00fe\u00e1 hann s\u00ed\u00f0an vildi \u00f6\u00f0last blessunina, \u00fev\u00ed hans i\u00f0ran var \u00e1rangurslaus, \u00fe\u00f3tt hann leita\u00f0i \u00feess me\u00f0 t\u00e1rum;<a name=\"18\"><span class=\"versanumer\">18<\/span><\/a>\u00fev\u00ed \u00fe\u00e9r eru\u00f0 ekki komnir til fjalls \u00feess, sem \u00fereifanlegt er, e\u00f0a elds \u00feess, er brenni, n\u00e9 til \u00feoku,<a name=\"19\"><span class=\"versanumer\">19<\/span><\/a>myrkurs e\u00f0a \u00f3ve\u00f0urs e\u00f0a b\u00e1s\u00fanuhlj\u00f3ms e\u00f0a hinnar talandi raustar, hv\u00f6rrar \u00e1heyrendur beiddust a\u00f0 ekki v\u00e6ri lengur til s\u00edn tala\u00f0<a name=\"20\"><span class=\"versanumer\">20<\/span><\/a><span class='VideyAth'>(\u00fev\u00ed \u00feeir st\u00f3\u00f0ust ekki \u00fe\u00e1 skipun, a\u00f0 jafnvel eitt d\u00fdr skyldi gr\u00fdtast ef \u00fea\u00f0 snerti vi\u00f0 fjallinu,<\/span><a name=\"21\"><span class=\"versanumer\">21<\/span><\/a><span class='VideyAth'>og svo var \u00fea\u00f0 \u00f3gurlegt, sem fyrir augu bar, a\u00f0 M\u00f3ses sag\u00f0i: eg em hr\u00e6ddur og skj\u00e1lfandi)<\/span>,<a name=\"22\"><span class=\"versanumer\">22<\/span><\/a>heldur eru\u00f0 \u00fe\u00e9r komnir til fjallsins S\u00edon og borgar Gu\u00f0s lifanda, hinnar himnesku Jer\u00fasalem, og englanna m\u00f6rgu \u00fe\u00fasunda til samkv\u00e6mis<a name=\"23\"><span class=\"versanumer\">23<\/span><\/a>og samkundu hinna frumgetnu, hv\u00f6rra n\u00f6fn eru skrifu\u00f0 \u00e1 himnum og til Gu\u00f0s allra d\u00f3mara<a name=\"24\"><span class=\"versanumer\">24<\/span><\/a>og til anda r\u00e9ttl\u00e1tra, sem algj\u00f6r\u00f0ir eru or\u00f0nir og til Jes\u00fa me\u00f0algangara ens n\u00fdja s\u00e1ttm\u00e1la og til \u00feess \u00e1dreif\u00f0a bl\u00f3\u00f0s, sem betur talar <span class='VideyAth'>a)<\/span> enn Abel. 24. Sj\u00e1i\u00f0 vi\u00f0 \u00fev\u00ed a\u00f0 \u00fe\u00e9r ekki \u00fatsk\u00fafi\u00f0 \u00feeim, er talar, \u00fev\u00ed ef \u00feeir sluppu ekki strafflaust, sem \u00fatsk\u00fafu\u00f0u \u00feeim, sem \u00e1 j\u00f6r\u00f0u tala\u00f0i Gu\u00f0s erindi, \u00fe\u00e1 munum v\u00e9r \u00fev\u00ed s\u00ed\u00f0ur \u00fea\u00f0 geta, ef v\u00e9r \u00feversk\u00f6llumst vi\u00f0 \u00feann, er fr\u00e1 himni talar, hv\u00f6rs raust a\u00f0 \u00feann t\u00ed\u00f0 sk\u00f3k j\u00f6r\u00f0ina, 26. en n\u00fa hefir hann kunngj\u00f6rt <span class='VideyAth'>b)<\/span> segjandi: enn n\u00fa einu sinni mun eg skaka ekki einungis j\u00f6r\u00f0ina heldur og svo himininn, 27. en \u00feetta or\u00f0: enn n\u00fa einu sinni gefur a\u00f0 skilja, a\u00f0 \u00feeir skeknu hlutir skuli umbreytast, svo sem \u00feeir, er me\u00f0 h\u00f6ndum s\u00e9u gj\u00f6r\u00f0ir, svo a\u00f0 \u00fea\u00f0 vari vi\u00f0, sem \u00f3skeki\u00f0 er. 28. L\u00e1tum oss \u00fev\u00ed, er fengi\u00f0 h\u00f6fum eitt \u00f3bifanlegt r\u00edki, s\u00fdna \u00feakkl\u00e1tt hjarta, me\u00f0 hv\u00f6rju v\u00e9r \u00fej\u00f3num Gu\u00f0i, upp \u00e1 honum \u00feakkn\u00e6milegan m\u00e1ta, me\u00f0 blyg\u00f0unarsemi og lotningarfullum \u00f3tta. 29. \u00dev\u00ed vor Gu\u00f0 er fort\u00e6randi eldur.<\/p>\n<div class=\"footnoteVidey\">V. 1. R\u00f3m. 6,4.13. 2 Kor. 7,1. 1 P\u00e9t. 2,1. 1 Kor. 9,24. Fil. 3,13.14.  V. 2. L\u00fak. 24,26.46. Post. g. b. 3,15. 5,30. Hebr. 1,13. 8,1.  V. 3. L\u00fak. 2,34.  V. 4. 1 Kor. 10,13. V. 5. Job. 5,17. Or\u00f0skv. b. 3,11.12.  V. 6. Opinb. b. 3,19.  V. 9. 4 M\u00f3s. b. 16,11. 27,16. Esa. 57,6.  V. 12. Esa. 35,3.  V. 13. S\u00e1lm. 73,2.  V. 14. R\u00f3m. 12,18. 2 T\u00edm. 2,22. Matt. 5,8.  V. 15. 2 Kor. 6,1.  V. 16. Efes. 5,3. K\u00f3l. 3,5. 1 M\u00f3s. b. 25,33.  V. 17. 1 M\u00f3s. b. 27,34. fl.  V. 18. 2 M\u00f3s. b. 19,12.  V. 19. 2 M\u00f3s. b. 20,19. 5 M\u00f3s. b. 5,25. fl. 18,16.  V. 20. 2 M\u00f3s. b. 19,12.13.  V. 21. 2 M\u00f3s. b. 19,16.  V. 22. Esa. 2,2. Gal. 4,26. Opinb. b. 3,12. Dan. 7,10.  V. 23. L\u00fak. 10,20. 1 M\u00f3s. b. 18,25.  V. 24. Kap. 8,6.9. 9,15. 2 M\u00f3s. b. 24,8. 1 P\u00e9t. 1,2. Hebr. 10,22. a. \u00dev\u00ed \u00fea\u00f0 krefst ekki hefndar eins og Abels bl\u00f3\u00f0, heldur l\u00fdsir synda kvittun. 1 M\u00f3s. 4,10. Hebr. 11,4.  V. 25. Kap. 2,3. 10,29.  V. 26. b. Nefnil: \u00fea\u00f0, sem strax \u00e1 eftirfylgir \u00ed sama versi. Hagg. 2,6.  V. 27. S\u00e1lm. 102,27. 2 P\u00e9t. 3,10.  V. 28. Fil. 2,12.  V. 29. 5 M\u00f3s. b. 4,24. 9,3. Esa. 30,27.<\/div>\n","protected":false},"excerpt":{"rendered":"<p>Upp\u00f6rvan til st\u00f6\u00f0uglyndis \u00ed tr\u00fanni og hl\u00fd\u00f0ni vi\u00f0 Krist. 1Fyrst v\u00e9r erum umkringdir af sl\u00edkum vitna fj\u00f6lda, \u00fe\u00e1 l\u00e9ttum \u00e1 oss allri byr\u00f0i og vi\u00f0lo\u00f0andi synd, og rennum \u00feolg\u00f3\u00f0ir skei\u00f0 \u00fea\u00f0, sem oss er fyrirsett horfandi til tr\u00faarinnar uppbyrjara og fullkomnara Jes\u00fa,2sem \u00ed sta\u00f0 gle\u00f0i \u00feeirrar, er hann \u00e1tti kost \u00e1, \u00feoldi krossfestingu, og hann, sem mat einskis \u00fe\u00f3tt hann sm\u00e1na\u00f0ur v\u00e6ri, situr n\u00fa h\u00e6gramegin vi\u00f0 Gu\u00f0s h\u00e1s\u00e6ti.3G\u00e6ti\u00f0 a\u00f0 \u00feeim, sem sl\u00edk m\u00f3tm\u00e6li \u00feoldi gegn s\u00e9r af syndurunum, svo \u00fe\u00e9r ekki \u00fereytist og l\u00e1ti\u00f0 hugfallast \u00ed hj\u00f6rtum y\u00f0rum.4Enn \u00fe\u00e1, sem komi\u00f0 er, hefir y\u00f0ar str\u00ed\u00f0 vi\u00f0 syndina ekki kosta\u00f0 y\u00f0ur <a href=\"https:\/\/biblian.is\/videy\/hebreabrefid-12-kafli\/\"> [&#8230;]<\/a><\/p>\n","protected":false},"author":1,"featured_media":0,"parent":0,"menu_order":0,"comment_status":"open","ping_status":"open","template":"bibliukaflar.php","meta":{"footnotes":""},"class_list":["post-21994","page","type-page","status-publish","hentry"],"_links":{"self":[{"href":"https:\/\/biblian.is\/videy\/wp-json\/wp\/v2\/pages\/21994","targetHints":{"allow":["GET"]}}],"collection":[{"href":"https:\/\/biblian.is\/videy\/wp-json\/wp\/v2\/pages"}],"about":[{"href":"https:\/\/biblian.is\/videy\/wp-json\/wp\/v2\/types\/page"}],"author":[{"embeddable":true,"href":"https:\/\/biblian.is\/videy\/wp-json\/wp\/v2\/users\/1"}],"replies":[{"embeddable":true,"href":"https:\/\/biblian.is\/videy\/wp-json\/wp\/v2\/comments?post=21994"}],"version-history":[{"count":0,"href":"https:\/\/biblian.is\/videy\/wp-json\/wp\/v2\/pages\/21994\/revisions"}],"wp:attachment":[{"href":"https:\/\/biblian.is\/videy\/wp-json\/wp\/v2\/media?parent=21994"}],"curies":[{"name":"wp","href":"https:\/\/api.w.org\/{rel}","templated":true}]}}