{"id":21993,"date":"2018-01-02T01:05:07","date_gmt":"2018-01-02T01:05:07","guid":{"rendered":"http:\/\/biblian.is\/videy\/hebreabrefid-11-kafli\/"},"modified":"2018-01-02T01:05:07","modified_gmt":"2018-01-02T01:05:07","slug":"hebreabrefid-11-kafli","status":"publish","type":"page","link":"https:\/\/biblian.is\/videy\/hebreabrefid-11-kafli\/","title":{"rendered":"Hebreabr\u00e9fi\u00f0 11. kafli"},"content":{"rendered":"<div class=\"fyrirsognVidey\">Tr\u00faarinnar \u00e1g\u00e6ti.<\/div>\n<p><a name=\"1\"><span class=\"versanumer\">1<\/span><\/a>En tr\u00fain er \u00f6rugg eftirv\u00e6nting \u00feeirra hluta, sem ma\u00f0ur vonar og sannf\u00e6ring um \u00fea\u00f0, sem hann ekki s\u00e9r.<a name=\"2\"><span class=\"versanumer\">2<\/span><\/a>Hennar vegna ver\u00f0ur \u00feeim fyrri m\u00f6nnum hr\u00f3sa\u00f0.<a name=\"3\"><span class=\"versanumer\">3<\/span><\/a>Fyrir tr\u00fana fullvissumst v\u00e9r um a\u00f0 heimurinn s\u00e9 skapa\u00f0ur fyrir Gu\u00f0s or\u00f0, \u00e1 \u00feann h\u00e1tt, a\u00f0 \u00fea\u00f0 s\u00fdnilega s\u00e9 til or\u00f0i\u00f0 af \u00fev\u00ed \u00f3s\u00fdnilega.<a name=\"4\"><span class=\"versanumer\">4<\/span><\/a>Vegna Abels tr\u00faar, mat Gu\u00f0 f\u00f3rn \u00fe\u00e1, er hann f\u00e6r\u00f0i honum fram yfir Kains, hennar vegna f\u00e9kk hann vitnisbur\u00f0 a\u00f0 hann v\u00e6ri r\u00e9ttl\u00e1tur, \u00fev\u00ed Gu\u00f0 l\u00fdsti vel\u00fe\u00f3knun sinni yfir offri hans; h\u00fan gj\u00f6rir \u00fea\u00f0, og a\u00f0 hann enn n\u00fa talar af <span class='VideyAth'>a)<\/span> gr\u00f6f sinni.<a name=\"5\"><span class=\"versanumer\">5<\/span><\/a>Vegna tr\u00faar sinnar var Enok burtnuminn, a\u00f0 hann ekki skyldi dau\u00f0ann sj\u00e1 og hann fannst ekki framar, \u00fev\u00ed \u00e1\u00f0ur en hans burtnumning ske\u00f0i, f\u00e9kk hann \u00feann vitnisbur\u00f0, a\u00f0 hann v\u00e6ri Gu\u00f0i \u00fe\u00f3knanlegur.<a name=\"6\"><span class=\"versanumer\">6<\/span><\/a>\u00c1n tr\u00faar er \u00f3m\u00f6gulegt Gu\u00f0i a\u00f0 \u00fe\u00f3knast, \u00fev\u00ed s\u00e1, sem vill koma til Gu\u00f0s, ver\u00f0ur a\u00f0 tr\u00faa \u00fev\u00ed a\u00f0 hann s\u00e9 til og a\u00f0 hann umbuni \u00feeim, er hans leita.<a name=\"7\"><span class=\"versanumer\">7<\/span><\/a>Tr\u00fain gj\u00f6r\u00f0i \u00fea\u00f0 a\u00f0 verkum, a\u00f0 \u00fe\u00e1 N\u00f3i var af Gu\u00f0i a\u00f0vara\u00f0ur um \u00fea\u00f0, sem enn \u00fe\u00e1 ekki s\u00e1st, \u00f3tta\u00f0ist hann Gu\u00f0 og sm\u00ed\u00f0a\u00f0i \u00f6rkina til frelsis s\u00ednu h\u00fasi; me\u00f0 tr\u00fanni <span class='VideyAth'>b)<\/span> ford\u00e6mdi hann heiminn og var\u00f0 hluttakandi \u00feeirrar r\u00e9ttl\u00e6tingar, sem f\u00e6st fyrir tr\u00fana.<a name=\"8\"><span class=\"versanumer\">8<\/span><\/a>Fyrir tr\u00fa s\u00edna hl\u00fd\u00f0na\u00f0ist Abraham, \u00fe\u00e1 honum var bo\u00f0i\u00f0 a\u00f0 fara til \u00feess sta\u00f0ar, er ver\u00f0a \u00e1tti hans \u00f3\u00f0al og hann f\u00f3r, \u00fe\u00f3 hann vissi ekki hv\u00f6rt hann fara skyldi.<a name=\"9\"><span class=\"versanumer\">9<\/span><\/a>Fyrir tr\u00fana bj\u00f3 hann \u00ed \u00fev\u00ed fyrirheitna landi, eins og \u00e1 annarlegri l\u00f3\u00f0 og h\u00e9lt til \u00ed tjaldb\u00fa\u00f0um, \u00e1samt \u00feeim \u00cdsak og Jakob, sem hluttakarar voru hins sama fyrirheitis.<a name=\"10\"><span class=\"versanumer\">10<\/span><\/a>\u00dev\u00ed hann v\u00e6nti \u00feeirrar borgar, er fastan grundv\u00f6ll hef\u00f0i, hv\u00f6rrar smi\u00f0ur og byggingarmeistari sj\u00e1lfur Gu\u00f0 er.<a name=\"11\"><span class=\"versanumer\">11<\/span><\/a>Fyrir tr\u00fana \u00f6\u00f0la\u00f0ist sj\u00e1lf Sara kraft til barnsgetna\u00f0ar \u00fe\u00f3tt h\u00fan v\u00e6ri \u00far barneign, \u00fev\u00ed h\u00fan h\u00e9lt \u00feann tr\u00fafastan, sem fyrirheiti\u00f0 haf\u00f0i gefi\u00f0.<a name=\"12\"><span class=\"versanumer\">12<\/span><\/a>\u00deess vegna kvikna\u00f0i og af einum manni og \u00fea\u00f0 ellihrumum sl\u00edk ni\u00f0jamerg\u00f0, sem stj\u00f6rnur eru \u00e1 himni e\u00f0a sandkorn vi\u00f0 sj\u00e1varstr\u00f6nd, sem ekki ver\u00f0ur t\u00f6lu \u00e1 komi\u00f0.<a name=\"13\"><span class=\"versanumer\">13<\/span><\/a>\u00cd tr\u00fanni d\u00f3u allir \u00feessir, hafandi ekki fengi\u00f0 uppfyllingu fyrirheitanna, heldur s\u00e9\u00f0 \u00feau \u00e1lengdar og breitt m\u00f3t \u00feeim fa\u00f0minn, j\u00e1tandi a\u00f0 \u00feeir v\u00e6ru \u00fatlendingar og gestkomandi \u00e1 j\u00f6r\u00f0u \u00feessari.<a name=\"14\"><span class=\"versanumer\">14<\/span><\/a>En \u00feeir, sem sl\u00edkt m\u00e6la, s\u00fdna \u00fear me\u00f0, a\u00f0 \u00feeir s\u00e9u a\u00f0 leita s\u00edns r\u00e9tta f\u00f6\u00f0urlands.<a name=\"15\"><span class=\"versanumer\">15<\/span><\/a>\u00dev\u00ed hef\u00f0u \u00feeir meint til \u00feess f\u00f6\u00f0urlands, hva\u00f0an \u00feeir komu, \u00fe\u00e1 hef\u00f0u \u00feeir haft t\u00edma til a\u00f0 sn\u00faa \u00feanga\u00f0 aftur.<a name=\"16\"><span class=\"versanumer\">16<\/span><\/a>En n\u00fa \u00fer\u00e1\u00f0u \u00feeir anna\u00f0 betra, \u00fea\u00f0 er \u00feess himneska f\u00f6\u00f0urlands, fyrir \u00fev\u00ed blyg\u00f0ast Gu\u00f0 ekki \u00feeirra vegna a\u00f0 kallast \u00feeirra Gu\u00f0, \u00fev\u00ed hann haf\u00f0i tilreitt \u00feeim borg.<a name=\"17\"><span class=\"versanumer\">17<\/span><\/a>Vegna tr\u00faar f\u00f3rnf\u00e6r\u00f0i Abraham syni s\u00ednum \u00cdsak, \u00fe\u00e1 Gu\u00f0 freista\u00f0i hans og s\u00e1 f\u00f3rnf\u00e6r\u00f0i s\u00ednum einkasyni,<a name=\"18\"><span class=\"versanumer\">18<\/span><\/a>er fengi\u00f0 haf\u00f0i fyrirheitin og til hv\u00f6rs \u00fea\u00f0 haf\u00f0i sagt veri\u00f0: af \u00cdsak skal kyn\u00fe\u00e1ttur \u00feinn \u00e6xlast,<a name=\"19\"><span class=\"versanumer\">19<\/span><\/a>\u00fev\u00ed hann skynja\u00f0i \u00fea\u00f0 me\u00f0 s\u00e9r, a\u00f0 Gu\u00f0 megna\u00f0i a\u00f0 reisa upp fr\u00e1 dau\u00f0um og \u00feess vegna heimti hann hann aftur mitt \u00far dau\u00f0ans h\u00e6ttu.<a name=\"20\"><span class=\"versanumer\">20<\/span><\/a>Vegna tr\u00faar um \u00fea\u00f0 \u00f3komna lag\u00f0i \u00cdsak blessun s\u00edna yfir Jakob og Esa\u00fa.<a name=\"21\"><span class=\"versanumer\">21<\/span><\/a>Vegna tr\u00faar blessa\u00f0i Jakob \u00e1 deyjanda degi yfir b\u00e1\u00f0a syni J\u00f3seps, hallandi s\u00e9r fram \u00e1 h\u00faninn \u00e1 stafi s\u00ednum.<a name=\"22\"><span class=\"versanumer\">22<\/span><\/a>Vegna tr\u00faar tala\u00f0i J\u00f3sep \u00e1 sinni dau\u00f0astundu um \u00fatg\u00f6ngu \u00cdsraels barna af Egyptalandi og gj\u00f6r\u00f0i r\u00e1\u00f0st\u00f6fun fyrir beinum s\u00ednum.<a name=\"23\"><span class=\"versanumer\">23<\/span><\/a>Vegna tr\u00faar f\u00f6ldu foreldrar M\u00f3sis hann \u00ed \u00ferj\u00e1 m\u00e1nu\u00f0i eftir hans f\u00e6\u00f0ingu, af \u00fev\u00ed \u00feau s\u00e1u a\u00f0 sveinninn var fagur og l\u00e9tu ekki skelfast af skipun konungsins.<a name=\"24\"><span class=\"versanumer\">24<\/span><\/a>Vegna tr\u00faar hafna\u00f0i M\u00f3ses, \u00fe\u00e1 hann var or\u00f0inn fullt\u00ed\u00f0a ma\u00f0ur, s\u00e6md \u00feeirri a\u00f0 kallast fara\u00f3s d\u00f3tturson,<a name=\"25\"><span class=\"versanumer\">25<\/span><\/a>svo hann kaus heldur a\u00f0 l\u00ed\u00f0a illt me\u00f0 Gu\u00f0s f\u00f3lki, enn a\u00f0 nj\u00f3ta skammvinnrar \u00e1n\u00e6gju syndsamlegs muna\u00f0ar.<a name=\"26\"><span class=\"versanumer\">26<\/span><\/a>Og \u00e1leit \u00fea\u00f0 meiri \u00e1vinning a\u00f0 l\u00ed\u00f0a vanvir\u00f0u Krists, enn alla Egyptalands fj\u00e1rsj\u00f3\u00f0u.<a name=\"27\"><span class=\"versanumer\">27<\/span><\/a>Vegna tr\u00faar yfirgaf hann Egyptaland og \u00f3tta\u00f0ist ekki konungsins rei\u00f0i og tj\u00e1\u00f0i sig st\u00f6\u00f0ugan, eins og hann s\u00e6i \u00feann \u00f3s\u00fdnilega.<a name=\"28\"><span class=\"versanumer\">28<\/span><\/a>Vegna tr\u00faar h\u00e9lt hann p\u00e1ska og rj\u00f3\u00f0ra\u00f0i bl\u00f3\u00f0i p\u00e1skalambsins \u00e1 s\u00edn dyrag\u00e6tti, a\u00f0 s\u00e1, sem frumbur\u00f0ina deyddi, ekki skyldi snerta Gy\u00f0inga.<a name=\"29\"><span class=\"versanumer\">29<\/span><\/a>Vegna tr\u00faar gengu \u00cdsrael\u00edtarnir yfir hi\u00f0 rau\u00f0a haf, sem anna\u00f0 \u00feurrlendi, en \u00fe\u00e1 Egypskir freistu\u00f0u hins sama, drukknu\u00f0u \u00feeir.<a name=\"30\"><span class=\"versanumer\">30<\/span><\/a>Vegna tr\u00faar hrundu Hjer\u00edk\u00f3s m\u00farar, \u00fe\u00e1 b\u00fai\u00f0 var a\u00f0 ganga \u00ed kringum \u00fe\u00e1 \u00ed 7 daga.<a name=\"31\"><span class=\"versanumer\">31<\/span><\/a>Vegna tr\u00faar fyrirf\u00f3rst ekki sk\u00e6kjan Rahab \u00e1samt \u00feeim vantr\u00fau\u00f0u, af \u00fev\u00ed h\u00fan t\u00f3k fri\u00f0samlega m\u00f3ti nj\u00f3snarm\u00f6nnunum.<a name=\"32\"><span class=\"versanumer\">32<\/span><\/a>Hva\u00f0 skal eg framar h\u00e9r um r\u00e6\u00f0a? mig mundi skorta t\u00edma ef eg f\u00e6ri a\u00f0 segja fr\u00e1 Gedeon, Baruk og Samsyni og Jefat, Dav\u00ed\u00f0, og Sam\u00faeli og sp\u00e1m\u00f6nnunum,<a name=\"33\"><span class=\"versanumer\">33<\/span><\/a><span class='VideyAth'>(er vegna tr\u00faar sinnar yfirunnu konungar\u00edkin, fr\u00f6mdu r\u00e9ttv\u00edsina, \u00f6\u00f0lu\u00f0ust fyrirheitin, byrg\u00f0u kjaft lj\u00f3nanna)<\/span>,<a name=\"34\"><span class=\"versanumer\">34<\/span><\/a>sl\u00f6kktu eldsins afl, umfl\u00fa\u00f0u sver\u00f0seggjar, ur\u00f0u styrkvir eftir veikindi, \u00f6flugir \u00ed str\u00ed\u00f0i, komu her \u00f3vinanna \u00e1 fl\u00f3tta,<a name=\"35\"><span class=\"versanumer\">35<\/span><\/a>kvinnurnar fengu aftur s\u00edna framli\u00f0nu. A\u00f0rir voru \u00fat\u00feandir til pyntinga og \u00fe\u00e1\u00f0u \u00fe\u00f3 ekki lausn, a\u00f0 \u00feeir \u00f6\u00f0lu\u00f0ust a\u00f0ra betri upprisu.<a name=\"36\"><span class=\"versanumer\">36<\/span><\/a>A\u00f0rir m\u00e1ttu s\u00e6ta h\u00e1\u00f0syr\u00f0um og h\u00fa\u00f0strokum og \u00fear \u00e1 ofan fj\u00f6trum og fangelsi;<a name=\"37\"><span class=\"versanumer\">37<\/span><\/a><span class='VideyAth'>(voru gr\u00fdttir, saga\u00f0ir, freista\u00f0ir, l\u00edfl\u00e1tnir me\u00f0 sver\u00f0i og \u00feeir, hv\u00f6rra heimurinn var ekki ver\u00f0ur, f\u00f3ru um kring \u00ed sau\u00f0a- og geitaskinnum vi\u00f0 skort, \u00ferengingar og mis\u00feyrmingar)<\/span><a name=\"38\"><span class=\"versanumer\">38<\/span><\/a>r\u00e1fu\u00f0u um fj\u00f6ll og \u00f3bygg\u00f0ir \u00ed hellirum og gj\u00f3tum.<a name=\"39\"><span class=\"versanumer\">39<\/span><\/a>En \u00fe\u00f3tt allir \u00feessir hef\u00f0u fengi\u00f0 vitnisbur\u00f0 um tr\u00fa s\u00edna, \u00f6\u00f0lu\u00f0ust \u00feeir \u00fe\u00f3 ekki fyrirheitin;<a name=\"40\"><span class=\"versanumer\">40<\/span><\/a>\u00fev\u00ed Gu\u00f0 haf\u00f0i s\u00e9\u00f0 betur fyrir vorum hlut, a\u00f0 \u00feeir ekki \u00e1n vor algj\u00f6r\u00f0ir yr\u00f0u.<\/p>\n<div class=\"footnoteVidey\">V. 1. R\u00f3m. 8,38. 1 Kor. 2,9.  V. 3. 1 M\u00f3s. b. 1,1\u20133. 2 P\u00e9t. 3,5. R\u00f3m. 4,17. 2 Kor. 4,6.  V. 4. a. 1 M\u00f3s. b. 4,5. \u00de. e. til vor. Matt. 23,35.  V. 5. 1 M\u00f3s. b. 5,24. S\u00edr. 44,18.  V. 7. 1 M\u00f3s. b. 6,8.14. R\u00f3m. 3,24. b. \u00de. e. gj\u00f6r\u00f0i s\u00ednum \u00f3r\u00e1\u00f0v\u00f6ndu samt\u00ed\u00f0am\u00f6nnum kinnro\u00f0a og sanna\u00f0i \u00fe\u00e1 seka a\u00f0 vera.  V. 8. 1 M\u00f3s. b. 12,14.  V. 9. 1 M\u00f3s. b. 14,13. 17,8.  V. 10. Kap. 12,22. 13,14. 2 Kor. 5,1. Hebr. 3,4.  V. 11. 1 M\u00f3s. b. 17,19. 21,2. R\u00f3m. 4,19. Hebr. 10,23.  V. 12. R\u00f3m. 4,19. 1 M\u00f3s. b. 15,5. 22,17.  V. 13. 1 M\u00f3s. 23,4. 1 Kron. 29,15. S\u00e1lm. 39,13.  V. 16. Kap. 2,11. 2 M\u00f3s. b. 3,6.  V. 17. 1 M\u00f3s. b. 22,1. fl.  V. 18. 1 M\u00f3s. b. 21,12. R\u00f3m. 9,7. V. 19. 1 M\u00f3s. b. 22,12.  V. 20. 1 M\u00f3s. b. 27,28.29.  V. 21. 1 M\u00f3s. b. 48,15. Kap. 47,31.  V. 22. 1 M\u00f3s. b. 50,24.  V. 23. 2 M\u00f3s. 2,2. Post. g. b. 7,20.21. Kap. 5,29.  V. 24. 2 M\u00f3s. b. 2,11.12.  V. 25. S\u00e1lm. 84,11.  V. 26. \u00de. e. l\u00edka vanvir\u00f0u og Kristur lei\u00f0.  V. 27. 2 M\u00f3s. b. 2,15. 12,41. J\u00f3h. 20,29.  V. 28. 2 M\u00f3s. b. 12,18.  V. 29. 2 M\u00f3s. b. 14,22.  V. 30. \u00de. e. J\u00f3s\u00faa. J\u00f3s. 6,20.  V. 31. J\u00f3s. 2,19. 6,20.  V. 32. D\u00f3m. b. 6,11. 4,6. 13,24. 11,6.9. 1 Sam. b. 13,14. 17,45. Kap. 1,20.  V. 33. 2 Sam. b. 8,1. 10,19. 7,12. Hebr. 10,36. Dan. 6,23.  V. 34. Dan. 3,25. 1 Sam. b. 19,12. 20,1. 2 K\u00f3ng. b. 20,7. Job. 42,10. S\u00e1lm. 6,9. D\u00f3m. b. 7,11.20. 1 Sam. 14,6.16. D\u00f3m. b. 15,15. V. 35. 1 K\u00f3ng. b. 17,23. 2 K\u00f3ng. b. 4,36. 2 Makkab. b. 6,19.28. 7,1. fl.  V. 36. Jer. 20,2.  V. 37. 1 K\u00f3ng. b. 21,13. 2 K\u00f3ng. b. 1,8. 1 Kor. 4,11.  V. 39. v. 2.<\/div>\n","protected":false},"excerpt":{"rendered":"<p>Tr\u00faarinnar \u00e1g\u00e6ti. 1En tr\u00fain er \u00f6rugg eftirv\u00e6nting \u00feeirra hluta, sem ma\u00f0ur vonar og sannf\u00e6ring um \u00fea\u00f0, sem hann ekki s\u00e9r.2Hennar vegna ver\u00f0ur \u00feeim fyrri m\u00f6nnum hr\u00f3sa\u00f0.3Fyrir tr\u00fana fullvissumst v\u00e9r um a\u00f0 heimurinn s\u00e9 skapa\u00f0ur fyrir Gu\u00f0s or\u00f0, \u00e1 \u00feann h\u00e1tt, a\u00f0 \u00fea\u00f0 s\u00fdnilega s\u00e9 til or\u00f0i\u00f0 af \u00fev\u00ed \u00f3s\u00fdnilega.4Vegna Abels tr\u00faar, mat Gu\u00f0 f\u00f3rn \u00fe\u00e1, er hann f\u00e6r\u00f0i honum fram yfir Kains, hennar vegna f\u00e9kk hann vitnisbur\u00f0 a\u00f0 hann v\u00e6ri r\u00e9ttl\u00e1tur, \u00fev\u00ed Gu\u00f0 l\u00fdsti vel\u00fe\u00f3knun sinni yfir offri hans; h\u00fan gj\u00f6rir \u00fea\u00f0, og a\u00f0 hann enn n\u00fa talar af a) gr\u00f6f sinni.5Vegna tr\u00faar sinnar var Enok burtnuminn, a\u00f0 hann ekki <a href=\"https:\/\/biblian.is\/videy\/hebreabrefid-11-kafli\/\"> [&#8230;]<\/a><\/p>\n","protected":false},"author":1,"featured_media":0,"parent":0,"menu_order":0,"comment_status":"open","ping_status":"open","template":"bibliukaflar.php","meta":{"footnotes":""},"class_list":["post-21993","page","type-page","status-publish","hentry"],"_links":{"self":[{"href":"https:\/\/biblian.is\/videy\/wp-json\/wp\/v2\/pages\/21993","targetHints":{"allow":["GET"]}}],"collection":[{"href":"https:\/\/biblian.is\/videy\/wp-json\/wp\/v2\/pages"}],"about":[{"href":"https:\/\/biblian.is\/videy\/wp-json\/wp\/v2\/types\/page"}],"author":[{"embeddable":true,"href":"https:\/\/biblian.is\/videy\/wp-json\/wp\/v2\/users\/1"}],"replies":[{"embeddable":true,"href":"https:\/\/biblian.is\/videy\/wp-json\/wp\/v2\/comments?post=21993"}],"version-history":[{"count":0,"href":"https:\/\/biblian.is\/videy\/wp-json\/wp\/v2\/pages\/21993\/revisions"}],"wp:attachment":[{"href":"https:\/\/biblian.is\/videy\/wp-json\/wp\/v2\/media?parent=21993"}],"curies":[{"name":"wp","href":"https:\/\/api.w.org\/{rel}","templated":true}]}}