{"id":21992,"date":"2018-01-02T01:05:07","date_gmt":"2018-01-02T01:05:07","guid":{"rendered":"http:\/\/biblian.is\/videy\/hebreabrefid-10-kafli\/"},"modified":"2018-01-02T01:05:07","modified_gmt":"2018-01-02T01:05:07","slug":"hebreabrefid-10-kafli","status":"publish","type":"page","link":"https:\/\/biblian.is\/videy\/hebreabrefid-10-kafli\/","title":{"rendered":"Hebreabr\u00e9fi\u00f0 10. kafli"},"content":{"rendered":"<div class=\"fyrirsognVidey\">Sama efni. Upp\u00f6rvan til st\u00f6\u00f0uglyndis \u00ed tr\u00fanni.<\/div>\n<p><a name=\"1\"><span class=\"versanumer\">1<\/span><\/a>\u00dev\u00ed l\u00f6gm\u00e1li\u00f0, sem einungis hefir skugga tilkomandi g\u00e6\u00f0a, en ekki \u00feeirra sk\u00edra mynd, megnar enganveginn me\u00f0 \u00feeim s\u00f6mu f\u00f3rnum, er \u00e1rlega ver\u00f0a frambornar \u00e1n afl\u00e1ts, fullkomlega a\u00f0 hreinsa f\u00f3rnf\u00e6rendurnar.<a name=\"2\"><span class=\"versanumer\">2<\/span><\/a>\u00dev\u00ed hef\u00f0i ekki annars veri\u00f0 h\u00e6tt vi\u00f0 a\u00f0 frambera \u00fe\u00e6r, \u00fear f\u00f3rnf\u00e6rendurnir hef\u00f0u ekki framar haft nokkra samviskustingi, eftir \u00fea\u00f0 \u00feeir eitt sinn voru or\u00f0nir hreinsa\u00f0ir.<a name=\"3\"><span class=\"versanumer\">3<\/span><\/a>Sl\u00edkar f\u00f3rnf\u00e6ringar \u00fe\u00e9na miklu framar til \u00feess a\u00f0 endurn\u00fdja \u00e1rlega syndanna endurminningu.<a name=\"4\"><span class=\"versanumer\">4<\/span><\/a>\u00dev\u00ed \u00fea\u00f0 er \u00f3m\u00f6gulegt a\u00f0 uxa- og hafrabl\u00f3\u00f0 geti afm\u00e1\u00f0 syndir.<a name=\"5\"><span class=\"versanumer\">5<\/span><\/a>\u00dear fyrir, \u00fe\u00e1 Mess\u00edas er afm\u00e1la\u00f0ur, svo sem komandi \u00ed heiminn, er hann l\u00e1tinn kve\u00f0a svo a\u00f0 or\u00f0i: offur og f\u00f3rnir ge\u00f0jast \u00fe\u00e9r ekki, en <span class='VideyAth'>a)<\/span> l\u00edkama tilbj\u00f3st\u00fa m\u00e9r.<a name=\"6\"><span class=\"versanumer\">6<\/span><\/a>\u00c1 brennif\u00f3rnum og syndaoffri hefir \u00fe\u00fa enga vel\u00fe\u00f3knun.<a name=\"7\"><span class=\"versanumer\">7<\/span><\/a>\u00de\u00e1 sag\u00f0i eg, eins og um mig stendur skrifa\u00f0 \u00ed b\u00f3kinni: sj\u00e1! eg kem, Gu\u00f0! \u00feinn vilja a\u00f0 gj\u00f6ra.<a name=\"8\"><span class=\"versanumer\">8<\/span><\/a>\u00de\u00e1 hann fyrst hefir sagt, a\u00f0 \u00fe\u00fa hv\u00f6rki viljir, n\u00e9 hefir \u00fe\u00f3knun \u00e1 offrum, f\u00f3rnf\u00e6ringum, brennif\u00f3rnum n\u00e9 syndaoffrum, sem \u00fe\u00f3 eiga a\u00f0 framberast eftir M\u00f3sis l\u00f6gum.<a name=\"9\"><span class=\"versanumer\">9<\/span><\/a>\u00de\u00e1 segir hann: sj\u00e1! eg kem a\u00f0 gj\u00f6ra \u00feinn vilja; hann burttekur \u00fea\u00f0 fyrra til a\u00f0 sta\u00f0festa \u00fea\u00f0 s\u00ed\u00f0ara.<a name=\"10\"><span class=\"versanumer\">10<\/span><\/a>Fyrir \u00feennan Gu\u00f0s vilja erum v\u00e9r helga\u00f0ir me\u00f0 f\u00f3rnf\u00e6ringu l\u00edkama Jes\u00fa Krists, sem einu sinni er sken.<a name=\"11\"><span class=\"versanumer\">11<\/span><\/a>S\u00e9rhv\u00f6r prestur kemur fram til \u00feess daglega a\u00f0 fremja gu\u00f0s\u00fej\u00f3nustu og frambera oftlega hinar s\u00f6mu f\u00f3rnir, er \u00fe\u00f3 enganveginn geta afreka\u00f0 synda kvittun.<a name=\"12\"><span class=\"versanumer\">12<\/span><\/a>En \u00fe\u00e1 hann haf\u00f0i f\u00e6rt eina einustu synda f\u00f3rn, situr hann a\u00f0 eil\u00edfu til Gu\u00f0s h\u00e6gri handar<a name=\"13\"><span class=\"versanumer\">13<\/span><\/a>og b\u00ed\u00f0ur framvegis \u00feanga\u00f0 til \u00f3vinir hans ver\u00f0a gj\u00f6r\u00f0ir a\u00f0 hans f\u00f3task\u00f6r.<a name=\"14\"><span class=\"versanumer\">14<\/span><\/a>\u00dev\u00ed me\u00f0 einni f\u00f3rn, hefir hann a\u00f0 eil\u00edfu fullkomna gj\u00f6rt \u00fe\u00e1, er helga\u00f0ir ver\u00f0a.<a name=\"15\"><span class=\"versanumer\">15<\/span><\/a>Um \u00feetta fullvissar oss og svo heilagur Andi;<a name=\"16\"><span class=\"versanumer\">16<\/span><\/a>\u00fev\u00ed eftir \u00feessi or\u00f0: \u00feetta er s\u00e1ttm\u00e1li s\u00e1, er eg eftirlei\u00f0is vil semja vi\u00f0 \u00fe\u00e1, segir Drottinn, mitt l\u00f6gm\u00e1l vil eg innr\u00e6ta \u00ed hj\u00f6rtu \u00feeirra og skrifa \u00fea\u00f0 \u00ed \u00feeirra hugskot;<a name=\"17\"><span class=\"versanumer\">17<\/span><\/a>og eg vil ekki framar minnast synda \u00feeirra, n\u00e9 misbrota.<a name=\"18\"><span class=\"versanumer\">18<\/span><\/a>Hvar \u00feetta er fyrirgefi\u00f0, \u00fear er ekki framar \u00fe\u00f6rf f\u00f3rnf\u00e6ringar vegna syndanna. <br \/><a name=\"19\"><span class=\"versanumer\">19<\/span><\/a>\u00dear v\u00e9r br\u00e6\u00f0ur! fyrir Jes\u00fa bl\u00f3\u00f0 h\u00f6fum dj\u00f6rfung til a\u00f0 innganga \u00ed \u00fea\u00f0 allra helgasta,<a name=\"20\"><span class=\"versanumer\">20<\/span><\/a>hv\u00f6rt hann hefur opna\u00f0 oss n\u00fdjan og s\u00e1luhj\u00e1lplegan veg gegnum fortjaldi\u00f0, \u00fea\u00f0 er: hans eigin l\u00edkama;<a name=\"21\"><span class=\"versanumer\">21<\/span><\/a>og \u00fear v\u00e9r h\u00f6fum einn mikinn prest yfir Drottins h\u00fasi;<a name=\"22\"><span class=\"versanumer\">22<\/span><\/a>\u00fe\u00e1 l\u00e1tum oss \u00fea\u00f0 n\u00e1lgast me\u00f0 einl\u00e6gum hj\u00f6rtum og \u00f6ruggu tr\u00faar trausti, a\u00f0 hreinsu\u00f0um vorum hj\u00f6rtum fr\u00e1 vondri samvisku.<a name=\"23\"><span class=\"versanumer\">23<\/span><\/a>Og l\u00e1tum oss, a\u00f0 laugu\u00f0um vorum l\u00edkama \u00ed hreinu vatni, halda fast vi\u00f0 j\u00e1tningu vorrar vonar, \u00fev\u00ed tr\u00far er s\u00e1, sem fyrirheiti\u00f0 hefir gefi\u00f0;<a name=\"24\"><span class=\"versanumer\">24<\/span><\/a>og gefum g\u00e6tur hv\u00f6rjir a\u00f0 \u00f6\u00f0rum, til \u00feess a\u00f0 upp\u00f6rva oss til k\u00e6rleika og g\u00f3\u00f0ra verka;<a name=\"25\"><span class=\"versanumer\">25<\/span><\/a>og yfirgefum ekki vorn s\u00f6fnu\u00f0, sem sumra er si\u00f0ur, heldur upp\u00f6rvum hann og \u00fea\u00f0 \u00fev\u00ed framar, sem \u00fe\u00e9r sj\u00e1i\u00f0 a\u00f0 dagurinn n\u00e1lgast meir.<a name=\"26\"><span class=\"versanumer\">26<\/span><\/a>\u00dev\u00ed ef v\u00e9r syndgum af \u00e1settu r\u00e1\u00f0i eftir \u00fea\u00f0 v\u00e9r h\u00f6fum \u00f6\u00f0last \u00feekkingu sannleikans, \u00fe\u00e1 gefst engin f\u00f3rn framar fyrir syndirnar,<a name=\"27\"><span class=\"versanumer\">27<\/span><\/a>heldur \u00f3ttaleg eftirbi\u00f0 d\u00f3msins og brennandi vandl\u00e6ting, sem tort\u00fdna mun hinum \u00feverbrotnu.<a name=\"28\"><span class=\"versanumer\">28<\/span><\/a>Hlj\u00f3ti s\u00e1, sem yfirtre\u00f0ur M\u00f3sis l\u00f6g, \u00e1n allrar v\u00e6g\u00f0ar a\u00f0 missa l\u00edfi\u00f0, eftir tveggja e\u00f0a \u00feriggja votta vitnisbur\u00f0i:<a name=\"29\"><span class=\"versanumer\">29<\/span><\/a>hve miklu \u00feyngra straffi haldi\u00f0 \u00fe\u00e9r ekki s\u00e1 s\u00e6ta muni, er Son Gu\u00f0s f\u00f3tum tre\u00f0ur og \u00e1l\u00edtur s\u00e1ttm\u00e1lans bl\u00f3\u00f0, me\u00f0 hv\u00f6rju hann er helga\u00f0ur, ekki heilagra en hv\u00f6rt anna\u00f0 og sm\u00e1nar anda n\u00e1\u00f0arinnar.<a name=\"30\"><span class=\"versanumer\">30<\/span><\/a>\u00dev\u00ed v\u00e9r vitum hv\u00f6r sagt hefir: \u00fea\u00f0 er mitt a\u00f0 hefna, eg vil endurgjalda, segir Drottinn, og enn aftur: Drottinn mun d\u00e6ma sitt f\u00f3lk.<a name=\"31\"><span class=\"versanumer\">31<\/span><\/a>Skelfilegt er a\u00f0 falla \u00ed hendur lifanda Gu\u00f0s.<a name=\"32\"><span class=\"versanumer\">32<\/span><\/a>Endurminnist hinna fyrri daganna, \u00e1 hv\u00f6rjum \u00fe\u00e9r m\u00e1ttu\u00f0 \u00feola svo margar \u00ferengingar, eftir \u00fea\u00f0 \u00fe\u00e9r voru\u00f0 or\u00f0nir uppl\u00fdstir,<a name=\"33\"><span class=\"versanumer\">33<\/span><\/a>\u00fe\u00e1 \u00fe\u00e9r \u00fdmist \u00ed allra augs\u00fdn m\u00e1ttu\u00f0 s\u00e6ta sm\u00e1n og p\u00ednslum, en anna\u00f0 veifi\u00f0 taka \u00fe\u00e1tt \u00ed \u00feeirra kj\u00f6rum, er \u00feannig voru me\u00f0h\u00f6ndla\u00f0ir.<a name=\"34\"><span class=\"versanumer\">34<\/span><\/a>\u00dev\u00ed \u00fe\u00e9r h\u00f6f\u00f0u\u00f0 samp\u00edningu me\u00f0 \u00feeim f\u00f6ngnu og t\u00f3ku\u00f0 me\u00f0 gle\u00f0i m\u00f3ti missir fj\u00e1rmuna y\u00f0varra, af \u00fev\u00ed \u00fe\u00e9r vissu\u00f0, a\u00f0 \u00fe\u00e9r \u00e1ttu\u00f0 betri og varanlegri fj\u00e1rsj\u00f3\u00f0 \u00e1 himnum.<a name=\"35\"><span class=\"versanumer\">35<\/span><\/a>Kasti\u00f0 \u00fev\u00ed ekki burt y\u00f0ar \u00f6rugga m\u00f3\u00f0i, hv\u00f6rt mikil laun mun \u00f6\u00f0last.<a name=\"36\"><span class=\"versanumer\">36<\/span><\/a>\u00dev\u00ed \u00e1 \u00feolg\u00e6\u00f0i hafi\u00f0 \u00fe\u00e9r \u00fe\u00f6rf, svo a\u00f0 \u00fe\u00e9r \u00far b\u00fdtum beri\u00f0 \u00feau fyrirheitnu g\u00e6\u00f0i, fyrir \u00fea\u00f0 \u00fe\u00e9r hafi\u00f0 gj\u00f6rt Gu\u00f0s vilja.<a name=\"37\"><span class=\"versanumer\">37<\/span><\/a>\u00dev\u00ed innan harla skamms t\u00edma mun s\u00e1 koma, sem v\u00e6ntanlegur er og ekki tefja. <br \/><a name=\"38\"><span class=\"versanumer\">38<\/span><\/a>En s\u00e1 r\u00e9ttl\u00e1ti af tr\u00fa sinni mun h\u00f3lpinn ver\u00f0a, en dragi nokkur sig \u00ed hl\u00e9, mun s\u00e1la m\u00edn enga ge\u00f0\u00feekkni \u00e1 \u00feeim hafa,<a name=\"39\"><span class=\"versanumer\">39<\/span><\/a>en v\u00e9r erum ekki af \u00feeim, er sig \u00ed hl\u00e9 draga sj\u00e1lfum \u00feeim til fort\u00f6punar, heldur af \u00feeim, sem tr\u00faa s\u00e9r til s\u00e1luhj\u00e1lpar.<\/p>\n<div class=\"footnoteVidey\">V. 1. \u00de. e. s\u00fa m\u00f3sa\u00edska gu\u00f0s\u00fej\u00f3nusta. K\u00f3l. 2,16.17. Hebr. 7,19.  V. 4. 3 M\u00f3s. b. 16,14.18. 4 M\u00f3s. b. 19,4.  V. 5. S\u00e1lm. 40,7. 50,9. Esa. 1,11. Amos. 5,21. a. \u00de. e. \u00feann l\u00edkama, sem eg g\u00e6ti \u00fe\u00e9r f\u00f3rnf\u00e6rt.  V. 9. S\u00e1lm. 40,8.9.  V. 10. v. 14.  V. 11. v. 1.  V. 12. Kap. 1,3.13. 8,1.  V. 13. Kap. 2,8. Efes. 1,20.  V. 14. Kap. 9,12.25.  V. 16. Jer. 31,33. fl. R\u00f3m. 11,27. J\u00f3h. 6,45.  V. 19. J\u00f3h. 10,9. Efes. 2,13.18.  V. 20. J\u00f3h. 14,6. Hebr. 9,8.  V. 21. Efes. 3,12. Hebr. 4,16. Kap. 13,18.  V. 23. Kap. 4,14. 1 Kor. 1,9. 1 Tess. 5,24.  V. 25. K\u00f3l. 3.16. 1 Kor. 10,11. \u00de. e. Mess\u00edasar koma.  V. 26. 1 M\u00f3s. b. 15,30. Matt. 12,31. fl.  V. 27. Esekk. 36,5. Seff. 1,18. 3,8.  V. 28. 4 M\u00f3s. 35,30. 5 M\u00f3s. b. 11,6. fl.  V. 29. Kap. 2,3. 12,25. 1 Kor. 11,25.  V. 30. 5 M\u00f3s. b. 32,35. v. 36. S\u00e1lm. 50,4.  V. 32. Gal. 3,4. Fil. 1,29.30.  V. 34. Post. g. b. 5,41. Jak. 1,2. Matt. 5,12. Kap. 6,20. fl.  V. 35. Matt. 10,32.  V. 36. L\u00fak. 21,19. Hebr. 6,12.  V. 38. R\u00f3m. 1,17.<\/div>\n","protected":false},"excerpt":{"rendered":"<p>Sama efni. Upp\u00f6rvan til st\u00f6\u00f0uglyndis \u00ed tr\u00fanni. 1\u00dev\u00ed l\u00f6gm\u00e1li\u00f0, sem einungis hefir skugga tilkomandi g\u00e6\u00f0a, en ekki \u00feeirra sk\u00edra mynd, megnar enganveginn me\u00f0 \u00feeim s\u00f6mu f\u00f3rnum, er \u00e1rlega ver\u00f0a frambornar \u00e1n afl\u00e1ts, fullkomlega a\u00f0 hreinsa f\u00f3rnf\u00e6rendurnar.2\u00dev\u00ed hef\u00f0i ekki annars veri\u00f0 h\u00e6tt vi\u00f0 a\u00f0 frambera \u00fe\u00e6r, \u00fear f\u00f3rnf\u00e6rendurnir hef\u00f0u ekki framar haft nokkra samviskustingi, eftir \u00fea\u00f0 \u00feeir eitt sinn voru or\u00f0nir hreinsa\u00f0ir.3Sl\u00edkar f\u00f3rnf\u00e6ringar \u00fe\u00e9na miklu framar til \u00feess a\u00f0 endurn\u00fdja \u00e1rlega syndanna endurminningu.4\u00dev\u00ed \u00fea\u00f0 er \u00f3m\u00f6gulegt a\u00f0 uxa- og hafrabl\u00f3\u00f0 geti afm\u00e1\u00f0 syndir.5\u00dear fyrir, \u00fe\u00e1 Mess\u00edas er afm\u00e1la\u00f0ur, svo sem komandi \u00ed heiminn, er hann l\u00e1tinn kve\u00f0a svo a\u00f0 or\u00f0i: offur <a href=\"https:\/\/biblian.is\/videy\/hebreabrefid-10-kafli\/\"> [&#8230;]<\/a><\/p>\n","protected":false},"author":1,"featured_media":0,"parent":0,"menu_order":0,"comment_status":"open","ping_status":"open","template":"bibliukaflar.php","meta":{"footnotes":""},"class_list":["post-21992","page","type-page","status-publish","hentry"],"_links":{"self":[{"href":"https:\/\/biblian.is\/videy\/wp-json\/wp\/v2\/pages\/21992","targetHints":{"allow":["GET"]}}],"collection":[{"href":"https:\/\/biblian.is\/videy\/wp-json\/wp\/v2\/pages"}],"about":[{"href":"https:\/\/biblian.is\/videy\/wp-json\/wp\/v2\/types\/page"}],"author":[{"embeddable":true,"href":"https:\/\/biblian.is\/videy\/wp-json\/wp\/v2\/users\/1"}],"replies":[{"embeddable":true,"href":"https:\/\/biblian.is\/videy\/wp-json\/wp\/v2\/comments?post=21992"}],"version-history":[{"count":0,"href":"https:\/\/biblian.is\/videy\/wp-json\/wp\/v2\/pages\/21992\/revisions"}],"wp:attachment":[{"href":"https:\/\/biblian.is\/videy\/wp-json\/wp\/v2\/media?parent=21992"}],"curies":[{"name":"wp","href":"https:\/\/api.w.org\/{rel}","templated":true}]}}