{"id":21991,"date":"2018-01-02T01:05:07","date_gmt":"2018-01-02T01:05:07","guid":{"rendered":"http:\/\/biblian.is\/videy\/hebreabrefid-9-kafli\/"},"modified":"2018-01-02T01:05:07","modified_gmt":"2018-01-02T01:05:07","slug":"hebreabrefid-9-kafli","status":"publish","type":"page","link":"https:\/\/biblian.is\/videy\/hebreabrefid-9-kafli\/","title":{"rendered":"Hebreabr\u00e9fi\u00f0 9. kafli"},"content":{"rendered":"<div class=\"fyrirsognVidey\">F\u00f3rnf\u00e6ringar Gamla Testamentisins voru \u00f3n\u00f3gar. En s\u00fa f\u00f3rn, sem Kristur frambar, fulln\u00f3g.<\/div>\n<p><a name=\"1\"><span class=\"versanumer\">1<\/span><\/a>A\u00f0 v\u00edsu haf\u00f0i s\u00e1 fyrri s\u00e1ttm\u00e1li reglugj\u00f6r\u00f0ir fyrir gu\u00f0s\u00fej\u00f3nustunni og jar\u00f0neskan helgid\u00f3m.<a name=\"2\"><span class=\"versanumer\">2<\/span><\/a>\u00dev\u00ed \u00ed fremra hluta tjaldb\u00fa\u00f0arinnar, er kalla\u00f0ist \u00fea\u00f0 heilaga, var kertahj\u00e1lmurinn og bor\u00f0i\u00f0 og sko\u00f0unarbrau\u00f0in<a name=\"3\"><span class=\"versanumer\">3<\/span><\/a>og bak vi\u00f0 \u00fea\u00f0 innra fortjald, var hinn annar hluti, er kalla\u00f0ist \u00fea\u00f0 allra helgasta,<a name=\"4\"><span class=\"versanumer\">4<\/span><\/a>\u00ed hv\u00f6rjum var \u00fea\u00f0 gulllega reykelsisker og s\u00e1ttm\u00e1ls\u00f6rkin, er alla vega var gulli b\u00fain, \u00ed henni var gullfatan me\u00f0 manna \u00ed og s\u00e1 bl\u00f3mga\u00f0i Arons v\u00f6ndur og l\u00f6gm\u00e1lsspj\u00f6ldin.<a name=\"5\"><span class=\"versanumer\">5<\/span><\/a>Uppyfir s\u00e1ttm\u00e1ls \u00f6rkinni voru \u00feeir d\u00fdr\u00f0legu ker\u00fabim, sem yfirskygg\u00f0u loki\u00f0 \u00e1 s\u00e1ttm\u00e1ls\u00f6rkinni, fr\u00e1 hv\u00f6rju h\u00e9r ekki gj\u00f6rist \u00fe\u00f6rf a\u00f0 sk\u00edra s\u00e9r \u00ed lagi.<a name=\"6\"><span class=\"versanumer\">6<\/span><\/a>Sem n\u00fa \u00feetta var \u00feannig tilreitt, gengu prestarnir, er framkv\u00e6mdu gu\u00f0s\u00fej\u00f3nustuna daglega inn \u00ed frammusteri\u00f0.<a name=\"7\"><span class=\"versanumer\">7<\/span><\/a>En \u00ed innra hluta musterisins, gekk einungis s\u00e1 ypparsti prestur eitt sinn \u00e1 \u00e1ri hv\u00f6rju, ekki \u00e1n bl\u00f3\u00f0s, er hann offra skyldi fyrir s\u00ednar og f\u00f3lksins syndir,<a name=\"8\"><span class=\"versanumer\">8<\/span><\/a>me\u00f0 hv\u00f6rju hinn helgi Andi vildi s\u00fdna, a\u00f0 vegurinn til \u00feess allra helgasta st\u00e6\u00f0i enn \u00fe\u00e1 ekki opinn, svo lengi s\u00fa fyrri tjaldb\u00fa\u00f0 enn \u00fe\u00e1 st\u00f3\u00f0 vi\u00f0 l\u00fd\u00f0i,<a name=\"9\"><span class=\"versanumer\">9<\/span><\/a>hv\u00f6r einungis vera skyldi sem fyrirmynd allt til vorra t\u00edma, \u00fe\u00e1 g\u00e1fur og f\u00f3rnir framberast, sem \u00fe\u00f3 ekki megna, hva\u00f0 samviskuna snertir, a\u00f0 gj\u00f6ra \u00feann fullkominn, sem a\u00f0 gu\u00f0s\u00fej\u00f3nustunni vinnur,<a name=\"10\"><span class=\"versanumer\">10<\/span><\/a>hv\u00f6rs gu\u00f0sd\u00fdrkan einungis er \u00ed \u00fev\u00ed f\u00f3lgin a\u00f0 halda s\u00e9r fr\u00e1 vissri f\u00e6\u00f0u og drykk,og \u00ed \u00fdmislegum \u00fevottum, hv\u00f6rjar tilskipanir l\u00edkamann \u00e1hr\u00e6randi einungis voru l\u00f6gbo\u00f0nar, \u00feanga\u00f0 til n\u00fd endurb\u00f3t yr\u00f0i \u00fear \u00e1 gj\u00f6r\u00f0.<a name=\"11\"><span class=\"versanumer\">11<\/span><\/a>En \u00fe\u00e1 Kristur kom, sem ypparsti prestur, er oss skyldi afreka \u00feau tilkomandi g\u00e6\u00f0i, gekk hann \u00ed gegnum hina st\u00e6rri og fullkomnari tjaldb\u00fa\u00f0, sem ekki er me\u00f0 h\u00f6ndum gj\u00f6r\u00f0, \u00fea\u00f0 er: ekki bygg\u00f0 upp \u00e1 jar\u00f0neska v\u00edsu,<a name=\"12\"><span class=\"versanumer\">12<\/span><\/a>hafandi hv\u00f6rki hafra- n\u00e9 uxabl\u00f3\u00f0, heldur gekk hann eitt sinn me\u00f0 sitt eigi\u00f0 bl\u00f3\u00f0 inn \u00ed \u00fea\u00f0 allra helgasta og afreka\u00f0i oss eil\u00edfa endurlausn.<a name=\"13\"><span class=\"versanumer\">13<\/span><\/a>Hafi uxa- og hafrabl\u00f3\u00f0 og aska brenndrar kv\u00edgu, sem st\u00f6kkt var \u00e1 \u00fe\u00e1, er \u00f3hreinir h\u00f6f\u00f0u gj\u00f6rst, hreinsa\u00f0 \u00fe\u00e1, er \u00fatvortis voru \u00f3hreinir,<a name=\"14\"><span class=\"versanumer\">14<\/span><\/a>hv\u00f6rsu miklu framar mun \u00fe\u00e1 bl\u00f3\u00f0i\u00f0 Krists, er \u00ed krafti \u00feess eil\u00edfa Anda f\u00f3rnf\u00e6r\u00f0i sj\u00e1lfan sig Gu\u00f0i \u00f3flekka\u00f0an, hreinsa vora samvisku af saurugum verkum, svo a\u00f0 v\u00e9r \u00fej\u00f3num \u00feeim lifanda Gu\u00f0i.<a name=\"15\"><span class=\"versanumer\">15<\/span><\/a>Og \u00feess vegna er hann me\u00f0algangari n\u00fds testamentis, a\u00f0 \u00fe\u00e1 hann v\u00e6ri d\u00e1inn til forl\u00edkunar fyrir \u00feau afbrot, sem ske\u00f0u undir \u00feeim fyrra s\u00e1ttm\u00e1la, allir \u00feeir, sem kalla\u00f0ir voru, f\u00e1 kynnu \u00fe\u00e1 eil\u00edfu arfleif\u00f0, sem \u00feeim var heitin.<a name=\"16\"><span class=\"versanumer\">16<\/span><\/a>\u00dev\u00ed hvar eitt testament \u00e1 a\u00f0 geta fengi\u00f0 sinn fulla kraft, \u00fear hl\u00fdtur \u00feess dau\u00f0i a\u00f0 vera hlj\u00f3\u00f0b\u00e6r, er \u00fea\u00f0 gj\u00f6r\u00f0i.<a name=\"17\"><span class=\"versanumer\">17<\/span><\/a>\u00dev\u00ed eitt testament f\u00e6r fyrst kraft vi\u00f0 eins dau\u00f0a, en gildir enganveginn me\u00f0an s\u00e1 lifir, er \u00fea\u00f0 gj\u00f6r\u00f0i.<a name=\"18\"><span class=\"versanumer\">18<\/span><\/a>\u00deess vegna var ekki heldur hinn fyrri s\u00e1ttm\u00e1li saminn \u00e1n bl\u00f3\u00f0s.<a name=\"19\"><span class=\"versanumer\">19<\/span><\/a>\u00dev\u00ed \u00fe\u00e1 M\u00f3ses haf\u00f0i lesi\u00f0 upp \u00f6ll bo\u00f0or\u00f0 l\u00f6gm\u00e1lsins fyrir f\u00f3lkinu, t\u00f3k hann uxa- og hafrabl\u00f3\u00f0 \u00e1samt vatni og skarlatsrau\u00f0ri ullu og \u00eds\u00f3pi og st\u00f6kkti \u00e1 sj\u00e1lfa l\u00f6gb\u00f3kina og allt f\u00f3lki\u00f0, svo m\u00e6landi:<a name=\"20\"><span class=\"versanumer\">20<\/span><\/a>\u00deetta er bl\u00f3\u00f0 \u00feess s\u00e1ttm\u00e1la, sem Gu\u00f0 hefir sami\u00f0 vi\u00f0 y\u00f0ur.<a name=\"21\"><span class=\"versanumer\">21<\/span><\/a>S\u00f6mulei\u00f0is st\u00f6kkti hann bl\u00f3\u00f0i \u00e1 samkundutjaldb\u00fa\u00f0ina og \u00f6ll \u00e1h\u00f6ld gu\u00f0s\u00fej\u00f3nustugj\u00f6r\u00f0arinnar.<a name=\"22\"><span class=\"versanumer\">22<\/span><\/a>Og eftir M\u00f3sisl\u00f6gum, hl\u00fdtur n\u00e6rfellt allt a\u00f0 hreinsast me\u00f0 bl\u00f3\u00f0i og \u00e1n bl\u00f3\u00f0s\u00fathellingar ske\u00f0ur enginn fyrirgefning.<a name=\"23\"><span class=\"versanumer\">23<\/span><\/a>H\u00e9r af fl\u00fdtur \u00fea\u00f0, a\u00f0 fyrst fyrirmynd \u00feess himneska ver\u00f0ur a\u00f0 hreinsast me\u00f0 sl\u00edkum hlutum, \u00fe\u00e1 hl\u00fdtur \u00fea\u00f0 himneska sj\u00e1lft a\u00f0 hreinsast me\u00f0 \u00feeirri f\u00f3rn, er langt yfirgangi \u00fe\u00e6r jar\u00f0nesku.<a name=\"24\"><span class=\"versanumer\">24<\/span><\/a>\u00dev\u00ed Kristur er ekki inngenginn \u00ed \u00feann helgid\u00f3m, er me\u00f0 h\u00f6ndum s\u00e9 gj\u00f6r\u00f0ur og sem einungis s\u00e9 eftirmynd \u00feess sannkalla\u00f0a helgid\u00f3ms, heldur er hann inngenginn \u00ed sj\u00e1lfan himininn, til \u00feess n\u00fa a\u00f0 birtast fyrir Gu\u00f0s augliti vor vegna.<a name=\"25\"><span class=\"versanumer\">25<\/span><\/a>Ekki gekk hann heldur \u00fear inn til \u00feess a\u00f0 f\u00f3rnf\u00e6ra s\u00e9r oftar en einu sinni, eins og s\u00e1 ypparsti prestur gengur einu sinni \u00e1 hv\u00f6rju \u00e1ri inn \u00ed \u00fea\u00f0 allra helgasta me\u00f0 annarlegu bl\u00f3\u00f0i.<a name=\"26\"><span class=\"versanumer\">26<\/span><\/a><span class='VideyAth'>(\u00dev\u00ed annars hef\u00f0i hann oftlega m\u00e1tt p\u00ednslir l\u00ed\u00f0a fr\u00e1 \u00fev\u00ed heimurinn var skapa\u00f0ur)<\/span> heldur birtist hann \u00fear n\u00fa \u00ed eitt einasta skipti undir endalok veraldar, \u00fe\u00e1 hann f\u00f3rnf\u00e6r\u00f0i sj\u00e1lfum s\u00e9r til syndaafpl\u00e1nunar.<a name=\"27\"><span class=\"versanumer\">27<\/span><\/a>Og eins og m\u00f6nnum er fyrirsett eitt sinn a\u00f0 deyja, en eftir \u00fea\u00f0 er d\u00f3murinn,<a name=\"28\"><span class=\"versanumer\">28<\/span><\/a>\u00feannig er og Kristur eitt sinn f\u00f3rnf\u00e6r\u00f0ur, til \u00feess a\u00f0 burttaka margra syndir, en \u00ed anna\u00f0 sinn mun hann birtast, \u00e1n \u00feess a\u00f0 vera syndaf\u00f3rn \u00f6llum, sem hans v\u00e6nta til frelsunar.<\/p>\n<div class=\"footnoteVidey\">V. 2. 2 M\u00f3s. b. 26,1. fl. Kap. 25,31.  V. 3. 2 M\u00f3s. b. 26,33.  V. 4. 2 M\u00f3s. b. 25,10. 16,33. 4 M\u00f3s. b. 17,8. 2 M\u00f3s. b. 25,21. 34,29. 1 K\u00f3ng. b. 8,9.  V. 5. 2 M\u00f3s. 25,18.  V. 6. 4 M\u00f3s. b. 18,3. fl.  V. 7. 3 M\u00f3s. b. 16,2. fl. Hebr. 5,3.  V. 8. Esa. 35,8. J\u00f3h. 14,6. Hebr. 10,19.20.  V. 10. 1 M\u00f3s. b. 11,2. fl. 4 M\u00f3s. b. 19,7. fl.  V. 11. Kap. 3,1. 4,14.  V. 12. 3 M\u00f3s. b. 16,3. Post. g. b. 20. 20,28. Kap. 10,12.  V. 13. 3 M\u00f3s. b. 16,14. 4 M\u00f3s. b. 19,9. fl.  V. 14. 1 P\u00e9t. 1,10. Opinb. b. 1,5. Gal. 1,4. 2,20. T\u00edt. 2,14. 1 Tess. 1,9. Hebr. 6,1. L\u00fak. 1,74. R\u00f3m. 6,13.  V. 15. Kap. 12,24. 1 T\u00edm.2,5. R\u00f3m. 5,6. Kap. 6,23.  V. 17. Gal. 3,15.  V. 19. 2 M\u00f3s. b. 24,5.6.  V. 20. 2 M\u00f3s. b. 24,8. Matt. 26,28.  V. 21. 2 M\u00f3s. b. 29,21. 3 M\u00f3s.b. 8,15.19.  V. 22. 3 M\u00f3s. b. 17,11. Efes. 7,7.  V. 24. R\u00f3m. 8,34. 1 J\u00f3h. 2,1.  V. 25. 2 M\u00f3s. b. 30,10. 3 M\u00f3s. b. 16,2. fl.  V. 26. v. 12,28. Gal. 4,4.  V. 28. R\u00f3m. 5,6.8.<\/div>\n","protected":false},"excerpt":{"rendered":"<p>F\u00f3rnf\u00e6ringar Gamla Testamentisins voru \u00f3n\u00f3gar. En s\u00fa f\u00f3rn, sem Kristur frambar, fulln\u00f3g. 1A\u00f0 v\u00edsu haf\u00f0i s\u00e1 fyrri s\u00e1ttm\u00e1li reglugj\u00f6r\u00f0ir fyrir gu\u00f0s\u00fej\u00f3nustunni og jar\u00f0neskan helgid\u00f3m.2\u00dev\u00ed \u00ed fremra hluta tjaldb\u00fa\u00f0arinnar, er kalla\u00f0ist \u00fea\u00f0 heilaga, var kertahj\u00e1lmurinn og bor\u00f0i\u00f0 og sko\u00f0unarbrau\u00f0in3og bak vi\u00f0 \u00fea\u00f0 innra fortjald, var hinn annar hluti, er kalla\u00f0ist \u00fea\u00f0 allra helgasta,4\u00ed hv\u00f6rjum var \u00fea\u00f0 gulllega reykelsisker og s\u00e1ttm\u00e1ls\u00f6rkin, er alla vega var gulli b\u00fain, \u00ed henni var gullfatan me\u00f0 manna \u00ed og s\u00e1 bl\u00f3mga\u00f0i Arons v\u00f6ndur og l\u00f6gm\u00e1lsspj\u00f6ldin.5Uppyfir s\u00e1ttm\u00e1ls \u00f6rkinni voru \u00feeir d\u00fdr\u00f0legu ker\u00fabim, sem yfirskygg\u00f0u loki\u00f0 \u00e1 s\u00e1ttm\u00e1ls\u00f6rkinni, fr\u00e1 hv\u00f6rju h\u00e9r ekki gj\u00f6rist \u00fe\u00f6rf a\u00f0 sk\u00edra s\u00e9r \u00ed <a href=\"https:\/\/biblian.is\/videy\/hebreabrefid-9-kafli\/\"> [&#8230;]<\/a><\/p>\n","protected":false},"author":1,"featured_media":0,"parent":0,"menu_order":0,"comment_status":"open","ping_status":"open","template":"bibliukaflar.php","meta":{"footnotes":""},"class_list":["post-21991","page","type-page","status-publish","hentry"],"_links":{"self":[{"href":"https:\/\/biblian.is\/videy\/wp-json\/wp\/v2\/pages\/21991","targetHints":{"allow":["GET"]}}],"collection":[{"href":"https:\/\/biblian.is\/videy\/wp-json\/wp\/v2\/pages"}],"about":[{"href":"https:\/\/biblian.is\/videy\/wp-json\/wp\/v2\/types\/page"}],"author":[{"embeddable":true,"href":"https:\/\/biblian.is\/videy\/wp-json\/wp\/v2\/users\/1"}],"replies":[{"embeddable":true,"href":"https:\/\/biblian.is\/videy\/wp-json\/wp\/v2\/comments?post=21991"}],"version-history":[{"count":0,"href":"https:\/\/biblian.is\/videy\/wp-json\/wp\/v2\/pages\/21991\/revisions"}],"wp:attachment":[{"href":"https:\/\/biblian.is\/videy\/wp-json\/wp\/v2\/media?parent=21991"}],"curies":[{"name":"wp","href":"https:\/\/api.w.org\/{rel}","templated":true}]}}