{"id":21990,"date":"2018-01-02T01:05:07","date_gmt":"2018-01-02T01:05:07","guid":{"rendered":"http:\/\/biblian.is\/videy\/hebreabrefid-8-kafli\/"},"modified":"2018-01-02T01:05:07","modified_gmt":"2018-01-02T01:05:07","slug":"hebreabrefid-8-kafli","status":"publish","type":"page","link":"https:\/\/biblian.is\/videy\/hebreabrefid-8-kafli\/","title":{"rendered":"Hebreabr\u00e9fi\u00f0 8. kafli"},"content":{"rendered":"<div class=\"fyrirsognVidey\">Jes\u00fas er ypparsti prestur \u00e1 himni og mi\u00f0ill \u00feess n\u00fdja s\u00e1ttm\u00e1la, \u00fev\u00ed s\u00e1 eldri er afm\u00e1\u00f0ur.<\/div>\n<p><a name=\"1\"><span class=\"versanumer\">1<\/span><\/a>H\u00f6fu\u00f0 innihald \u00feess, sem sagt hefir veri\u00f0, er \u00feetta: v\u00e9r h\u00f6fum \u00feann ypparsta prest, er situr h\u00e6gramegin vi\u00f0 h\u00e1s\u00e6ti \u00feess alm\u00e1ttuga \u00e1 himnum.<a name=\"2\"><span class=\"versanumer\">2<\/span><\/a>Og sem er prestur helgid\u00f3msins og \u00feeirrar s\u00f6mu tjaldb\u00fa\u00f0ar, hv\u00f6rja Gu\u00f0 sj\u00e1lfur hefir reist, en enginn ma\u00f0ur.<a name=\"3\"><span class=\"versanumer\">3<\/span><\/a>\u00dev\u00ed hv\u00f6r ypparsti prestur er til \u00feess settur a\u00f0 frambera g\u00e1fur og f\u00f3rnir, \u00fev\u00ed ver\u00f0ur \u00feessi svo og a\u00f0 hafa \u00fea\u00f0, er hann frambera kunni.<a name=\"4\"><span class=\"versanumer\">4<\/span><\/a>\u00dev\u00ed hef\u00f0i hann veri\u00f0 jar\u00f0neskur prestur, \u00fe\u00e1 hef\u00f0i hann ekki kunna\u00f0 prestur a\u00f0 vera \u00fear, sem \u00fear eru a\u00f0rir prestar fyrir, sem f\u00e6ra f\u00f3rnir eftir l\u00f6gunum;<a name=\"5\"><span class=\"versanumer\">5<\/span><\/a>\u00feessir fremja gu\u00f0s\u00fej\u00f3nustuna \u00ed \u00fev\u00ed musteri, hv\u00f6rt a\u00f0 er eftirmynd og skuggi \u00feess himneska, eins og M\u00f3si var bo\u00f0i\u00f0 \u00fe\u00e1 hann skyldi fullgj\u00f6ra tjaldb\u00fa\u00f0ina: gef g\u00e6tur a\u00f0, stendur \u00fear, a\u00f0 \u00fe\u00fa gj\u00f6rir allt eftir munstri \u00fev\u00ed, sem \u00fe\u00e9r var s\u00fdnt \u00e1 fjallinu.<a name=\"6\"><span class=\"versanumer\">6<\/span><\/a>En n\u00fa hefir hann fengi\u00f0 \u00feeim mun ypparlegra kennimannsemb\u00e6tti, sem s\u00e1ttm\u00e1li s\u00e1 er ypparlegri, s\u00f6kum \u00feess hann er grundvalla\u00f0ur \u00e1 betri fyrirheitum.<a name=\"7\"><span class=\"versanumer\">7<\/span><\/a>\u00dev\u00ed hef\u00f0i s\u00e1 fyrri s\u00e1ttm\u00e1li veri\u00f0 \u00f3a\u00f0finnanlegur, \u00fe\u00e1 hef\u00f0i ekki eins annars vi\u00f0\u00feurft.<a name=\"8\"><span class=\"versanumer\">8<\/span><\/a>En n\u00fa \u00e1v\u00edtar Gu\u00f0 \u00fe\u00e1 segjandi: sj\u00e1! \u00feeir dagar munu koma, segir Drottinn, \u00fe\u00e1 eg vil semja n\u00fdjan s\u00e1ttm\u00e1la vi\u00f0 \u00cdsraels \u00e6tt og J\u00fad\u00e6 \u00e6tt,<a name=\"9\"><span class=\"versanumer\">9<\/span><\/a>ekki l\u00edkan \u00feeim s\u00e1ttm\u00e1la, er eg gj\u00f6r\u00f0i vi\u00f0 forfe\u00f0ur \u00feeirra \u00e1 \u00feeim degi, \u00fe\u00e1 eg t\u00f3k \u00ed h\u00f6nd \u00feeirra, til \u00feess a\u00f0 lei\u00f0a \u00fe\u00e1 \u00fat af Egyptalandi, \u00fev\u00ed vegna \u00feess \u00feeir h\u00e9ldu ekki minn s\u00e1ttm\u00e1la, \u00fe\u00e1 yfirgaf eg \u00fe\u00e1, segir Drottinn.<a name=\"10\"><span class=\"versanumer\">10<\/span><\/a>En s\u00e1ttm\u00e1li s\u00e1, er eg h\u00e9r eftir mun semja vi\u00f0 \u00cdsraels f\u00f3lk, skal vera \u00e1 \u00fe\u00e1 lei\u00f0, segir Drottinn, a\u00f0 eg mun inngefa mitt l\u00f6gm\u00e1l \u00ed \u00feeirra hugskot og grafa \u00fea\u00f0 \u00e1 \u00feeirra hj\u00f6rtu og eg skal vera \u00feeirra Gu\u00f0 og \u00feeir skulu vera mitt f\u00f3lk,<a name=\"11\"><span class=\"versanumer\">11<\/span><\/a>og \u00fe\u00e1 mun ekki hv\u00f6r landi og br\u00f3\u00f0ir \u00feurfa a\u00f0 \u00e1minna annan segjandi: \u00feekktu Drottin, \u00fev\u00ed allir skulu \u00feekkja mig fr\u00e1 \u00feeim minnsta \u00feeirra \u00e1 me\u00f0al til \u00feess mesta.<a name=\"12\"><span class=\"versanumer\">12<\/span><\/a>\u00dev\u00ed eg mun vera v\u00e6gur vi\u00f0 \u00feeirra yfirtro\u00f0slu og ekki framar minnast synda \u00feeirra og bo\u00f0or\u00f0a brota.<a name=\"13\"><span class=\"versanumer\">13<\/span><\/a>Me\u00f0 \u00fev\u00ed a\u00f0 kalla \u00feetta n\u00fdjan s\u00e1ttm\u00e1la, hefir hann \u00fev\u00ed l\u00fdst, a\u00f0 s\u00e1 fyrri s\u00e9 \u00far gildi genginn, en \u00fea\u00f0, sem gamalt er og fornt, er \u00fev\u00ed n\u00e1l\u00e6gt a\u00f0 l\u00ed\u00f0a undir lok.<\/p>\n<div class=\"footnoteVidey\">V. 1. Kap. 1,3.13. K\u00f3l. 3,1.  V. 2. Kap. 9,8.11.24. 10,20.21.  V. 3. Kap. 5,1. Efes. 5,2.  V. 5. K\u00f3l. 2,17. Hebr. 10,1. 2 M\u00f3s. b. 25,10.  V. 6. Kap. 7,22. 2 Kor. 3,6.  V. 8. Jer. 31,31. fl. 33,14.  V. 9. 2 M\u00f3s. b. 19,5. fl.  V. 10. Jer. 24,7. Sak. 8,8.  V. 11. Esa. 54,13. J\u00f3h. 6,45. Jerem. 31,34.<\/div>\n","protected":false},"excerpt":{"rendered":"<p>Jes\u00fas er ypparsti prestur \u00e1 himni og mi\u00f0ill \u00feess n\u00fdja s\u00e1ttm\u00e1la, \u00fev\u00ed s\u00e1 eldri er afm\u00e1\u00f0ur. 1H\u00f6fu\u00f0 innihald \u00feess, sem sagt hefir veri\u00f0, er \u00feetta: v\u00e9r h\u00f6fum \u00feann ypparsta prest, er situr h\u00e6gramegin vi\u00f0 h\u00e1s\u00e6ti \u00feess alm\u00e1ttuga \u00e1 himnum.2Og sem er prestur helgid\u00f3msins og \u00feeirrar s\u00f6mu tjaldb\u00fa\u00f0ar, hv\u00f6rja Gu\u00f0 sj\u00e1lfur hefir reist, en enginn ma\u00f0ur.3\u00dev\u00ed hv\u00f6r ypparsti prestur er til \u00feess settur a\u00f0 frambera g\u00e1fur og f\u00f3rnir, \u00fev\u00ed ver\u00f0ur \u00feessi svo og a\u00f0 hafa \u00fea\u00f0, er hann frambera kunni.4\u00dev\u00ed hef\u00f0i hann veri\u00f0 jar\u00f0neskur prestur, \u00fe\u00e1 hef\u00f0i hann ekki kunna\u00f0 prestur a\u00f0 vera \u00fear, sem \u00fear eru a\u00f0rir prestar fyrir, sem <a href=\"https:\/\/biblian.is\/videy\/hebreabrefid-8-kafli\/\"> [&#8230;]<\/a><\/p>\n","protected":false},"author":1,"featured_media":0,"parent":0,"menu_order":0,"comment_status":"open","ping_status":"open","template":"bibliukaflar.php","meta":{"footnotes":""},"class_list":["post-21990","page","type-page","status-publish","hentry"],"_links":{"self":[{"href":"https:\/\/biblian.is\/videy\/wp-json\/wp\/v2\/pages\/21990","targetHints":{"allow":["GET"]}}],"collection":[{"href":"https:\/\/biblian.is\/videy\/wp-json\/wp\/v2\/pages"}],"about":[{"href":"https:\/\/biblian.is\/videy\/wp-json\/wp\/v2\/types\/page"}],"author":[{"embeddable":true,"href":"https:\/\/biblian.is\/videy\/wp-json\/wp\/v2\/users\/1"}],"replies":[{"embeddable":true,"href":"https:\/\/biblian.is\/videy\/wp-json\/wp\/v2\/comments?post=21990"}],"version-history":[{"count":0,"href":"https:\/\/biblian.is\/videy\/wp-json\/wp\/v2\/pages\/21990\/revisions"}],"wp:attachment":[{"href":"https:\/\/biblian.is\/videy\/wp-json\/wp\/v2\/media?parent=21990"}],"curies":[{"name":"wp","href":"https:\/\/api.w.org\/{rel}","templated":true}]}}