{"id":21987,"date":"2018-01-02T01:05:02","date_gmt":"2018-01-02T01:05:02","guid":{"rendered":"http:\/\/biblian.is\/videy\/hebreabrefid-5-kafli\/"},"modified":"2018-01-02T01:05:02","modified_gmt":"2018-01-02T01:05:02","slug":"hebreabrefid-5-kafli","status":"publish","type":"page","link":"https:\/\/biblian.is\/videy\/hebreabrefid-5-kafli\/","title":{"rendered":"Hebreabr\u00e9fi\u00f0 5. kafli"},"content":{"rendered":"<div class=\"fyrirsognVidey\">Framhald. Kvartan yfir eftirtektarleysi Hebreskra.<\/div>\n<p><a name=\"1\"><span class=\"versanumer\">1<\/span><\/a>S\u00e9rhv\u00f6r ypparsti prestur, sem \u00fat af m\u00f6nnum er valinn, er manna vegna skipa\u00f0ur til gu\u00f0s\u00fej\u00f3nustugj\u00f6r\u00f0ar, a\u00f0 hann framberi g\u00e1fur og f\u00f3rnir fyrir syndirnar.<a name=\"2\"><span class=\"versanumer\">2<\/span><\/a>Og \u00fear hann er sj\u00e1lfur breyskleika undirorpinn, \u00fe\u00e1 getur hann vorkennt \u00feeim vankunnandi og \u00feeim, sem villtir fara.<a name=\"3\"><span class=\"versanumer\">3<\/span><\/a>H\u00e9r fyrir ber honum einnig a\u00f0 f\u00e6ra f\u00f3rnir ekki s\u00ed\u00f0ur fyrir s\u00ednar, heldur en f\u00f3lksins syndir.<a name=\"4\"><span class=\"versanumer\">4<\/span><\/a>Ekki tekur nokkur s\u00e9r sj\u00e1lfur \u00feennan hei\u00f0ur, heldur hl\u00fdtur hann a\u00f0 vera af Gu\u00f0i kj\u00f6rinn eins og Aron einnig var.<a name=\"5\"><span class=\"versanumer\">5<\/span><\/a>\u00deannig t\u00f3k og Kristur s\u00e9r ekki sj\u00e1lfur \u00feann hei\u00f0ur a\u00f0 ver\u00f0a ypparsti prestur, heldur s\u00e1, er til hans sag\u00f0i: \u00fe\u00fa ert Sonur minn, \u00ed dag gat eg \u00feig.<a name=\"6\"><span class=\"versanumer\">6<\/span><\/a>Sem l\u00edka segir \u00e1 \u00f6\u00f0rum sta\u00f0: \u00fe\u00fa ert kennima\u00f0ur a\u00f0 eil\u00edfu, eins og Melkisedek,<a name=\"7\"><span class=\"versanumer\">7<\/span><\/a>hv\u00f6r e\u00f0 \u00e1 s\u00ednum holdsvistard\u00f6gum me\u00f0 t\u00e1rum og kveinst\u00f6fum frambar b\u00e6nir og au\u00f0mj\u00fak andv\u00f6rp fyrir \u00feann, sem megna\u00f0i a\u00f0 frelsa hann fr\u00e1 dau\u00f0anum og var\u00f0 b\u00e6nheyr\u00f0ur vegna sinnar gu\u00f0r\u00e6kni.<a name=\"8\"><span class=\"versanumer\">8<\/span><\/a>Og \u00fe\u00f3tt hann Sonur v\u00e6ri, l\u00e6r\u00f0i hann hl\u00fd\u00f0ni af \u00fev\u00ed, sem hann lei\u00f0.<a name=\"9\"><span class=\"versanumer\">9<\/span><\/a>Og er eftir s\u00edna upphafningu or\u00f0inn \u00f6llum \u00feeim, er honum hl\u00fd\u00f0nast, undirr\u00f3t til \u00e6varandi fars\u00e6ldar<a name=\"10\"><span class=\"versanumer\">10<\/span><\/a>og er af Gu\u00f0i sj\u00e1lfum \u00fathr\u00f3pa\u00f0ur ypparsti prestur \u00e1 l\u00edkan h\u00e1tt og Melkisedek.<br \/><a name=\"11\"><span class=\"versanumer\">11<\/span><\/a>H\u00e9r um h\u00f6fum v\u00e9r miki\u00f0 a\u00f0 segja, sem \u00feungskili\u00f0 er, af \u00fev\u00ed \u00fe\u00e9r eru\u00f0 svo eftirtektarlitlir;<a name=\"12\"><span class=\"versanumer\">12<\/span><\/a>\u00fev\u00ed \u00fe\u00f3 \u00fe\u00e9r t\u00edmans vegna m\u00e6ttu\u00f0 vera or\u00f0nir l\u00e6rimeistarar, \u00fe\u00e1 hafi\u00f0 \u00fe\u00e9r \u00fe\u00f6rf a\u00f0 einhv\u00f6r kenni y\u00f0ur af n\u00fdju fyrstu st\u00f6fun Gu\u00f0s l\u00e6rd\u00f3ma og hafi\u00f0 \u00fe\u00f6rf \u00e1 mj\u00f3lk en ekki megnri f\u00e6\u00f0u.<a name=\"13\"><span class=\"versanumer\">13<\/span><\/a>En hv\u00f6r, sem \u00e1 mj\u00f3lk n\u00e6rist, \u00feekkir ekki fullkominn l\u00e6rd\u00f3m, \u00fev\u00ed hann er barn.<a name=\"14\"><span class=\"versanumer\">14<\/span><\/a>En megna f\u00e6\u00f0an er fyrir \u00fe\u00e1 fullor\u00f0nu, sem vegna vana hafa fengi\u00f0 \u00e6f\u00f0an smekk til a\u00f0 a\u00f0greina gott fr\u00e1 illu.<\/p>\n<div class=\"footnoteVidey\">V. 1. 2 M\u00f3s. b. 28,1. fl. Kap. 8,3. Kap. 10,6.  V. 2. Kap. 2,18. Kap. 4,15.  V. 3. 3 M\u00f3s. b. 9,7. 16,6. fl.  V. 4. 2 M\u00f3s. b. 28,1.  V. 5. J\u00f3h. 8,54. S\u00e1lm. 2,7.  V. 6. S\u00e1lm. 110,4. Hebr. 7,17.  V. 7. Matt. 26,39. 27,46.50. L\u00fak. 22,42. 23,40. J\u00f3h. 12,27. 17,1.  V. 8. Fil. 2,8.  V. 9. R\u00f3m. 1,5. Kap. 2,10.  V. 10. v. 6.  V. 12. Kap. 6,1.2. 1 Kor. 3,2. fl. 1 P\u00e9t. 2,2.  V. 13. 1 Kor. 3,1. 14,20.<\/div>\n","protected":false},"excerpt":{"rendered":"<p>Framhald. Kvartan yfir eftirtektarleysi Hebreskra. 1S\u00e9rhv\u00f6r ypparsti prestur, sem \u00fat af m\u00f6nnum er valinn, er manna vegna skipa\u00f0ur til gu\u00f0s\u00fej\u00f3nustugj\u00f6r\u00f0ar, a\u00f0 hann framberi g\u00e1fur og f\u00f3rnir fyrir syndirnar.2Og \u00fear hann er sj\u00e1lfur breyskleika undirorpinn, \u00fe\u00e1 getur hann vorkennt \u00feeim vankunnandi og \u00feeim, sem villtir fara.3H\u00e9r fyrir ber honum einnig a\u00f0 f\u00e6ra f\u00f3rnir ekki s\u00ed\u00f0ur fyrir s\u00ednar, heldur en f\u00f3lksins syndir.4Ekki tekur nokkur s\u00e9r sj\u00e1lfur \u00feennan hei\u00f0ur, heldur hl\u00fdtur hann a\u00f0 vera af Gu\u00f0i kj\u00f6rinn eins og Aron einnig var.5\u00deannig t\u00f3k og Kristur s\u00e9r ekki sj\u00e1lfur \u00feann hei\u00f0ur a\u00f0 ver\u00f0a ypparsti prestur, heldur s\u00e1, er til hans sag\u00f0i: \u00fe\u00fa ert Sonur <a href=\"https:\/\/biblian.is\/videy\/hebreabrefid-5-kafli\/\"> [&#8230;]<\/a><\/p>\n","protected":false},"author":1,"featured_media":0,"parent":0,"menu_order":0,"comment_status":"open","ping_status":"open","template":"bibliukaflar.php","meta":{"footnotes":""},"class_list":["post-21987","page","type-page","status-publish","hentry"],"_links":{"self":[{"href":"https:\/\/biblian.is\/videy\/wp-json\/wp\/v2\/pages\/21987","targetHints":{"allow":["GET"]}}],"collection":[{"href":"https:\/\/biblian.is\/videy\/wp-json\/wp\/v2\/pages"}],"about":[{"href":"https:\/\/biblian.is\/videy\/wp-json\/wp\/v2\/types\/page"}],"author":[{"embeddable":true,"href":"https:\/\/biblian.is\/videy\/wp-json\/wp\/v2\/users\/1"}],"replies":[{"embeddable":true,"href":"https:\/\/biblian.is\/videy\/wp-json\/wp\/v2\/comments?post=21987"}],"version-history":[{"count":0,"href":"https:\/\/biblian.is\/videy\/wp-json\/wp\/v2\/pages\/21987\/revisions"}],"wp:attachment":[{"href":"https:\/\/biblian.is\/videy\/wp-json\/wp\/v2\/media?parent=21987"}],"curies":[{"name":"wp","href":"https:\/\/api.w.org\/{rel}","templated":true}]}}