{"id":21986,"date":"2018-01-02T01:05:02","date_gmt":"2018-01-02T01:05:02","guid":{"rendered":"http:\/\/biblian.is\/videy\/hebreabrefid-4-kafli\/"},"modified":"2018-01-02T01:05:02","modified_gmt":"2018-01-02T01:05:02","slug":"hebreabrefid-4-kafli","status":"publish","type":"page","link":"https:\/\/biblian.is\/videy\/hebreabrefid-4-kafli\/","title":{"rendered":"Hebreabr\u00e9fi\u00f0 4. kafli"},"content":{"rendered":"<div class=\"fyrirsognVidey\">Framhald. Kristur er vor ypparsti prestur.<\/div>\n<p><a name=\"1\"><span class=\"versanumer\">1<\/span><\/a>T\u00f6kum oss \u00fev\u00ed vara fyrir a\u00f0 enginn \u00e1 me\u00f0al vor s\u00fdnist a\u00f0 draga sig aftur \u00far, fyrst \u00fea\u00f0 fyrirheit a\u00f0 v\u00e9r megum innganga til hans hv\u00edldarsta\u00f0ar,<a name=\"2\"><span class=\"versanumer\">2<\/span><\/a>\u00dev\u00ed og svo oss, er fyrirheiti\u00f0 gefi\u00f0 eins og \u00feeim, en \u00feetta fyrirheit kom \u00feeim til engra nota, hv\u00f6rjum \u00fea\u00f0 var bo\u00f0a\u00f0, vegna \u00feess \u00fea\u00f0 fyrirhitti enga tr\u00fa hj\u00e1 \u00feess heyrendum, hv\u00f6rri \u00fea\u00f0 g\u00e6ti sam\u00fe\u00fd\u00f0st.<a name=\"3\"><span class=\"versanumer\">3<\/span><\/a>En v\u00e9r, sem tr\u00faum, munum innganga til hans hv\u00edldar eftir hans eigin or\u00f0um: Eg s\u00f3r \u00ed rei\u00f0i minni: \u00feeir skulu ekki innganga \u00ed m\u00edna hv\u00edld, jafnvel \u00fe\u00f3 verkin v\u00e6ru fullgj\u00f6r\u00f0 vi\u00f0 grundv\u00f6llun heimsins.<a name=\"4\"><span class=\"versanumer\">4<\/span><\/a>\u00dev\u00ed einhv\u00f6rs sta\u00f0ar er svo a\u00f0 or\u00f0i kve\u00f0i\u00f0 um hinn 7da dag: og Gu\u00f0 hv\u00edldist \u00e1 hinum sj\u00f6unda degi af \u00f6llum s\u00ednum verkum.<a name=\"5\"><span class=\"versanumer\">5<\/span><\/a>Og aftur stendur \u00e1 \u00feessum sta\u00f0: \u00feeir skulu ekki innganga til minnar hv\u00edldar.<a name=\"6\"><span class=\"versanumer\">6<\/span><\/a>\u00dear e\u00f0 n\u00fa nokkrir eiga enn \u00fe\u00e1 eftir a\u00f0 innganga til hv\u00edldar \u00feessarar og \u00feeir, sem h\u00fan \u00ed fyrstu var heitin, n\u00e1\u00f0u ekki inn a\u00f0 ganga fyrir vantr\u00faar sakir,<a name=\"7\"><span class=\"versanumer\">7<\/span><\/a>\u00fe\u00e1 hefir hann a\u00f0 n\u00fdju \u00e1kve\u00f0i\u00f0 vissan dag, \u00fear hann svo l\u00f6ngum t\u00edma seinna segir fyrir Dav\u00ed\u00f0s munn: \u00ed dag\u2014\u00fev\u00ed svo er a\u00f0 or\u00f0i kve\u00f0i\u00f0\u2014\u00ed dag ef \u00fe\u00e9r heyri\u00f0 hans r\u00f6dd, \u00fe\u00e1 forher\u00f0i\u00f0 ekki hj\u00f6rtu y\u00f0ar.<a name=\"8\"><span class=\"versanumer\">8<\/span><\/a>Ef J\u00f3s\u00faa hef\u00f0i leitt \u00fe\u00e1 til hv\u00edldar, \u00fe\u00e1 hef\u00f0i <span class='VideyAth'>(Dav\u00ed\u00f0)<\/span> ekki tala\u00f0 um annan dag eftir \u00feann t\u00edma.<a name=\"9\"><span class=\"versanumer\">9<\/span><\/a>\u00deess vegna hl\u00fdtur hv\u00edldin enn \u00fe\u00e1 a\u00f0 vera Gu\u00f0s f\u00f3lki eftirskilin.<a name=\"10\"><span class=\"versanumer\">10<\/span><\/a>Og s\u00e1, sem inngengur \u00ed hans hv\u00edld, mun hv\u00edlast af s\u00ednum verkum, l\u00edka sem \u00fea\u00f0 Gu\u00f0 hv\u00edldist af s\u00ednum.<a name=\"11\"><span class=\"versanumer\">11<\/span><\/a>Kostum \u00fev\u00ed kapps a\u00f0 n\u00e1 inng\u00f6ngu \u00ed hv\u00edld \u00feessa, a\u00f0 enginn steypi sj\u00e1lfum s\u00e9r, s\u00f6kum vi\u00f0l\u00edkrar vantr\u00faar.<a name=\"12\"><span class=\"versanumer\">12<\/span><\/a>\u00dev\u00ed Gu\u00f0s or\u00f0 er lifandi og kr\u00f6ftugt og beittara hv\u00f6rju tv\u00edeggju\u00f0u sver\u00f0i og \u00ferengir s\u00e9r milli s\u00e1lar og anda, li\u00f0am\u00f3ta og mergjar og d\u00e6mir \u00feanka og hjartans hugrenningar.<a name=\"13\"><span class=\"versanumer\">13<\/span><\/a>Og engin skepna getur falist fyrir \u00feeim, um hv\u00f6rn v\u00e9r h\u00e9r t\u00f6lum, allt er opi\u00f0 og \u00f6ndvert fyrir hans augum.<br \/><a name=\"14\"><span class=\"versanumer\">14<\/span><\/a>\u00dear v\u00e9r h\u00f6fum \u00feann mikla h\u00f6fu\u00f0prest Jes\u00fam Gu\u00f0s Son, sem inn er genginn \u00ed himininn, \u00fe\u00e1 l\u00e1tum oss halda fast vi\u00f0 j\u00e1tningu vora.<a name=\"15\"><span class=\"versanumer\">15<\/span><\/a>\u00dev\u00ed v\u00e9r h\u00f6fum ekki \u00feann ypparsta prest, er ekki kunni a\u00f0 samp\u00ednast vorum veikleika, heldur \u00feann, sem freista\u00f0ur er \u00e1 allan h\u00e1tt eins og v\u00e9r, \u00fe\u00f3 \u00e1n syndar.<a name=\"16\"><span class=\"versanumer\">16<\/span><\/a>L\u00e1tum oss \u00fev\u00ed me\u00f0 dj\u00f6rfung n\u00e1lgast n\u00e1\u00f0arst\u00f3linn, a\u00f0 v\u00e9r \u00f6\u00f0lumst miskunn og finnum n\u00e1\u00f0 til hj\u00e1lpar oss n\u00e6r oss \u00e1liggur.<\/p>\n<div class=\"footnoteVidey\">V. 3. S\u00e1lm. 95,11. \u00fea\u00f0 er: hv\u00f6rjum hv\u00edldin \u00e1 eftir fylgdi.  V. 4. 1 M\u00f3s. b. 2,2.  V. 5. 4 M\u00f3s. b. 14,29. 5 M\u00f3s. b. 1,34.35.  V. 7. Kap. 3,7.  V. 8. 5 M\u00f3s. 31,7.  V. 10. Opinb. b. 14,13.  V. 12. Pr\u00e9d. b. 12,11. Esa. 40,2. Jer. 23,29. 1 Kor. 14,24. Opinb. b. 1,16.  V. 13. S\u00edr. 15,19. 23,29. S\u00e1lm. 34,16.17. 133,13\u201315.  V. 14. Kap. 3,1. 6,20. 7,26. 8,1. fl.  V. 15. Kap. 2,17. Matt. 4,1. L\u00fak. 22,28. Esa. 53,9. 2 Kor. 5,21. 1 P\u00e9t. 2,22.  V. 16. Kap. 10,22. 1 J\u00f3h. 3,21. R\u00f3m. 3,25.<\/div>\n","protected":false},"excerpt":{"rendered":"<p>Framhald. Kristur er vor ypparsti prestur. 1T\u00f6kum oss \u00fev\u00ed vara fyrir a\u00f0 enginn \u00e1 me\u00f0al vor s\u00fdnist a\u00f0 draga sig aftur \u00far, fyrst \u00fea\u00f0 fyrirheit a\u00f0 v\u00e9r megum innganga til hans hv\u00edldarsta\u00f0ar,2\u00dev\u00ed og svo oss, er fyrirheiti\u00f0 gefi\u00f0 eins og \u00feeim, en \u00feetta fyrirheit kom \u00feeim til engra nota, hv\u00f6rjum \u00fea\u00f0 var bo\u00f0a\u00f0, vegna \u00feess \u00fea\u00f0 fyrirhitti enga tr\u00fa hj\u00e1 \u00feess heyrendum, hv\u00f6rri \u00fea\u00f0 g\u00e6ti sam\u00fe\u00fd\u00f0st.3En v\u00e9r, sem tr\u00faum, munum innganga til hans hv\u00edldar eftir hans eigin or\u00f0um: Eg s\u00f3r \u00ed rei\u00f0i minni: \u00feeir skulu ekki innganga \u00ed m\u00edna hv\u00edld, jafnvel \u00fe\u00f3 verkin v\u00e6ru fullgj\u00f6r\u00f0 vi\u00f0 grundv\u00f6llun heimsins.4\u00dev\u00ed einhv\u00f6rs sta\u00f0ar <a href=\"https:\/\/biblian.is\/videy\/hebreabrefid-4-kafli\/\"> [&#8230;]<\/a><\/p>\n","protected":false},"author":1,"featured_media":0,"parent":0,"menu_order":0,"comment_status":"open","ping_status":"open","template":"bibliukaflar.php","meta":{"footnotes":""},"class_list":["post-21986","page","type-page","status-publish","hentry"],"_links":{"self":[{"href":"https:\/\/biblian.is\/videy\/wp-json\/wp\/v2\/pages\/21986","targetHints":{"allow":["GET"]}}],"collection":[{"href":"https:\/\/biblian.is\/videy\/wp-json\/wp\/v2\/pages"}],"about":[{"href":"https:\/\/biblian.is\/videy\/wp-json\/wp\/v2\/types\/page"}],"author":[{"embeddable":true,"href":"https:\/\/biblian.is\/videy\/wp-json\/wp\/v2\/users\/1"}],"replies":[{"embeddable":true,"href":"https:\/\/biblian.is\/videy\/wp-json\/wp\/v2\/comments?post=21986"}],"version-history":[{"count":0,"href":"https:\/\/biblian.is\/videy\/wp-json\/wp\/v2\/pages\/21986\/revisions"}],"wp:attachment":[{"href":"https:\/\/biblian.is\/videy\/wp-json\/wp\/v2\/media?parent=21986"}],"curies":[{"name":"wp","href":"https:\/\/api.w.org\/{rel}","templated":true}]}}