{"id":21985,"date":"2018-01-02T01:05:02","date_gmt":"2018-01-02T01:05:02","guid":{"rendered":"http:\/\/biblian.is\/videy\/hebreabrefid-3-kafli\/"},"modified":"2018-01-02T01:05:02","modified_gmt":"2018-01-02T01:05:02","slug":"hebreabrefid-3-kafli","status":"publish","type":"page","link":"https:\/\/biblian.is\/videy\/hebreabrefid-3-kafli\/","title":{"rendered":"Hebreabr\u00e9fi\u00f0 3. kafli"},"content":{"rendered":"<div class=\"fyrirsognVidey\">Hl\u00fd\u00f0ni vi\u00f0 Krist, sem er \u00e6\u00f0ri en M\u00f3ses. A\u00f0varan m\u00f3ti \u00feverm\u00f3\u00f0sku.<\/div>\n<p><a name=\"1\"><span class=\"versanumer\">1<\/span><\/a>\u00deess vegna, \u00fe\u00e9r, heil\u00f6gu br\u00e6\u00f0ur! sem hluttakandi eru\u00f0 or\u00f0nir \u00feeirrar himnesku k\u00f6llunar, gefi\u00f0 g\u00e6tur a\u00f0 Jes\u00fa Kristi, postula og \u00e6\u00f0sta presti vorrar j\u00e1tningar,<a name=\"2\"><span class=\"versanumer\">2<\/span><\/a>sem tr\u00far var \u00feeim, er hann \u00fear til skipa\u00f0i, eins og M\u00f3ses var tr\u00far \u00ed \u00f6llu hans h\u00fasi <span class='VideyAth'>a)<\/span>.<a name=\"3\"><span class=\"versanumer\">3<\/span><\/a>\u00de\u00f3 \u00e1l\u00edst \u00feessi ver\u00f0ugur \u00feeim mun \u00e6\u00f0ri tignar en M\u00f3ses, sem s\u00e1, er h\u00fasi\u00f0 byggir er \u00e6\u00f0ri en h\u00fasi\u00f0 sj\u00e1lft.<a name=\"4\"><span class=\"versanumer\">4<\/span><\/a><span class='VideyAth'>(En s\u00e9rhv\u00f6rt h\u00fas er gj\u00f6rt af einhv\u00f6rjum, en Gu\u00f0 hefir gj\u00f6rt allt)<\/span>.<a name=\"5\"><span class=\"versanumer\">5<\/span><\/a>M\u00f3ses var a\u00f0 s\u00f6nnu tr\u00far \u00ed \u00f6llu hans h\u00fasi, svo sem \u00fe\u00e9nari, \u00ed \u00fev\u00ed a\u00f0 kunngj\u00f6ra \u00fea\u00f0, sem fyrir hann var lagt.<a name=\"6\"><span class=\"versanumer\">6<\/span><\/a>En Kristur er \u00fear \u00e1 m\u00f3ti settur, sem Sonur yfir hans h\u00fas og hans h\u00fas erum v\u00e9r, ef a\u00f0 v\u00e9r allt til \u00e6viloka h\u00f6ldum fast vi\u00f0 dj\u00f6rfung og hr\u00f3sun vorrar vonar. <br \/><a name=\"7\"><span class=\"versanumer\">7<\/span><\/a>\u00deess vegna eins og heilagur Andi segir: \u00ed dag, me\u00f0an \u00fe\u00e9r heyri\u00f0 hans raust, \u00fe\u00e1 forher\u00f0i\u00f0 ekki y\u00f0ar hj\u00f6rtu,<a name=\"8\"><span class=\"versanumer\">8<\/span><\/a>eins og for\u00f0um \u00ed upphlaupinu \u00e1 freistingardeginum \u00ed ey\u00f0im\u00f6rkinni,<a name=\"9\"><span class=\"versanumer\">9<\/span><\/a>hvar fe\u00f0ur y\u00f0ar freistu\u00f0u m\u00edn og reyndu mig, \u00fe\u00f3tt \u00feeir \u00ed 40 \u00e1r hef\u00f0u s\u00e9\u00f0 verk \u00feau, er eg gj\u00f6r\u00f0i.<a name=\"10\"><span class=\"versanumer\">10<\/span><\/a>\u00deess vegna gramdist eg \u00fej\u00f3\u00f0 \u00feessari og sag\u00f0i: \u00f3afl\u00e1tanlega villast \u00feeir \u00ed hj\u00f6rtum s\u00ednum og \u00feekkja ekki m\u00edna vegu.<a name=\"11\"><span class=\"versanumer\">11<\/span><\/a>\u00dear fyrir s\u00f3r eg \u00ed br\u00e6\u00f0i minni, a\u00f0 \u00feeir aldrei skyldu komast til m\u00edns hv\u00edldarsta\u00f0ar.<a name=\"12\"><span class=\"versanumer\">12<\/span><\/a>Gjaldi\u00f0 varhuga vi\u00f0 \u00fev\u00ed, br\u00e6\u00f0ur! a\u00f0 enginn y\u00f0ar b\u00fai yfir vondu vantr\u00faarhjarta, er vilji falla fr\u00e1 enum lifanda Gu\u00f0i.<a name=\"13\"><span class=\"versanumer\">13<\/span><\/a>Heldur \u00e1minni\u00f0 hv\u00f6r annan hv\u00f6rsdaglega, svo lengi sagt ver\u00f0ur \u00ed dag, a\u00f0 enginn af y\u00f0ur forher\u00f0ist af syndarinnar afvegalei\u00f0slu.<a name=\"14\"><span class=\"versanumer\">14<\/span><\/a>\u00dev\u00ed v\u00e9r erum or\u00f0nir hluttakandi \u00ed Kristi ef v\u00e9r allt til \u00e6viloka h\u00f6ldum fast vi\u00f0 \u00feann fyrsta tr\u00faarbrag\u00f0agrundv\u00f6ll.<a name=\"15\"><span class=\"versanumer\">15<\/span><\/a>Fyrst sagt er: \u00ed dag, ef \u00fe\u00e9r heyri\u00f0 hans raust, \u00fe\u00e1 forher\u00f0i\u00f0 ekki y\u00f0ar hj\u00f6rtu eins og hinir gj\u00f6r\u00f0u \u00ed upphlaupinu.<a name=\"16\"><span class=\"versanumer\">16<\/span><\/a>Hv\u00f6rjir voru \u00fea\u00f0 \u00fe\u00e1, sem reittu hann til rei\u00f0i, \u00fe\u00f3 \u00feeir heyr\u00f0u hann? voru \u00fea\u00f0 ekki allir \u00feeir, sem M\u00f3ses leiddi \u00fat af Egyptalandi?<a name=\"17\"><span class=\"versanumer\">17<\/span><\/a>og hv\u00f6rjir voru \u00fea\u00f0, sem m\u00f3\u00f0gu\u00f0u hann \u00ed 40 \u00e1r? voru \u00fea\u00f0 ekki \u00feeir, sem syndgu\u00f0u og f\u00e9llu \u00ed ey\u00f0im\u00f6rkinni?<a name=\"18\"><span class=\"versanumer\">18<\/span><\/a>Og hv\u00f6rjir voru \u00fea\u00f0, sem hann s\u00f3r, a\u00f0 aldrei skyldu n\u00e1 inng\u00f6ngu \u00ed hans hv\u00edldarsta\u00f0, nema \u00feeir vantr\u00fau\u00f0u?<a name=\"19\"><span class=\"versanumer\">19<\/span><\/a>Svo sj\u00e1um v\u00e9r \u00fe\u00e1, a\u00f0 \u00feeir g\u00e1tu ekki n\u00e1\u00f0 \u00fear inng\u00f6ngu vegna vantr\u00faar sinnar.<\/p>\n<div class=\"footnoteVidey\">V. 1. 1 P\u00e9t. 1,5. Fil. 3,14. Gal. 4,4. Kap. 4,14. 6,20.  V. 2. a. \u00de. e. M\u00f3ses var tr\u00far umsj\u00f3narma\u00f0ur yfir Gu\u00f0s f\u00f3lki, sem h\u00e9r kallast h\u00fas, samanber v. 6. \u00ed \u00feessum Kap. 4 M\u00f3s. b. 12,7.  V. 3. Sakk. 6,13. Matt. 16,18.  V. 4. 2 Kor. 5,1.18. Efes. 2,10. V. 5. v. 2. 5 M\u00f3s. b. 18,15.18.  V. 6. 1 Kor. 3,16. 6,19. Efes. 2,21.22. Matt. 24,13.  V. 7. S\u00e1lm. 9<\/div>\n","protected":false},"excerpt":{"rendered":"<p>Hl\u00fd\u00f0ni vi\u00f0 Krist, sem er \u00e6\u00f0ri en M\u00f3ses. A\u00f0varan m\u00f3ti \u00feverm\u00f3\u00f0sku. 1\u00deess vegna, \u00fe\u00e9r, heil\u00f6gu br\u00e6\u00f0ur! sem hluttakandi eru\u00f0 or\u00f0nir \u00feeirrar himnesku k\u00f6llunar, gefi\u00f0 g\u00e6tur a\u00f0 Jes\u00fa Kristi, postula og \u00e6\u00f0sta presti vorrar j\u00e1tningar,2sem tr\u00far var \u00feeim, er hann \u00fear til skipa\u00f0i, eins og M\u00f3ses var tr\u00far \u00ed \u00f6llu hans h\u00fasi a).3\u00de\u00f3 \u00e1l\u00edst \u00feessi ver\u00f0ugur \u00feeim mun \u00e6\u00f0ri tignar en M\u00f3ses, sem s\u00e1, er h\u00fasi\u00f0 byggir er \u00e6\u00f0ri en h\u00fasi\u00f0 sj\u00e1lft.4(En s\u00e9rhv\u00f6rt h\u00fas er gj\u00f6rt af einhv\u00f6rjum, en Gu\u00f0 hefir gj\u00f6rt allt).5M\u00f3ses var a\u00f0 s\u00f6nnu tr\u00far \u00ed \u00f6llu hans h\u00fasi, svo sem \u00fe\u00e9nari, \u00ed \u00fev\u00ed a\u00f0 kunngj\u00f6ra \u00fea\u00f0, sem fyrir <a href=\"https:\/\/biblian.is\/videy\/hebreabrefid-3-kafli\/\"> [&#8230;]<\/a><\/p>\n","protected":false},"author":1,"featured_media":0,"parent":0,"menu_order":0,"comment_status":"open","ping_status":"open","template":"bibliukaflar.php","meta":{"footnotes":""},"class_list":["post-21985","page","type-page","status-publish","hentry"],"_links":{"self":[{"href":"https:\/\/biblian.is\/videy\/wp-json\/wp\/v2\/pages\/21985","targetHints":{"allow":["GET"]}}],"collection":[{"href":"https:\/\/biblian.is\/videy\/wp-json\/wp\/v2\/pages"}],"about":[{"href":"https:\/\/biblian.is\/videy\/wp-json\/wp\/v2\/types\/page"}],"author":[{"embeddable":true,"href":"https:\/\/biblian.is\/videy\/wp-json\/wp\/v2\/users\/1"}],"replies":[{"embeddable":true,"href":"https:\/\/biblian.is\/videy\/wp-json\/wp\/v2\/comments?post=21985"}],"version-history":[{"count":0,"href":"https:\/\/biblian.is\/videy\/wp-json\/wp\/v2\/pages\/21985\/revisions"}],"wp:attachment":[{"href":"https:\/\/biblian.is\/videy\/wp-json\/wp\/v2\/media?parent=21985"}],"curies":[{"name":"wp","href":"https:\/\/api.w.org\/{rel}","templated":true}]}}