{"id":21984,"date":"2018-01-02T01:05:02","date_gmt":"2018-01-02T01:05:02","guid":{"rendered":"http:\/\/biblian.is\/videy\/hebreabrefid-2-kafli\/"},"modified":"2018-01-02T01:05:02","modified_gmt":"2018-01-02T01:05:02","slug":"hebreabrefid-2-kafli","status":"publish","type":"page","link":"https:\/\/biblian.is\/videy\/hebreabrefid-2-kafli\/","title":{"rendered":"Hebreabr\u00e9fi\u00f0 2. kafli"},"content":{"rendered":"<div class=\"fyrirsognVidey\">\u00c1minning a\u00f0 halda vi\u00f0 l\u00e6rd\u00f3minn vegna Krists h\u00e1tignar og forl\u00edkunar.<\/div>\n<p><a name=\"1\"><span class=\"versanumer\">1<\/span><\/a>\u00deess vegna ber oss \u00fev\u00ed framar a\u00f0 halda huganum st\u00f6\u00f0ugum vi\u00f0 \u00feann l\u00e6rd\u00f3m, er v\u00e9r h\u00f6fum heyrt, a\u00f0 ekki villumst v\u00e9r fr\u00e1 honum.<a name=\"2\"><span class=\"versanumer\">2<\/span><\/a>\u00dev\u00ed hafi s\u00e1 l\u00e6rd\u00f3mur, sem kunngj\u00f6r\u00f0ur var fyrir englanna millig\u00f6ngu st\u00f6\u00f0ugur sta\u00f0i\u00f0 og \u00f6ll yfirtro\u00f0sla og \u00f3hl\u00fd\u00f0ni gegn honum fengi\u00f0 s\u00edn makleg m\u00e1lagj\u00f6ld,<a name=\"3\"><span class=\"versanumer\">3<\/span><\/a>hv\u00f6rnig skyldum v\u00e9r \u00fe\u00e1 geta sloppi\u00f0 hj\u00e1 hegningu, ef v\u00e9r vanr\u00e6kjum svo heilsusamlegan l\u00e6rd\u00f3m, hv\u00f6rn Drottinn vor sj\u00e1lfur h\u00f3f fyrstur a\u00f0 kenna og sem s\u00ed\u00f0an er sta\u00f0festur til vor kominn fr\u00e1 \u00feeim, er hann heyr\u00f0u.<a name=\"4\"><span class=\"versanumer\">4<\/span><\/a>\u00dear Gu\u00f0 sj\u00e1lfur styrkti \u00feeirra vitnisbur\u00f0 me\u00f0 t\u00e1knum, undrum, margs konar kraftaverkum og heilags Anda \u00fatb\u00fdtingu eftir sinni vel\u00fe\u00f3knun.<a name=\"5\"><span class=\"versanumer\">5<\/span><\/a>\u00dev\u00ed ekki gaf hann englunum vald yfir \u00feeim komanda heimi <span class='VideyAth'>a)<\/span>, um hv\u00f6rn v\u00e9r h\u00e9r t\u00f6lum.<a name=\"6\"><span class=\"versanumer\">6<\/span><\/a>En svo hefir viss ma\u00f0ur komist a\u00f0 or\u00f0i einhv\u00f6rs sta\u00f0ar: hv\u00f6rsu veglegur er ma\u00f0urinn a\u00f0 \u00fe\u00fa skulir minnast hans, e\u00f0a mannsins sonur a\u00f0 \u00fe\u00fa skulir l\u00edta til hans.<a name=\"7\"><span class=\"versanumer\">7<\/span><\/a>Um stundarsakir gj\u00f6r\u00f0ir \u00fe\u00fa hann englunum \u00f3\u00e6\u00f0ri, me\u00f0 vegsemd og hei\u00f0ri kr\u00fdndir \u00fe\u00fa hann og settir hann yfir verk \u00feinna handa.<a name=\"8\"><span class=\"versanumer\">8<\/span><\/a>Alla hluti lag\u00f0ir \u00fe\u00fa undir hans f\u00e6tur; en fyrst hann gj\u00f6r\u00f0i honum alla hluti undirgefna, \u00fe\u00e1 hefir hann ekkert \u00fea\u00f0 eftirskili\u00f0, er ekki s\u00e9 undir hann lagt. En v\u00e9r sj\u00e1um \u00fe\u00f3 enn \u00fe\u00e1 ekki a\u00f0 allir hlutir s\u00e9u undir hann gefnir.<a name=\"9\"><span class=\"versanumer\">9<\/span><\/a>En \u00fear \u00e1 m\u00f3ti sj\u00e1um v\u00e9r, a\u00f0 Jes\u00fas, sem um stundarsakir var gj\u00f6r\u00f0ur englunum \u00f3\u00e6\u00f0ri, er, vegna \u00feess hann dau\u00f0ann \u00feoldi, me\u00f0 d\u00fdr\u00f0 og vegsemd k\u00f3r\u00f3na\u00f0ur, svo a\u00f0 hann af Gu\u00f0s n\u00e1\u00f0 li\u00f0i dau\u00f0ann fyrir alla.<a name=\"10\"><span class=\"versanumer\">10<\/span><\/a>\u00dev\u00ed \u00fea\u00f0 h\u00e6f\u00f0i \u00feeim, fyrir hv\u00f6rn og af hv\u00f6rjum allt er gj\u00f6rt, \u00feeim, er lei\u00f0ir marga sonu til d\u00fdr\u00f0ar, d\u00fdr\u00f0legan a\u00f0 gj\u00f6ra h\u00f6fund \u00feeirra velfer\u00f0ar eftir afsta\u00f0nar l\u00ed\u00f0anir.<a name=\"11\"><span class=\"versanumer\">11<\/span><\/a>\u00dev\u00ed s\u00e1, sem helgar og \u00feeir, sem helga\u00f0ir ver\u00f0a, eru allir b\u00f6rn eins f\u00f6\u00f0urs, \u00feess vegna fyrirver\u00f0ur hann sig ekki a\u00f0 kalla \u00fe\u00e1 br\u00e6\u00f0ur \u00fear hann segir:<a name=\"12\"><span class=\"versanumer\">12<\/span><\/a>eg vil kunngj\u00f6ra \u00feitt nafn br\u00e6\u00f0rum m\u00ednum, mitt \u00ed s\u00f6fnu\u00f0inum vil eg syngja \u00fe\u00e9r lof.<a name=\"13\"><span class=\"versanumer\">13<\/span><\/a>Og enn annars sta\u00f0ar: \u00e1 hann vil eg setja mitt traust og \u00fear \u00e1 eftir: sj\u00e1 h\u00e9r em eg og \u00feau b\u00f6rn, er Gu\u00f0 gaf m\u00e9r.<a name=\"14\"><span class=\"versanumer\">14<\/span><\/a>En af \u00fev\u00ed b\u00f6rnin hafa hold og bl\u00f3\u00f0, \u00fe\u00e1 er hann einnig or\u00f0inn \u00feess hluttakandi, svo a\u00f0 hann me\u00f0 <span class='VideyAth'>(s\u00ednum)<\/span> dau\u00f0a g\u00e6ti svipt krafti dau\u00f0ans yfirr\u00e1\u00f0anda, \u00fea\u00f0 er: dj\u00f6fulinn, og frelsa\u00f0 \u00fe\u00e1,<a name=\"15\"><span class=\"versanumer\">15<\/span><\/a>sem af \u00f3tta fyrir dau\u00f0anum lif\u00f0u allan sinn aldur undir \u00e1nau\u00f0aroki.<a name=\"16\"><span class=\"versanumer\">16<\/span><\/a>\u00dev\u00ed vegna \u00feess hann enganveginn a\u00f0 s\u00e9r t\u00f3k englana, heldur Abrahams ni\u00f0ja,<a name=\"17\"><span class=\"versanumer\">17<\/span><\/a>\u00fe\u00e1 hlaut hann \u00ed \u00f6llu a\u00f0 gj\u00f6rast br\u00e6\u00f0rum s\u00ednum l\u00edkur, svo hann ver\u00f0a kynni miskunnsamur og tr\u00falyndur H\u00f6fu\u00f0prestur \u00ed s\u00ednu emb\u00e6tti fyrir Gu\u00f0i, \u00fe\u00e1 hann fri\u00f0\u00fe\u00e6g\u00f0i fyrir f\u00f3lksins syndir.<a name=\"18\"><span class=\"versanumer\">18<\/span><\/a>\u00dev\u00ed vegna \u00feess hann hefir sj\u00e1lfur m\u00e1tt kenna \u00e1 freistingum, \u00fe\u00e1 getur hann hj\u00e1lpa\u00f0 \u00feeim, sem freista\u00f0ir ver\u00f0a.<\/p>\n<div class=\"footnoteVidey\">V. 2. M\u00f3sis l\u00f6gm\u00e1l. Post. g. b. 7,53. Gal. 3,19. 5 M\u00f3s. b. 27,26.  V. 3. Hebr. 10,29. 12,25. Mark. 1,14.15.  V. 4. Mark. 16,20. Post. g. b. 2,22. 14,3. 2 Kor. 12,11.  V. 5. a. \u00de. e. Mess\u00edasar r\u00edki.  V. 6. S\u00e1lm. 8,5. fl.  V. 7. Efes. 1,21.  V. 8. Matt. 28,18. Kap. 10,13.  V. 9. Fil. 2,8.9. Post. gb. 2,33. 1 J\u00f3h. 2,2.  V. 10. J\u00f3h. 1,3. R\u00f3m. 11,36. L\u00fak. 24,26. Post. gb. 3,15. Kap. 5,31.  V. 11. Kap. 13,12. J\u00f3h. 17,19. Matt. 12,50. J\u00f3h. 15,14. 20,17.  V. 12. S\u00e1lm. 22,23.26.  V. 13. S\u00e1lm. 18,3. Esa. 8,18. J\u00f3h. 10,29. 17,6.9.  V. 14. J\u00f3h. 1,14. Esa. 23,8. H\u00f3s. 13,14. 2 T\u00edm. 1,10.  V. 15. L\u00fak. 1,74. R\u00f3m. 8,15.  V. 17. Kap. 4,15.16. 5,2. v. 1.<\/div>\n","protected":false},"excerpt":{"rendered":"<p>\u00c1minning a\u00f0 halda vi\u00f0 l\u00e6rd\u00f3minn vegna Krists h\u00e1tignar og forl\u00edkunar. 1\u00deess vegna ber oss \u00fev\u00ed framar a\u00f0 halda huganum st\u00f6\u00f0ugum vi\u00f0 \u00feann l\u00e6rd\u00f3m, er v\u00e9r h\u00f6fum heyrt, a\u00f0 ekki villumst v\u00e9r fr\u00e1 honum.2\u00dev\u00ed hafi s\u00e1 l\u00e6rd\u00f3mur, sem kunngj\u00f6r\u00f0ur var fyrir englanna millig\u00f6ngu st\u00f6\u00f0ugur sta\u00f0i\u00f0 og \u00f6ll yfirtro\u00f0sla og \u00f3hl\u00fd\u00f0ni gegn honum fengi\u00f0 s\u00edn makleg m\u00e1lagj\u00f6ld,3hv\u00f6rnig skyldum v\u00e9r \u00fe\u00e1 geta sloppi\u00f0 hj\u00e1 hegningu, ef v\u00e9r vanr\u00e6kjum svo heilsusamlegan l\u00e6rd\u00f3m, hv\u00f6rn Drottinn vor sj\u00e1lfur h\u00f3f fyrstur a\u00f0 kenna og sem s\u00ed\u00f0an er sta\u00f0festur til vor kominn fr\u00e1 \u00feeim, er hann heyr\u00f0u.4\u00dear Gu\u00f0 sj\u00e1lfur styrkti \u00feeirra vitnisbur\u00f0 me\u00f0 t\u00e1knum, undrum, margs konar kraftaverkum <a href=\"https:\/\/biblian.is\/videy\/hebreabrefid-2-kafli\/\"> [&#8230;]<\/a><\/p>\n","protected":false},"author":1,"featured_media":0,"parent":0,"menu_order":0,"comment_status":"open","ping_status":"open","template":"bibliukaflar.php","meta":{"footnotes":""},"class_list":["post-21984","page","type-page","status-publish","hentry"],"_links":{"self":[{"href":"https:\/\/biblian.is\/videy\/wp-json\/wp\/v2\/pages\/21984","targetHints":{"allow":["GET"]}}],"collection":[{"href":"https:\/\/biblian.is\/videy\/wp-json\/wp\/v2\/pages"}],"about":[{"href":"https:\/\/biblian.is\/videy\/wp-json\/wp\/v2\/types\/page"}],"author":[{"embeddable":true,"href":"https:\/\/biblian.is\/videy\/wp-json\/wp\/v2\/users\/1"}],"replies":[{"embeddable":true,"href":"https:\/\/biblian.is\/videy\/wp-json\/wp\/v2\/comments?post=21984"}],"version-history":[{"count":0,"href":"https:\/\/biblian.is\/videy\/wp-json\/wp\/v2\/pages\/21984\/revisions"}],"wp:attachment":[{"href":"https:\/\/biblian.is\/videy\/wp-json\/wp\/v2\/media?parent=21984"}],"curies":[{"name":"wp","href":"https:\/\/api.w.org\/{rel}","templated":true}]}}