{"id":21982,"date":"2018-01-02T01:05:02","date_gmt":"2018-01-02T01:05:02","guid":{"rendered":"http:\/\/biblian.is\/videy\/filemonsbrefid-1-kafli\/"},"modified":"2018-01-02T01:05:02","modified_gmt":"2018-01-02T01:05:02","slug":"filemonsbrefid-1-kafli","status":"publish","type":"page","link":"https:\/\/biblian.is\/videy\/filemonsbrefid-1-kafli\/","title":{"rendered":"F\u00edlemonsbr\u00e9fi\u00f0 1. kafli"},"content":{"rendered":"<div class=\"fyrirsognVidey\">P\u00e1ll \u00f3skar F\u00edlemoni og fleirum g\u00f3\u00f0s; hr\u00f3sar F\u00edlemoni; bi\u00f0ur hann taka \u00ed s\u00e1tt \u00fer\u00e6l hans, Onesimus, er fr\u00e1 honum haf\u00f0i stroki\u00f0, en P\u00e1ll s\u00ed\u00f0an kristna\u00f0. Ni\u00f0urlag pistilsins.<\/div>\n<p><a name=\"1\"><span class=\"versanumer\">1<\/span><\/a>P\u00e1ll, bandingi Jes\u00fa Krists, og T\u00edm\u00f3teus br\u00f3\u00f0ir, kve\u00f0jum vorn \u00e1stf\u00f3lgna sam\u00fej\u00f3n Filimon vorn,<a name=\"2\"><span class=\"versanumer\">2<\/span><\/a>vora k\u00e6ra App\u00edu og Ark\u00edppus vorn str\u00ed\u00f0sf\u00e9laga og allan s\u00f6fnu\u00f0inn \u00ed \u00fe\u00ednu h\u00fasi:<a name=\"3\"><span class=\"versanumer\">3<\/span><\/a>N\u00e1\u00f0 og fri\u00f0ur s\u00e9 me\u00f0 y\u00f0ur af Gu\u00f0i vorum F\u00f6\u00f0ur og Drottni Jes\u00fa Kristi.<br \/><a name=\"4\"><span class=\"versanumer\">4<\/span><\/a>Gu\u00f0i m\u00ednum gj\u00f6ri eg \u00feakkir, \u00ed hv\u00f6rt sinn sem eg minnist \u00fe\u00edn \u00ed m\u00ednum b\u00e6num,<a name=\"5\"><span class=\"versanumer\">5<\/span><\/a>\u00fear e\u00f0 eg heyri hv\u00edl\u00edka elsku og tr\u00fa \u00fe\u00fa hefir til Drottins Jes\u00fa og til allra heilagra;<a name=\"6\"><span class=\"versanumer\">6<\/span><\/a><span class='VideyAth'>(og \u00f3ska eg)<\/span>, a\u00f0 hluttekning \u00ed tr\u00far\u00e6kni \u00feinni, \u00e1samt me\u00f0 vi\u00f0urkenningu alls hins g\u00f3\u00f0a, sem oss hefir hlotnast, au\u00f0s\u00fdni sig kr\u00f6ftuga fyrir Jes\u00fam Krist.<a name=\"7\"><span class=\"versanumer\">7<\/span><\/a>\u00dev\u00ed v\u00e9r h\u00f6fum mikla gle\u00f0i og huggun af k\u00e6rleika \u00fe\u00ednum, \u00fear e\u00f0 \u00fe\u00fa, br\u00f3\u00f0ir! hefir endurn\u00e6rt hj\u00f6rtu hinna heil\u00f6gu.<br \/><a name=\"8\"><span class=\"versanumer\">8<\/span><\/a>\u00dear fyrir, \u00fe\u00f3 eg, sem Krists umbo\u00f0sma\u00f0ur, geti me\u00f0 mikilli dj\u00f6rfung, bo\u00f0i\u00f0 \u00fe\u00e9r \u00fea\u00f0, sem \u00fe\u00e9r s\u00f3mir a\u00f0 gj\u00f6ra,<a name=\"9\"><span class=\"versanumer\">9<\/span><\/a>\u00fe\u00e1 vil eg heldur bi\u00f0ja \u00feig \u00ed vinsemd; \u00fe\u00fa veist, hv\u00edl\u00edkur eg er, gamalmenni\u00f0 P\u00e1ll, sem n\u00fa \u00fear a\u00f0 auk er \u00ed fj\u00f6trum sakir Jes\u00fa Krists.<a name=\"10\"><span class=\"versanumer\">10<\/span><\/a>Eg bi\u00f0 \u00feig fyrir son minn Ones\u00edmus, hv\u00f6rn eg ali\u00f0 hefi \u00ed m\u00ednum fj\u00f6trum.<a name=\"11\"><span class=\"versanumer\">11<\/span><\/a>Hann var \u00fe\u00e9r \u00e1\u00f0ur \u00f3\u00fearfur, n\u00fa er hann b\u00e6\u00f0i \u00fe\u00e9r og m\u00e9r gagnlegur. \u00deenna sendi eg;<a name=\"12\"><span class=\"versanumer\">12<\/span><\/a>takt\u00fa honum vel; hann er hjarta\u00f0 \u00ed m\u00e9r.<a name=\"13\"><span class=\"versanumer\">13<\/span><\/a>Eg girntist a\u00f0 s\u00f6nnu halda honum hj\u00e1 m\u00e9r, svo a\u00f0 hann \u00ed \u00feinn sta\u00f0 \u00fej\u00f3na\u00f0i m\u00e9r \u00ed fj\u00f6trum m\u00ednum, sem eg ber sakir n\u00e1\u00f0ar bo\u00f0skapsins;<a name=\"14\"><span class=\"versanumer\">14<\/span><\/a>en \u00e1n \u00fe\u00edns vilja vilda eg ekki gj\u00f6ra \u00fea\u00f0, svo a\u00f0 \u00feessi velgj\u00f6rningur \u00feinn k\u00e6mi ekki af nau\u00f0ung, heldur af sj\u00e1lfvilja.<a name=\"15\"><span class=\"versanumer\">15<\/span><\/a>M\u00e1ske hann \u00fear fyrir um stundarsakir hafi skilist vi\u00f0 \u00feig, a\u00f0 \u00fe\u00fa s\u00ed\u00f0an skyldir \u00e1vallt halda honum,<a name=\"16\"><span class=\"versanumer\">16<\/span><\/a>ekki framar eins og \u00fer\u00e6li, heldur \u00e1nau\u00f0ugum betri, sem elskulegum br\u00f3\u00f0ur, mj\u00f6g k\u00e6rum m\u00e9r, en \u00fev\u00ed framar \u00fe\u00e9r, b\u00e6\u00f0i vegna l\u00edkamlegrar \u00fej\u00f3nustu og \u00ed Drottins erindum.<a name=\"17\"><span class=\"versanumer\">17<\/span><\/a>\u00dear fyrir ef \u00fe\u00fa \u00e1l\u00edtur mig stallbr\u00f3\u00f0ur \u00feinn, \u00fe\u00e1 takt\u00fa \u00e1 m\u00f3ti honum, eins og eg v\u00e6ri \u00fea\u00f0 sj\u00e1lfur.<a name=\"18\"><span class=\"versanumer\">18<\/span><\/a>En ef hann hefir gj\u00f6rt \u00fe\u00e9r \u00f3r\u00e9tt \u00ed nokkuru, ellegar er \u00fe\u00e9r skuldugur, \u00fe\u00e1 tilreikna m\u00e9r \u00fea\u00f0.<a name=\"19\"><span class=\"versanumer\">19<\/span><\/a>Eg P\u00e1ll skrifa \u00feetta me\u00f0 eigin hendi! \u201eeg skal gjalda\u201c; svo eg ekki nefni \u00fea\u00f0, a\u00f0 \u00fe\u00fa ert m\u00e9r jafnvel skyldugur um sj\u00e1lfan \u00feig.<a name=\"20\"><span class=\"versanumer\">20<\/span><\/a>J\u00e1, l\u00e1t mig nj\u00f3ta \u00feess, br\u00f3\u00f0ir! a\u00f0 \u00fe\u00fa ert or\u00f0inn Drottins; endurn\u00e6r hjarta mitt fyrir Krists skuld.<a name=\"21\"><span class=\"versanumer\">21<\/span><\/a>Fullviss um \u00fe\u00edna hl\u00fd\u00f0ni skrifa eg \u00feetta, \u00fev\u00ed eg veit, a\u00f0 \u00fe\u00fa munir gj\u00f6ra meira, en eg hefi m\u00e6lt til.<br \/><a name=\"22\"><span class=\"versanumer\">22<\/span><\/a>En haf\u00f0u l\u00edka til rei\u00f0u gestaherbergi handa m\u00e9r, \u00fev\u00ed eg vona a\u00f0 eg vegna y\u00f0ar b\u00e6na muni ver\u00f0a gefinn <span class='VideyAth'>a)<\/span> y\u00f0ur.<a name=\"23\"><span class=\"versanumer\">23<\/span><\/a>\u00de\u00e9r heilsar Epafras, sem er bandingi, eins og eg, sakir Jes\u00fa Krists;<a name=\"24\"><span class=\"versanumer\">24<\/span><\/a>s\u00f6mulei\u00f0is Mark\u00fas, Aristarkus, Demas og L\u00fakas, m\u00ednir sam\u00fej\u00f3nar.<a name=\"25\"><span class=\"versanumer\">25<\/span><\/a>N\u00e1\u00f0in Drottins vors Jes\u00fa Krists s\u00e9 me\u00f0 y\u00f0ar anda.<\/p>\n<div class=\"footnoteVidey\">V. 2. sbr. R\u00f3m. 16, 5.  V. 5. \u00fe. e. kristinna.  V. 10. 1 Kor, 4, 15. Gal 4, 19.  V. 22. a. nefnil. laus \u00far fj\u00f6trunum.<\/div>\n","protected":false},"excerpt":{"rendered":"<p>P\u00e1ll \u00f3skar F\u00edlemoni og fleirum g\u00f3\u00f0s; hr\u00f3sar F\u00edlemoni; bi\u00f0ur hann taka \u00ed s\u00e1tt \u00fer\u00e6l hans, Onesimus, er fr\u00e1 honum haf\u00f0i stroki\u00f0, en P\u00e1ll s\u00ed\u00f0an kristna\u00f0. Ni\u00f0urlag pistilsins. 1P\u00e1ll, bandingi Jes\u00fa Krists, og T\u00edm\u00f3teus br\u00f3\u00f0ir, kve\u00f0jum vorn \u00e1stf\u00f3lgna sam\u00fej\u00f3n Filimon vorn,2vora k\u00e6ra App\u00edu og Ark\u00edppus vorn str\u00ed\u00f0sf\u00e9laga og allan s\u00f6fnu\u00f0inn \u00ed \u00fe\u00ednu h\u00fasi:3N\u00e1\u00f0 og fri\u00f0ur s\u00e9 me\u00f0 y\u00f0ur af Gu\u00f0i vorum F\u00f6\u00f0ur og Drottni Jes\u00fa Kristi.4Gu\u00f0i m\u00ednum gj\u00f6ri eg \u00feakkir, \u00ed hv\u00f6rt sinn sem eg minnist \u00fe\u00edn \u00ed m\u00ednum b\u00e6num,5\u00fear e\u00f0 eg heyri hv\u00edl\u00edka elsku og tr\u00fa \u00fe\u00fa hefir til Drottins Jes\u00fa og til allra heilagra;6(og \u00f3ska eg), a\u00f0 hluttekning \u00ed <a href=\"https:\/\/biblian.is\/videy\/filemonsbrefid-1-kafli\/\"> [&#8230;]<\/a><\/p>\n","protected":false},"author":1,"featured_media":0,"parent":0,"menu_order":0,"comment_status":"open","ping_status":"open","template":"bibliukaflar.php","meta":{"footnotes":""},"class_list":["post-21982","page","type-page","status-publish","hentry"],"_links":{"self":[{"href":"https:\/\/biblian.is\/videy\/wp-json\/wp\/v2\/pages\/21982","targetHints":{"allow":["GET"]}}],"collection":[{"href":"https:\/\/biblian.is\/videy\/wp-json\/wp\/v2\/pages"}],"about":[{"href":"https:\/\/biblian.is\/videy\/wp-json\/wp\/v2\/types\/page"}],"author":[{"embeddable":true,"href":"https:\/\/biblian.is\/videy\/wp-json\/wp\/v2\/users\/1"}],"replies":[{"embeddable":true,"href":"https:\/\/biblian.is\/videy\/wp-json\/wp\/v2\/comments?post=21982"}],"version-history":[{"count":0,"href":"https:\/\/biblian.is\/videy\/wp-json\/wp\/v2\/pages\/21982\/revisions"}],"wp:attachment":[{"href":"https:\/\/biblian.is\/videy\/wp-json\/wp\/v2\/media?parent=21982"}],"curies":[{"name":"wp","href":"https:\/\/api.w.org\/{rel}","templated":true}]}}